{"id":10357,"date":"2022-02-16T14:41:25","date_gmt":"2022-02-16T13:41:25","guid":{"rendered":"https:\/\/www.allinclusivehotels.it\/hotels-2\/hotel-smeraldo"},"modified":"2022-04-14T18:43:34","modified_gmt":"2022-04-14T16:43:34","slug":"hotel-smeraldo-giulianova","status":"publish","type":"page","link":"https:\/\/www.allinclusivehotels.it\/fr\/hotels\/hotel-smeraldo-giulianova","title":{"rendered":"Hotel Smeraldo"},"content":{"rendered":"\n<p>L&#8217;<b>Hotel Smeraldo de Giulianova<\/b> se situe face \u00e0 <b>la mer. Sa plage priv\u00e9e de sable fin <\/b>et sans rochers compte seulement cinq rangs de parasols bien espac\u00e9s, aire de jeux, terrains de volleyball, p\u00e9tanque, ping pong et beach tennis. Il y a aussi une pin\u00e8de ombrag\u00e9e, parfaite pour se d\u00e9tendre ou pour jouer dans les heures les plus chaudes. L&#8217;h\u00f4tel dispose \u00e9galement de <b>trios piscines<\/b> toujours ensoleill\u00e9es, avec <b>grand solarium<\/b>, des cascades, un hydromassage et un exclusif <b>Acquapark, <\/b>o\u00f9 vos enfants peuvent jouer en toute s\u00e9curit\u00e9 gr\u00e2ce \u00e0 un bassin d\u2019\u00e0 peine 45 centim\u00e8tres de profondeur&nbsp;: le <b>Playground avec toboggan<\/b>, et le <b>Fantacastello (fantach\u00e2teau)<\/b>.<\/p>\n\n\n\n<!--more-->\n\n\n\n<p>Notre<b> \u00e9quipe d\u2019animateurs professionnels <\/b>s\u2019occuperont de vos enfants <b>\u00e0 la<\/b> <b>plage comme \u00e0 l\u2019h\u00f4tel<\/b>, avec ateliers, tournois, jeux, l\u2019ap\u00e9ritif Disney avec Mickey Mouse et Minnie, baby dance et spectacles du soir. \u00c0 l\u2019h\u00f4tel vous trouverez aussi une tr\u00e8s color\u00e9e <b>salle b\u00e9b\u00e9s<\/b>, une<b> salle de billard, un vaste jardin <\/b>pour les moments de d\u00e9tente et une <b>salle de sport <\/b>pour les plus actifs.<\/p>\n\n\n\n<p>Commencez la journ\u00e9e avec un riche <b>petit-d\u00e9jeuner <\/b>\u00e0 savourer en regardant la mer, pourquoi pas dans le jardin. R\u00e9galez-vous ensuite au d\u00e9jeuner et au d\u00eener avec les excellentes <b>p\u00e2tes fra\u00eeches faites maison chaque jour<\/b>, nos <b>trois menus au choix de viande et poisson<\/b> servis \u00e0 table, toujours accompagn\u00e9s d\u2019un abondant <b>buffet de l\u00e9gumes<\/b>. Pour ceux qui ont des <b>intol\u00e9rances alimentaires, <\/b>un buffet expr\u00e8s au petit-d\u00e9jeuner et un choix parmi quatre menus lors des repas. Tandis que pour les <b>enfants, nous proposons des menus sp\u00e9ciaux <\/b>avec produits de premi\u00e8re qualit\u00e9, avec \u00e0 disposition des jeunes parents <b>moulin\u00e9es <\/b>de l\u00e9gumes, <b>bouillon<\/b> v\u00e9g\u00e9tal, <b>bouillies<\/b>, <b>sole<\/b> fraiche et bien plus.<\/p>\n","protected":false},"excerpt":{"rendered":"<p>L&#8217;Hotel Smeraldo de Giulianova se situe face \u00e0 la mer. Sa plage priv\u00e9e de sable &hellip;<\/p>\n","protected":false},"author":1,"featured_media":0,"parent":8241,"menu_order":0,"comment_status":"closed","ping_status":"closed","template":"page-templates\/scheda_hotel.php","meta":{"_acf_changed":false,"footnotes":""},"class_list":["post-10357","page","type-page","status-publish","hentry"],"acf":[],"yoast_head":"<!-- This site is optimized with the Yoast SEO plugin v27.0 - https:\/\/yoast.com\/product\/yoast-seo-wordpress\/ -->\n<title>Offres All Inclusive de l&#039;H\u00f4tel Smeraldo \u00e0 Giulianova<\/title>\n<meta name=\"description\" content=\"Vacances tout compris en Italie? D\u00e9couvrez les forfaits All Inclusive de l&#039;H\u00f4tel Smeraldo \u00e0 Giulianova dans les Abruzzes\" \/>\n<meta name=\"robots\" content=\"index, follow, max-snippet:-1, max-image-preview:large, max-video-preview:-1\" \/>\n<link rel=\"canonical\" href=\"https:\/\/www.allinclusivehotels.it\/fr\/hotels\/hotel-smeraldo-giulianova\" \/>\n<meta property=\"og:locale\" content=\"fr_FR\" \/>\n<meta property=\"og:type\" content=\"article\" \/>\n<meta property=\"og:title\" content=\"Offres All Inclusive de l&#039;H\u00f4tel Smeraldo \u00e0 Giulianova\" \/>\n<meta property=\"og:description\" content=\"Vacances tout compris en Italie? D\u00e9couvrez les forfaits All Inclusive de l&#039;H\u00f4tel Smeraldo \u00e0 Giulianova dans les Abruzzes\" \/>\n<meta property=\"og:url\" content=\"https:\/\/www.allinclusivehotels.it\/fr\/hotels\/hotel-smeraldo-giulianova\" \/>\n<meta property=\"og:site_name\" content=\"All Inclusive Hotels\" \/>\n<meta property=\"article:modified_time\" content=\"2022-04-14T16:43:34+00:00\" \/>\n<meta name=\"twitter:card\" content=\"summary_large_image\" \/>\n<meta name=\"twitter:label1\" content=\"Dur\u00e9e de lecture estim\u00e9e\" \/>\n\t<meta name=\"twitter:data1\" content=\"2 minutes\" \/>\n<script type=\"application\/ld+json\" class=\"yoast-schema-graph\">{\"@context\":\"https:\/\/schema.org\",\"@graph\":[{\"@type\":\"WebPage\",\"@id\":\"https:\/\/www.allinclusivehotels.it\/fr\/hotels\/hotel-smeraldo-giulianova\",\"url\":\"https:\/\/www.allinclusivehotels.it\/fr\/hotels\/hotel-smeraldo-giulianova\",\"name\":\"Offres All Inclusive de l'H\u00f4tel Smeraldo \u00e0 Giulianova\",\"isPartOf\":{\"@id\":\"https:\/\/www.allinclusivehotels.it\/fr#website\"},\"datePublished\":\"2022-02-16T13:41:25+00:00\",\"dateModified\":\"2022-04-14T16:43:34+00:00\",\"description\":\"Vacances tout compris en Italie? D\u00e9couvrez les forfaits All Inclusive de l'H\u00f4tel Smeraldo \u00e0 Giulianova dans les Abruzzes\",\"breadcrumb\":{\"@id\":\"https:\/\/www.allinclusivehotels.it\/fr\/hotels\/hotel-smeraldo-giulianova#breadcrumb\"},\"inLanguage\":\"fr-FR\",\"potentialAction\":[{\"@type\":\"ReadAction\",\"target\":[\"https:\/\/www.allinclusivehotels.it\/fr\/hotels\/hotel-smeraldo-giulianova\"]}]},{\"@type\":\"BreadcrumbList\",\"@id\":\"https:\/\/www.allinclusivehotels.it\/fr\/hotels\/hotel-smeraldo-giulianova#breadcrumb\",\"itemListElement\":[{\"@type\":\"ListItem\",\"position\":1,\"name\":\"Home\",\"item\":\"https:\/\/www.allinclusivehotels.it\/fr\"},{\"@type\":\"ListItem\",\"position\":2,\"name\":\"H\u00f4tels\",\"item\":\"https:\/\/www.allinclusivehotels.it\/fr\/hotels\"},{\"@type\":\"ListItem\",\"position\":3,\"name\":\"Hotel Smeraldo\"}]},{\"@type\":\"WebSite\",\"@id\":\"https:\/\/www.allinclusivehotels.it\/fr#website\",\"url\":\"https:\/\/www.allinclusivehotels.it\/fr\",\"name\":\"All Inclusive Hotels\",\"description\":\"\",\"publisher\":{\"@id\":\"https:\/\/www.allinclusivehotels.it\/fr#organization\"},\"potentialAction\":[{\"@type\":\"SearchAction\",\"target\":{\"@type\":\"EntryPoint\",\"urlTemplate\":\"https:\/\/www.allinclusivehotels.it\/fr?s={search_term_string}\"},\"query-input\":{\"@type\":\"PropertyValueSpecification\",\"valueRequired\":true,\"valueName\":\"search_term_string\"}}],\"inLanguage\":\"fr-FR\"},{\"@type\":\"Organization\",\"@id\":\"https:\/\/www.allinclusivehotels.it\/fr#organization\",\"name\":\"All Inclusive Hotels\",\"url\":\"https:\/\/www.allinclusivehotels.it\/fr\",\"logo\":{\"@type\":\"ImageObject\",\"inLanguage\":\"fr-FR\",\"@id\":\"https:\/\/www.allinclusivehotels.it\/fr#\/schema\/logo\/image\/\",\"url\":\"\",\"contentUrl\":\"\",\"caption\":\"All Inclusive Hotels\"},\"image\":{\"@id\":\"https:\/\/www.allinclusivehotels.it\/fr#\/schema\/logo\/image\/\"}}]}<\/script>\n<!-- \/ Yoast SEO plugin. -->","yoast_head_json":{"title":"Offres All Inclusive de l'H\u00f4tel Smeraldo \u00e0 Giulianova","description":"Vacances tout compris en Italie? D\u00e9couvrez les forfaits All Inclusive de l'H\u00f4tel Smeraldo \u00e0 Giulianova dans les Abruzzes","robots":{"index":"index","follow":"follow","max-snippet":"max-snippet:-1","max-image-preview":"max-image-preview:large","max-video-preview":"max-video-preview:-1"},"canonical":"https:\/\/www.allinclusivehotels.it\/fr\/hotels\/hotel-smeraldo-giulianova","og_locale":"fr_FR","og_type":"article","og_title":"Offres All Inclusive de l'H\u00f4tel Smeraldo \u00e0 Giulianova","og_description":"Vacances tout compris en Italie? D\u00e9couvrez les forfaits All Inclusive de l'H\u00f4tel Smeraldo \u00e0 Giulianova dans les Abruzzes","og_url":"https:\/\/www.allinclusivehotels.it\/fr\/hotels\/hotel-smeraldo-giulianova","og_site_name":"All Inclusive Hotels","article_modified_time":"2022-04-14T16:43:34+00:00","twitter_card":"summary_large_image","twitter_misc":{"Dur\u00e9e de lecture estim\u00e9e":"2 minutes"},"schema":{"@context":"https:\/\/schema.org","@graph":[{"@type":"WebPage","@id":"https:\/\/www.allinclusivehotels.it\/fr\/hotels\/hotel-smeraldo-giulianova","url":"https:\/\/www.allinclusivehotels.it\/fr\/hotels\/hotel-smeraldo-giulianova","name":"Offres All Inclusive de l'H\u00f4tel Smeraldo \u00e0 Giulianova","isPartOf":{"@id":"https:\/\/www.allinclusivehotels.it\/fr#website"},"datePublished":"2022-02-16T13:41:25+00:00","dateModified":"2022-04-14T16:43:34+00:00","description":"Vacances tout compris en Italie? D\u00e9couvrez les forfaits All Inclusive de l'H\u00f4tel Smeraldo \u00e0 Giulianova dans les Abruzzes","breadcrumb":{"@id":"https:\/\/www.allinclusivehotels.it\/fr\/hotels\/hotel-smeraldo-giulianova#breadcrumb"},"inLanguage":"fr-FR","potentialAction":[{"@type":"ReadAction","target":["https:\/\/www.allinclusivehotels.it\/fr\/hotels\/hotel-smeraldo-giulianova"]}]},{"@type":"BreadcrumbList","@id":"https:\/\/www.allinclusivehotels.it\/fr\/hotels\/hotel-smeraldo-giulianova#breadcrumb","itemListElement":[{"@type":"ListItem","position":1,"name":"Home","item":"https:\/\/www.allinclusivehotels.it\/fr"},{"@type":"ListItem","position":2,"name":"H\u00f4tels","item":"https:\/\/www.allinclusivehotels.it\/fr\/hotels"},{"@type":"ListItem","position":3,"name":"Hotel Smeraldo"}]},{"@type":"WebSite","@id":"https:\/\/www.allinclusivehotels.it\/fr#website","url":"https:\/\/www.allinclusivehotels.it\/fr","name":"All Inclusive Hotels","description":"","publisher":{"@id":"https:\/\/www.allinclusivehotels.it\/fr#organization"},"potentialAction":[{"@type":"SearchAction","target":{"@type":"EntryPoint","urlTemplate":"https:\/\/www.allinclusivehotels.it\/fr?s={search_term_string}"},"query-input":{"@type":"PropertyValueSpecification","valueRequired":true,"valueName":"search_term_string"}}],"inLanguage":"fr-FR"},{"@type":"Organization","@id":"https:\/\/www.allinclusivehotels.it\/fr#organization","name":"All Inclusive Hotels","url":"https:\/\/www.allinclusivehotels.it\/fr","logo":{"@type":"ImageObject","inLanguage":"fr-FR","@id":"https:\/\/www.allinclusivehotels.it\/fr#\/schema\/logo\/image\/","url":"","contentUrl":"","caption":"All Inclusive Hotels"},"image":{"@id":"https:\/\/www.allinclusivehotels.it\/fr#\/schema\/logo\/image\/"}}]}},"_links":{"self":[{"href":"https:\/\/www.allinclusivehotels.it\/fr\/wp-json\/wp\/v2\/pages\/10357","targetHints":{"allow":["GET"]}}],"collection":[{"href":"https:\/\/www.allinclusivehotels.it\/fr\/wp-json\/wp\/v2\/pages"}],"about":[{"href":"https:\/\/www.allinclusivehotels.it\/fr\/wp-json\/wp\/v2\/types\/page"}],"author":[{"embeddable":true,"href":"https:\/\/www.allinclusivehotels.it\/fr\/wp-json\/wp\/v2\/users\/1"}],"replies":[{"embeddable":true,"href":"https:\/\/www.allinclusivehotels.it\/fr\/wp-json\/wp\/v2\/comments?post=10357"}],"version-history":[{"count":5,"href":"https:\/\/www.allinclusivehotels.it\/fr\/wp-json\/wp\/v2\/pages\/10357\/revisions"}],"predecessor-version":[{"id":18920,"href":"https:\/\/www.allinclusivehotels.it\/fr\/wp-json\/wp\/v2\/pages\/10357\/revisions\/18920"}],"up":[{"embeddable":true,"href":"https:\/\/www.allinclusivehotels.it\/fr\/wp-json\/wp\/v2\/pages\/8241"}],"wp:attachment":[{"href":"https:\/\/www.allinclusivehotels.it\/fr\/wp-json\/wp\/v2\/media?parent=10357"}],"curies":[{"name":"wp","href":"https:\/\/api.w.org\/{rel}","templated":true}]}}