{"id":10292,"date":"2022-02-16T14:41:20","date_gmt":"2022-02-16T13:41:20","guid":{"rendered":"https:\/\/www.allinclusivehotels.it\/destinations\/trentin-haut-adige"},"modified":"2022-09-19T16:19:51","modified_gmt":"2022-09-19T14:19:51","slug":"trentin-haut-adige","status":"publish","type":"page","link":"https:\/\/www.allinclusivehotels.it\/fr\/destinations\/trentin-haut-adige","title":{"rendered":"Trentin-Haut-Adige"},"content":{"rendered":"\n<p>Les vacances \u00e0 la montagne sont tr\u00e8s appr\u00e9ci\u00e9es des touristes et passer des vacances <b>All Inclusive <\/b>dans le <b>Trentin-Haut-Adige<\/b> est une mani\u00e8re parfaite de d\u00e9couvrir une magnifique r\u00e9gion d\u2019Italie. Class\u00e9s au Patrimoine mondial de l\u2019Unesco, les Dolomites sont le joyau de la r\u00e9gion. Les somptueux paysages qui les composent s\u2019\u00e9tendent jusqu\u2019au Lac de Garde. La beaut\u00e9 des paysages du <b>Trentin<\/b> est incomparable. La r\u00e9gion comprend trois r\u00e9serves naturelles prot\u00e9g\u00e9es\u00a0: le parc national du Stelvio, le parc naturel Adamello Brenta et le parc naturel Paneveggio-Pale di San Martino.<\/p>\n\n\n\n<!--more-->\n\n\n\n<p>Pendant l&#8217;\u00e9t\u00e9, s\u00e9journer dans un \u00e9tablissement <b>All Inclusive du Trentin-Haut-Adige<\/b> vous permettra de pratiquer de nombreux sports en plein air comme le trekking, la marche nordique, le rafting et le canyoning. Pendant l\u2019hiver, vous pourrez profiter de remont\u00e9es m\u00e9caniques ultramodernes et de pistes impeccables pour la descente, le ski de fond, l\u2019alpinisme et la marche avec raquettes.<\/p>\n","protected":false},"excerpt":{"rendered":"<p>Les vacances \u00e0 la montagne sont tr\u00e8s appr\u00e9ci\u00e9es des touristes et passer des vacances All &hellip;<\/p>\n","protected":false},"author":1,"featured_media":0,"parent":8167,"menu_order":0,"comment_status":"closed","ping_status":"closed","template":"page-templates\/destinazione.php","meta":{"_acf_changed":false,"footnotes":""},"class_list":["post-10292","page","type-page","status-publish","hentry"],"acf":[],"yoast_head":"<!-- This site is optimized with the Yoast SEO plugin v27.0 - https:\/\/yoast.com\/product\/yoast-seo-wordpress\/ -->\n<title>H\u00f4tels All Inclusive en Trentin Haut Adige | Forfaits Vacances en montagne<\/title>\n<meta name=\"description\" content=\"Vous cherchez des H\u00f4tels All Inclusive dans les Dolomites en Italie? Voici la plus grande s\u00e9lection des meilleurs h\u00f4tels\" \/>\n<meta name=\"robots\" content=\"index, follow, max-snippet:-1, max-image-preview:large, max-video-preview:-1\" \/>\n<link rel=\"canonical\" href=\"https:\/\/www.allinclusivehotels.it\/fr\/destinations\/trentin-haut-adige\" \/>\n<meta property=\"og:locale\" content=\"fr_FR\" \/>\n<meta property=\"og:type\" content=\"article\" \/>\n<meta property=\"og:title\" content=\"H\u00f4tels All Inclusive en Trentin Haut Adige | Forfaits Vacances en montagne\" \/>\n<meta property=\"og:description\" content=\"Vous cherchez des H\u00f4tels All Inclusive dans les Dolomites en Italie? Voici la plus grande s\u00e9lection des meilleurs h\u00f4tels\" \/>\n<meta property=\"og:url\" content=\"https:\/\/www.allinclusivehotels.it\/fr\/destinations\/trentin-haut-adige\" \/>\n<meta property=\"og:site_name\" content=\"All Inclusive Hotels\" \/>\n<meta property=\"article:modified_time\" content=\"2022-09-19T14:19:51+00:00\" \/>\n<meta name=\"twitter:card\" content=\"summary_large_image\" \/>\n<meta name=\"twitter:label1\" content=\"Dur\u00e9e de lecture estim\u00e9e\" \/>\n\t<meta name=\"twitter:data1\" content=\"1 minute\" \/>\n<script type=\"application\/ld+json\" class=\"yoast-schema-graph\">{\"@context\":\"https:\/\/schema.org\",\"@graph\":[{\"@type\":\"WebPage\",\"@id\":\"https:\/\/www.allinclusivehotels.it\/fr\/destinations\/trentin-haut-adige\",\"url\":\"https:\/\/www.allinclusivehotels.it\/fr\/destinations\/trentin-haut-adige\",\"name\":\"H\u00f4tels All Inclusive en Trentin Haut Adige | Forfaits Vacances en montagne\",\"isPartOf\":{\"@id\":\"https:\/\/www.allinclusivehotels.it\/fr#website\"},\"datePublished\":\"2022-02-16T13:41:20+00:00\",\"dateModified\":\"2022-09-19T14:19:51+00:00\",\"description\":\"Vous cherchez des H\u00f4tels All Inclusive dans les Dolomites en Italie? Voici la plus grande s\u00e9lection des meilleurs h\u00f4tels\",\"breadcrumb\":{\"@id\":\"https:\/\/www.allinclusivehotels.it\/fr\/destinations\/trentin-haut-adige#breadcrumb\"},\"inLanguage\":\"fr-FR\",\"potentialAction\":[{\"@type\":\"ReadAction\",\"target\":[\"https:\/\/www.allinclusivehotels.it\/fr\/destinations\/trentin-haut-adige\"]}]},{\"@type\":\"BreadcrumbList\",\"@id\":\"https:\/\/www.allinclusivehotels.it\/fr\/destinations\/trentin-haut-adige#breadcrumb\",\"itemListElement\":[{\"@type\":\"ListItem\",\"position\":1,\"name\":\"Home\",\"item\":\"https:\/\/www.allinclusivehotels.it\/fr\"},{\"@type\":\"ListItem\",\"position\":2,\"name\":\"Destinations\",\"item\":\"https:\/\/www.allinclusivehotels.it\/fr\/destinations\"},{\"@type\":\"ListItem\",\"position\":3,\"name\":\"Trentin-Haut-Adige\"}]},{\"@type\":\"WebSite\",\"@id\":\"https:\/\/www.allinclusivehotels.it\/fr#website\",\"url\":\"https:\/\/www.allinclusivehotels.it\/fr\",\"name\":\"All Inclusive Hotels\",\"description\":\"\",\"publisher\":{\"@id\":\"https:\/\/www.allinclusivehotels.it\/fr#organization\"},\"potentialAction\":[{\"@type\":\"SearchAction\",\"target\":{\"@type\":\"EntryPoint\",\"urlTemplate\":\"https:\/\/www.allinclusivehotels.it\/fr?s={search_term_string}\"},\"query-input\":{\"@type\":\"PropertyValueSpecification\",\"valueRequired\":true,\"valueName\":\"search_term_string\"}}],\"inLanguage\":\"fr-FR\"},{\"@type\":\"Organization\",\"@id\":\"https:\/\/www.allinclusivehotels.it\/fr#organization\",\"name\":\"All Inclusive Hotels\",\"url\":\"https:\/\/www.allinclusivehotels.it\/fr\",\"logo\":{\"@type\":\"ImageObject\",\"inLanguage\":\"fr-FR\",\"@id\":\"https:\/\/www.allinclusivehotels.it\/fr#\/schema\/logo\/image\/\",\"url\":\"\",\"contentUrl\":\"\",\"caption\":\"All Inclusive Hotels\"},\"image\":{\"@id\":\"https:\/\/www.allinclusivehotels.it\/fr#\/schema\/logo\/image\/\"}}]}<\/script>\n<!-- \/ Yoast SEO plugin. -->","yoast_head_json":{"title":"H\u00f4tels All Inclusive en Trentin Haut Adige | Forfaits Vacances en montagne","description":"Vous cherchez des H\u00f4tels All Inclusive dans les Dolomites en Italie? Voici la plus grande s\u00e9lection des meilleurs h\u00f4tels","robots":{"index":"index","follow":"follow","max-snippet":"max-snippet:-1","max-image-preview":"max-image-preview:large","max-video-preview":"max-video-preview:-1"},"canonical":"https:\/\/www.allinclusivehotels.it\/fr\/destinations\/trentin-haut-adige","og_locale":"fr_FR","og_type":"article","og_title":"H\u00f4tels All Inclusive en Trentin Haut Adige | Forfaits Vacances en montagne","og_description":"Vous cherchez des H\u00f4tels All Inclusive dans les Dolomites en Italie? Voici la plus grande s\u00e9lection des meilleurs h\u00f4tels","og_url":"https:\/\/www.allinclusivehotels.it\/fr\/destinations\/trentin-haut-adige","og_site_name":"All Inclusive Hotels","article_modified_time":"2022-09-19T14:19:51+00:00","twitter_card":"summary_large_image","twitter_misc":{"Dur\u00e9e de lecture estim\u00e9e":"1 minute"},"schema":{"@context":"https:\/\/schema.org","@graph":[{"@type":"WebPage","@id":"https:\/\/www.allinclusivehotels.it\/fr\/destinations\/trentin-haut-adige","url":"https:\/\/www.allinclusivehotels.it\/fr\/destinations\/trentin-haut-adige","name":"H\u00f4tels All Inclusive en Trentin Haut Adige | Forfaits Vacances en montagne","isPartOf":{"@id":"https:\/\/www.allinclusivehotels.it\/fr#website"},"datePublished":"2022-02-16T13:41:20+00:00","dateModified":"2022-09-19T14:19:51+00:00","description":"Vous cherchez des H\u00f4tels All Inclusive dans les Dolomites en Italie? Voici la plus grande s\u00e9lection des meilleurs h\u00f4tels","breadcrumb":{"@id":"https:\/\/www.allinclusivehotels.it\/fr\/destinations\/trentin-haut-adige#breadcrumb"},"inLanguage":"fr-FR","potentialAction":[{"@type":"ReadAction","target":["https:\/\/www.allinclusivehotels.it\/fr\/destinations\/trentin-haut-adige"]}]},{"@type":"BreadcrumbList","@id":"https:\/\/www.allinclusivehotels.it\/fr\/destinations\/trentin-haut-adige#breadcrumb","itemListElement":[{"@type":"ListItem","position":1,"name":"Home","item":"https:\/\/www.allinclusivehotels.it\/fr"},{"@type":"ListItem","position":2,"name":"Destinations","item":"https:\/\/www.allinclusivehotels.it\/fr\/destinations"},{"@type":"ListItem","position":3,"name":"Trentin-Haut-Adige"}]},{"@type":"WebSite","@id":"https:\/\/www.allinclusivehotels.it\/fr#website","url":"https:\/\/www.allinclusivehotels.it\/fr","name":"All Inclusive Hotels","description":"","publisher":{"@id":"https:\/\/www.allinclusivehotels.it\/fr#organization"},"potentialAction":[{"@type":"SearchAction","target":{"@type":"EntryPoint","urlTemplate":"https:\/\/www.allinclusivehotels.it\/fr?s={search_term_string}"},"query-input":{"@type":"PropertyValueSpecification","valueRequired":true,"valueName":"search_term_string"}}],"inLanguage":"fr-FR"},{"@type":"Organization","@id":"https:\/\/www.allinclusivehotels.it\/fr#organization","name":"All Inclusive Hotels","url":"https:\/\/www.allinclusivehotels.it\/fr","logo":{"@type":"ImageObject","inLanguage":"fr-FR","@id":"https:\/\/www.allinclusivehotels.it\/fr#\/schema\/logo\/image\/","url":"","contentUrl":"","caption":"All Inclusive Hotels"},"image":{"@id":"https:\/\/www.allinclusivehotels.it\/fr#\/schema\/logo\/image\/"}}]}},"_links":{"self":[{"href":"https:\/\/www.allinclusivehotels.it\/fr\/wp-json\/wp\/v2\/pages\/10292","targetHints":{"allow":["GET"]}}],"collection":[{"href":"https:\/\/www.allinclusivehotels.it\/fr\/wp-json\/wp\/v2\/pages"}],"about":[{"href":"https:\/\/www.allinclusivehotels.it\/fr\/wp-json\/wp\/v2\/types\/page"}],"author":[{"embeddable":true,"href":"https:\/\/www.allinclusivehotels.it\/fr\/wp-json\/wp\/v2\/users\/1"}],"replies":[{"embeddable":true,"href":"https:\/\/www.allinclusivehotels.it\/fr\/wp-json\/wp\/v2\/comments?post=10292"}],"version-history":[{"count":8,"href":"https:\/\/www.allinclusivehotels.it\/fr\/wp-json\/wp\/v2\/pages\/10292\/revisions"}],"predecessor-version":[{"id":22929,"href":"https:\/\/www.allinclusivehotels.it\/fr\/wp-json\/wp\/v2\/pages\/10292\/revisions\/22929"}],"up":[{"embeddable":true,"href":"https:\/\/www.allinclusivehotels.it\/fr\/wp-json\/wp\/v2\/pages\/8167"}],"wp:attachment":[{"href":"https:\/\/www.allinclusivehotels.it\/fr\/wp-json\/wp\/v2\/media?parent=10292"}],"curies":[{"name":"wp","href":"https:\/\/api.w.org\/{rel}","templated":true}]}}