{"id":10290,"date":"2022-02-16T14:41:20","date_gmt":"2022-02-16T13:41:20","guid":{"rendered":"https:\/\/www.allinclusivehotels.it\/destinations\/andalo"},"modified":"2022-04-12T10:46:53","modified_gmt":"2022-04-12T08:46:53","slug":"andalo","status":"publish","type":"page","link":"https:\/\/www.allinclusivehotels.it\/fr\/destinations\/andalo","title":{"rendered":"Andalo"},"content":{"rendered":"\n<p><b>Andalo <\/b>est la reine du <b>plateau du Pin\u00e8<\/b>, une petite ville dynamique o\u00f9 passer des<b> vacances tout compris <\/b>en toute insouciance<b> <\/b>et<b> <\/b>en toute saison. Les <b>All Inclusive Hotels Andalo <\/b>garantissent les meilleurs services en r\u00e9unissant une excellente offre \u0153nogastronomie \u00e0 0 kilom\u00e8tre, de nombreuses activit\u00e9s sportives en \u00e9t\u00e9 et en hiver, des excursions uniques en contact direct avec la nature pour toute la famille.<\/p>\n\n\n\n<p>Parmi les sites \u00e0 d\u00e9couvrir \u00e0 <b>Andalo<\/b>, \u00e0 seulement 7 kilom\u00e8tres, le <b>Lac de Molveno et ses rives sont \u00e0 explorer lors de belles promenades<\/b>.<b> <\/b>Plusieurs fois laur\u00e9at de &#8220;Cinque Vele (cinq voiles) di Legambiente&#8221;, on peut s\u2019y baigner l\u2019\u00e9t\u00e9 en toute s\u00e9curit\u00e9, faire du p\u00e9dalo et se d\u00e9tendre sur ses petites plages priv\u00e9es.<\/p>\n\n\n\n<!--more-->\n\n\n\n<p>Au c\u0153ur de Andalo, <b>AcquaIN Park<\/b> est un parc aquatique ouvert toute l\u2019ann\u00e9e. On y trouve un <b>bassin en caoutchouc <\/b>avec une eau basse, un <b>toboggan aquatique<\/b>, un bassin \u00e0 <b>hydromassage<\/b> <b>exclusif en ext\u00e9rieur<\/b> avec vue panoramique sur les Dolomites, une <b>piscine semi-olympique <\/b>pour les sportifs et une aire <b>Spa&amp;Wellness<\/b> avec diff\u00e9rents soins disponibles.<\/p>\n\n\n\n<p>Les passionn\u00e9s de sports d\u2019hiver pourront s\u2019amuser sur les <b>50 kilom\u00e8tres de pistes du Snowpark<\/b>, pour tous les niveaux. Andalo est aussi un point de d\u00e9part parfait pour pratiquer le <b>ski nordique<\/b>, l\u2019<b>alpinisme<\/b> et de m\u00e9morables randonn\u00e9es en <b>raquettes<\/b>. Et en ville vous trouverez aussi <b>Andalo Life Pattinaggio<\/b>, une patinoire pour partager des moments de joie avec vos amis, vos familles ou votre partenaire.<\/p>\n\n\n\n<p>\u00c0 10 kilom\u00e8tres de Andalo, le <b>parc animalier Spormaggiore<\/b> vous offre 7000 m\u00e8tres carr\u00e9s d\u2019aventures et de d\u00e9couvertes. Avec un peu de chance, il est possible d\u2019y apercevoir des loups et des ours bruns, mais aussi renards, lynx et hiboux grand-duc, parmi des imposant h\u00eatres, sapins et larix.<\/p>\n","protected":false},"excerpt":{"rendered":"<p>Andalo est la reine du plateau du Pin\u00e8, une petite ville dynamique o\u00f9 passer des &hellip;<\/p>\n","protected":false},"author":1,"featured_media":0,"parent":8167,"menu_order":0,"comment_status":"closed","ping_status":"closed","template":"page-templates\/destinazione.php","meta":{"_acf_changed":false,"footnotes":""},"class_list":["post-10290","page","type-page","status-publish","hentry"],"acf":[],"yoast_head":"<!-- This site is optimized with the Yoast SEO plugin v27.0 - https:\/\/yoast.com\/product\/yoast-seo-wordpress\/ -->\n<title>H\u00f4tel All Inclusive Andalo | Offres H\u00f4tel 3 \u00e9toiles pour les familles<\/title>\n<meta name=\"description\" content=\"Vous cherchez un H\u00f4tel All Inclusive \u00e0 Andalo dans les Dolomites? D\u00e9couvrez la plus grande s\u00e9lection d&#039;h\u00f4tels tout compris \u00e0 la montagne!\" \/>\n<meta name=\"robots\" content=\"index, follow, max-snippet:-1, max-image-preview:large, max-video-preview:-1\" \/>\n<link rel=\"canonical\" href=\"https:\/\/www.allinclusivehotels.it\/fr\/destinations\/andalo\" \/>\n<meta property=\"og:locale\" content=\"fr_FR\" \/>\n<meta property=\"og:type\" content=\"article\" \/>\n<meta property=\"og:title\" content=\"H\u00f4tel All Inclusive Andalo | Offres H\u00f4tel 3 \u00e9toiles pour les familles\" \/>\n<meta property=\"og:description\" content=\"Vous cherchez un H\u00f4tel All Inclusive \u00e0 Andalo dans les Dolomites? D\u00e9couvrez la plus grande s\u00e9lection d&#039;h\u00f4tels tout compris \u00e0 la montagne!\" \/>\n<meta property=\"og:url\" content=\"https:\/\/www.allinclusivehotels.it\/fr\/destinations\/andalo\" \/>\n<meta property=\"og:site_name\" content=\"All Inclusive Hotels\" \/>\n<meta property=\"article:modified_time\" content=\"2022-04-12T08:46:53+00:00\" \/>\n<meta name=\"twitter:card\" content=\"summary_large_image\" \/>\n<meta name=\"twitter:label1\" content=\"Dur\u00e9e de lecture estim\u00e9e\" \/>\n\t<meta name=\"twitter:data1\" content=\"2 minutes\" \/>\n<script type=\"application\/ld+json\" class=\"yoast-schema-graph\">{\"@context\":\"https:\/\/schema.org\",\"@graph\":[{\"@type\":\"WebPage\",\"@id\":\"https:\/\/www.allinclusivehotels.it\/fr\/destinations\/andalo\",\"url\":\"https:\/\/www.allinclusivehotels.it\/fr\/destinations\/andalo\",\"name\":\"H\u00f4tel All Inclusive Andalo | Offres H\u00f4tel 3 \u00e9toiles pour les familles\",\"isPartOf\":{\"@id\":\"https:\/\/www.allinclusivehotels.it\/fr#website\"},\"datePublished\":\"2022-02-16T13:41:20+00:00\",\"dateModified\":\"2022-04-12T08:46:53+00:00\",\"description\":\"Vous cherchez un H\u00f4tel All Inclusive \u00e0 Andalo dans les Dolomites? D\u00e9couvrez la plus grande s\u00e9lection d'h\u00f4tels tout compris \u00e0 la montagne!\",\"breadcrumb\":{\"@id\":\"https:\/\/www.allinclusivehotels.it\/fr\/destinations\/andalo#breadcrumb\"},\"inLanguage\":\"fr-FR\",\"potentialAction\":[{\"@type\":\"ReadAction\",\"target\":[\"https:\/\/www.allinclusivehotels.it\/fr\/destinations\/andalo\"]}]},{\"@type\":\"BreadcrumbList\",\"@id\":\"https:\/\/www.allinclusivehotels.it\/fr\/destinations\/andalo#breadcrumb\",\"itemListElement\":[{\"@type\":\"ListItem\",\"position\":1,\"name\":\"Home\",\"item\":\"https:\/\/www.allinclusivehotels.it\/fr\"},{\"@type\":\"ListItem\",\"position\":2,\"name\":\"Destinations\",\"item\":\"https:\/\/www.allinclusivehotels.it\/fr\/destinations\"},{\"@type\":\"ListItem\",\"position\":3,\"name\":\"Andalo\"}]},{\"@type\":\"WebSite\",\"@id\":\"https:\/\/www.allinclusivehotels.it\/fr#website\",\"url\":\"https:\/\/www.allinclusivehotels.it\/fr\",\"name\":\"All Inclusive Hotels\",\"description\":\"\",\"publisher\":{\"@id\":\"https:\/\/www.allinclusivehotels.it\/fr#organization\"},\"potentialAction\":[{\"@type\":\"SearchAction\",\"target\":{\"@type\":\"EntryPoint\",\"urlTemplate\":\"https:\/\/www.allinclusivehotels.it\/fr?s={search_term_string}\"},\"query-input\":{\"@type\":\"PropertyValueSpecification\",\"valueRequired\":true,\"valueName\":\"search_term_string\"}}],\"inLanguage\":\"fr-FR\"},{\"@type\":\"Organization\",\"@id\":\"https:\/\/www.allinclusivehotels.it\/fr#organization\",\"name\":\"All Inclusive Hotels\",\"url\":\"https:\/\/www.allinclusivehotels.it\/fr\",\"logo\":{\"@type\":\"ImageObject\",\"inLanguage\":\"fr-FR\",\"@id\":\"https:\/\/www.allinclusivehotels.it\/fr#\/schema\/logo\/image\/\",\"url\":\"\",\"contentUrl\":\"\",\"caption\":\"All Inclusive Hotels\"},\"image\":{\"@id\":\"https:\/\/www.allinclusivehotels.it\/fr#\/schema\/logo\/image\/\"}}]}<\/script>\n<!-- \/ Yoast SEO plugin. -->","yoast_head_json":{"title":"H\u00f4tel All Inclusive Andalo | Offres H\u00f4tel 3 \u00e9toiles pour les familles","description":"Vous cherchez un H\u00f4tel All Inclusive \u00e0 Andalo dans les Dolomites? D\u00e9couvrez la plus grande s\u00e9lection d'h\u00f4tels tout compris \u00e0 la montagne!","robots":{"index":"index","follow":"follow","max-snippet":"max-snippet:-1","max-image-preview":"max-image-preview:large","max-video-preview":"max-video-preview:-1"},"canonical":"https:\/\/www.allinclusivehotels.it\/fr\/destinations\/andalo","og_locale":"fr_FR","og_type":"article","og_title":"H\u00f4tel All Inclusive Andalo | Offres H\u00f4tel 3 \u00e9toiles pour les familles","og_description":"Vous cherchez un H\u00f4tel All Inclusive \u00e0 Andalo dans les Dolomites? D\u00e9couvrez la plus grande s\u00e9lection d'h\u00f4tels tout compris \u00e0 la montagne!","og_url":"https:\/\/www.allinclusivehotels.it\/fr\/destinations\/andalo","og_site_name":"All Inclusive Hotels","article_modified_time":"2022-04-12T08:46:53+00:00","twitter_card":"summary_large_image","twitter_misc":{"Dur\u00e9e de lecture estim\u00e9e":"2 minutes"},"schema":{"@context":"https:\/\/schema.org","@graph":[{"@type":"WebPage","@id":"https:\/\/www.allinclusivehotels.it\/fr\/destinations\/andalo","url":"https:\/\/www.allinclusivehotels.it\/fr\/destinations\/andalo","name":"H\u00f4tel All Inclusive Andalo | Offres H\u00f4tel 3 \u00e9toiles pour les familles","isPartOf":{"@id":"https:\/\/www.allinclusivehotels.it\/fr#website"},"datePublished":"2022-02-16T13:41:20+00:00","dateModified":"2022-04-12T08:46:53+00:00","description":"Vous cherchez un H\u00f4tel All Inclusive \u00e0 Andalo dans les Dolomites? D\u00e9couvrez la plus grande s\u00e9lection d'h\u00f4tels tout compris \u00e0 la montagne!","breadcrumb":{"@id":"https:\/\/www.allinclusivehotels.it\/fr\/destinations\/andalo#breadcrumb"},"inLanguage":"fr-FR","potentialAction":[{"@type":"ReadAction","target":["https:\/\/www.allinclusivehotels.it\/fr\/destinations\/andalo"]}]},{"@type":"BreadcrumbList","@id":"https:\/\/www.allinclusivehotels.it\/fr\/destinations\/andalo#breadcrumb","itemListElement":[{"@type":"ListItem","position":1,"name":"Home","item":"https:\/\/www.allinclusivehotels.it\/fr"},{"@type":"ListItem","position":2,"name":"Destinations","item":"https:\/\/www.allinclusivehotels.it\/fr\/destinations"},{"@type":"ListItem","position":3,"name":"Andalo"}]},{"@type":"WebSite","@id":"https:\/\/www.allinclusivehotels.it\/fr#website","url":"https:\/\/www.allinclusivehotels.it\/fr","name":"All Inclusive Hotels","description":"","publisher":{"@id":"https:\/\/www.allinclusivehotels.it\/fr#organization"},"potentialAction":[{"@type":"SearchAction","target":{"@type":"EntryPoint","urlTemplate":"https:\/\/www.allinclusivehotels.it\/fr?s={search_term_string}"},"query-input":{"@type":"PropertyValueSpecification","valueRequired":true,"valueName":"search_term_string"}}],"inLanguage":"fr-FR"},{"@type":"Organization","@id":"https:\/\/www.allinclusivehotels.it\/fr#organization","name":"All Inclusive Hotels","url":"https:\/\/www.allinclusivehotels.it\/fr","logo":{"@type":"ImageObject","inLanguage":"fr-FR","@id":"https:\/\/www.allinclusivehotels.it\/fr#\/schema\/logo\/image\/","url":"","contentUrl":"","caption":"All Inclusive Hotels"},"image":{"@id":"https:\/\/www.allinclusivehotels.it\/fr#\/schema\/logo\/image\/"}}]}},"_links":{"self":[{"href":"https:\/\/www.allinclusivehotels.it\/fr\/wp-json\/wp\/v2\/pages\/10290","targetHints":{"allow":["GET"]}}],"collection":[{"href":"https:\/\/www.allinclusivehotels.it\/fr\/wp-json\/wp\/v2\/pages"}],"about":[{"href":"https:\/\/www.allinclusivehotels.it\/fr\/wp-json\/wp\/v2\/types\/page"}],"author":[{"embeddable":true,"href":"https:\/\/www.allinclusivehotels.it\/fr\/wp-json\/wp\/v2\/users\/1"}],"replies":[{"embeddable":true,"href":"https:\/\/www.allinclusivehotels.it\/fr\/wp-json\/wp\/v2\/comments?post=10290"}],"version-history":[{"count":4,"href":"https:\/\/www.allinclusivehotels.it\/fr\/wp-json\/wp\/v2\/pages\/10290\/revisions"}],"predecessor-version":[{"id":18319,"href":"https:\/\/www.allinclusivehotels.it\/fr\/wp-json\/wp\/v2\/pages\/10290\/revisions\/18319"}],"up":[{"embeddable":true,"href":"https:\/\/www.allinclusivehotels.it\/fr\/wp-json\/wp\/v2\/pages\/8167"}],"wp:attachment":[{"href":"https:\/\/www.allinclusivehotels.it\/fr\/wp-json\/wp\/v2\/media?parent=10290"}],"curies":[{"name":"wp","href":"https:\/\/api.w.org\/{rel}","templated":true}]}}