{"id":10288,"date":"2022-02-16T14:41:19","date_gmt":"2022-02-16T13:41:19","guid":{"rendered":"https:\/\/www.allinclusivehotels.it\/destinations\/marotta"},"modified":"2022-04-12T10:57:56","modified_gmt":"2022-04-12T08:57:56","slug":"marotta","status":"publish","type":"page","link":"https:\/\/www.allinclusivehotels.it\/fr\/destinations\/marotta","title":{"rendered":"Marotta"},"content":{"rendered":"\n<p><b>Marotta <\/b>est une jolie station baln\u00e9aire <b>\u00e0 seulement 5 kilom\u00e8tres de Fano<\/b>. Un ancien bourg de p\u00eacheurs devenu un lieu de <b>vacances \u00e0 la mer dans les Marches<\/b>. Il aurait \u00e9t\u00e9 le th\u00e9\u00e2tre d\u2019une bataille entre Carthaginois et Romains pendant la deuxi\u00e8me guerre punique et, plus r\u00e9cemment, aurait inspir\u00e9 \u00e0 Enrico Ruggeri sa fameuse chanson &#8220;Il mare d&#8217;inverno&#8221; (la mer en hiver). Laur\u00e9ate depuis plusieurs ann\u00e9es du<b> &#8220;Pavillon Bleu&#8221;<\/b>, Marotta est l\u2019endroit id\u00e9al pour se d\u00e9tendre sur de<b> longues plages am\u00e9nag\u00e9es<\/b>, avec un sable fin, une mer qui devient doucement profonde et une \u0153nogastronomie de qualit\u00e9, gr\u00e2ce aux services propos\u00e9s par les <b>All Inclusive Hotels Marotta<\/b>.<\/p>\n\n\n\n<!--more-->\n\n\n\n<p>\u00c0 propos de couleurs, Marotta a \u00e9galement \u00e9t\u00e9 r\u00e9compens\u00e9 par la<b> &#8220;Bandiera Gialla&#8221; <\/b>(Pavillon jaune) des Comuni Ciclabili d&#8217;Italia (villes cyclables d\u2019Italie) gr\u00e2ce \u00e0 ses nombreuses pistes pour tous \u00e2ges et tous niveaux.<\/p>\n\n\n\n<p>La ville est un point de d\u00e9part id\u00e9al pour d\u00e9couvrir le territoire. L\u2019\u00e9tape incontournable est sans doute le <b>bourg m\u00e9di\u00e9val de Mondolfo<\/b>, une galerie d\u2019art \u00e0 ciel ouvert surplomb\u00e9e par la forteresse con\u00e7ue par Francesco di Giorgio Martini dans le XV<sup>e<\/sup> si\u00e8cle.<\/p>\n\n\n\n<p>Depuis Marotta, \u00e0 quelques minutes de voiture, on peut rejoindre <b>Fano, ville du carnaval et patrie de Vitruve<\/b>. Les vestiges romains, ses remparts, l&#8217;Arc d&#8217;Auguste et les souterrains de la M\u00e9diatheque Montanari avec l&#8217;Augusteum, sont la preuve \u00e9vidente de l\u2019importance historique de cette belle ville des Marches.<\/p>\n","protected":false},"excerpt":{"rendered":"<p>Marotta est une jolie station baln\u00e9aire \u00e0 seulement 5 kilom\u00e8tres de Fano. Un ancien bourg &hellip;<\/p>\n","protected":false},"author":1,"featured_media":0,"parent":8167,"menu_order":0,"comment_status":"closed","ping_status":"closed","template":"page-templates\/destinazione.php","meta":{"_acf_changed":false,"footnotes":""},"class_list":["post-10288","page","type-page","status-publish","hentry"],"acf":[],"yoast_head":"<!-- This site is optimized with the Yoast SEO plugin v27.0 - https:\/\/yoast.com\/product\/yoast-seo-wordpress\/ -->\n<title>H\u00f4tel All Inclusive Marotta | Offres H\u00f4tel 3 \u00e9toiles pour les familles<\/title>\n<meta name=\"description\" content=\"Vous cherchez un H\u00f4tel All Inclusive \u00e0 Marotta? D\u00e9couvrez la plus grande s\u00e9lection d&#039;h\u00f4tels avec offres tout compris\" \/>\n<meta name=\"robots\" content=\"index, follow, max-snippet:-1, max-image-preview:large, max-video-preview:-1\" \/>\n<link rel=\"canonical\" href=\"https:\/\/www.allinclusivehotels.it\/fr\/destinations\/marotta\" \/>\n<meta property=\"og:locale\" content=\"fr_FR\" \/>\n<meta property=\"og:type\" content=\"article\" \/>\n<meta property=\"og:title\" content=\"H\u00f4tel All Inclusive Marotta | Offres H\u00f4tel 3 \u00e9toiles pour les familles\" \/>\n<meta property=\"og:description\" content=\"Vous cherchez un H\u00f4tel All Inclusive \u00e0 Marotta? D\u00e9couvrez la plus grande s\u00e9lection d&#039;h\u00f4tels avec offres tout compris\" \/>\n<meta property=\"og:url\" content=\"https:\/\/www.allinclusivehotels.it\/fr\/destinations\/marotta\" \/>\n<meta property=\"og:site_name\" content=\"All Inclusive Hotels\" \/>\n<meta property=\"article:modified_time\" content=\"2022-04-12T08:57:56+00:00\" \/>\n<meta name=\"twitter:card\" content=\"summary_large_image\" \/>\n<meta name=\"twitter:label1\" content=\"Dur\u00e9e de lecture estim\u00e9e\" \/>\n\t<meta name=\"twitter:data1\" content=\"2 minutes\" \/>\n<script type=\"application\/ld+json\" class=\"yoast-schema-graph\">{\"@context\":\"https:\/\/schema.org\",\"@graph\":[{\"@type\":\"WebPage\",\"@id\":\"https:\/\/www.allinclusivehotels.it\/fr\/destinations\/marotta\",\"url\":\"https:\/\/www.allinclusivehotels.it\/fr\/destinations\/marotta\",\"name\":\"H\u00f4tel All Inclusive Marotta | Offres H\u00f4tel 3 \u00e9toiles pour les familles\",\"isPartOf\":{\"@id\":\"https:\/\/www.allinclusivehotels.it\/fr#website\"},\"datePublished\":\"2022-02-16T13:41:19+00:00\",\"dateModified\":\"2022-04-12T08:57:56+00:00\",\"description\":\"Vous cherchez un H\u00f4tel All Inclusive \u00e0 Marotta? D\u00e9couvrez la plus grande s\u00e9lection d'h\u00f4tels avec offres tout compris\",\"breadcrumb\":{\"@id\":\"https:\/\/www.allinclusivehotels.it\/fr\/destinations\/marotta#breadcrumb\"},\"inLanguage\":\"fr-FR\",\"potentialAction\":[{\"@type\":\"ReadAction\",\"target\":[\"https:\/\/www.allinclusivehotels.it\/fr\/destinations\/marotta\"]}]},{\"@type\":\"BreadcrumbList\",\"@id\":\"https:\/\/www.allinclusivehotels.it\/fr\/destinations\/marotta#breadcrumb\",\"itemListElement\":[{\"@type\":\"ListItem\",\"position\":1,\"name\":\"Home\",\"item\":\"https:\/\/www.allinclusivehotels.it\/fr\"},{\"@type\":\"ListItem\",\"position\":2,\"name\":\"Destinations\",\"item\":\"https:\/\/www.allinclusivehotels.it\/fr\/destinations\"},{\"@type\":\"ListItem\",\"position\":3,\"name\":\"Marotta\"}]},{\"@type\":\"WebSite\",\"@id\":\"https:\/\/www.allinclusivehotels.it\/fr#website\",\"url\":\"https:\/\/www.allinclusivehotels.it\/fr\",\"name\":\"All Inclusive Hotels\",\"description\":\"\",\"publisher\":{\"@id\":\"https:\/\/www.allinclusivehotels.it\/fr#organization\"},\"potentialAction\":[{\"@type\":\"SearchAction\",\"target\":{\"@type\":\"EntryPoint\",\"urlTemplate\":\"https:\/\/www.allinclusivehotels.it\/fr?s={search_term_string}\"},\"query-input\":{\"@type\":\"PropertyValueSpecification\",\"valueRequired\":true,\"valueName\":\"search_term_string\"}}],\"inLanguage\":\"fr-FR\"},{\"@type\":\"Organization\",\"@id\":\"https:\/\/www.allinclusivehotels.it\/fr#organization\",\"name\":\"All Inclusive Hotels\",\"url\":\"https:\/\/www.allinclusivehotels.it\/fr\",\"logo\":{\"@type\":\"ImageObject\",\"inLanguage\":\"fr-FR\",\"@id\":\"https:\/\/www.allinclusivehotels.it\/fr#\/schema\/logo\/image\/\",\"url\":\"\",\"contentUrl\":\"\",\"caption\":\"All Inclusive Hotels\"},\"image\":{\"@id\":\"https:\/\/www.allinclusivehotels.it\/fr#\/schema\/logo\/image\/\"}}]}<\/script>\n<!-- \/ Yoast SEO plugin. -->","yoast_head_json":{"title":"H\u00f4tel All Inclusive Marotta | Offres H\u00f4tel 3 \u00e9toiles pour les familles","description":"Vous cherchez un H\u00f4tel All Inclusive \u00e0 Marotta? D\u00e9couvrez la plus grande s\u00e9lection d'h\u00f4tels avec offres tout compris","robots":{"index":"index","follow":"follow","max-snippet":"max-snippet:-1","max-image-preview":"max-image-preview:large","max-video-preview":"max-video-preview:-1"},"canonical":"https:\/\/www.allinclusivehotels.it\/fr\/destinations\/marotta","og_locale":"fr_FR","og_type":"article","og_title":"H\u00f4tel All Inclusive Marotta | Offres H\u00f4tel 3 \u00e9toiles pour les familles","og_description":"Vous cherchez un H\u00f4tel All Inclusive \u00e0 Marotta? D\u00e9couvrez la plus grande s\u00e9lection d'h\u00f4tels avec offres tout compris","og_url":"https:\/\/www.allinclusivehotels.it\/fr\/destinations\/marotta","og_site_name":"All Inclusive Hotels","article_modified_time":"2022-04-12T08:57:56+00:00","twitter_card":"summary_large_image","twitter_misc":{"Dur\u00e9e de lecture estim\u00e9e":"2 minutes"},"schema":{"@context":"https:\/\/schema.org","@graph":[{"@type":"WebPage","@id":"https:\/\/www.allinclusivehotels.it\/fr\/destinations\/marotta","url":"https:\/\/www.allinclusivehotels.it\/fr\/destinations\/marotta","name":"H\u00f4tel All Inclusive Marotta | Offres H\u00f4tel 3 \u00e9toiles pour les familles","isPartOf":{"@id":"https:\/\/www.allinclusivehotels.it\/fr#website"},"datePublished":"2022-02-16T13:41:19+00:00","dateModified":"2022-04-12T08:57:56+00:00","description":"Vous cherchez un H\u00f4tel All Inclusive \u00e0 Marotta? D\u00e9couvrez la plus grande s\u00e9lection d'h\u00f4tels avec offres tout compris","breadcrumb":{"@id":"https:\/\/www.allinclusivehotels.it\/fr\/destinations\/marotta#breadcrumb"},"inLanguage":"fr-FR","potentialAction":[{"@type":"ReadAction","target":["https:\/\/www.allinclusivehotels.it\/fr\/destinations\/marotta"]}]},{"@type":"BreadcrumbList","@id":"https:\/\/www.allinclusivehotels.it\/fr\/destinations\/marotta#breadcrumb","itemListElement":[{"@type":"ListItem","position":1,"name":"Home","item":"https:\/\/www.allinclusivehotels.it\/fr"},{"@type":"ListItem","position":2,"name":"Destinations","item":"https:\/\/www.allinclusivehotels.it\/fr\/destinations"},{"@type":"ListItem","position":3,"name":"Marotta"}]},{"@type":"WebSite","@id":"https:\/\/www.allinclusivehotels.it\/fr#website","url":"https:\/\/www.allinclusivehotels.it\/fr","name":"All Inclusive Hotels","description":"","publisher":{"@id":"https:\/\/www.allinclusivehotels.it\/fr#organization"},"potentialAction":[{"@type":"SearchAction","target":{"@type":"EntryPoint","urlTemplate":"https:\/\/www.allinclusivehotels.it\/fr?s={search_term_string}"},"query-input":{"@type":"PropertyValueSpecification","valueRequired":true,"valueName":"search_term_string"}}],"inLanguage":"fr-FR"},{"@type":"Organization","@id":"https:\/\/www.allinclusivehotels.it\/fr#organization","name":"All Inclusive Hotels","url":"https:\/\/www.allinclusivehotels.it\/fr","logo":{"@type":"ImageObject","inLanguage":"fr-FR","@id":"https:\/\/www.allinclusivehotels.it\/fr#\/schema\/logo\/image\/","url":"","contentUrl":"","caption":"All Inclusive Hotels"},"image":{"@id":"https:\/\/www.allinclusivehotels.it\/fr#\/schema\/logo\/image\/"}}]}},"_links":{"self":[{"href":"https:\/\/www.allinclusivehotels.it\/fr\/wp-json\/wp\/v2\/pages\/10288","targetHints":{"allow":["GET"]}}],"collection":[{"href":"https:\/\/www.allinclusivehotels.it\/fr\/wp-json\/wp\/v2\/pages"}],"about":[{"href":"https:\/\/www.allinclusivehotels.it\/fr\/wp-json\/wp\/v2\/types\/page"}],"author":[{"embeddable":true,"href":"https:\/\/www.allinclusivehotels.it\/fr\/wp-json\/wp\/v2\/users\/1"}],"replies":[{"embeddable":true,"href":"https:\/\/www.allinclusivehotels.it\/fr\/wp-json\/wp\/v2\/comments?post=10288"}],"version-history":[{"count":4,"href":"https:\/\/www.allinclusivehotels.it\/fr\/wp-json\/wp\/v2\/pages\/10288\/revisions"}],"predecessor-version":[{"id":18344,"href":"https:\/\/www.allinclusivehotels.it\/fr\/wp-json\/wp\/v2\/pages\/10288\/revisions\/18344"}],"up":[{"embeddable":true,"href":"https:\/\/www.allinclusivehotels.it\/fr\/wp-json\/wp\/v2\/pages\/8167"}],"wp:attachment":[{"href":"https:\/\/www.allinclusivehotels.it\/fr\/wp-json\/wp\/v2\/media?parent=10288"}],"curies":[{"name":"wp","href":"https:\/\/api.w.org\/{rel}","templated":true}]}}