{"id":10286,"date":"2022-02-16T14:41:19","date_gmt":"2022-02-16T13:41:19","guid":{"rendered":"https:\/\/www.allinclusivehotels.it\/vacances-a-la-mer"},"modified":"2023-03-08T10:03:21","modified_gmt":"2023-03-08T09:03:21","slug":"vacances-a-la-mer","status":"publish","type":"page","link":"https:\/\/www.allinclusivehotels.it\/fr\/vacances-a-la-mer","title":{"rendered":"Vacances \u00e0 la mer"},"content":{"rendered":"\n<p>Pour les vacanciers, la mer est toujours une destination de choix, et l\u2019Italie est un des pays les plus recherch\u00e9s pour ce type de vacances. Les lieux \u00e0 visiter sont nombreux et les <b>All Inclusive Hotels mer<\/b> vous proposent des formules pour toutes types d\u2019exigence.<\/p>\n\n\n\n<p>Les <b>All Inclusive Hotels mer <\/b>en Italie, par exemple, sont sp\u00e9cialis\u00e9s pour les vacances familiale, o\u00f9 les enfants sont toujours les invit\u00e9s d\u2019honneurs&nbsp;: les meilleures prestations leurs sont r\u00e9serv\u00e9es. Tous ces \u00e9tablissements sont fournis d\u2019un Mini Club, une aire s\u00e9curis\u00e9e o\u00f9 laisser jouer ses enfants avec animations matin et apr\u00e8s-midi, \u00e0 l\u2019h\u00f4tel et \u00e0 la plage.<\/p>\n\n\n\n<!--more-->\n\n\n\n<p>Mais les <b>vacances mer All Inclusive<\/b> pensent aussi au bien-\u00eatre des couples, qui peuvent choisir parmi nombreuses opportunit\u00e9s, telles qu\u2019un service de d\u00e9licieux sushi servis en chambre ou des fabuleux programmes wellness avec massage pour deux. Pour ceux qui aiment la mer italienne, All Inclusive vous garantit des paysages et des excursions uniques&nbsp;: de v\u00e9ritables petits coins de paradis dans un environnement vierge, parcs nationaux, villes d\u2019art et d\u2019histoire, plage de sable ou de galets o\u00f9 vivre au contact de la nature et pratiquer des sports aquatiques.<\/p>\n","protected":false},"excerpt":{"rendered":"<p>Pour les vacanciers, la mer est toujours une destination de choix, et l\u2019Italie est un &hellip;<\/p>\n","protected":false},"author":1,"featured_media":0,"parent":0,"menu_order":0,"comment_status":"closed","ping_status":"closed","template":"page-templates\/vacanze_mare.php","meta":{"_acf_changed":false,"footnotes":""},"class_list":["post-10286","page","type-page","status-publish","hentry"],"acf":[],"yoast_head":"<!-- This site is optimized with the Yoast SEO plugin v27.0 - https:\/\/yoast.com\/product\/yoast-seo-wordpress\/ -->\n<title>Offres Forfaits vacances \u00e0 la mer en Italie | H\u00f4tels All Inclusive<\/title>\n<meta name=\"description\" content=\"Cherchez-vous des offres vacances tout compris \u00e0 la mer en Italie? Consultez les meilleures et choisissez celle qui vous convient!\" \/>\n<meta name=\"robots\" content=\"index, follow, max-snippet:-1, max-image-preview:large, max-video-preview:-1\" \/>\n<link rel=\"canonical\" href=\"https:\/\/www.allinclusivehotels.it\/fr\/vacances-a-la-mer\" \/>\n<meta property=\"og:locale\" content=\"fr_FR\" \/>\n<meta property=\"og:type\" content=\"article\" \/>\n<meta property=\"og:title\" content=\"Offres Forfaits vacances \u00e0 la mer en Italie | H\u00f4tels All Inclusive\" \/>\n<meta property=\"og:description\" content=\"Cherchez-vous des offres vacances tout compris \u00e0 la mer en Italie? Consultez les meilleures et choisissez celle qui vous convient!\" \/>\n<meta property=\"og:url\" content=\"https:\/\/www.allinclusivehotels.it\/fr\/vacances-a-la-mer\" \/>\n<meta property=\"og:site_name\" content=\"All Inclusive Hotels\" \/>\n<meta property=\"article:modified_time\" content=\"2023-03-08T09:03:21+00:00\" \/>\n<meta name=\"twitter:card\" content=\"summary_large_image\" \/>\n<meta name=\"twitter:label1\" content=\"Dur\u00e9e de lecture estim\u00e9e\" \/>\n\t<meta name=\"twitter:data1\" content=\"1 minute\" \/>\n<script type=\"application\/ld+json\" class=\"yoast-schema-graph\">{\"@context\":\"https:\/\/schema.org\",\"@graph\":[{\"@type\":\"WebPage\",\"@id\":\"https:\/\/www.allinclusivehotels.it\/fr\/vacances-a-la-mer\",\"url\":\"https:\/\/www.allinclusivehotels.it\/fr\/vacances-a-la-mer\",\"name\":\"Offres Forfaits vacances \u00e0 la mer en Italie | H\u00f4tels All Inclusive\",\"isPartOf\":{\"@id\":\"https:\/\/www.allinclusivehotels.it\/fr#website\"},\"datePublished\":\"2022-02-16T13:41:19+00:00\",\"dateModified\":\"2023-03-08T09:03:21+00:00\",\"description\":\"Cherchez-vous des offres vacances tout compris \u00e0 la mer en Italie? Consultez les meilleures et choisissez celle qui vous convient!\",\"breadcrumb\":{\"@id\":\"https:\/\/www.allinclusivehotels.it\/fr\/vacances-a-la-mer#breadcrumb\"},\"inLanguage\":\"fr-FR\",\"potentialAction\":[{\"@type\":\"ReadAction\",\"target\":[\"https:\/\/www.allinclusivehotels.it\/fr\/vacances-a-la-mer\"]}]},{\"@type\":\"BreadcrumbList\",\"@id\":\"https:\/\/www.allinclusivehotels.it\/fr\/vacances-a-la-mer#breadcrumb\",\"itemListElement\":[{\"@type\":\"ListItem\",\"position\":1,\"name\":\"Home\",\"item\":\"https:\/\/www.allinclusivehotels.it\/fr\"},{\"@type\":\"ListItem\",\"position\":2,\"name\":\"Vacances \u00e0 la mer\"}]},{\"@type\":\"WebSite\",\"@id\":\"https:\/\/www.allinclusivehotels.it\/fr#website\",\"url\":\"https:\/\/www.allinclusivehotels.it\/fr\",\"name\":\"All Inclusive Hotels\",\"description\":\"\",\"publisher\":{\"@id\":\"https:\/\/www.allinclusivehotels.it\/fr#organization\"},\"potentialAction\":[{\"@type\":\"SearchAction\",\"target\":{\"@type\":\"EntryPoint\",\"urlTemplate\":\"https:\/\/www.allinclusivehotels.it\/fr?s={search_term_string}\"},\"query-input\":{\"@type\":\"PropertyValueSpecification\",\"valueRequired\":true,\"valueName\":\"search_term_string\"}}],\"inLanguage\":\"fr-FR\"},{\"@type\":\"Organization\",\"@id\":\"https:\/\/www.allinclusivehotels.it\/fr#organization\",\"name\":\"All Inclusive Hotels\",\"url\":\"https:\/\/www.allinclusivehotels.it\/fr\",\"logo\":{\"@type\":\"ImageObject\",\"inLanguage\":\"fr-FR\",\"@id\":\"https:\/\/www.allinclusivehotels.it\/fr#\/schema\/logo\/image\/\",\"url\":\"\",\"contentUrl\":\"\",\"caption\":\"All Inclusive Hotels\"},\"image\":{\"@id\":\"https:\/\/www.allinclusivehotels.it\/fr#\/schema\/logo\/image\/\"}}]}<\/script>\n<!-- \/ Yoast SEO plugin. -->","yoast_head_json":{"title":"Offres Forfaits vacances \u00e0 la mer en Italie | H\u00f4tels All Inclusive","description":"Cherchez-vous des offres vacances tout compris \u00e0 la mer en Italie? Consultez les meilleures et choisissez celle qui vous convient!","robots":{"index":"index","follow":"follow","max-snippet":"max-snippet:-1","max-image-preview":"max-image-preview:large","max-video-preview":"max-video-preview:-1"},"canonical":"https:\/\/www.allinclusivehotels.it\/fr\/vacances-a-la-mer","og_locale":"fr_FR","og_type":"article","og_title":"Offres Forfaits vacances \u00e0 la mer en Italie | H\u00f4tels All Inclusive","og_description":"Cherchez-vous des offres vacances tout compris \u00e0 la mer en Italie? Consultez les meilleures et choisissez celle qui vous convient!","og_url":"https:\/\/www.allinclusivehotels.it\/fr\/vacances-a-la-mer","og_site_name":"All Inclusive Hotels","article_modified_time":"2023-03-08T09:03:21+00:00","twitter_card":"summary_large_image","twitter_misc":{"Dur\u00e9e de lecture estim\u00e9e":"1 minute"},"schema":{"@context":"https:\/\/schema.org","@graph":[{"@type":"WebPage","@id":"https:\/\/www.allinclusivehotels.it\/fr\/vacances-a-la-mer","url":"https:\/\/www.allinclusivehotels.it\/fr\/vacances-a-la-mer","name":"Offres Forfaits vacances \u00e0 la mer en Italie | H\u00f4tels All Inclusive","isPartOf":{"@id":"https:\/\/www.allinclusivehotels.it\/fr#website"},"datePublished":"2022-02-16T13:41:19+00:00","dateModified":"2023-03-08T09:03:21+00:00","description":"Cherchez-vous des offres vacances tout compris \u00e0 la mer en Italie? Consultez les meilleures et choisissez celle qui vous convient!","breadcrumb":{"@id":"https:\/\/www.allinclusivehotels.it\/fr\/vacances-a-la-mer#breadcrumb"},"inLanguage":"fr-FR","potentialAction":[{"@type":"ReadAction","target":["https:\/\/www.allinclusivehotels.it\/fr\/vacances-a-la-mer"]}]},{"@type":"BreadcrumbList","@id":"https:\/\/www.allinclusivehotels.it\/fr\/vacances-a-la-mer#breadcrumb","itemListElement":[{"@type":"ListItem","position":1,"name":"Home","item":"https:\/\/www.allinclusivehotels.it\/fr"},{"@type":"ListItem","position":2,"name":"Vacances \u00e0 la mer"}]},{"@type":"WebSite","@id":"https:\/\/www.allinclusivehotels.it\/fr#website","url":"https:\/\/www.allinclusivehotels.it\/fr","name":"All Inclusive Hotels","description":"","publisher":{"@id":"https:\/\/www.allinclusivehotels.it\/fr#organization"},"potentialAction":[{"@type":"SearchAction","target":{"@type":"EntryPoint","urlTemplate":"https:\/\/www.allinclusivehotels.it\/fr?s={search_term_string}"},"query-input":{"@type":"PropertyValueSpecification","valueRequired":true,"valueName":"search_term_string"}}],"inLanguage":"fr-FR"},{"@type":"Organization","@id":"https:\/\/www.allinclusivehotels.it\/fr#organization","name":"All Inclusive Hotels","url":"https:\/\/www.allinclusivehotels.it\/fr","logo":{"@type":"ImageObject","inLanguage":"fr-FR","@id":"https:\/\/www.allinclusivehotels.it\/fr#\/schema\/logo\/image\/","url":"","contentUrl":"","caption":"All Inclusive Hotels"},"image":{"@id":"https:\/\/www.allinclusivehotels.it\/fr#\/schema\/logo\/image\/"}}]}},"_links":{"self":[{"href":"https:\/\/www.allinclusivehotels.it\/fr\/wp-json\/wp\/v2\/pages\/10286","targetHints":{"allow":["GET"]}}],"collection":[{"href":"https:\/\/www.allinclusivehotels.it\/fr\/wp-json\/wp\/v2\/pages"}],"about":[{"href":"https:\/\/www.allinclusivehotels.it\/fr\/wp-json\/wp\/v2\/types\/page"}],"author":[{"embeddable":true,"href":"https:\/\/www.allinclusivehotels.it\/fr\/wp-json\/wp\/v2\/users\/1"}],"replies":[{"embeddable":true,"href":"https:\/\/www.allinclusivehotels.it\/fr\/wp-json\/wp\/v2\/comments?post=10286"}],"version-history":[{"count":6,"href":"https:\/\/www.allinclusivehotels.it\/fr\/wp-json\/wp\/v2\/pages\/10286\/revisions"}],"predecessor-version":[{"id":20988,"href":"https:\/\/www.allinclusivehotels.it\/fr\/wp-json\/wp\/v2\/pages\/10286\/revisions\/20988"}],"wp:attachment":[{"href":"https:\/\/www.allinclusivehotels.it\/fr\/wp-json\/wp\/v2\/media?parent=10286"}],"curies":[{"name":"wp","href":"https:\/\/api.w.org\/{rel}","templated":true}]}}