{"id":10254,"date":"2022-02-16T14:41:16","date_gmt":"2022-02-16T13:41:16","guid":{"rendered":"https:\/\/www.allinclusivehotels.it\/all-inclusive-derniere-minute-italie"},"modified":"2022-05-26T12:40:55","modified_gmt":"2022-05-26T10:40:55","slug":"all-inclusive-derniere-minute-italie","status":"publish","type":"page","link":"https:\/\/www.allinclusivehotels.it\/fr\/all-inclusive-derniere-minute-italie","title":{"rendered":"All Inclusive Derni\u00e8re Minute Italie"},"content":{"rendered":"\n<p><\/p>\n\n\n\n<p>Nos <b>offres de<\/b> <b>All Inclusive derni\u00e8re minute Italie<\/b> sont une chance \u00e0 ne pas rater pour des vacances abordables dans le Belpaese&nbsp;! En hiver et en \u00e9t\u00e9, \u00e0 No\u00ebl ou pour le Nouvel An, il est toujours possible de trouver des <b>offres All Inclusive Italie<\/b> capables de satisfaire toutes les exigences.<\/p>\n\n\n\n<p>Nos <b>offres All Inclusive mer Italie<\/b>, par exemple, vous permettent passer des vacances dans les plus belles mers d\u2019Italie gr\u00e2ce \u00e0 des promotions avantageuses pour couples, familles et petits groupes.<\/p>\n\n\n\n<!--more-->\n\n\n\n<p>Nos <b>forfaits vacances All Inclusive Italie<\/b> proposent des tarifs sp\u00e9ciaux pour les plus de 60 ans, les enfants \u2013 qui dans certains cas peuvent s\u00e9journer gratuitement \u2013, et pour les sportifs. Nos <b>offres All Inclusive derni\u00e8re minute<\/b> organisent aussi des vacances \u00e0 la montagne, des excursions dans les parcs naturels, promenades en plein nature \u00e0 v\u00e9lo et \u00e0 cheval, et du rafting dans les rivi\u00e8res.<\/p>\n","protected":false},"excerpt":{"rendered":"<p>Nos offres de All Inclusive derni\u00e8re minute Italie sont une chance \u00e0 ne pas rater &hellip;<\/p>\n","protected":false},"author":1,"featured_media":0,"parent":0,"menu_order":0,"comment_status":"closed","ping_status":"closed","template":"page-templates\/scheda_periodo.php","meta":{"_acf_changed":false,"footnotes":""},"class_list":["post-10254","page","type-page","status-publish","hentry"],"acf":[],"yoast_head":"<!-- This site is optimized with the Yoast SEO plugin v27.6 - https:\/\/yoast.com\/product\/yoast-seo-wordpress\/ -->\n<title>Derni\u00e8re Minute All Inclusive en Italie | Plus de 100 h\u00f4tels mer et montagne<\/title>\n<meta name=\"description\" content=\"Offres de derni\u00e8re minute \u00e0 la mer? D\u00e9couvrez les meilleurs H\u00f4tels All Inclusive en Italie par destination, p\u00e9riode ou type de vacances\" \/>\n<meta name=\"robots\" content=\"index, follow, max-snippet:-1, max-image-preview:large, max-video-preview:-1\" \/>\n<link rel=\"canonical\" href=\"https:\/\/www.allinclusivehotels.it\/fr\/all-inclusive-derniere-minute-italie\" \/>\n<meta property=\"og:locale\" content=\"fr_FR\" \/>\n<meta property=\"og:type\" content=\"article\" \/>\n<meta property=\"og:title\" content=\"Derni\u00e8re Minute All Inclusive en Italie | Plus de 100 h\u00f4tels mer et montagne\" \/>\n<meta property=\"og:description\" content=\"Offres de derni\u00e8re minute \u00e0 la mer? D\u00e9couvrez les meilleurs H\u00f4tels All Inclusive en Italie par destination, p\u00e9riode ou type de vacances\" \/>\n<meta property=\"og:url\" content=\"https:\/\/www.allinclusivehotels.it\/fr\/all-inclusive-derniere-minute-italie\" \/>\n<meta property=\"og:site_name\" content=\"All Inclusive Hotels\" \/>\n<meta property=\"article:modified_time\" content=\"2022-05-26T10:40:55+00:00\" \/>\n<meta name=\"twitter:card\" content=\"summary_large_image\" \/>\n<meta name=\"twitter:label1\" content=\"Dur\u00e9e de lecture estim\u00e9e\" \/>\n\t<meta name=\"twitter:data1\" content=\"1 minute\" \/>\n<script type=\"application\/ld+json\" class=\"yoast-schema-graph\">{\"@context\":\"https:\\\/\\\/schema.org\",\"@graph\":[{\"@type\":\"WebPage\",\"@id\":\"https:\\\/\\\/www.allinclusivehotels.it\\\/fr\\\/all-inclusive-derniere-minute-italie\",\"url\":\"https:\\\/\\\/www.allinclusivehotels.it\\\/fr\\\/all-inclusive-derniere-minute-italie\",\"name\":\"Derni\u00e8re Minute All Inclusive en Italie | Plus de 100 h\u00f4tels mer et montagne\",\"isPartOf\":{\"@id\":\"https:\\\/\\\/www.allinclusivehotels.it\\\/fr#website\"},\"datePublished\":\"2022-02-16T13:41:16+00:00\",\"dateModified\":\"2022-05-26T10:40:55+00:00\",\"description\":\"Offres de derni\u00e8re minute \u00e0 la mer? D\u00e9couvrez les meilleurs H\u00f4tels All Inclusive en Italie par destination, p\u00e9riode ou type de vacances\",\"breadcrumb\":{\"@id\":\"https:\\\/\\\/www.allinclusivehotels.it\\\/fr\\\/all-inclusive-derniere-minute-italie#breadcrumb\"},\"inLanguage\":\"fr-FR\",\"potentialAction\":[{\"@type\":\"ReadAction\",\"target\":[\"https:\\\/\\\/www.allinclusivehotels.it\\\/fr\\\/all-inclusive-derniere-minute-italie\"]}]},{\"@type\":\"BreadcrumbList\",\"@id\":\"https:\\\/\\\/www.allinclusivehotels.it\\\/fr\\\/all-inclusive-derniere-minute-italie#breadcrumb\",\"itemListElement\":[{\"@type\":\"ListItem\",\"position\":1,\"name\":\"Home\",\"item\":\"https:\\\/\\\/www.allinclusivehotels.it\\\/fr\"},{\"@type\":\"ListItem\",\"position\":2,\"name\":\"All Inclusive Derni\u00e8re Minute Italie\"}]},{\"@type\":\"WebSite\",\"@id\":\"https:\\\/\\\/www.allinclusivehotels.it\\\/fr#website\",\"url\":\"https:\\\/\\\/www.allinclusivehotels.it\\\/fr\",\"name\":\"All Inclusive Hotels\",\"description\":\"\",\"publisher\":{\"@id\":\"https:\\\/\\\/www.allinclusivehotels.it\\\/fr#organization\"},\"potentialAction\":[{\"@type\":\"SearchAction\",\"target\":{\"@type\":\"EntryPoint\",\"urlTemplate\":\"https:\\\/\\\/www.allinclusivehotels.it\\\/fr?s={search_term_string}\"},\"query-input\":{\"@type\":\"PropertyValueSpecification\",\"valueRequired\":true,\"valueName\":\"search_term_string\"}}],\"inLanguage\":\"fr-FR\"},{\"@type\":\"Organization\",\"@id\":\"https:\\\/\\\/www.allinclusivehotels.it\\\/fr#organization\",\"name\":\"All Inclusive Hotels\",\"url\":\"https:\\\/\\\/www.allinclusivehotels.it\\\/fr\",\"logo\":{\"@type\":\"ImageObject\",\"inLanguage\":\"fr-FR\",\"@id\":\"https:\\\/\\\/www.allinclusivehotels.it\\\/fr#\\\/schema\\\/logo\\\/image\\\/\",\"url\":\"\",\"contentUrl\":\"\",\"caption\":\"All Inclusive Hotels\"},\"image\":{\"@id\":\"https:\\\/\\\/www.allinclusivehotels.it\\\/fr#\\\/schema\\\/logo\\\/image\\\/\"}}]}<\/script>\n<!-- \/ Yoast SEO plugin. -->","yoast_head_json":{"title":"Derni\u00e8re Minute All Inclusive en Italie | Plus de 100 h\u00f4tels mer et montagne","description":"Offres de derni\u00e8re minute \u00e0 la mer? D\u00e9couvrez les meilleurs H\u00f4tels All Inclusive en Italie par destination, p\u00e9riode ou type de vacances","robots":{"index":"index","follow":"follow","max-snippet":"max-snippet:-1","max-image-preview":"max-image-preview:large","max-video-preview":"max-video-preview:-1"},"canonical":"https:\/\/www.allinclusivehotels.it\/fr\/all-inclusive-derniere-minute-italie","og_locale":"fr_FR","og_type":"article","og_title":"Derni\u00e8re Minute All Inclusive en Italie | Plus de 100 h\u00f4tels mer et montagne","og_description":"Offres de derni\u00e8re minute \u00e0 la mer? D\u00e9couvrez les meilleurs H\u00f4tels All Inclusive en Italie par destination, p\u00e9riode ou type de vacances","og_url":"https:\/\/www.allinclusivehotels.it\/fr\/all-inclusive-derniere-minute-italie","og_site_name":"All Inclusive Hotels","article_modified_time":"2022-05-26T10:40:55+00:00","twitter_card":"summary_large_image","twitter_misc":{"Dur\u00e9e de lecture estim\u00e9e":"1 minute"},"schema":{"@context":"https:\/\/schema.org","@graph":[{"@type":"WebPage","@id":"https:\/\/www.allinclusivehotels.it\/fr\/all-inclusive-derniere-minute-italie","url":"https:\/\/www.allinclusivehotels.it\/fr\/all-inclusive-derniere-minute-italie","name":"Derni\u00e8re Minute All Inclusive en Italie | Plus de 100 h\u00f4tels mer et montagne","isPartOf":{"@id":"https:\/\/www.allinclusivehotels.it\/fr#website"},"datePublished":"2022-02-16T13:41:16+00:00","dateModified":"2022-05-26T10:40:55+00:00","description":"Offres de derni\u00e8re minute \u00e0 la mer? D\u00e9couvrez les meilleurs H\u00f4tels All Inclusive en Italie par destination, p\u00e9riode ou type de vacances","breadcrumb":{"@id":"https:\/\/www.allinclusivehotels.it\/fr\/all-inclusive-derniere-minute-italie#breadcrumb"},"inLanguage":"fr-FR","potentialAction":[{"@type":"ReadAction","target":["https:\/\/www.allinclusivehotels.it\/fr\/all-inclusive-derniere-minute-italie"]}]},{"@type":"BreadcrumbList","@id":"https:\/\/www.allinclusivehotels.it\/fr\/all-inclusive-derniere-minute-italie#breadcrumb","itemListElement":[{"@type":"ListItem","position":1,"name":"Home","item":"https:\/\/www.allinclusivehotels.it\/fr"},{"@type":"ListItem","position":2,"name":"All Inclusive Derni\u00e8re Minute Italie"}]},{"@type":"WebSite","@id":"https:\/\/www.allinclusivehotels.it\/fr#website","url":"https:\/\/www.allinclusivehotels.it\/fr","name":"All Inclusive Hotels","description":"","publisher":{"@id":"https:\/\/www.allinclusivehotels.it\/fr#organization"},"potentialAction":[{"@type":"SearchAction","target":{"@type":"EntryPoint","urlTemplate":"https:\/\/www.allinclusivehotels.it\/fr?s={search_term_string}"},"query-input":{"@type":"PropertyValueSpecification","valueRequired":true,"valueName":"search_term_string"}}],"inLanguage":"fr-FR"},{"@type":"Organization","@id":"https:\/\/www.allinclusivehotels.it\/fr#organization","name":"All Inclusive Hotels","url":"https:\/\/www.allinclusivehotels.it\/fr","logo":{"@type":"ImageObject","inLanguage":"fr-FR","@id":"https:\/\/www.allinclusivehotels.it\/fr#\/schema\/logo\/image\/","url":"","contentUrl":"","caption":"All Inclusive Hotels"},"image":{"@id":"https:\/\/www.allinclusivehotels.it\/fr#\/schema\/logo\/image\/"}}]}},"_links":{"self":[{"href":"https:\/\/www.allinclusivehotels.it\/fr\/wp-json\/wp\/v2\/pages\/10254","targetHints":{"allow":["GET"]}}],"collection":[{"href":"https:\/\/www.allinclusivehotels.it\/fr\/wp-json\/wp\/v2\/pages"}],"about":[{"href":"https:\/\/www.allinclusivehotels.it\/fr\/wp-json\/wp\/v2\/types\/page"}],"author":[{"embeddable":true,"href":"https:\/\/www.allinclusivehotels.it\/fr\/wp-json\/wp\/v2\/users\/1"}],"replies":[{"embeddable":true,"href":"https:\/\/www.allinclusivehotels.it\/fr\/wp-json\/wp\/v2\/comments?post=10254"}],"version-history":[{"count":5,"href":"https:\/\/www.allinclusivehotels.it\/fr\/wp-json\/wp\/v2\/pages\/10254\/revisions"}],"predecessor-version":[{"id":20416,"href":"https:\/\/www.allinclusivehotels.it\/fr\/wp-json\/wp\/v2\/pages\/10254\/revisions\/20416"}],"wp:attachment":[{"href":"https:\/\/www.allinclusivehotels.it\/fr\/wp-json\/wp\/v2\/media?parent=10254"}],"curies":[{"name":"wp","href":"https:\/\/api.w.org\/{rel}","templated":true}]}}