{"id":10201,"date":"2022-02-16T14:41:13","date_gmt":"2022-02-16T13:41:13","guid":{"rendered":"https:\/\/www.allinclusivehotels.it\/hotels-2\/imperial-family-beach-hotel"},"modified":"2025-06-23T15:38:45","modified_gmt":"2025-06-23T13:38:45","slug":"una-hotels-imperial-beach-hotel-fano","status":"publish","type":"page","link":"https:\/\/www.allinclusivehotels.it\/fr\/hotels\/una-hotels-imperial-beach-hotel-fano","title":{"rendered":"UNA HOTELS Imperial Beach Hotel Fano"},"content":{"rendered":"\n<p>L\u2019<b>UNA HOTELS Imperial Beach Hotel Fano <\/b>de<b> Marotta <\/b>est votre maison au bord de la mer. La famille Colomboni accueille et bichonne ses clients de tous \u00e2ges avec<b> professionnalisme <\/b>et des <b>services exclusifs depuis 1971\u00a0!<\/b> La structure dispose d\u2019une <b>plage priv\u00e9e<\/b>, o\u00f9 <b>un parasol et deux transats bien espac\u00e9s<\/b> vous attendent, ainsi qu\u2019un joli bar et de nombreuses animations.<\/p>\n\n\n\n<p>Oui, parce que les <b>enfants <\/b>sont bien les <b>invit\u00e9s d\u2019honneurs<\/b> du\/\u00e0 l\u2019UNA HOTELS Imperial Beach Hotel Fano. Notre <b>\u00e9quipe d\u2019animateurs<\/b> et notre <b>mascotte<\/b>, ainsi que toute une gamme de <b>services adapt\u00e9s\u00a0<\/b>s\u2019activeront pour leur plus grand plaisir\u00a0: kit de bienvenue en chambre et en salle, bouillies et baby menus, repas avec l&#8217;\u00e9quipe d&#8217;animation, aires de jeux \u00e0 l\u2019int\u00e9rieur et \u00e0 l\u2019ext\u00e9rieur, ateliers, baby dance et bien plus encore\u00a0!<\/p>\n\n\n\n<!--more-->\n\n\n\n<p>Nous avons \u00e9galement une <b>piscine avec coin hydromassage<\/b>, au c\u0153ur d\u2019un <b>parc de 4 000 m\u00e8tres carr\u00e9s&nbsp;<\/b>: id\u00e9al pour d\u00e9tendre petits et grands. L\u2019<b>exp\u00e9rience \u0153nogastronomique <\/b>que nous vous proposons sera difficile \u00e0 oublier&nbsp;: nos Chefs vous feront d\u00e9couvrir les meilleurs <b>produits \u00e0 0 kilom\u00e8tre<\/b> utilis\u00e9s pour nos recettes traditionnelles, avec de nombreux rendez-vous gourmands avec vue sur la mer. Sans oublier nos <b>desserts faits maison<\/b> et servis tous les jours \u00e0 peine sortis du four&nbsp;!<\/p>\n","protected":false},"excerpt":{"rendered":"<p>L\u2019UNA HOTELS Imperial Beach Hotel Fano de Marotta est votre maison au bord de la &hellip;<\/p>\n","protected":false},"author":1,"featured_media":0,"parent":8241,"menu_order":0,"comment_status":"closed","ping_status":"closed","template":"page-templates\/scheda_hotel.php","meta":{"_acf_changed":false,"footnotes":""},"class_list":["post-10201","page","type-page","status-publish","hentry"],"acf":[],"yoast_head":"<!-- This site is optimized with the Yoast SEO plugin v27.0 - https:\/\/yoast.com\/product\/yoast-seo-wordpress\/ -->\n<title>Offres All Inclusive de l&#039;UNA HOTELS Imperial Beach Hotel Fano \u00e0 Marotta<\/title>\n<meta name=\"description\" content=\"Vacances tout compris en Italie? D\u00e9couvrez les forfaits All Inclusive de l&#039;UNA HOTELS Imperial Beach Hotel Fano \u00e0 Marotta\" \/>\n<meta name=\"robots\" content=\"index, follow, max-snippet:-1, max-image-preview:large, max-video-preview:-1\" \/>\n<link rel=\"canonical\" href=\"https:\/\/www.allinclusivehotels.it\/fr\/hotels\/una-hotels-imperial-beach-hotel-fano\" \/>\n<meta property=\"og:locale\" content=\"fr_FR\" \/>\n<meta property=\"og:type\" content=\"article\" \/>\n<meta property=\"og:title\" content=\"Offres All Inclusive de l&#039;UNA HOTELS Imperial Beach Hotel Fano \u00e0 Marotta\" \/>\n<meta property=\"og:description\" content=\"Vacances tout compris en Italie? D\u00e9couvrez les forfaits All Inclusive de l&#039;UNA HOTELS Imperial Beach Hotel Fano \u00e0 Marotta\" \/>\n<meta property=\"og:url\" content=\"https:\/\/www.allinclusivehotels.it\/fr\/hotels\/una-hotels-imperial-beach-hotel-fano\" \/>\n<meta property=\"og:site_name\" content=\"All Inclusive Hotels\" \/>\n<meta property=\"article:modified_time\" content=\"2025-06-23T13:38:45+00:00\" \/>\n<meta name=\"twitter:card\" content=\"summary_large_image\" \/>\n<meta name=\"twitter:label1\" content=\"Dur\u00e9e de lecture estim\u00e9e\" \/>\n\t<meta name=\"twitter:data1\" content=\"2 minutes\" \/>\n<script type=\"application\/ld+json\" class=\"yoast-schema-graph\">{\"@context\":\"https:\/\/schema.org\",\"@graph\":[{\"@type\":\"WebPage\",\"@id\":\"https:\/\/www.allinclusivehotels.it\/fr\/hotels\/una-hotels-imperial-beach-hotel-fano\",\"url\":\"https:\/\/www.allinclusivehotels.it\/fr\/hotels\/una-hotels-imperial-beach-hotel-fano\",\"name\":\"Offres All Inclusive de l'UNA HOTELS Imperial Beach Hotel Fano \u00e0 Marotta\",\"isPartOf\":{\"@id\":\"https:\/\/www.allinclusivehotels.it\/fr#website\"},\"datePublished\":\"2022-02-16T13:41:13+00:00\",\"dateModified\":\"2025-06-23T13:38:45+00:00\",\"description\":\"Vacances tout compris en Italie? D\u00e9couvrez les forfaits All Inclusive de l'UNA HOTELS Imperial Beach Hotel Fano \u00e0 Marotta\",\"breadcrumb\":{\"@id\":\"https:\/\/www.allinclusivehotels.it\/fr\/hotels\/una-hotels-imperial-beach-hotel-fano#breadcrumb\"},\"inLanguage\":\"fr-FR\",\"potentialAction\":[{\"@type\":\"ReadAction\",\"target\":[\"https:\/\/www.allinclusivehotels.it\/fr\/hotels\/una-hotels-imperial-beach-hotel-fano\"]}]},{\"@type\":\"BreadcrumbList\",\"@id\":\"https:\/\/www.allinclusivehotels.it\/fr\/hotels\/una-hotels-imperial-beach-hotel-fano#breadcrumb\",\"itemListElement\":[{\"@type\":\"ListItem\",\"position\":1,\"name\":\"Home\",\"item\":\"https:\/\/www.allinclusivehotels.it\/fr\"},{\"@type\":\"ListItem\",\"position\":2,\"name\":\"H\u00f4tels\",\"item\":\"https:\/\/www.allinclusivehotels.it\/fr\/hotels\"},{\"@type\":\"ListItem\",\"position\":3,\"name\":\"UNA HOTELS Imperial Beach Hotel Fano\"}]},{\"@type\":\"WebSite\",\"@id\":\"https:\/\/www.allinclusivehotels.it\/fr#website\",\"url\":\"https:\/\/www.allinclusivehotels.it\/fr\",\"name\":\"All Inclusive Hotels\",\"description\":\"\",\"publisher\":{\"@id\":\"https:\/\/www.allinclusivehotels.it\/fr#organization\"},\"potentialAction\":[{\"@type\":\"SearchAction\",\"target\":{\"@type\":\"EntryPoint\",\"urlTemplate\":\"https:\/\/www.allinclusivehotels.it\/fr?s={search_term_string}\"},\"query-input\":{\"@type\":\"PropertyValueSpecification\",\"valueRequired\":true,\"valueName\":\"search_term_string\"}}],\"inLanguage\":\"fr-FR\"},{\"@type\":\"Organization\",\"@id\":\"https:\/\/www.allinclusivehotels.it\/fr#organization\",\"name\":\"All Inclusive Hotels\",\"url\":\"https:\/\/www.allinclusivehotels.it\/fr\",\"logo\":{\"@type\":\"ImageObject\",\"inLanguage\":\"fr-FR\",\"@id\":\"https:\/\/www.allinclusivehotels.it\/fr#\/schema\/logo\/image\/\",\"url\":\"\",\"contentUrl\":\"\",\"caption\":\"All Inclusive Hotels\"},\"image\":{\"@id\":\"https:\/\/www.allinclusivehotels.it\/fr#\/schema\/logo\/image\/\"}}]}<\/script>\n<!-- \/ Yoast SEO plugin. -->","yoast_head_json":{"title":"Offres All Inclusive de l'UNA HOTELS Imperial Beach Hotel Fano \u00e0 Marotta","description":"Vacances tout compris en Italie? D\u00e9couvrez les forfaits All Inclusive de l'UNA HOTELS Imperial Beach Hotel Fano \u00e0 Marotta","robots":{"index":"index","follow":"follow","max-snippet":"max-snippet:-1","max-image-preview":"max-image-preview:large","max-video-preview":"max-video-preview:-1"},"canonical":"https:\/\/www.allinclusivehotels.it\/fr\/hotels\/una-hotels-imperial-beach-hotel-fano","og_locale":"fr_FR","og_type":"article","og_title":"Offres All Inclusive de l'UNA HOTELS Imperial Beach Hotel Fano \u00e0 Marotta","og_description":"Vacances tout compris en Italie? D\u00e9couvrez les forfaits All Inclusive de l'UNA HOTELS Imperial Beach Hotel Fano \u00e0 Marotta","og_url":"https:\/\/www.allinclusivehotels.it\/fr\/hotels\/una-hotels-imperial-beach-hotel-fano","og_site_name":"All Inclusive Hotels","article_modified_time":"2025-06-23T13:38:45+00:00","twitter_card":"summary_large_image","twitter_misc":{"Dur\u00e9e de lecture estim\u00e9e":"2 minutes"},"schema":{"@context":"https:\/\/schema.org","@graph":[{"@type":"WebPage","@id":"https:\/\/www.allinclusivehotels.it\/fr\/hotels\/una-hotels-imperial-beach-hotel-fano","url":"https:\/\/www.allinclusivehotels.it\/fr\/hotels\/una-hotels-imperial-beach-hotel-fano","name":"Offres All Inclusive de l'UNA HOTELS Imperial Beach Hotel Fano \u00e0 Marotta","isPartOf":{"@id":"https:\/\/www.allinclusivehotels.it\/fr#website"},"datePublished":"2022-02-16T13:41:13+00:00","dateModified":"2025-06-23T13:38:45+00:00","description":"Vacances tout compris en Italie? D\u00e9couvrez les forfaits All Inclusive de l'UNA HOTELS Imperial Beach Hotel Fano \u00e0 Marotta","breadcrumb":{"@id":"https:\/\/www.allinclusivehotels.it\/fr\/hotels\/una-hotels-imperial-beach-hotel-fano#breadcrumb"},"inLanguage":"fr-FR","potentialAction":[{"@type":"ReadAction","target":["https:\/\/www.allinclusivehotels.it\/fr\/hotels\/una-hotels-imperial-beach-hotel-fano"]}]},{"@type":"BreadcrumbList","@id":"https:\/\/www.allinclusivehotels.it\/fr\/hotels\/una-hotels-imperial-beach-hotel-fano#breadcrumb","itemListElement":[{"@type":"ListItem","position":1,"name":"Home","item":"https:\/\/www.allinclusivehotels.it\/fr"},{"@type":"ListItem","position":2,"name":"H\u00f4tels","item":"https:\/\/www.allinclusivehotels.it\/fr\/hotels"},{"@type":"ListItem","position":3,"name":"UNA HOTELS Imperial Beach Hotel Fano"}]},{"@type":"WebSite","@id":"https:\/\/www.allinclusivehotels.it\/fr#website","url":"https:\/\/www.allinclusivehotels.it\/fr","name":"All Inclusive Hotels","description":"","publisher":{"@id":"https:\/\/www.allinclusivehotels.it\/fr#organization"},"potentialAction":[{"@type":"SearchAction","target":{"@type":"EntryPoint","urlTemplate":"https:\/\/www.allinclusivehotels.it\/fr?s={search_term_string}"},"query-input":{"@type":"PropertyValueSpecification","valueRequired":true,"valueName":"search_term_string"}}],"inLanguage":"fr-FR"},{"@type":"Organization","@id":"https:\/\/www.allinclusivehotels.it\/fr#organization","name":"All Inclusive Hotels","url":"https:\/\/www.allinclusivehotels.it\/fr","logo":{"@type":"ImageObject","inLanguage":"fr-FR","@id":"https:\/\/www.allinclusivehotels.it\/fr#\/schema\/logo\/image\/","url":"","contentUrl":"","caption":"All Inclusive Hotels"},"image":{"@id":"https:\/\/www.allinclusivehotels.it\/fr#\/schema\/logo\/image\/"}}]}},"_links":{"self":[{"href":"https:\/\/www.allinclusivehotels.it\/fr\/wp-json\/wp\/v2\/pages\/10201","targetHints":{"allow":["GET"]}}],"collection":[{"href":"https:\/\/www.allinclusivehotels.it\/fr\/wp-json\/wp\/v2\/pages"}],"about":[{"href":"https:\/\/www.allinclusivehotels.it\/fr\/wp-json\/wp\/v2\/types\/page"}],"author":[{"embeddable":true,"href":"https:\/\/www.allinclusivehotels.it\/fr\/wp-json\/wp\/v2\/users\/1"}],"replies":[{"embeddable":true,"href":"https:\/\/www.allinclusivehotels.it\/fr\/wp-json\/wp\/v2\/comments?post=10201"}],"version-history":[{"count":10,"href":"https:\/\/www.allinclusivehotels.it\/fr\/wp-json\/wp\/v2\/pages\/10201\/revisions"}],"predecessor-version":[{"id":46232,"href":"https:\/\/www.allinclusivehotels.it\/fr\/wp-json\/wp\/v2\/pages\/10201\/revisions\/46232"}],"up":[{"embeddable":true,"href":"https:\/\/www.allinclusivehotels.it\/fr\/wp-json\/wp\/v2\/pages\/8241"}],"wp:attachment":[{"href":"https:\/\/www.allinclusivehotels.it\/fr\/wp-json\/wp\/v2\/media?parent=10201"}],"curies":[{"name":"wp","href":"https:\/\/api.w.org\/{rel}","templated":true}]}}