{"id":10199,"date":"2022-02-16T14:41:12","date_gmt":"2022-02-16T13:41:12","guid":{"rendered":"https:\/\/www.allinclusivehotels.it\/destinations\/lido-di-camaiore"},"modified":"2022-05-26T11:19:03","modified_gmt":"2022-05-26T09:19:03","slug":"lido-di-camaiore","status":"publish","type":"page","link":"https:\/\/www.allinclusivehotels.it\/fr\/destinations\/lido-di-camaiore","title":{"rendered":"Lido di Camaiore"},"content":{"rendered":"\n<p>Nel <strong>cuore della Versilia<\/strong>, tra Marina di Pietrasanta e Viareggio c\u2019\u00e8 Lido di Camaiore, affacciata sul Mar Tirreno con una lunga spiaggia dorata di sabbia finissima, con le Alpi Apuane alle spalle. Lo scenario mare e monti ci racconta la peculiarit\u00e0 di questo territorio, dove \u00e8 possibile trascorre <strong>giornate distesi al sole<\/strong>, ma anche immersi nella <strong>natura dell\u2019entroterra<\/strong>.<\/p>\n\n<p>Vicina ad alcune delle pi\u00f9 belle citt\u00e0 d\u2019arte d\u2019Italia come <strong>Lucca<\/strong>, <strong>Pisa<\/strong> e <strong>Firenze<\/strong>, \u00e8 meta perfetta per le famiglie con bambini ma anche per coloro che amano lo sport. La Versilia \u00e8 infatti un paradiso per gli appassionati di bicicletta, grazie al lungomare su cui fare lunghe pedalate, colline con dolci pendii e, per i pi\u00f9 temerari, le Alpi Apuane.<\/p>\n","protected":false},"excerpt":{"rendered":"<p>Nel cuore della Versilia, tra Marina di Pietrasanta e Viareggio c\u2019\u00e8 Lido di Camaiore, affacciata &hellip;<\/p>\n","protected":false},"author":1,"featured_media":0,"parent":8167,"menu_order":0,"comment_status":"closed","ping_status":"closed","template":"page-templates\/destinazione.php","meta":{"_acf_changed":false,"footnotes":""},"class_list":["post-10199","page","type-page","status-publish","hentry"],"acf":[],"yoast_head":"<!-- This site is optimized with the Yoast SEO plugin v27.0 - https:\/\/yoast.com\/product\/yoast-seo-wordpress\/ -->\n<title>H\u00f4tel All Inclusive Lido di Camaiore | Offres H\u00f4tel 3 \u00e9toiles pour les familles<\/title>\n<meta name=\"description\" content=\"Vous cherchez un H\u00f4tel All Inclusive \u00e0 Lido di Camaiore? D\u00e9couvrez les meilleurs H\u00f4tels avec offres tout compris!\" \/>\n<meta name=\"robots\" content=\"index, follow, max-snippet:-1, max-image-preview:large, max-video-preview:-1\" \/>\n<link rel=\"canonical\" href=\"https:\/\/www.allinclusivehotels.it\/fr\/destinations\/lido-di-camaiore\" \/>\n<meta property=\"og:locale\" content=\"fr_FR\" \/>\n<meta property=\"og:type\" content=\"article\" \/>\n<meta property=\"og:title\" content=\"H\u00f4tel All Inclusive Lido di Camaiore | Offres H\u00f4tel 3 \u00e9toiles pour les familles\" \/>\n<meta property=\"og:description\" content=\"Vous cherchez un H\u00f4tel All Inclusive \u00e0 Lido di Camaiore? D\u00e9couvrez les meilleurs H\u00f4tels avec offres tout compris!\" \/>\n<meta property=\"og:url\" content=\"https:\/\/www.allinclusivehotels.it\/fr\/destinations\/lido-di-camaiore\" \/>\n<meta property=\"og:site_name\" content=\"All Inclusive Hotels\" \/>\n<meta property=\"article:modified_time\" content=\"2022-05-26T09:19:03+00:00\" \/>\n<meta name=\"twitter:card\" content=\"summary_large_image\" \/>\n<meta name=\"twitter:label1\" content=\"Dur\u00e9e de lecture estim\u00e9e\" \/>\n\t<meta name=\"twitter:data1\" content=\"1 minute\" \/>\n<script type=\"application\/ld+json\" class=\"yoast-schema-graph\">{\"@context\":\"https:\/\/schema.org\",\"@graph\":[{\"@type\":\"WebPage\",\"@id\":\"https:\/\/www.allinclusivehotels.it\/fr\/destinations\/lido-di-camaiore\",\"url\":\"https:\/\/www.allinclusivehotels.it\/fr\/destinations\/lido-di-camaiore\",\"name\":\"H\u00f4tel All Inclusive Lido di Camaiore | Offres H\u00f4tel 3 \u00e9toiles pour les familles\",\"isPartOf\":{\"@id\":\"https:\/\/www.allinclusivehotels.it\/fr#website\"},\"datePublished\":\"2022-02-16T13:41:12+00:00\",\"dateModified\":\"2022-05-26T09:19:03+00:00\",\"description\":\"Vous cherchez un H\u00f4tel All Inclusive \u00e0 Lido di Camaiore? D\u00e9couvrez les meilleurs H\u00f4tels avec offres tout compris!\",\"breadcrumb\":{\"@id\":\"https:\/\/www.allinclusivehotels.it\/fr\/destinations\/lido-di-camaiore#breadcrumb\"},\"inLanguage\":\"fr-FR\",\"potentialAction\":[{\"@type\":\"ReadAction\",\"target\":[\"https:\/\/www.allinclusivehotels.it\/fr\/destinations\/lido-di-camaiore\"]}]},{\"@type\":\"BreadcrumbList\",\"@id\":\"https:\/\/www.allinclusivehotels.it\/fr\/destinations\/lido-di-camaiore#breadcrumb\",\"itemListElement\":[{\"@type\":\"ListItem\",\"position\":1,\"name\":\"Home\",\"item\":\"https:\/\/www.allinclusivehotels.it\/fr\"},{\"@type\":\"ListItem\",\"position\":2,\"name\":\"Destinations\",\"item\":\"https:\/\/www.allinclusivehotels.it\/fr\/destinations\"},{\"@type\":\"ListItem\",\"position\":3,\"name\":\"Lido di Camaiore\"}]},{\"@type\":\"WebSite\",\"@id\":\"https:\/\/www.allinclusivehotels.it\/fr#website\",\"url\":\"https:\/\/www.allinclusivehotels.it\/fr\",\"name\":\"All Inclusive Hotels\",\"description\":\"\",\"publisher\":{\"@id\":\"https:\/\/www.allinclusivehotels.it\/fr#organization\"},\"potentialAction\":[{\"@type\":\"SearchAction\",\"target\":{\"@type\":\"EntryPoint\",\"urlTemplate\":\"https:\/\/www.allinclusivehotels.it\/fr?s={search_term_string}\"},\"query-input\":{\"@type\":\"PropertyValueSpecification\",\"valueRequired\":true,\"valueName\":\"search_term_string\"}}],\"inLanguage\":\"fr-FR\"},{\"@type\":\"Organization\",\"@id\":\"https:\/\/www.allinclusivehotels.it\/fr#organization\",\"name\":\"All Inclusive Hotels\",\"url\":\"https:\/\/www.allinclusivehotels.it\/fr\",\"logo\":{\"@type\":\"ImageObject\",\"inLanguage\":\"fr-FR\",\"@id\":\"https:\/\/www.allinclusivehotels.it\/fr#\/schema\/logo\/image\/\",\"url\":\"\",\"contentUrl\":\"\",\"caption\":\"All Inclusive Hotels\"},\"image\":{\"@id\":\"https:\/\/www.allinclusivehotels.it\/fr#\/schema\/logo\/image\/\"}}]}<\/script>\n<!-- \/ Yoast SEO plugin. -->","yoast_head_json":{"title":"H\u00f4tel All Inclusive Lido di Camaiore | Offres H\u00f4tel 3 \u00e9toiles pour les familles","description":"Vous cherchez un H\u00f4tel All Inclusive \u00e0 Lido di Camaiore? D\u00e9couvrez les meilleurs H\u00f4tels avec offres tout compris!","robots":{"index":"index","follow":"follow","max-snippet":"max-snippet:-1","max-image-preview":"max-image-preview:large","max-video-preview":"max-video-preview:-1"},"canonical":"https:\/\/www.allinclusivehotels.it\/fr\/destinations\/lido-di-camaiore","og_locale":"fr_FR","og_type":"article","og_title":"H\u00f4tel All Inclusive Lido di Camaiore | Offres H\u00f4tel 3 \u00e9toiles pour les familles","og_description":"Vous cherchez un H\u00f4tel All Inclusive \u00e0 Lido di Camaiore? D\u00e9couvrez les meilleurs H\u00f4tels avec offres tout compris!","og_url":"https:\/\/www.allinclusivehotels.it\/fr\/destinations\/lido-di-camaiore","og_site_name":"All Inclusive Hotels","article_modified_time":"2022-05-26T09:19:03+00:00","twitter_card":"summary_large_image","twitter_misc":{"Dur\u00e9e de lecture estim\u00e9e":"1 minute"},"schema":{"@context":"https:\/\/schema.org","@graph":[{"@type":"WebPage","@id":"https:\/\/www.allinclusivehotels.it\/fr\/destinations\/lido-di-camaiore","url":"https:\/\/www.allinclusivehotels.it\/fr\/destinations\/lido-di-camaiore","name":"H\u00f4tel All Inclusive Lido di Camaiore | Offres H\u00f4tel 3 \u00e9toiles pour les familles","isPartOf":{"@id":"https:\/\/www.allinclusivehotels.it\/fr#website"},"datePublished":"2022-02-16T13:41:12+00:00","dateModified":"2022-05-26T09:19:03+00:00","description":"Vous cherchez un H\u00f4tel All Inclusive \u00e0 Lido di Camaiore? D\u00e9couvrez les meilleurs H\u00f4tels avec offres tout compris!","breadcrumb":{"@id":"https:\/\/www.allinclusivehotels.it\/fr\/destinations\/lido-di-camaiore#breadcrumb"},"inLanguage":"fr-FR","potentialAction":[{"@type":"ReadAction","target":["https:\/\/www.allinclusivehotels.it\/fr\/destinations\/lido-di-camaiore"]}]},{"@type":"BreadcrumbList","@id":"https:\/\/www.allinclusivehotels.it\/fr\/destinations\/lido-di-camaiore#breadcrumb","itemListElement":[{"@type":"ListItem","position":1,"name":"Home","item":"https:\/\/www.allinclusivehotels.it\/fr"},{"@type":"ListItem","position":2,"name":"Destinations","item":"https:\/\/www.allinclusivehotels.it\/fr\/destinations"},{"@type":"ListItem","position":3,"name":"Lido di Camaiore"}]},{"@type":"WebSite","@id":"https:\/\/www.allinclusivehotels.it\/fr#website","url":"https:\/\/www.allinclusivehotels.it\/fr","name":"All Inclusive Hotels","description":"","publisher":{"@id":"https:\/\/www.allinclusivehotels.it\/fr#organization"},"potentialAction":[{"@type":"SearchAction","target":{"@type":"EntryPoint","urlTemplate":"https:\/\/www.allinclusivehotels.it\/fr?s={search_term_string}"},"query-input":{"@type":"PropertyValueSpecification","valueRequired":true,"valueName":"search_term_string"}}],"inLanguage":"fr-FR"},{"@type":"Organization","@id":"https:\/\/www.allinclusivehotels.it\/fr#organization","name":"All Inclusive Hotels","url":"https:\/\/www.allinclusivehotels.it\/fr","logo":{"@type":"ImageObject","inLanguage":"fr-FR","@id":"https:\/\/www.allinclusivehotels.it\/fr#\/schema\/logo\/image\/","url":"","contentUrl":"","caption":"All Inclusive Hotels"},"image":{"@id":"https:\/\/www.allinclusivehotels.it\/fr#\/schema\/logo\/image\/"}}]}},"_links":{"self":[{"href":"https:\/\/www.allinclusivehotels.it\/fr\/wp-json\/wp\/v2\/pages\/10199","targetHints":{"allow":["GET"]}}],"collection":[{"href":"https:\/\/www.allinclusivehotels.it\/fr\/wp-json\/wp\/v2\/pages"}],"about":[{"href":"https:\/\/www.allinclusivehotels.it\/fr\/wp-json\/wp\/v2\/types\/page"}],"author":[{"embeddable":true,"href":"https:\/\/www.allinclusivehotels.it\/fr\/wp-json\/wp\/v2\/users\/1"}],"replies":[{"embeddable":true,"href":"https:\/\/www.allinclusivehotels.it\/fr\/wp-json\/wp\/v2\/comments?post=10199"}],"version-history":[{"count":4,"href":"https:\/\/www.allinclusivehotels.it\/fr\/wp-json\/wp\/v2\/pages\/10199\/revisions"}],"predecessor-version":[{"id":20329,"href":"https:\/\/www.allinclusivehotels.it\/fr\/wp-json\/wp\/v2\/pages\/10199\/revisions\/20329"}],"up":[{"embeddable":true,"href":"https:\/\/www.allinclusivehotels.it\/fr\/wp-json\/wp\/v2\/pages\/8167"}],"wp:attachment":[{"href":"https:\/\/www.allinclusivehotels.it\/fr\/wp-json\/wp\/v2\/media?parent=10199"}],"curies":[{"name":"wp","href":"https:\/\/api.w.org\/{rel}","templated":true}]}}