{"id":10128,"date":"2022-02-16T14:41:07","date_gmt":"2022-02-16T13:41:07","guid":{"rendered":"https:\/\/www.allinclusivehotels.it\/hotels-2\/hotel-astoria"},"modified":"2022-08-09T10:32:07","modified_gmt":"2022-08-09T08:32:07","slug":"hotel-astoria","status":"publish","type":"page","link":"https:\/\/www.allinclusivehotels.it\/fr\/hotels\/hotel-astoria","title":{"rendered":"Hotel Astoria"},"content":{"rendered":"\n<p>L&#8217;<b>Hotel Astoria <\/b>de<b> Cattolica <\/b>se trouve sur une <b>plage priv\u00e9e<\/b> o\u00f9 <b>un parasol et deux transats <\/b>vous sont r\u00e9serv\u00e9s. L&#8217;h\u00f4tel dispose de <b>deux piscines chauff\u00e9es <\/b>avec jacuzzi. Les <b>aires de jeux<\/b> feront le bonheur de vos enfants qui pourront aussi participer \u00e0 des  <strong>animations<\/strong>. Si l&#8217;envie vous prend de manger les pieds dans le sable, vous pouvez demander \u00e0 notre personnel de vous pr\u00e9parer un <strong>pique-nique<\/strong>.<\/p>\n\n\n\n<p>L&#8217;h\u00f4tel dispose d\u2019une <b>agr\u00e9able<\/b> <b>terrasse o\u00f9 prendre le petit-d\u00e9jeuner<\/b> et d&#8217;un <b>jardin<\/b>. Des <b>animations sont organis\u00e9es midi et soir pendant les repas<\/b> des enfants. Si vous avez des enfants en bas \u00e2ge, vous trouverez des \u00e9quipements pour b\u00e9b\u00e9s en chambre. Un coin cuisine pour pr\u00e9parer leurs repas et des poussettes seront aussi \u00e0 votre disposition.<\/p>\n\n\n\n<!--more-->\n\n\n\n<p>Commencez vos journ\u00e9es de mani\u00e8re gourmande avec un <b>petit-d\u00e9jeuner copieux servi de 7h30 \u00e0 10h<\/b> : p\u00e2tisseries faites maison, charcuterie, \u0153ufs, fromages, sandwichs&#8230; De nombreuses options s&#8217;offrent aussi \u00e0 celles et ceux qui veulent surveiller leur ligne m\u00eame pendant les vacances. Au d\u00e9jeuner comme au d\u00eener, notre cuisine propose des <b>plats m\u00e9diterran\u00e9ens<\/b>, de savoureuses entr\u00e9es, 3 menus de viandes et de poissons, et d&#8217;incontournables desserts pr\u00e9par\u00e9s par notre p\u00e2tissier. Des soir\u00e9es traditionnelles romagnoles et un barbecue de poisson sont organis\u00e9s toutes les semaines dans le jardin. Situ\u00e9 <strong>au c\u0153ur de la zone pi\u00e9tonne<\/strong>, l&#8217;\u00e9tablissement est le point de d\u00e9part id\u00e9al pour une promenade nocturne. L&#8217;<b>Hotel Astoria vous garantit une tranquillit\u00e9 absolue<\/b>.<\/p>\n","protected":false},"excerpt":{"rendered":"<p>L&#8217;Hotel Astoria de Cattolica se trouve sur une plage priv\u00e9e o\u00f9 un parasol et deux &hellip;<\/p>\n","protected":false},"author":1,"featured_media":0,"parent":8241,"menu_order":0,"comment_status":"closed","ping_status":"closed","template":"page-templates\/scheda_hotel.php","meta":{"_acf_changed":false,"footnotes":""},"class_list":["post-10128","page","type-page","status-publish","hentry"],"acf":[],"yoast_head":"<!-- This site is optimized with the Yoast SEO plugin v27.0 - https:\/\/yoast.com\/product\/yoast-seo-wordpress\/ -->\n<title>Offres All Inclusive de l&#039;H\u00f4tel Astoria \u00e0 Cattolica<\/title>\n<meta name=\"description\" content=\"Vacances tout compris en Italie? D\u00e9couvrez les forfaits All Inclusive de l&#039;H\u00f4tel Astoria \u00e0 Cattolica sur la c\u00f4te Adriatique !\" \/>\n<meta name=\"robots\" content=\"index, follow, max-snippet:-1, max-image-preview:large, max-video-preview:-1\" \/>\n<link rel=\"canonical\" href=\"https:\/\/www.allinclusivehotels.it\/fr\/hotels\/hotel-astoria\" \/>\n<meta property=\"og:locale\" content=\"fr_FR\" \/>\n<meta property=\"og:type\" content=\"article\" \/>\n<meta property=\"og:title\" content=\"Offres All Inclusive de l&#039;H\u00f4tel Astoria \u00e0 Cattolica\" \/>\n<meta property=\"og:description\" content=\"Vacances tout compris en Italie? D\u00e9couvrez les forfaits All Inclusive de l&#039;H\u00f4tel Astoria \u00e0 Cattolica sur la c\u00f4te Adriatique !\" \/>\n<meta property=\"og:url\" content=\"https:\/\/www.allinclusivehotels.it\/fr\/hotels\/hotel-astoria\" \/>\n<meta property=\"og:site_name\" content=\"All Inclusive Hotels\" \/>\n<meta property=\"article:modified_time\" content=\"2022-08-09T08:32:07+00:00\" \/>\n<meta name=\"twitter:card\" content=\"summary_large_image\" \/>\n<meta name=\"twitter:label1\" content=\"Dur\u00e9e de lecture estim\u00e9e\" \/>\n\t<meta name=\"twitter:data1\" content=\"2 minutes\" \/>\n<script type=\"application\/ld+json\" class=\"yoast-schema-graph\">{\"@context\":\"https:\/\/schema.org\",\"@graph\":[{\"@type\":\"WebPage\",\"@id\":\"https:\/\/www.allinclusivehotels.it\/fr\/hotels\/hotel-astoria\",\"url\":\"https:\/\/www.allinclusivehotels.it\/fr\/hotels\/hotel-astoria\",\"name\":\"Offres All Inclusive de l'H\u00f4tel Astoria \u00e0 Cattolica\",\"isPartOf\":{\"@id\":\"https:\/\/www.allinclusivehotels.it\/fr#website\"},\"datePublished\":\"2022-02-16T13:41:07+00:00\",\"dateModified\":\"2022-08-09T08:32:07+00:00\",\"description\":\"Vacances tout compris en Italie? D\u00e9couvrez les forfaits All Inclusive de l'H\u00f4tel Astoria \u00e0 Cattolica sur la c\u00f4te Adriatique !\",\"breadcrumb\":{\"@id\":\"https:\/\/www.allinclusivehotels.it\/fr\/hotels\/hotel-astoria#breadcrumb\"},\"inLanguage\":\"fr-FR\",\"potentialAction\":[{\"@type\":\"ReadAction\",\"target\":[\"https:\/\/www.allinclusivehotels.it\/fr\/hotels\/hotel-astoria\"]}]},{\"@type\":\"BreadcrumbList\",\"@id\":\"https:\/\/www.allinclusivehotels.it\/fr\/hotels\/hotel-astoria#breadcrumb\",\"itemListElement\":[{\"@type\":\"ListItem\",\"position\":1,\"name\":\"Home\",\"item\":\"https:\/\/www.allinclusivehotels.it\/fr\"},{\"@type\":\"ListItem\",\"position\":2,\"name\":\"H\u00f4tels\",\"item\":\"https:\/\/www.allinclusivehotels.it\/fr\/hotels\"},{\"@type\":\"ListItem\",\"position\":3,\"name\":\"Hotel Astoria\"}]},{\"@type\":\"WebSite\",\"@id\":\"https:\/\/www.allinclusivehotels.it\/fr#website\",\"url\":\"https:\/\/www.allinclusivehotels.it\/fr\",\"name\":\"All Inclusive Hotels\",\"description\":\"\",\"publisher\":{\"@id\":\"https:\/\/www.allinclusivehotels.it\/fr#organization\"},\"potentialAction\":[{\"@type\":\"SearchAction\",\"target\":{\"@type\":\"EntryPoint\",\"urlTemplate\":\"https:\/\/www.allinclusivehotels.it\/fr?s={search_term_string}\"},\"query-input\":{\"@type\":\"PropertyValueSpecification\",\"valueRequired\":true,\"valueName\":\"search_term_string\"}}],\"inLanguage\":\"fr-FR\"},{\"@type\":\"Organization\",\"@id\":\"https:\/\/www.allinclusivehotels.it\/fr#organization\",\"name\":\"All Inclusive Hotels\",\"url\":\"https:\/\/www.allinclusivehotels.it\/fr\",\"logo\":{\"@type\":\"ImageObject\",\"inLanguage\":\"fr-FR\",\"@id\":\"https:\/\/www.allinclusivehotels.it\/fr#\/schema\/logo\/image\/\",\"url\":\"\",\"contentUrl\":\"\",\"caption\":\"All Inclusive Hotels\"},\"image\":{\"@id\":\"https:\/\/www.allinclusivehotels.it\/fr#\/schema\/logo\/image\/\"}}]}<\/script>\n<!-- \/ Yoast SEO plugin. -->","yoast_head_json":{"title":"Offres All Inclusive de l'H\u00f4tel Astoria \u00e0 Cattolica","description":"Vacances tout compris en Italie? D\u00e9couvrez les forfaits All Inclusive de l'H\u00f4tel Astoria \u00e0 Cattolica sur la c\u00f4te Adriatique !","robots":{"index":"index","follow":"follow","max-snippet":"max-snippet:-1","max-image-preview":"max-image-preview:large","max-video-preview":"max-video-preview:-1"},"canonical":"https:\/\/www.allinclusivehotels.it\/fr\/hotels\/hotel-astoria","og_locale":"fr_FR","og_type":"article","og_title":"Offres All Inclusive de l'H\u00f4tel Astoria \u00e0 Cattolica","og_description":"Vacances tout compris en Italie? D\u00e9couvrez les forfaits All Inclusive de l'H\u00f4tel Astoria \u00e0 Cattolica sur la c\u00f4te Adriatique !","og_url":"https:\/\/www.allinclusivehotels.it\/fr\/hotels\/hotel-astoria","og_site_name":"All Inclusive Hotels","article_modified_time":"2022-08-09T08:32:07+00:00","twitter_card":"summary_large_image","twitter_misc":{"Dur\u00e9e de lecture estim\u00e9e":"2 minutes"},"schema":{"@context":"https:\/\/schema.org","@graph":[{"@type":"WebPage","@id":"https:\/\/www.allinclusivehotels.it\/fr\/hotels\/hotel-astoria","url":"https:\/\/www.allinclusivehotels.it\/fr\/hotels\/hotel-astoria","name":"Offres All Inclusive de l'H\u00f4tel Astoria \u00e0 Cattolica","isPartOf":{"@id":"https:\/\/www.allinclusivehotels.it\/fr#website"},"datePublished":"2022-02-16T13:41:07+00:00","dateModified":"2022-08-09T08:32:07+00:00","description":"Vacances tout compris en Italie? D\u00e9couvrez les forfaits All Inclusive de l'H\u00f4tel Astoria \u00e0 Cattolica sur la c\u00f4te Adriatique !","breadcrumb":{"@id":"https:\/\/www.allinclusivehotels.it\/fr\/hotels\/hotel-astoria#breadcrumb"},"inLanguage":"fr-FR","potentialAction":[{"@type":"ReadAction","target":["https:\/\/www.allinclusivehotels.it\/fr\/hotels\/hotel-astoria"]}]},{"@type":"BreadcrumbList","@id":"https:\/\/www.allinclusivehotels.it\/fr\/hotels\/hotel-astoria#breadcrumb","itemListElement":[{"@type":"ListItem","position":1,"name":"Home","item":"https:\/\/www.allinclusivehotels.it\/fr"},{"@type":"ListItem","position":2,"name":"H\u00f4tels","item":"https:\/\/www.allinclusivehotels.it\/fr\/hotels"},{"@type":"ListItem","position":3,"name":"Hotel Astoria"}]},{"@type":"WebSite","@id":"https:\/\/www.allinclusivehotels.it\/fr#website","url":"https:\/\/www.allinclusivehotels.it\/fr","name":"All Inclusive Hotels","description":"","publisher":{"@id":"https:\/\/www.allinclusivehotels.it\/fr#organization"},"potentialAction":[{"@type":"SearchAction","target":{"@type":"EntryPoint","urlTemplate":"https:\/\/www.allinclusivehotels.it\/fr?s={search_term_string}"},"query-input":{"@type":"PropertyValueSpecification","valueRequired":true,"valueName":"search_term_string"}}],"inLanguage":"fr-FR"},{"@type":"Organization","@id":"https:\/\/www.allinclusivehotels.it\/fr#organization","name":"All Inclusive Hotels","url":"https:\/\/www.allinclusivehotels.it\/fr","logo":{"@type":"ImageObject","inLanguage":"fr-FR","@id":"https:\/\/www.allinclusivehotels.it\/fr#\/schema\/logo\/image\/","url":"","contentUrl":"","caption":"All Inclusive Hotels"},"image":{"@id":"https:\/\/www.allinclusivehotels.it\/fr#\/schema\/logo\/image\/"}}]}},"_links":{"self":[{"href":"https:\/\/www.allinclusivehotels.it\/fr\/wp-json\/wp\/v2\/pages\/10128","targetHints":{"allow":["GET"]}}],"collection":[{"href":"https:\/\/www.allinclusivehotels.it\/fr\/wp-json\/wp\/v2\/pages"}],"about":[{"href":"https:\/\/www.allinclusivehotels.it\/fr\/wp-json\/wp\/v2\/types\/page"}],"author":[{"embeddable":true,"href":"https:\/\/www.allinclusivehotels.it\/fr\/wp-json\/wp\/v2\/users\/1"}],"replies":[{"embeddable":true,"href":"https:\/\/www.allinclusivehotels.it\/fr\/wp-json\/wp\/v2\/comments?post=10128"}],"version-history":[{"count":11,"href":"https:\/\/www.allinclusivehotels.it\/fr\/wp-json\/wp\/v2\/pages\/10128\/revisions"}],"predecessor-version":[{"id":22703,"href":"https:\/\/www.allinclusivehotels.it\/fr\/wp-json\/wp\/v2\/pages\/10128\/revisions\/22703"}],"up":[{"embeddable":true,"href":"https:\/\/www.allinclusivehotels.it\/fr\/wp-json\/wp\/v2\/pages\/8241"}],"wp:attachment":[{"href":"https:\/\/www.allinclusivehotels.it\/fr\/wp-json\/wp\/v2\/media?parent=10128"}],"curies":[{"name":"wp","href":"https:\/\/api.w.org\/{rel}","templated":true}]}}