{"id":10053,"date":"2022-02-16T14:41:02","date_gmt":"2022-02-16T13:41:02","guid":{"rendered":"https:\/\/www.allinclusivehotels.it\/hotels-2\/color-ermitage"},"modified":"2025-03-13T14:51:31","modified_gmt":"2025-03-13T13:51:31","slug":"color-ermitage","status":"publish","type":"page","link":"https:\/\/www.allinclusivehotels.it\/fr\/hotels\/color-ermitage","title":{"rendered":"Color Ermitage"},"content":{"rendered":"\n<p>Le <b>Color Ermitage Beach Family Hotel <\/b>de Bellaria-Igea Marina <strong>donne directement<\/strong> <b>sur la mer\u00a0! <\/b>Vous pourrez y profiter d&#8217;une <b>plage priv\u00e9e<\/b> sur laquelle <b>un parasol et deux transats vous seront r\u00e9serv\u00e9s. Des animations <\/b>sont r\u00e9guli\u00e8rement organis\u00e9es pour vos enfants, et plusieurs espaces d\u00e9tente sont \u00e9galement \u00e0 votre disposition. Dans le jardin de l&#8217;h\u00f4tel vous trouverez aussi un <b>solarium<\/b>, et <strong>deux piscines<\/strong> :<b> une piscine de 18 m\u00e8tres<\/b><strong> avec une eau \u00e0 24\u00b0C<\/strong>, et une piscine chauff\u00e9e flambant neuve avec jeux aquatiques pour les petits, la <strong>Coco Kids Pool<\/strong> (70 cm de profondeur).<\/p>\n\n\n\n<p>Si vous voyagez en famille, vous appr\u00e9cierez les <b>animations <\/b>et <b>spectacles<\/b> organis\u00e9s, les<b> menus enfants<\/b> et le <b>coin cuisine<\/b> toujours op\u00e9rationnel pour les parents qui souhaitent pr\u00e9parer le repas de leurs b\u00e9b\u00e9s. Les animateurs pourront s&#8217;occuper de vos enfants pendant votre repas, et de nombreux <b>services <\/b>vous seront propos\u00e9s en salle comme en chambre. Vos enfants pourront se r\u00e9galer avec les <b>go\u00fbters<\/b> <b>gourmands <\/b>du Corner Easy Food et profiter de <b>Mini Cocoland<\/b>, l&#8217;espace de jeux qui leur est r\u00e9serv\u00e9. Les plus grands pourront eux s&#8217;amuser au <b>Junior Cocoland<\/b>.<\/p>\n\n\n\n<!--more-->\n\n\n\n<p>Commencez la journ\u00e9e de mani\u00e8re gourmande en profitant d&#8217;un <b>g\u00e9n\u00e9reux buffet avec vue sur la mer<\/b>. Le d\u00e9jeuner et le d\u00eener vous seront servis dans une <b>cuisine ouverte<\/b> pour vous permettre d\u2019admirer la fa\u00e7on dont nous revisitons les meilleures recettes romagnoles et les plats embl\u00e9matiques de la gastronomie italienne. Au<b> Color Grill Corner <\/b>vous pourrez d\u00e9guster tous les jours des grillades de viande et de poisson. Notre<b> pizzeria <\/b>est \u00e9galement ouverte midi et soir. Gr\u00e2ce \u00e0 la formule <b>All Inclusive Food, Drink et Animation<\/b>, <b>boissons \u00e0 la pression, ap\u00e9ritifs et caf\u00e9t\u00e9ria vous seront accessibles sans restriction 24h\/24<\/b>, \u00e0 l\u2019h\u00f4tel comme \u00e0 la piscine.<\/p>\n","protected":false},"excerpt":{"rendered":"<p>Le Color Ermitage Beach Family Hotel de Bellaria-Igea Marina donne directement sur la mer\u00a0! Vous &hellip;<\/p>\n","protected":false},"author":1,"featured_media":0,"parent":8241,"menu_order":0,"comment_status":"closed","ping_status":"closed","template":"page-templates\/scheda_hotel.php","meta":{"_acf_changed":false,"footnotes":""},"class_list":["post-10053","page","type-page","status-publish","hentry"],"acf":[],"yoast_head":"<!-- This site is optimized with the Yoast SEO plugin v27.0 - https:\/\/yoast.com\/product\/yoast-seo-wordpress\/ -->\n<title>Offres All Inclusive de l&#039;H\u00f4tel Color Ermitage \u00e0 Bellaria Igea Marina<\/title>\n<meta name=\"description\" content=\"Vacances tout compris en Italie? D\u00e9couvrez les forfaits All Inclusive de l&#039;H\u00f4tel Color Ermitage \u00e0 Bellaria Igea Marina\" \/>\n<meta name=\"robots\" content=\"index, follow, max-snippet:-1, max-image-preview:large, max-video-preview:-1\" \/>\n<link rel=\"canonical\" href=\"https:\/\/www.allinclusivehotels.it\/fr\/hotels\/color-ermitage\" \/>\n<meta property=\"og:locale\" content=\"fr_FR\" \/>\n<meta property=\"og:type\" content=\"article\" \/>\n<meta property=\"og:title\" content=\"Offres All Inclusive de l&#039;H\u00f4tel Color Ermitage \u00e0 Bellaria Igea Marina\" \/>\n<meta property=\"og:description\" content=\"Vacances tout compris en Italie? D\u00e9couvrez les forfaits All Inclusive de l&#039;H\u00f4tel Color Ermitage \u00e0 Bellaria Igea Marina\" \/>\n<meta property=\"og:url\" content=\"https:\/\/www.allinclusivehotels.it\/fr\/hotels\/color-ermitage\" \/>\n<meta property=\"og:site_name\" content=\"All Inclusive Hotels\" \/>\n<meta property=\"article:modified_time\" content=\"2025-03-13T13:51:31+00:00\" \/>\n<meta name=\"twitter:card\" content=\"summary_large_image\" \/>\n<meta name=\"twitter:label1\" content=\"Dur\u00e9e de lecture estim\u00e9e\" \/>\n\t<meta name=\"twitter:data1\" content=\"2 minutes\" \/>\n<script type=\"application\/ld+json\" class=\"yoast-schema-graph\">{\"@context\":\"https:\/\/schema.org\",\"@graph\":[{\"@type\":\"WebPage\",\"@id\":\"https:\/\/www.allinclusivehotels.it\/fr\/hotels\/color-ermitage\",\"url\":\"https:\/\/www.allinclusivehotels.it\/fr\/hotels\/color-ermitage\",\"name\":\"Offres All Inclusive de l'H\u00f4tel Color Ermitage \u00e0 Bellaria Igea Marina\",\"isPartOf\":{\"@id\":\"https:\/\/www.allinclusivehotels.it\/fr#website\"},\"datePublished\":\"2022-02-16T13:41:02+00:00\",\"dateModified\":\"2025-03-13T13:51:31+00:00\",\"description\":\"Vacances tout compris en Italie? D\u00e9couvrez les forfaits All Inclusive de l'H\u00f4tel Color Ermitage \u00e0 Bellaria Igea Marina\",\"breadcrumb\":{\"@id\":\"https:\/\/www.allinclusivehotels.it\/fr\/hotels\/color-ermitage#breadcrumb\"},\"inLanguage\":\"fr-FR\",\"potentialAction\":[{\"@type\":\"ReadAction\",\"target\":[\"https:\/\/www.allinclusivehotels.it\/fr\/hotels\/color-ermitage\"]}]},{\"@type\":\"BreadcrumbList\",\"@id\":\"https:\/\/www.allinclusivehotels.it\/fr\/hotels\/color-ermitage#breadcrumb\",\"itemListElement\":[{\"@type\":\"ListItem\",\"position\":1,\"name\":\"Home\",\"item\":\"https:\/\/www.allinclusivehotels.it\/fr\"},{\"@type\":\"ListItem\",\"position\":2,\"name\":\"H\u00f4tels\",\"item\":\"https:\/\/www.allinclusivehotels.it\/fr\/hotels\"},{\"@type\":\"ListItem\",\"position\":3,\"name\":\"Color Ermitage\"}]},{\"@type\":\"WebSite\",\"@id\":\"https:\/\/www.allinclusivehotels.it\/fr#website\",\"url\":\"https:\/\/www.allinclusivehotels.it\/fr\",\"name\":\"All Inclusive Hotels\",\"description\":\"\",\"publisher\":{\"@id\":\"https:\/\/www.allinclusivehotels.it\/fr#organization\"},\"potentialAction\":[{\"@type\":\"SearchAction\",\"target\":{\"@type\":\"EntryPoint\",\"urlTemplate\":\"https:\/\/www.allinclusivehotels.it\/fr?s={search_term_string}\"},\"query-input\":{\"@type\":\"PropertyValueSpecification\",\"valueRequired\":true,\"valueName\":\"search_term_string\"}}],\"inLanguage\":\"fr-FR\"},{\"@type\":\"Organization\",\"@id\":\"https:\/\/www.allinclusivehotels.it\/fr#organization\",\"name\":\"All Inclusive Hotels\",\"url\":\"https:\/\/www.allinclusivehotels.it\/fr\",\"logo\":{\"@type\":\"ImageObject\",\"inLanguage\":\"fr-FR\",\"@id\":\"https:\/\/www.allinclusivehotels.it\/fr#\/schema\/logo\/image\/\",\"url\":\"\",\"contentUrl\":\"\",\"caption\":\"All Inclusive Hotels\"},\"image\":{\"@id\":\"https:\/\/www.allinclusivehotels.it\/fr#\/schema\/logo\/image\/\"}}]}<\/script>\n<!-- \/ Yoast SEO plugin. -->","yoast_head_json":{"title":"Offres All Inclusive de l'H\u00f4tel Color Ermitage \u00e0 Bellaria Igea Marina","description":"Vacances tout compris en Italie? D\u00e9couvrez les forfaits All Inclusive de l'H\u00f4tel Color Ermitage \u00e0 Bellaria Igea Marina","robots":{"index":"index","follow":"follow","max-snippet":"max-snippet:-1","max-image-preview":"max-image-preview:large","max-video-preview":"max-video-preview:-1"},"canonical":"https:\/\/www.allinclusivehotels.it\/fr\/hotels\/color-ermitage","og_locale":"fr_FR","og_type":"article","og_title":"Offres All Inclusive de l'H\u00f4tel Color Ermitage \u00e0 Bellaria Igea Marina","og_description":"Vacances tout compris en Italie? D\u00e9couvrez les forfaits All Inclusive de l'H\u00f4tel Color Ermitage \u00e0 Bellaria Igea Marina","og_url":"https:\/\/www.allinclusivehotels.it\/fr\/hotels\/color-ermitage","og_site_name":"All Inclusive Hotels","article_modified_time":"2025-03-13T13:51:31+00:00","twitter_card":"summary_large_image","twitter_misc":{"Dur\u00e9e de lecture estim\u00e9e":"2 minutes"},"schema":{"@context":"https:\/\/schema.org","@graph":[{"@type":"WebPage","@id":"https:\/\/www.allinclusivehotels.it\/fr\/hotels\/color-ermitage","url":"https:\/\/www.allinclusivehotels.it\/fr\/hotels\/color-ermitage","name":"Offres All Inclusive de l'H\u00f4tel Color Ermitage \u00e0 Bellaria Igea Marina","isPartOf":{"@id":"https:\/\/www.allinclusivehotels.it\/fr#website"},"datePublished":"2022-02-16T13:41:02+00:00","dateModified":"2025-03-13T13:51:31+00:00","description":"Vacances tout compris en Italie? D\u00e9couvrez les forfaits All Inclusive de l'H\u00f4tel Color Ermitage \u00e0 Bellaria Igea Marina","breadcrumb":{"@id":"https:\/\/www.allinclusivehotels.it\/fr\/hotels\/color-ermitage#breadcrumb"},"inLanguage":"fr-FR","potentialAction":[{"@type":"ReadAction","target":["https:\/\/www.allinclusivehotels.it\/fr\/hotels\/color-ermitage"]}]},{"@type":"BreadcrumbList","@id":"https:\/\/www.allinclusivehotels.it\/fr\/hotels\/color-ermitage#breadcrumb","itemListElement":[{"@type":"ListItem","position":1,"name":"Home","item":"https:\/\/www.allinclusivehotels.it\/fr"},{"@type":"ListItem","position":2,"name":"H\u00f4tels","item":"https:\/\/www.allinclusivehotels.it\/fr\/hotels"},{"@type":"ListItem","position":3,"name":"Color Ermitage"}]},{"@type":"WebSite","@id":"https:\/\/www.allinclusivehotels.it\/fr#website","url":"https:\/\/www.allinclusivehotels.it\/fr","name":"All Inclusive Hotels","description":"","publisher":{"@id":"https:\/\/www.allinclusivehotels.it\/fr#organization"},"potentialAction":[{"@type":"SearchAction","target":{"@type":"EntryPoint","urlTemplate":"https:\/\/www.allinclusivehotels.it\/fr?s={search_term_string}"},"query-input":{"@type":"PropertyValueSpecification","valueRequired":true,"valueName":"search_term_string"}}],"inLanguage":"fr-FR"},{"@type":"Organization","@id":"https:\/\/www.allinclusivehotels.it\/fr#organization","name":"All Inclusive Hotels","url":"https:\/\/www.allinclusivehotels.it\/fr","logo":{"@type":"ImageObject","inLanguage":"fr-FR","@id":"https:\/\/www.allinclusivehotels.it\/fr#\/schema\/logo\/image\/","url":"","contentUrl":"","caption":"All Inclusive Hotels"},"image":{"@id":"https:\/\/www.allinclusivehotels.it\/fr#\/schema\/logo\/image\/"}}]}},"_links":{"self":[{"href":"https:\/\/www.allinclusivehotels.it\/fr\/wp-json\/wp\/v2\/pages\/10053","targetHints":{"allow":["GET"]}}],"collection":[{"href":"https:\/\/www.allinclusivehotels.it\/fr\/wp-json\/wp\/v2\/pages"}],"about":[{"href":"https:\/\/www.allinclusivehotels.it\/fr\/wp-json\/wp\/v2\/types\/page"}],"author":[{"embeddable":true,"href":"https:\/\/www.allinclusivehotels.it\/fr\/wp-json\/wp\/v2\/users\/1"}],"replies":[{"embeddable":true,"href":"https:\/\/www.allinclusivehotels.it\/fr\/wp-json\/wp\/v2\/comments?post=10053"}],"version-history":[{"count":9,"href":"https:\/\/www.allinclusivehotels.it\/fr\/wp-json\/wp\/v2\/pages\/10053\/revisions"}],"predecessor-version":[{"id":43909,"href":"https:\/\/www.allinclusivehotels.it\/fr\/wp-json\/wp\/v2\/pages\/10053\/revisions\/43909"}],"up":[{"embeddable":true,"href":"https:\/\/www.allinclusivehotels.it\/fr\/wp-json\/wp\/v2\/pages\/8241"}],"wp:attachment":[{"href":"https:\/\/www.allinclusivehotels.it\/fr\/wp-json\/wp\/v2\/media?parent=10053"}],"curies":[{"name":"wp","href":"https:\/\/api.w.org\/{rel}","templated":true}]}}