{"id":263,"date":"2020-11-18T09:55:02","date_gmt":"2020-11-18T08:55:02","guid":{"rendered":"https:\/\/www.allinclusivehotels.it\/hotel-baltic-giulianova-en"},"modified":"2022-06-24T10:15:36","modified_gmt":"2022-06-24T08:15:36","slug":"hotel-baltic-giulianova","status":"publish","type":"page","link":"https:\/\/www.allinclusivehotels.it\/en\/hotels\/hotel-baltic-giulianova","title":{"rendered":"Hotel Baltic"},"content":{"rendered":"\n<p>At the <b>Hotel Baltic<\/b> in <b>Giulianova<\/b>, guests can cross through the fragrant pine forest to get to the <b>beach<\/b>, with its fine sand and crystal-clear waters, where they&#8217;ll find lots of privacy and room to relax thanks to <b>well-spaced beach umbrellas<\/b>, as well as dedicated sports and children&#8217;s play areas. There&#8217;s even <b>daily entertainment<\/b> for people of all ages. Children and teenagers ranging from 1 to 16 years of age will have lots of fun with the entertainment staff in their <b>Baby Trib\u00f9, Mini Trib\u00f9 and Teen Trib\u00f9<\/b> groups, while adults can take part in sports competitions, cooking classes, and bike excursions with food and wine tastings. And in the evening, everyone goes to the <b>Palcobaleno Theatre<\/b> together to enjoy the shows. The hotel also has a large <b>heated swimming pool<\/b> with a hot tub and a children\u2019s corner.<\/p>\n\n\n\n<!--more-->\n\n\n\n<p>Start the day off with breakfast overlooking the beautiful pine forest. The large buffet includes <b>homemade jams<\/b>, jars of dried fruits and nuts, fresh baked bread, homemade brioches and cakes, and cheeses and cold cuts from the Abruzzo region. Traditional cuisine from the Abruzzo region is served for lunch and dinner as well, including <b>fresh hand-made pasta, and meat and Adriatic seafood specialties<\/b>. Not to mention the <b>themed evenings<\/b> in the pine forest, with regional dishes accompanied by excellent selections of <b>Abruzzo wines<\/b>. Considerable attention is also paid to the <b>children&#8217;s menu<\/b>, as well as to those with <b>special dietary needs<\/b>. In fact, the Hotel is even <b>certified by the Italian Celiac Association (AIC)<\/b>.<\/p>\n","protected":false},"excerpt":{"rendered":"<p>At the Hotel Baltic in Giulianova, guests can cross through the fragrant pine forest to &hellip;<\/p>\n","protected":false},"author":1,"featured_media":0,"parent":196,"menu_order":0,"comment_status":"closed","ping_status":"closed","template":"page-templates\/scheda_hotel.php","meta":{"_acf_changed":false,"footnotes":""},"class_list":["post-263","page","type-page","status-publish","hentry"],"acf":[],"yoast_head":"<!-- This site is optimized with the Yoast SEO plugin v27.0 - https:\/\/yoast.com\/product\/yoast-seo-wordpress\/ -->\n<title>Hotel Baltic - All Inclusive Hotels<\/title>\n<meta name=\"robots\" content=\"index, follow, max-snippet:-1, max-image-preview:large, max-video-preview:-1\" \/>\n<link rel=\"canonical\" href=\"https:\/\/www.allinclusivehotels.it\/en\/hotels\/hotel-baltic-giulianova\" \/>\n<meta property=\"og:locale\" content=\"en_US\" \/>\n<meta property=\"og:type\" content=\"article\" \/>\n<meta property=\"og:title\" content=\"Hotel Baltic - All Inclusive Hotels\" \/>\n<meta property=\"og:description\" content=\"At the Hotel Baltic in Giulianova, guests can cross through the fragrant pine forest to &hellip;\" \/>\n<meta property=\"og:url\" content=\"https:\/\/www.allinclusivehotels.it\/en\/hotels\/hotel-baltic-giulianova\" \/>\n<meta property=\"og:site_name\" content=\"All Inclusive Hotels\" \/>\n<meta property=\"article:modified_time\" content=\"2022-06-24T08:15:36+00:00\" \/>\n<meta name=\"twitter:card\" content=\"summary_large_image\" \/>\n<meta name=\"twitter:label1\" content=\"Est. reading time\" \/>\n\t<meta name=\"twitter:data1\" content=\"2 minutes\" \/>\n<script type=\"application\/ld+json\" class=\"yoast-schema-graph\">{\"@context\":\"https:\/\/schema.org\",\"@graph\":[{\"@type\":\"WebPage\",\"@id\":\"https:\/\/www.allinclusivehotels.it\/en\/hotels\/hotel-baltic-giulianova\",\"url\":\"https:\/\/www.allinclusivehotels.it\/en\/hotels\/hotel-baltic-giulianova\",\"name\":\"Hotel Baltic - All Inclusive Hotels\",\"isPartOf\":{\"@id\":\"https:\/\/www.allinclusivehotels.it\/en#website\"},\"datePublished\":\"2020-11-18T08:55:02+00:00\",\"dateModified\":\"2022-06-24T08:15:36+00:00\",\"breadcrumb\":{\"@id\":\"https:\/\/www.allinclusivehotels.it\/en\/hotels\/hotel-baltic-giulianova#breadcrumb\"},\"inLanguage\":\"en\",\"potentialAction\":[{\"@type\":\"ReadAction\",\"target\":[\"https:\/\/www.allinclusivehotels.it\/en\/hotels\/hotel-baltic-giulianova\"]}]},{\"@type\":\"BreadcrumbList\",\"@id\":\"https:\/\/www.allinclusivehotels.it\/en\/hotels\/hotel-baltic-giulianova#breadcrumb\",\"itemListElement\":[{\"@type\":\"ListItem\",\"position\":1,\"name\":\"Home\",\"item\":\"https:\/\/www.allinclusivehotels.it\/en\/homepage\"},{\"@type\":\"ListItem\",\"position\":2,\"name\":\"Hotels\",\"item\":\"https:\/\/www.allinclusivehotels.it\/en\/hotels\"},{\"@type\":\"ListItem\",\"position\":3,\"name\":\"Hotel Baltic\"}]},{\"@type\":\"WebSite\",\"@id\":\"https:\/\/www.allinclusivehotels.it\/en#website\",\"url\":\"https:\/\/www.allinclusivehotels.it\/en\",\"name\":\"All Inclusive Hotels\",\"description\":\"\",\"publisher\":{\"@id\":\"https:\/\/www.allinclusivehotels.it\/en#organization\"},\"potentialAction\":[{\"@type\":\"SearchAction\",\"target\":{\"@type\":\"EntryPoint\",\"urlTemplate\":\"https:\/\/www.allinclusivehotels.it\/en?s={search_term_string}\"},\"query-input\":{\"@type\":\"PropertyValueSpecification\",\"valueRequired\":true,\"valueName\":\"search_term_string\"}}],\"inLanguage\":\"en\"},{\"@type\":\"Organization\",\"@id\":\"https:\/\/www.allinclusivehotels.it\/en#organization\",\"name\":\"All Inclusive Hotels\",\"url\":\"https:\/\/www.allinclusivehotels.it\/en\",\"logo\":{\"@type\":\"ImageObject\",\"inLanguage\":\"en\",\"@id\":\"https:\/\/www.allinclusivehotels.it\/en#\/schema\/logo\/image\/\",\"url\":\"\",\"contentUrl\":\"\",\"caption\":\"All Inclusive Hotels\"},\"image\":{\"@id\":\"https:\/\/www.allinclusivehotels.it\/en#\/schema\/logo\/image\/\"}}]}<\/script>\n<!-- \/ Yoast SEO plugin. -->","yoast_head_json":{"title":"Hotel Baltic - All Inclusive Hotels","robots":{"index":"index","follow":"follow","max-snippet":"max-snippet:-1","max-image-preview":"max-image-preview:large","max-video-preview":"max-video-preview:-1"},"canonical":"https:\/\/www.allinclusivehotels.it\/en\/hotels\/hotel-baltic-giulianova","og_locale":"en_US","og_type":"article","og_title":"Hotel Baltic - All Inclusive Hotels","og_description":"At the Hotel Baltic in Giulianova, guests can cross through the fragrant pine forest to &hellip;","og_url":"https:\/\/www.allinclusivehotels.it\/en\/hotels\/hotel-baltic-giulianova","og_site_name":"All Inclusive Hotels","article_modified_time":"2022-06-24T08:15:36+00:00","twitter_card":"summary_large_image","twitter_misc":{"Est. reading time":"2 minutes"},"schema":{"@context":"https:\/\/schema.org","@graph":[{"@type":"WebPage","@id":"https:\/\/www.allinclusivehotels.it\/en\/hotels\/hotel-baltic-giulianova","url":"https:\/\/www.allinclusivehotels.it\/en\/hotels\/hotel-baltic-giulianova","name":"Hotel Baltic - All Inclusive Hotels","isPartOf":{"@id":"https:\/\/www.allinclusivehotels.it\/en#website"},"datePublished":"2020-11-18T08:55:02+00:00","dateModified":"2022-06-24T08:15:36+00:00","breadcrumb":{"@id":"https:\/\/www.allinclusivehotels.it\/en\/hotels\/hotel-baltic-giulianova#breadcrumb"},"inLanguage":"en","potentialAction":[{"@type":"ReadAction","target":["https:\/\/www.allinclusivehotels.it\/en\/hotels\/hotel-baltic-giulianova"]}]},{"@type":"BreadcrumbList","@id":"https:\/\/www.allinclusivehotels.it\/en\/hotels\/hotel-baltic-giulianova#breadcrumb","itemListElement":[{"@type":"ListItem","position":1,"name":"Home","item":"https:\/\/www.allinclusivehotels.it\/en\/homepage"},{"@type":"ListItem","position":2,"name":"Hotels","item":"https:\/\/www.allinclusivehotels.it\/en\/hotels"},{"@type":"ListItem","position":3,"name":"Hotel Baltic"}]},{"@type":"WebSite","@id":"https:\/\/www.allinclusivehotels.it\/en#website","url":"https:\/\/www.allinclusivehotels.it\/en","name":"All Inclusive Hotels","description":"","publisher":{"@id":"https:\/\/www.allinclusivehotels.it\/en#organization"},"potentialAction":[{"@type":"SearchAction","target":{"@type":"EntryPoint","urlTemplate":"https:\/\/www.allinclusivehotels.it\/en?s={search_term_string}"},"query-input":{"@type":"PropertyValueSpecification","valueRequired":true,"valueName":"search_term_string"}}],"inLanguage":"en"},{"@type":"Organization","@id":"https:\/\/www.allinclusivehotels.it\/en#organization","name":"All Inclusive Hotels","url":"https:\/\/www.allinclusivehotels.it\/en","logo":{"@type":"ImageObject","inLanguage":"en","@id":"https:\/\/www.allinclusivehotels.it\/en#\/schema\/logo\/image\/","url":"","contentUrl":"","caption":"All Inclusive Hotels"},"image":{"@id":"https:\/\/www.allinclusivehotels.it\/en#\/schema\/logo\/image\/"}}]}},"_links":{"self":[{"href":"https:\/\/www.allinclusivehotels.it\/en\/wp-json\/wp\/v2\/pages\/263","targetHints":{"allow":["GET"]}}],"collection":[{"href":"https:\/\/www.allinclusivehotels.it\/en\/wp-json\/wp\/v2\/pages"}],"about":[{"href":"https:\/\/www.allinclusivehotels.it\/en\/wp-json\/wp\/v2\/types\/page"}],"author":[{"embeddable":true,"href":"https:\/\/www.allinclusivehotels.it\/en\/wp-json\/wp\/v2\/users\/1"}],"replies":[{"embeddable":true,"href":"https:\/\/www.allinclusivehotels.it\/en\/wp-json\/wp\/v2\/comments?post=263"}],"version-history":[{"count":3,"href":"https:\/\/www.allinclusivehotels.it\/en\/wp-json\/wp\/v2\/pages\/263\/revisions"}],"predecessor-version":[{"id":21119,"href":"https:\/\/www.allinclusivehotels.it\/en\/wp-json\/wp\/v2\/pages\/263\/revisions\/21119"}],"up":[{"embeddable":true,"href":"https:\/\/www.allinclusivehotels.it\/en\/wp-json\/wp\/v2\/pages\/196"}],"wp:attachment":[{"href":"https:\/\/www.allinclusivehotels.it\/en\/wp-json\/wp\/v2\/media?parent=263"}],"curies":[{"name":"wp","href":"https:\/\/api.w.org\/{rel}","templated":true}]}}