{"id":52007,"date":"2026-04-01T15:15:19","date_gmt":"2026-04-01T13:15:19","guid":{"rendered":"https:\/\/www.allinclusivehotels.it\/urlaubsziele\/champoluc"},"modified":"2026-04-01T15:15:26","modified_gmt":"2026-04-01T13:15:26","slug":"champoluc","status":"publish","type":"page","link":"https:\/\/www.allinclusivehotels.it\/de\/urlaubsziele\/champoluc","title":{"rendered":"Champoluc"},"content":{"rendered":"\n<p>Die<b> All-Inclusive-Hotels in Champoluc<\/b> sind die ideale L\u00f6sung f\u00fcr all jene, die die <b>Berge des Aostatals<\/b> mit erstklassigem inbegriffenem Service und einer wundersch\u00f6nen Lage genie\u00dfen m\u00f6chten, um das Beste der Region zu genie\u00dfen. In diesem <b>Ort <\/b>des <b>Ayas-Tals<\/b> am <b>Fu\u00dfe des Monte-Rosa-Massivs<\/b> k\u00f6nnen Sie zu jeder Jahreszeit Sport, Wanderungen und Entspannung miteinander verbinden.<\/p>\n\n\n\n<!--more-->\n\n\n\n<p><b>Champoluc<\/b> ist das <b>wichtigste Fremdenverkehrszentrum<\/b> des Ayas-Tals und ein idealer Ausgangspunkt f\u00fcr <b>Trekking <\/b>auf den Panoramawegen und durch die L\u00e4rchenw\u00e4lder, aber auch, um zu <b>den Skiliften<\/b> und Skipisten zu gelangen. Wer traditionelle Architektur liebt, sollte sich die <b>D\u00f6rfer Antagnod und Brusson<\/b> nicht entgehen lassen, wo man zudem die ausgezeichnete K\u00fcche des Aostatals genie\u00dfen kann.<\/p>\n\n\n\n<p>Das <b>Zentrum von Champoluc<\/b> pr\u00e4gen Gesch\u00e4fte, Restaurants und typische Lokale. Nur wenige Minuten entfernt liegen alte <b>Walserd\u00f6rfer<\/b>, wie <b>Mascognaz<\/b>, zu dem man auf malerischen Wanderwegen durch W\u00e4lder und Almweiden gelangt.<\/p>\n\n\n\n<p>Die Aufstiegsanlagen von <b>Champoluc und Frachey<\/b> verbinden den Ort mit dem <b>Skigebiet Monterosa Ski<\/b>, einem der <b>gr\u00f6\u00dften der Alpen<\/b>, dessen Pisten sich zwischen <b>Val d\u2019Ayas, Gressoney und Alagna <\/b>erstrecken. Im Sommer kommt man mit diesen Liften zu Aussichtspunkten und <b>Wanderwegen in Richtung Crest und Colle Bettaforca<\/b>.<\/p>\n\n\n\n<p>In der Umgebung kann man auch Natursehensw\u00fcrdigkeiten wie den <b>Brusson-See<\/b> oder die <b>Alpenseen<\/b> des Tals, ebenso wie die historischen Ortskerne von <b>Gressoney-Saint-Jean<\/b>, <b>Verr\u00e8s <\/b>und <b>Issogne <\/b>besichtigen, die f\u00fcr ihre mittelalterlichen Burgen ber\u00fchmt sind.<\/p>\n\n\n\n<p>W\u00e4hrend eines Aufenthalts in einem der <b>All-Inclusive-Hotels in Champoluc<\/b> kann man Ausfl\u00fcge, Skitage und Besichtigungen der D\u00f6rfer im Tal problemlos organisieren, wobei die Hoteldienstleistungen so konzipiert sind, dass die G\u00e4ste das Bergleben mit gr\u00f6\u00dftm\u00f6glichem Komfort genie\u00dfen k\u00f6nnen.<\/p>\n","protected":false},"excerpt":{"rendered":"<p>Die All-Inclusive-Hotels in Champoluc sind die ideale L\u00f6sung f\u00fcr all jene, die die Berge des &hellip;<\/p>\n","protected":false},"author":1,"featured_media":0,"parent":16402,"menu_order":0,"comment_status":"closed","ping_status":"closed","template":"page-templates\/destinazione.php","meta":{"_acf_changed":false,"footnotes":""},"class_list":["post-52007","page","type-page","status-publish","hentry"],"acf":[],"yoast_head":"<!-- This site is optimized with the Yoast SEO plugin v27.6 - https:\/\/yoast.com\/product\/yoast-seo-wordpress\/ -->\n<title>All-Inclusive-Hotels in Champoluc, Aostatal<\/title>\n<meta name=\"description\" content=\"Suchen Sie All-Inclusive-Hotels in Champoluc? Mehr \u00fcber die gr\u00f6\u00dfte Auswahl an All-Inclusive-Hotels im Aostatal.\" \/>\n<meta name=\"robots\" content=\"index, follow, max-snippet:-1, max-image-preview:large, max-video-preview:-1\" \/>\n<link rel=\"canonical\" href=\"https:\/\/www.allinclusivehotels.it\/de\/urlaubsziele\/champoluc\" \/>\n<meta property=\"og:locale\" content=\"de_DE\" \/>\n<meta property=\"og:type\" content=\"article\" \/>\n<meta property=\"og:title\" content=\"All-Inclusive-Hotels in Champoluc, Aostatal\" \/>\n<meta property=\"og:description\" content=\"Suchen Sie All-Inclusive-Hotels in Champoluc? Mehr \u00fcber die gr\u00f6\u00dfte Auswahl an All-Inclusive-Hotels im Aostatal.\" \/>\n<meta property=\"og:url\" content=\"https:\/\/www.allinclusivehotels.it\/de\/urlaubsziele\/champoluc\" \/>\n<meta property=\"og:site_name\" content=\"All Inclusive Hotels\" \/>\n<meta property=\"article:modified_time\" content=\"2026-04-01T13:15:26+00:00\" \/>\n<meta name=\"twitter:card\" content=\"summary_large_image\" \/>\n<meta name=\"twitter:label1\" content=\"Gesch\u00e4tzte Lesezeit\" \/>\n\t<meta name=\"twitter:data1\" content=\"1\u00a0Minute\" \/>\n<script type=\"application\/ld+json\" class=\"yoast-schema-graph\">{\"@context\":\"https:\\\/\\\/schema.org\",\"@graph\":[{\"@type\":\"WebPage\",\"@id\":\"https:\\\/\\\/www.allinclusivehotels.it\\\/de\\\/urlaubsziele\\\/champoluc\",\"url\":\"https:\\\/\\\/www.allinclusivehotels.it\\\/de\\\/urlaubsziele\\\/champoluc\",\"name\":\"All-Inclusive-Hotels in Champoluc, Aostatal\",\"isPartOf\":{\"@id\":\"https:\\\/\\\/www.allinclusivehotels.it\\\/de#website\"},\"datePublished\":\"2026-04-01T13:15:19+00:00\",\"dateModified\":\"2026-04-01T13:15:26+00:00\",\"description\":\"Suchen Sie All-Inclusive-Hotels in Champoluc? Mehr \u00fcber die gr\u00f6\u00dfte Auswahl an All-Inclusive-Hotels im Aostatal.\",\"breadcrumb\":{\"@id\":\"https:\\\/\\\/www.allinclusivehotels.it\\\/de\\\/urlaubsziele\\\/champoluc#breadcrumb\"},\"inLanguage\":\"de\",\"potentialAction\":[{\"@type\":\"ReadAction\",\"target\":[\"https:\\\/\\\/www.allinclusivehotels.it\\\/de\\\/urlaubsziele\\\/champoluc\"]}]},{\"@type\":\"BreadcrumbList\",\"@id\":\"https:\\\/\\\/www.allinclusivehotels.it\\\/de\\\/urlaubsziele\\\/champoluc#breadcrumb\",\"itemListElement\":[{\"@type\":\"ListItem\",\"position\":1,\"name\":\"Home\",\"item\":\"https:\\\/\\\/www.allinclusivehotels.it\\\/de\"},{\"@type\":\"ListItem\",\"position\":2,\"name\":\"Urlaubsziele\",\"item\":\"https:\\\/\\\/www.allinclusivehotels.it\\\/de\\\/urlaubsziele\"},{\"@type\":\"ListItem\",\"position\":3,\"name\":\"Champoluc\"}]},{\"@type\":\"WebSite\",\"@id\":\"https:\\\/\\\/www.allinclusivehotels.it\\\/de#website\",\"url\":\"https:\\\/\\\/www.allinclusivehotels.it\\\/de\",\"name\":\"All Inclusive Hotels\",\"description\":\"\",\"publisher\":{\"@id\":\"https:\\\/\\\/www.allinclusivehotels.it\\\/de#organization\"},\"potentialAction\":[{\"@type\":\"SearchAction\",\"target\":{\"@type\":\"EntryPoint\",\"urlTemplate\":\"https:\\\/\\\/www.allinclusivehotels.it\\\/de?s={search_term_string}\"},\"query-input\":{\"@type\":\"PropertyValueSpecification\",\"valueRequired\":true,\"valueName\":\"search_term_string\"}}],\"inLanguage\":\"de\"},{\"@type\":\"Organization\",\"@id\":\"https:\\\/\\\/www.allinclusivehotels.it\\\/de#organization\",\"name\":\"All Inclusive Hotels\",\"url\":\"https:\\\/\\\/www.allinclusivehotels.it\\\/de\",\"logo\":{\"@type\":\"ImageObject\",\"inLanguage\":\"de\",\"@id\":\"https:\\\/\\\/www.allinclusivehotels.it\\\/de#\\\/schema\\\/logo\\\/image\\\/\",\"url\":\"\",\"contentUrl\":\"\",\"caption\":\"All Inclusive Hotels\"},\"image\":{\"@id\":\"https:\\\/\\\/www.allinclusivehotels.it\\\/de#\\\/schema\\\/logo\\\/image\\\/\"}}]}<\/script>\n<!-- \/ Yoast SEO plugin. -->","yoast_head_json":{"title":"All-Inclusive-Hotels in Champoluc, Aostatal","description":"Suchen Sie All-Inclusive-Hotels in Champoluc? Mehr \u00fcber die gr\u00f6\u00dfte Auswahl an All-Inclusive-Hotels im Aostatal.","robots":{"index":"index","follow":"follow","max-snippet":"max-snippet:-1","max-image-preview":"max-image-preview:large","max-video-preview":"max-video-preview:-1"},"canonical":"https:\/\/www.allinclusivehotels.it\/de\/urlaubsziele\/champoluc","og_locale":"de_DE","og_type":"article","og_title":"All-Inclusive-Hotels in Champoluc, Aostatal","og_description":"Suchen Sie All-Inclusive-Hotels in Champoluc? Mehr \u00fcber die gr\u00f6\u00dfte Auswahl an All-Inclusive-Hotels im Aostatal.","og_url":"https:\/\/www.allinclusivehotels.it\/de\/urlaubsziele\/champoluc","og_site_name":"All Inclusive Hotels","article_modified_time":"2026-04-01T13:15:26+00:00","twitter_card":"summary_large_image","twitter_misc":{"Gesch\u00e4tzte Lesezeit":"1\u00a0Minute"},"schema":{"@context":"https:\/\/schema.org","@graph":[{"@type":"WebPage","@id":"https:\/\/www.allinclusivehotels.it\/de\/urlaubsziele\/champoluc","url":"https:\/\/www.allinclusivehotels.it\/de\/urlaubsziele\/champoluc","name":"All-Inclusive-Hotels in Champoluc, Aostatal","isPartOf":{"@id":"https:\/\/www.allinclusivehotels.it\/de#website"},"datePublished":"2026-04-01T13:15:19+00:00","dateModified":"2026-04-01T13:15:26+00:00","description":"Suchen Sie All-Inclusive-Hotels in Champoluc? Mehr \u00fcber die gr\u00f6\u00dfte Auswahl an All-Inclusive-Hotels im Aostatal.","breadcrumb":{"@id":"https:\/\/www.allinclusivehotels.it\/de\/urlaubsziele\/champoluc#breadcrumb"},"inLanguage":"de","potentialAction":[{"@type":"ReadAction","target":["https:\/\/www.allinclusivehotels.it\/de\/urlaubsziele\/champoluc"]}]},{"@type":"BreadcrumbList","@id":"https:\/\/www.allinclusivehotels.it\/de\/urlaubsziele\/champoluc#breadcrumb","itemListElement":[{"@type":"ListItem","position":1,"name":"Home","item":"https:\/\/www.allinclusivehotels.it\/de"},{"@type":"ListItem","position":2,"name":"Urlaubsziele","item":"https:\/\/www.allinclusivehotels.it\/de\/urlaubsziele"},{"@type":"ListItem","position":3,"name":"Champoluc"}]},{"@type":"WebSite","@id":"https:\/\/www.allinclusivehotels.it\/de#website","url":"https:\/\/www.allinclusivehotels.it\/de","name":"All Inclusive Hotels","description":"","publisher":{"@id":"https:\/\/www.allinclusivehotels.it\/de#organization"},"potentialAction":[{"@type":"SearchAction","target":{"@type":"EntryPoint","urlTemplate":"https:\/\/www.allinclusivehotels.it\/de?s={search_term_string}"},"query-input":{"@type":"PropertyValueSpecification","valueRequired":true,"valueName":"search_term_string"}}],"inLanguage":"de"},{"@type":"Organization","@id":"https:\/\/www.allinclusivehotels.it\/de#organization","name":"All Inclusive Hotels","url":"https:\/\/www.allinclusivehotels.it\/de","logo":{"@type":"ImageObject","inLanguage":"de","@id":"https:\/\/www.allinclusivehotels.it\/de#\/schema\/logo\/image\/","url":"","contentUrl":"","caption":"All Inclusive Hotels"},"image":{"@id":"https:\/\/www.allinclusivehotels.it\/de#\/schema\/logo\/image\/"}}]}},"_links":{"self":[{"href":"https:\/\/www.allinclusivehotels.it\/de\/wp-json\/wp\/v2\/pages\/52007","targetHints":{"allow":["GET"]}}],"collection":[{"href":"https:\/\/www.allinclusivehotels.it\/de\/wp-json\/wp\/v2\/pages"}],"about":[{"href":"https:\/\/www.allinclusivehotels.it\/de\/wp-json\/wp\/v2\/types\/page"}],"author":[{"embeddable":true,"href":"https:\/\/www.allinclusivehotels.it\/de\/wp-json\/wp\/v2\/users\/1"}],"replies":[{"embeddable":true,"href":"https:\/\/www.allinclusivehotels.it\/de\/wp-json\/wp\/v2\/comments?post=52007"}],"version-history":[{"count":1,"href":"https:\/\/www.allinclusivehotels.it\/de\/wp-json\/wp\/v2\/pages\/52007\/revisions"}],"predecessor-version":[{"id":52008,"href":"https:\/\/www.allinclusivehotels.it\/de\/wp-json\/wp\/v2\/pages\/52007\/revisions\/52008"}],"up":[{"embeddable":true,"href":"https:\/\/www.allinclusivehotels.it\/de\/wp-json\/wp\/v2\/pages\/16402"}],"wp:attachment":[{"href":"https:\/\/www.allinclusivehotels.it\/de\/wp-json\/wp\/v2\/media?parent=52007"}],"curies":[{"name":"wp","href":"https:\/\/api.w.org\/{rel}","templated":true}]}}