{"id":52003,"date":"2026-04-01T15:15:11","date_gmt":"2026-04-01T13:15:11","guid":{"rendered":"https:\/\/www.allinclusivehotels.it\/urlaubsziele\/aostatal"},"modified":"2026-04-01T15:15:23","modified_gmt":"2026-04-01T13:15:23","slug":"aostatal","status":"publish","type":"page","link":"https:\/\/www.allinclusivehotels.it\/de\/urlaubsziele\/aostatal","title":{"rendered":"Aostatal"},"content":{"rendered":"\n<p>Das <b>Aostatal<\/b> ist die <b>kleinste Region Italiens<\/b>, hat aber einige der spektakul\u00e4rsten Alpenlandschaften Europas zu bieten. Hier befinden sich die hohen Gipfel der Alpen \u2013 <b>Mont Blanc<\/b>, Matterhorn und <b>Monte Rosa<\/b> &#8211; sowie zahlreiche Bergorte, die sich bestens f\u00fcr einen Sporturlaub mit Wanderungen und Entspannung eignen.<\/p>\n\n\n\n<p>Wenn Sie sich f\u00fcr einen <b>All-Inclusive-Urlaub im Aostatal <\/b>entscheiden, k\u00f6nnen Sie die Region mit noch mehr Komfort erleben: Skitage, Panorama-Wanderungen, Entspannung in den renommierten Thermalb\u00e4dern und hervorragende Berggerichte und das alles mit den besten Serviceleistungen des Hotels, die bereits im Aufenthalt inbegriffen sind.<\/p>\n\n\n\n<!--more-->\n\n\n\n<p>Die<b> All-Inclusive-Hotels im Aostatal<\/b> sind eine praktische L\u00f6sung f\u00fcr all jene, <b>die zu jeder Jahreszeit unbeschwert die Berge genie\u00dfen m\u00f6chten<\/b>. Nicht umsonst sind die<b> All-Inclusive-Urlaube im Aostatal<\/b> besonders bei <b>Familien mit Kindern <\/b>und <b>Paaren<\/b> beliebt, die Hotels suchen, von denen aus sie bequem die Skipisten, Wanderwege und die wichtigsten Sehensw\u00fcrdigkeiten der Region erreichen k\u00f6nnen.<\/p>\n\n\n\n<p>Am Fu\u00dfe des <b>Mont Blanc<\/b> liegt das exklusive <b>Courmayeur<\/b>, einer der bekanntesten Alpenorte der Region. Der Ort verbindet <b>Bergtradition<\/b> und <b>mond\u00e4nes Vergn\u00fcgen<\/b> mit <b>sportlichen Aktivit\u00e4ten<\/b> und einem eleganten Zentrum mit Restaurants, Gesch\u00e4ften und Lokalen. Eines der Wahrzeichen der Region ist die <b>Skyway Monte Bianco<\/b>, die <b>Panorama-Seilbahn<\/b>, die bis zur <b>Punta Helbronner<\/b> auf 3.466 Metern H\u00f6he f\u00fchrt, von wo aus man einen herrlichen Blick auf die umliegenden Gipfel genie\u00dfen kann. Bei einem Zwischenstopp auf 2.173 Metern H\u00f6he kann man den<b> Alpengarten Saussurea<\/b> besuchen.<\/p>\n\n\n\n<p>Im <b>Winter <\/b>ist Courmayeur eines der wichtigsten Ziele f\u00fcr den <b>Skisport<\/b>, w\u00e4hrend sich die Wege des Gebiets im <b>Sommer<\/b> in Routen f\u00fcr <b>Trekking<\/b>, <b>Panorama-Wanderungen<\/b> und <b>Outdoor-Aktivit\u00e4ten<\/b> verwandeln. Nur wenige Minuten entfernt befinden sich auch die <b>Thermen von Pr\u00e9-Saint-Didier<\/b>, ein Thermalzentrum am Fu\u00dfe des <b>Mont Blanc<\/b>, das vor allem bei all jenen sehr beliebt ist, die nach einem Tag im Schnee oder auf den Wanderwegen Entspannung suchen.<\/p>\n\n\n\n<p>Am \u00f6stlichen Rand der Region erstreckt sich das <b>Valtournenche<\/b>, das von der unverwechselbaren Silhouette des <b>Matterhorns<\/b> \u00fcberragt wird. Hier liegt <b>Breuil-Cervinia<\/b>, eines der bedeutendsten Skigebiete der Alpen. Das Skigebiet ist mit <b>Zermatt in der Schweiz verbunden<\/b> und bietet \u00fcber<b>300 km Pisten<\/b>. In der <b>warmen Jahreszeit<\/b> wird das Gebiet zu einem idealen Ausgangspunkt f\u00fcr <b>Hochgebirgswanderungen<\/b>, <b>Mountainbiketouren<\/b> und <b>Panorama-Spazierg\u00e4nge<\/b> inmitten von Alpenseen und Weiden.<\/p>\n\n\n\n<p>Zu den beliebtesten T\u00e4lern und Orten im Aostatal geh\u00f6ren auch das <b>Val di Cogne<\/b> im <b>Nationalpark Gran Paradiso<\/b>, bekannt f\u00fcr seine Naturpfade und die Beobachtung der alpinen Tierwelt, das <b>Val d\u2019Ayas<\/b> und das <b>Val di Gressoney<\/b> am Fu\u00dfe des Monte Rosa sowie das <b>Valgrisenche<\/b> mit seinem ureigenen Charakter, seinen Bergwegen, Alpenseen und Outdoor-Aktivit\u00e4ten in jeder Jahreszeit.<\/p>\n\n\n\n<p>Das Aostatal ist bekannt f\u00fcr seine unz\u00e4hligen Burgen und Festungen, wie die Festung von Bard, die Burg von F\u00e9nis, die Burg von Issogne und die Burg von Verr\u00e8s, die von der Geschichte der Region erz\u00e4hlen und das Erlebnis eines jeden bereichern, der sich f\u00fcr einen Urlaub in den Bergen entscheidet. W\u00e4hrend eines Aufenthalts in einem der <b>All-Inclusive-Hotels im Aostatal <\/b>kann man problemlos Ausfl\u00fcge, kulturelle Besichtigungen und Skitage organisieren und die Region mit dem Komfort von <b>Leistungen erleben, die bereits im Urlaubspreis enthalten sind<\/b>.<\/p>\n","protected":false},"excerpt":{"rendered":"<p>Das Aostatal ist die kleinste Region Italiens, hat aber einige der spektakul\u00e4rsten Alpenlandschaften Europas zu &hellip;<\/p>\n","protected":false},"author":1,"featured_media":0,"parent":16402,"menu_order":0,"comment_status":"closed","ping_status":"closed","template":"page-templates\/destinazione.php","meta":{"_acf_changed":false,"footnotes":""},"class_list":["post-52003","page","type-page","status-publish","hentry"],"acf":[],"yoast_head":"<!-- This site is optimized with the Yoast SEO plugin v27.6 - https:\/\/yoast.com\/product\/yoast-seo-wordpress\/ -->\n<title>All-Inclusive-Hotels Aostatal f\u00fcr Urlaube, in denen alles inbegriffen ist<\/title>\n<meta name=\"description\" content=\"Suchen Sie All-Inclusive-Urlaub im Aostatal? Mehr \u00fcber die gr\u00f6\u00dfte Auswahl an All-Inclusive-Hotels in Italien. Die Angebote ansehen!\" \/>\n<meta name=\"robots\" content=\"index, follow, max-snippet:-1, max-image-preview:large, max-video-preview:-1\" \/>\n<link rel=\"canonical\" href=\"https:\/\/www.allinclusivehotels.it\/de\/urlaubsziele\/aostatal\" \/>\n<meta property=\"og:locale\" content=\"de_DE\" \/>\n<meta property=\"og:type\" content=\"article\" \/>\n<meta property=\"og:title\" content=\"All-Inclusive-Hotels Aostatal f\u00fcr Urlaube, in denen alles inbegriffen ist\" \/>\n<meta property=\"og:description\" content=\"Suchen Sie All-Inclusive-Urlaub im Aostatal? Mehr \u00fcber die gr\u00f6\u00dfte Auswahl an All-Inclusive-Hotels in Italien. Die Angebote ansehen!\" \/>\n<meta property=\"og:url\" content=\"https:\/\/www.allinclusivehotels.it\/de\/urlaubsziele\/aostatal\" \/>\n<meta property=\"og:site_name\" content=\"All Inclusive Hotels\" \/>\n<meta property=\"article:modified_time\" content=\"2026-04-01T13:15:23+00:00\" \/>\n<meta name=\"twitter:card\" content=\"summary_large_image\" \/>\n<meta name=\"twitter:label1\" content=\"Gesch\u00e4tzte Lesezeit\" \/>\n\t<meta name=\"twitter:data1\" content=\"3\u00a0Minuten\" \/>\n<script type=\"application\/ld+json\" class=\"yoast-schema-graph\">{\"@context\":\"https:\\\/\\\/schema.org\",\"@graph\":[{\"@type\":\"WebPage\",\"@id\":\"https:\\\/\\\/www.allinclusivehotels.it\\\/de\\\/urlaubsziele\\\/aostatal\",\"url\":\"https:\\\/\\\/www.allinclusivehotels.it\\\/de\\\/urlaubsziele\\\/aostatal\",\"name\":\"All-Inclusive-Hotels Aostatal f\u00fcr Urlaube, in denen alles inbegriffen ist\",\"isPartOf\":{\"@id\":\"https:\\\/\\\/www.allinclusivehotels.it\\\/de#website\"},\"datePublished\":\"2026-04-01T13:15:11+00:00\",\"dateModified\":\"2026-04-01T13:15:23+00:00\",\"description\":\"Suchen Sie All-Inclusive-Urlaub im Aostatal? Mehr \u00fcber die gr\u00f6\u00dfte Auswahl an All-Inclusive-Hotels in Italien. Die Angebote ansehen!\",\"breadcrumb\":{\"@id\":\"https:\\\/\\\/www.allinclusivehotels.it\\\/de\\\/urlaubsziele\\\/aostatal#breadcrumb\"},\"inLanguage\":\"de\",\"potentialAction\":[{\"@type\":\"ReadAction\",\"target\":[\"https:\\\/\\\/www.allinclusivehotels.it\\\/de\\\/urlaubsziele\\\/aostatal\"]}]},{\"@type\":\"BreadcrumbList\",\"@id\":\"https:\\\/\\\/www.allinclusivehotels.it\\\/de\\\/urlaubsziele\\\/aostatal#breadcrumb\",\"itemListElement\":[{\"@type\":\"ListItem\",\"position\":1,\"name\":\"Home\",\"item\":\"https:\\\/\\\/www.allinclusivehotels.it\\\/de\"},{\"@type\":\"ListItem\",\"position\":2,\"name\":\"Urlaubsziele\",\"item\":\"https:\\\/\\\/www.allinclusivehotels.it\\\/de\\\/urlaubsziele\"},{\"@type\":\"ListItem\",\"position\":3,\"name\":\"Aostatal\"}]},{\"@type\":\"WebSite\",\"@id\":\"https:\\\/\\\/www.allinclusivehotels.it\\\/de#website\",\"url\":\"https:\\\/\\\/www.allinclusivehotels.it\\\/de\",\"name\":\"All Inclusive Hotels\",\"description\":\"\",\"publisher\":{\"@id\":\"https:\\\/\\\/www.allinclusivehotels.it\\\/de#organization\"},\"potentialAction\":[{\"@type\":\"SearchAction\",\"target\":{\"@type\":\"EntryPoint\",\"urlTemplate\":\"https:\\\/\\\/www.allinclusivehotels.it\\\/de?s={search_term_string}\"},\"query-input\":{\"@type\":\"PropertyValueSpecification\",\"valueRequired\":true,\"valueName\":\"search_term_string\"}}],\"inLanguage\":\"de\"},{\"@type\":\"Organization\",\"@id\":\"https:\\\/\\\/www.allinclusivehotels.it\\\/de#organization\",\"name\":\"All Inclusive Hotels\",\"url\":\"https:\\\/\\\/www.allinclusivehotels.it\\\/de\",\"logo\":{\"@type\":\"ImageObject\",\"inLanguage\":\"de\",\"@id\":\"https:\\\/\\\/www.allinclusivehotels.it\\\/de#\\\/schema\\\/logo\\\/image\\\/\",\"url\":\"\",\"contentUrl\":\"\",\"caption\":\"All Inclusive Hotels\"},\"image\":{\"@id\":\"https:\\\/\\\/www.allinclusivehotels.it\\\/de#\\\/schema\\\/logo\\\/image\\\/\"}}]}<\/script>\n<!-- \/ Yoast SEO plugin. -->","yoast_head_json":{"title":"All-Inclusive-Hotels Aostatal f\u00fcr Urlaube, in denen alles inbegriffen ist","description":"Suchen Sie All-Inclusive-Urlaub im Aostatal? Mehr \u00fcber die gr\u00f6\u00dfte Auswahl an All-Inclusive-Hotels in Italien. Die Angebote ansehen!","robots":{"index":"index","follow":"follow","max-snippet":"max-snippet:-1","max-image-preview":"max-image-preview:large","max-video-preview":"max-video-preview:-1"},"canonical":"https:\/\/www.allinclusivehotels.it\/de\/urlaubsziele\/aostatal","og_locale":"de_DE","og_type":"article","og_title":"All-Inclusive-Hotels Aostatal f\u00fcr Urlaube, in denen alles inbegriffen ist","og_description":"Suchen Sie All-Inclusive-Urlaub im Aostatal? Mehr \u00fcber die gr\u00f6\u00dfte Auswahl an All-Inclusive-Hotels in Italien. Die Angebote ansehen!","og_url":"https:\/\/www.allinclusivehotels.it\/de\/urlaubsziele\/aostatal","og_site_name":"All Inclusive Hotels","article_modified_time":"2026-04-01T13:15:23+00:00","twitter_card":"summary_large_image","twitter_misc":{"Gesch\u00e4tzte Lesezeit":"3\u00a0Minuten"},"schema":{"@context":"https:\/\/schema.org","@graph":[{"@type":"WebPage","@id":"https:\/\/www.allinclusivehotels.it\/de\/urlaubsziele\/aostatal","url":"https:\/\/www.allinclusivehotels.it\/de\/urlaubsziele\/aostatal","name":"All-Inclusive-Hotels Aostatal f\u00fcr Urlaube, in denen alles inbegriffen ist","isPartOf":{"@id":"https:\/\/www.allinclusivehotels.it\/de#website"},"datePublished":"2026-04-01T13:15:11+00:00","dateModified":"2026-04-01T13:15:23+00:00","description":"Suchen Sie All-Inclusive-Urlaub im Aostatal? Mehr \u00fcber die gr\u00f6\u00dfte Auswahl an All-Inclusive-Hotels in Italien. Die Angebote ansehen!","breadcrumb":{"@id":"https:\/\/www.allinclusivehotels.it\/de\/urlaubsziele\/aostatal#breadcrumb"},"inLanguage":"de","potentialAction":[{"@type":"ReadAction","target":["https:\/\/www.allinclusivehotels.it\/de\/urlaubsziele\/aostatal"]}]},{"@type":"BreadcrumbList","@id":"https:\/\/www.allinclusivehotels.it\/de\/urlaubsziele\/aostatal#breadcrumb","itemListElement":[{"@type":"ListItem","position":1,"name":"Home","item":"https:\/\/www.allinclusivehotels.it\/de"},{"@type":"ListItem","position":2,"name":"Urlaubsziele","item":"https:\/\/www.allinclusivehotels.it\/de\/urlaubsziele"},{"@type":"ListItem","position":3,"name":"Aostatal"}]},{"@type":"WebSite","@id":"https:\/\/www.allinclusivehotels.it\/de#website","url":"https:\/\/www.allinclusivehotels.it\/de","name":"All Inclusive Hotels","description":"","publisher":{"@id":"https:\/\/www.allinclusivehotels.it\/de#organization"},"potentialAction":[{"@type":"SearchAction","target":{"@type":"EntryPoint","urlTemplate":"https:\/\/www.allinclusivehotels.it\/de?s={search_term_string}"},"query-input":{"@type":"PropertyValueSpecification","valueRequired":true,"valueName":"search_term_string"}}],"inLanguage":"de"},{"@type":"Organization","@id":"https:\/\/www.allinclusivehotels.it\/de#organization","name":"All Inclusive Hotels","url":"https:\/\/www.allinclusivehotels.it\/de","logo":{"@type":"ImageObject","inLanguage":"de","@id":"https:\/\/www.allinclusivehotels.it\/de#\/schema\/logo\/image\/","url":"","contentUrl":"","caption":"All Inclusive Hotels"},"image":{"@id":"https:\/\/www.allinclusivehotels.it\/de#\/schema\/logo\/image\/"}}]}},"_links":{"self":[{"href":"https:\/\/www.allinclusivehotels.it\/de\/wp-json\/wp\/v2\/pages\/52003","targetHints":{"allow":["GET"]}}],"collection":[{"href":"https:\/\/www.allinclusivehotels.it\/de\/wp-json\/wp\/v2\/pages"}],"about":[{"href":"https:\/\/www.allinclusivehotels.it\/de\/wp-json\/wp\/v2\/types\/page"}],"author":[{"embeddable":true,"href":"https:\/\/www.allinclusivehotels.it\/de\/wp-json\/wp\/v2\/users\/1"}],"replies":[{"embeddable":true,"href":"https:\/\/www.allinclusivehotels.it\/de\/wp-json\/wp\/v2\/comments?post=52003"}],"version-history":[{"count":1,"href":"https:\/\/www.allinclusivehotels.it\/de\/wp-json\/wp\/v2\/pages\/52003\/revisions"}],"predecessor-version":[{"id":52004,"href":"https:\/\/www.allinclusivehotels.it\/de\/wp-json\/wp\/v2\/pages\/52003\/revisions\/52004"}],"up":[{"embeddable":true,"href":"https:\/\/www.allinclusivehotels.it\/de\/wp-json\/wp\/v2\/pages\/16402"}],"wp:attachment":[{"href":"https:\/\/www.allinclusivehotels.it\/de\/wp-json\/wp\/v2\/media?parent=52003"}],"curies":[{"name":"wp","href":"https:\/\/api.w.org\/{rel}","templated":true}]}}