{"id":51713,"date":"2026-03-13T11:16:10","date_gmt":"2026-03-13T10:16:10","guid":{"rendered":"https:\/\/www.allinclusivehotels.it\/hotels\/el-cid-campeador-family-hotel"},"modified":"2026-04-01T15:11:30","modified_gmt":"2026-04-01T13:11:30","slug":"el-cid-campeador-family-hotel","status":"publish","type":"page","link":"https:\/\/www.allinclusivehotels.it\/de\/hotels\/el-cid-campeador-family-hotel","title":{"rendered":"El Cid Campeador Family Hotel"},"content":{"rendered":"\n<p>Das <b>Hotel El Cid Campeador <\/b>in <b>Torre Pedrera von Rimini <\/b>liegt nur <b>100 m vom Meer entfernt.<\/b> Mit der <b>All-Inclusive-Option<\/b> erwarten Sie reichhaltige <b>Buffets<\/b> mit lokalen Spezialit\u00e4ten, <b>unbeschr\u00e4nkt Getr\u00e4nke<\/b>, <b>Sonnenschirm<\/b> und <b>Sonnenliegen<\/b> am Strand.<\/p>\n\n\n\n<!--more-->\n\n\n\n<p>F\u00fcr eine <b>Erholungspause<\/b> kann man nicht nur den Strand, sondern auch den <b>Whirlpool <\/b>und den <b>Fresh Area &#8211; Bereich<\/b> mit Liegen und K\u00fchldampfd\u00fcsen genie\u00dfen. In der Zwischenzeit k\u00f6nnen sich Ihre Kinder am <b>Strand <\/b>und im <b>Hotel <\/b>mit dem <b>Animationsteam<\/b> bei spannenden Turnieren, Baby Dance, Workshops und tollen Spielen vergn\u00fcgen. Zudem gibt es auch zahlreiche Bereiche, die speziell f\u00fcr sie konzipiert wurden: interaktive Stationen, <b>H\u00fcpfburgen<\/b> im Freien, nach Altersgruppen unterteilte <b>Themenbereiche<\/b> und sogar einen <b>kleinen Kinosaal<\/b>.<\/p>\n\n\n\n<p>In der Welt von <b>Pedro, dem Maskottchen<\/b>, kommt nie Langeweile auf, auch nicht am Abend, weil nach dem Abendessen <b>Themenabende und Shows<\/b> f\u00fcr alle organisiert werden. Wie zum Beispiel der so beliebte Romagna-Abend mit Musik und traditionellen T\u00e4nzen.<\/p>\n\n\n\n<p>Das Hotel El Cid Campeador bietet auch <b>Gratis-Fahrradverleih<\/b>, <b>Buggy-Verleih <\/b>und entsprechende <b>Kinderausstattung<\/b>.<\/p>\n","protected":false},"excerpt":{"rendered":"<p>Das Hotel El Cid Campeador in Torre Pedrera von Rimini liegt nur 100 m vom &hellip;<\/p>\n","protected":false},"author":1,"featured_media":0,"parent":16476,"menu_order":0,"comment_status":"closed","ping_status":"closed","template":"page-templates\/scheda_hotel.php","meta":{"_acf_changed":false,"footnotes":""},"class_list":["post-51713","page","type-page","status-publish","hentry"],"acf":[],"yoast_head":"<!-- This site is optimized with the Yoast SEO plugin v27.0 - https:\/\/yoast.com\/product\/yoast-seo-wordpress\/ -->\n<title>El Cid Campeador Family Hotel - All Inclusive Hotels<\/title>\n<meta name=\"robots\" content=\"index, follow, max-snippet:-1, max-image-preview:large, max-video-preview:-1\" \/>\n<link rel=\"canonical\" href=\"https:\/\/www.allinclusivehotels.it\/de\/hotels\/el-cid-campeador-family-hotel\" \/>\n<meta property=\"og:locale\" content=\"de_DE\" \/>\n<meta property=\"og:type\" content=\"article\" \/>\n<meta property=\"og:title\" content=\"El Cid Campeador Family Hotel - All Inclusive Hotels\" \/>\n<meta property=\"og:description\" content=\"Das Hotel El Cid Campeador in Torre Pedrera von Rimini liegt nur 100 m vom &hellip;\" \/>\n<meta property=\"og:url\" content=\"https:\/\/www.allinclusivehotels.it\/de\/hotels\/el-cid-campeador-family-hotel\" \/>\n<meta property=\"og:site_name\" content=\"All Inclusive Hotels\" \/>\n<meta property=\"article:modified_time\" content=\"2026-04-01T13:11:30+00:00\" \/>\n<meta name=\"twitter:card\" content=\"summary_large_image\" \/>\n<meta name=\"twitter:label1\" content=\"Gesch\u00e4tzte Lesezeit\" \/>\n\t<meta name=\"twitter:data1\" content=\"1\u00a0Minute\" \/>\n<script type=\"application\/ld+json\" class=\"yoast-schema-graph\">{\"@context\":\"https:\/\/schema.org\",\"@graph\":[{\"@type\":\"WebPage\",\"@id\":\"https:\/\/www.allinclusivehotels.it\/de\/hotels\/el-cid-campeador-family-hotel\",\"url\":\"https:\/\/www.allinclusivehotels.it\/de\/hotels\/el-cid-campeador-family-hotel\",\"name\":\"El Cid Campeador Family Hotel - All Inclusive Hotels\",\"isPartOf\":{\"@id\":\"https:\/\/www.allinclusivehotels.it\/de#website\"},\"datePublished\":\"2026-03-13T10:16:10+00:00\",\"dateModified\":\"2026-04-01T13:11:30+00:00\",\"breadcrumb\":{\"@id\":\"https:\/\/www.allinclusivehotels.it\/de\/hotels\/el-cid-campeador-family-hotel#breadcrumb\"},\"inLanguage\":\"de\",\"potentialAction\":[{\"@type\":\"ReadAction\",\"target\":[\"https:\/\/www.allinclusivehotels.it\/de\/hotels\/el-cid-campeador-family-hotel\"]}]},{\"@type\":\"BreadcrumbList\",\"@id\":\"https:\/\/www.allinclusivehotels.it\/de\/hotels\/el-cid-campeador-family-hotel#breadcrumb\",\"itemListElement\":[{\"@type\":\"ListItem\",\"position\":1,\"name\":\"Home\",\"item\":\"https:\/\/www.allinclusivehotels.it\/de\"},{\"@type\":\"ListItem\",\"position\":2,\"name\":\"Hotels\",\"item\":\"https:\/\/www.allinclusivehotels.it\/de\/hotels\"},{\"@type\":\"ListItem\",\"position\":3,\"name\":\"El Cid Campeador Family Hotel\"}]},{\"@type\":\"WebSite\",\"@id\":\"https:\/\/www.allinclusivehotels.it\/de#website\",\"url\":\"https:\/\/www.allinclusivehotels.it\/de\",\"name\":\"All Inclusive Hotels\",\"description\":\"\",\"publisher\":{\"@id\":\"https:\/\/www.allinclusivehotels.it\/de#organization\"},\"potentialAction\":[{\"@type\":\"SearchAction\",\"target\":{\"@type\":\"EntryPoint\",\"urlTemplate\":\"https:\/\/www.allinclusivehotels.it\/de?s={search_term_string}\"},\"query-input\":{\"@type\":\"PropertyValueSpecification\",\"valueRequired\":true,\"valueName\":\"search_term_string\"}}],\"inLanguage\":\"de\"},{\"@type\":\"Organization\",\"@id\":\"https:\/\/www.allinclusivehotels.it\/de#organization\",\"name\":\"All Inclusive Hotels\",\"url\":\"https:\/\/www.allinclusivehotels.it\/de\",\"logo\":{\"@type\":\"ImageObject\",\"inLanguage\":\"de\",\"@id\":\"https:\/\/www.allinclusivehotels.it\/de#\/schema\/logo\/image\/\",\"url\":\"\",\"contentUrl\":\"\",\"caption\":\"All Inclusive Hotels\"},\"image\":{\"@id\":\"https:\/\/www.allinclusivehotels.it\/de#\/schema\/logo\/image\/\"}}]}<\/script>\n<!-- \/ Yoast SEO plugin. -->","yoast_head_json":{"title":"El Cid Campeador Family Hotel - All Inclusive Hotels","robots":{"index":"index","follow":"follow","max-snippet":"max-snippet:-1","max-image-preview":"max-image-preview:large","max-video-preview":"max-video-preview:-1"},"canonical":"https:\/\/www.allinclusivehotels.it\/de\/hotels\/el-cid-campeador-family-hotel","og_locale":"de_DE","og_type":"article","og_title":"El Cid Campeador Family Hotel - All Inclusive Hotels","og_description":"Das Hotel El Cid Campeador in Torre Pedrera von Rimini liegt nur 100 m vom &hellip;","og_url":"https:\/\/www.allinclusivehotels.it\/de\/hotels\/el-cid-campeador-family-hotel","og_site_name":"All Inclusive Hotels","article_modified_time":"2026-04-01T13:11:30+00:00","twitter_card":"summary_large_image","twitter_misc":{"Gesch\u00e4tzte Lesezeit":"1\u00a0Minute"},"schema":{"@context":"https:\/\/schema.org","@graph":[{"@type":"WebPage","@id":"https:\/\/www.allinclusivehotels.it\/de\/hotels\/el-cid-campeador-family-hotel","url":"https:\/\/www.allinclusivehotels.it\/de\/hotels\/el-cid-campeador-family-hotel","name":"El Cid Campeador Family Hotel - All Inclusive Hotels","isPartOf":{"@id":"https:\/\/www.allinclusivehotels.it\/de#website"},"datePublished":"2026-03-13T10:16:10+00:00","dateModified":"2026-04-01T13:11:30+00:00","breadcrumb":{"@id":"https:\/\/www.allinclusivehotels.it\/de\/hotels\/el-cid-campeador-family-hotel#breadcrumb"},"inLanguage":"de","potentialAction":[{"@type":"ReadAction","target":["https:\/\/www.allinclusivehotels.it\/de\/hotels\/el-cid-campeador-family-hotel"]}]},{"@type":"BreadcrumbList","@id":"https:\/\/www.allinclusivehotels.it\/de\/hotels\/el-cid-campeador-family-hotel#breadcrumb","itemListElement":[{"@type":"ListItem","position":1,"name":"Home","item":"https:\/\/www.allinclusivehotels.it\/de"},{"@type":"ListItem","position":2,"name":"Hotels","item":"https:\/\/www.allinclusivehotels.it\/de\/hotels"},{"@type":"ListItem","position":3,"name":"El Cid Campeador Family Hotel"}]},{"@type":"WebSite","@id":"https:\/\/www.allinclusivehotels.it\/de#website","url":"https:\/\/www.allinclusivehotels.it\/de","name":"All Inclusive Hotels","description":"","publisher":{"@id":"https:\/\/www.allinclusivehotels.it\/de#organization"},"potentialAction":[{"@type":"SearchAction","target":{"@type":"EntryPoint","urlTemplate":"https:\/\/www.allinclusivehotels.it\/de?s={search_term_string}"},"query-input":{"@type":"PropertyValueSpecification","valueRequired":true,"valueName":"search_term_string"}}],"inLanguage":"de"},{"@type":"Organization","@id":"https:\/\/www.allinclusivehotels.it\/de#organization","name":"All Inclusive Hotels","url":"https:\/\/www.allinclusivehotels.it\/de","logo":{"@type":"ImageObject","inLanguage":"de","@id":"https:\/\/www.allinclusivehotels.it\/de#\/schema\/logo\/image\/","url":"","contentUrl":"","caption":"All Inclusive Hotels"},"image":{"@id":"https:\/\/www.allinclusivehotels.it\/de#\/schema\/logo\/image\/"}}]}},"_links":{"self":[{"href":"https:\/\/www.allinclusivehotels.it\/de\/wp-json\/wp\/v2\/pages\/51713","targetHints":{"allow":["GET"]}}],"collection":[{"href":"https:\/\/www.allinclusivehotels.it\/de\/wp-json\/wp\/v2\/pages"}],"about":[{"href":"https:\/\/www.allinclusivehotels.it\/de\/wp-json\/wp\/v2\/types\/page"}],"author":[{"embeddable":true,"href":"https:\/\/www.allinclusivehotels.it\/de\/wp-json\/wp\/v2\/users\/1"}],"replies":[{"embeddable":true,"href":"https:\/\/www.allinclusivehotels.it\/de\/wp-json\/wp\/v2\/comments?post=51713"}],"version-history":[{"count":2,"href":"https:\/\/www.allinclusivehotels.it\/de\/wp-json\/wp\/v2\/pages\/51713\/revisions"}],"predecessor-version":[{"id":51995,"href":"https:\/\/www.allinclusivehotels.it\/de\/wp-json\/wp\/v2\/pages\/51713\/revisions\/51995"}],"up":[{"embeddable":true,"href":"https:\/\/www.allinclusivehotels.it\/de\/wp-json\/wp\/v2\/pages\/16476"}],"wp:attachment":[{"href":"https:\/\/www.allinclusivehotels.it\/de\/wp-json\/wp\/v2\/media?parent=51713"}],"curies":[{"name":"wp","href":"https:\/\/api.w.org\/{rel}","templated":true}]}}