{"id":51568,"date":"2026-03-11T12:12:33","date_gmt":"2026-03-11T11:12:33","guid":{"rendered":"https:\/\/www.allinclusivehotels.it\/hotels\/hotel-castor"},"modified":"2026-04-01T15:11:27","modified_gmt":"2026-04-01T13:11:27","slug":"hotel-castor","status":"publish","type":"page","link":"https:\/\/www.allinclusivehotels.it\/de\/hotels\/hotel-castor","title":{"rendered":"Hotel Castor"},"content":{"rendered":"\n<p>Das <b>Hotel Cator <\/b>in <b>Champoluc<\/b> ist mitten in der <b>Altstadt<\/b>, nur <b>7 Gehminuten<\/b> von den <b>Aufstiegsanlagen<\/b> entfernt, gelegen.<\/p>\n\n\n\n<!--more-->\n\n\n\n<p>Das Hotel ist von einem sch\u00f6nen <b>Garten <\/b>mit einem <b>Sonnenbereich<\/b> umgeben, wo man sich in der warmen Jahreszeit erholen kann. Zudem stehen G\u00e4sten, die mit <b>Kindern <\/b>unterwegs sind, ein <b>Spielbereich<\/b> und komfortable <b>Familienzimmer<\/b> zur Verf\u00fcgung.<\/p>\n\n\n\n<p>Das <b>Hotel Castor<\/b> ist der ideale Ausgangspunkt, um die <b>Berge<\/b> in all ihren Facetten zu genie\u00dfen, wobei man den vom Hotel angebotenen <b>Lunchpaket-Service<\/b> nutzen kann. Im <b>Winter<\/b> erwarten Sie die <b>drei T\u00e4ler des Monterosaski<\/b>, Mittagessen in den Bergen und fr\u00f6hliches <b>Apr\u00e8s-Ski<\/b>; im <b>Sommer<\/b> bieten sich Panoramawanderwege, Bergseen, Wasserf\u00e4lle und die M\u00f6glichkeit, die heimische Tierwelt zu beobachten. Ob Skifahren, Freeriden, Schneeschuhwandern, Ausfl\u00fcge zu Bergh\u00fctten oder Besichtigungen der D\u00f6rfer und Burgen im <b>Aostatal<\/b> &#8211; jeder Tag h\u00e4lt neue Abenteuer bereit.<\/p>\n\n\n\n<p>Den G\u00e4sten stehen <b>Gratis-Fahrr\u00e4der<\/b> und ein <b>Parkplatz<\/b> (solange die Pl\u00e4tze reichen) zur Verf\u00fcgung. <b>Haustiere<\/b> sind bei uns <b>willkommen<\/b>.<\/p>\n","protected":false},"excerpt":{"rendered":"<p>Das Hotel Cator in Champoluc ist mitten in der Altstadt, nur 7 Gehminuten von den &hellip;<\/p>\n","protected":false},"author":1,"featured_media":0,"parent":16476,"menu_order":0,"comment_status":"closed","ping_status":"closed","template":"page-templates\/scheda_hotel.php","meta":{"_acf_changed":false,"footnotes":""},"class_list":["post-51568","page","type-page","status-publish","hentry"],"acf":[],"yoast_head":"<!-- This site is optimized with the Yoast SEO plugin v27.0 - https:\/\/yoast.com\/product\/yoast-seo-wordpress\/ -->\n<title>Hotel Castor - All Inclusive Hotels<\/title>\n<meta name=\"robots\" content=\"index, follow, max-snippet:-1, max-image-preview:large, max-video-preview:-1\" \/>\n<link rel=\"canonical\" href=\"https:\/\/www.allinclusivehotels.it\/de\/hotels\/hotel-castor\" \/>\n<meta property=\"og:locale\" content=\"de_DE\" \/>\n<meta property=\"og:type\" content=\"article\" \/>\n<meta property=\"og:title\" content=\"Hotel Castor - All Inclusive Hotels\" \/>\n<meta property=\"og:description\" content=\"Das Hotel Cator in Champoluc ist mitten in der Altstadt, nur 7 Gehminuten von den &hellip;\" \/>\n<meta property=\"og:url\" content=\"https:\/\/www.allinclusivehotels.it\/de\/hotels\/hotel-castor\" \/>\n<meta property=\"og:site_name\" content=\"All Inclusive Hotels\" \/>\n<meta property=\"article:modified_time\" content=\"2026-04-01T13:11:27+00:00\" \/>\n<meta name=\"twitter:card\" content=\"summary_large_image\" \/>\n<meta name=\"twitter:label1\" content=\"Gesch\u00e4tzte Lesezeit\" \/>\n\t<meta name=\"twitter:data1\" content=\"1\u00a0Minute\" \/>\n<script type=\"application\/ld+json\" class=\"yoast-schema-graph\">{\"@context\":\"https:\/\/schema.org\",\"@graph\":[{\"@type\":\"WebPage\",\"@id\":\"https:\/\/www.allinclusivehotels.it\/de\/hotels\/hotel-castor\",\"url\":\"https:\/\/www.allinclusivehotels.it\/de\/hotels\/hotel-castor\",\"name\":\"Hotel Castor - All Inclusive Hotels\",\"isPartOf\":{\"@id\":\"https:\/\/www.allinclusivehotels.it\/de#website\"},\"datePublished\":\"2026-03-11T11:12:33+00:00\",\"dateModified\":\"2026-04-01T13:11:27+00:00\",\"breadcrumb\":{\"@id\":\"https:\/\/www.allinclusivehotels.it\/de\/hotels\/hotel-castor#breadcrumb\"},\"inLanguage\":\"de\",\"potentialAction\":[{\"@type\":\"ReadAction\",\"target\":[\"https:\/\/www.allinclusivehotels.it\/de\/hotels\/hotel-castor\"]}]},{\"@type\":\"BreadcrumbList\",\"@id\":\"https:\/\/www.allinclusivehotels.it\/de\/hotels\/hotel-castor#breadcrumb\",\"itemListElement\":[{\"@type\":\"ListItem\",\"position\":1,\"name\":\"Home\",\"item\":\"https:\/\/www.allinclusivehotels.it\/de\"},{\"@type\":\"ListItem\",\"position\":2,\"name\":\"Hotels\",\"item\":\"https:\/\/www.allinclusivehotels.it\/de\/hotels\"},{\"@type\":\"ListItem\",\"position\":3,\"name\":\"Hotel Castor\"}]},{\"@type\":\"WebSite\",\"@id\":\"https:\/\/www.allinclusivehotels.it\/de#website\",\"url\":\"https:\/\/www.allinclusivehotels.it\/de\",\"name\":\"All Inclusive Hotels\",\"description\":\"\",\"publisher\":{\"@id\":\"https:\/\/www.allinclusivehotels.it\/de#organization\"},\"potentialAction\":[{\"@type\":\"SearchAction\",\"target\":{\"@type\":\"EntryPoint\",\"urlTemplate\":\"https:\/\/www.allinclusivehotels.it\/de?s={search_term_string}\"},\"query-input\":{\"@type\":\"PropertyValueSpecification\",\"valueRequired\":true,\"valueName\":\"search_term_string\"}}],\"inLanguage\":\"de\"},{\"@type\":\"Organization\",\"@id\":\"https:\/\/www.allinclusivehotels.it\/de#organization\",\"name\":\"All Inclusive Hotels\",\"url\":\"https:\/\/www.allinclusivehotels.it\/de\",\"logo\":{\"@type\":\"ImageObject\",\"inLanguage\":\"de\",\"@id\":\"https:\/\/www.allinclusivehotels.it\/de#\/schema\/logo\/image\/\",\"url\":\"\",\"contentUrl\":\"\",\"caption\":\"All Inclusive Hotels\"},\"image\":{\"@id\":\"https:\/\/www.allinclusivehotels.it\/de#\/schema\/logo\/image\/\"}}]}<\/script>\n<!-- \/ Yoast SEO plugin. -->","yoast_head_json":{"title":"Hotel Castor - All Inclusive Hotels","robots":{"index":"index","follow":"follow","max-snippet":"max-snippet:-1","max-image-preview":"max-image-preview:large","max-video-preview":"max-video-preview:-1"},"canonical":"https:\/\/www.allinclusivehotels.it\/de\/hotels\/hotel-castor","og_locale":"de_DE","og_type":"article","og_title":"Hotel Castor - All Inclusive Hotels","og_description":"Das Hotel Cator in Champoluc ist mitten in der Altstadt, nur 7 Gehminuten von den &hellip;","og_url":"https:\/\/www.allinclusivehotels.it\/de\/hotels\/hotel-castor","og_site_name":"All Inclusive Hotels","article_modified_time":"2026-04-01T13:11:27+00:00","twitter_card":"summary_large_image","twitter_misc":{"Gesch\u00e4tzte Lesezeit":"1\u00a0Minute"},"schema":{"@context":"https:\/\/schema.org","@graph":[{"@type":"WebPage","@id":"https:\/\/www.allinclusivehotels.it\/de\/hotels\/hotel-castor","url":"https:\/\/www.allinclusivehotels.it\/de\/hotels\/hotel-castor","name":"Hotel Castor - All Inclusive Hotels","isPartOf":{"@id":"https:\/\/www.allinclusivehotels.it\/de#website"},"datePublished":"2026-03-11T11:12:33+00:00","dateModified":"2026-04-01T13:11:27+00:00","breadcrumb":{"@id":"https:\/\/www.allinclusivehotels.it\/de\/hotels\/hotel-castor#breadcrumb"},"inLanguage":"de","potentialAction":[{"@type":"ReadAction","target":["https:\/\/www.allinclusivehotels.it\/de\/hotels\/hotel-castor"]}]},{"@type":"BreadcrumbList","@id":"https:\/\/www.allinclusivehotels.it\/de\/hotels\/hotel-castor#breadcrumb","itemListElement":[{"@type":"ListItem","position":1,"name":"Home","item":"https:\/\/www.allinclusivehotels.it\/de"},{"@type":"ListItem","position":2,"name":"Hotels","item":"https:\/\/www.allinclusivehotels.it\/de\/hotels"},{"@type":"ListItem","position":3,"name":"Hotel Castor"}]},{"@type":"WebSite","@id":"https:\/\/www.allinclusivehotels.it\/de#website","url":"https:\/\/www.allinclusivehotels.it\/de","name":"All Inclusive Hotels","description":"","publisher":{"@id":"https:\/\/www.allinclusivehotels.it\/de#organization"},"potentialAction":[{"@type":"SearchAction","target":{"@type":"EntryPoint","urlTemplate":"https:\/\/www.allinclusivehotels.it\/de?s={search_term_string}"},"query-input":{"@type":"PropertyValueSpecification","valueRequired":true,"valueName":"search_term_string"}}],"inLanguage":"de"},{"@type":"Organization","@id":"https:\/\/www.allinclusivehotels.it\/de#organization","name":"All Inclusive Hotels","url":"https:\/\/www.allinclusivehotels.it\/de","logo":{"@type":"ImageObject","inLanguage":"de","@id":"https:\/\/www.allinclusivehotels.it\/de#\/schema\/logo\/image\/","url":"","contentUrl":"","caption":"All Inclusive Hotels"},"image":{"@id":"https:\/\/www.allinclusivehotels.it\/de#\/schema\/logo\/image\/"}}]}},"_links":{"self":[{"href":"https:\/\/www.allinclusivehotels.it\/de\/wp-json\/wp\/v2\/pages\/51568","targetHints":{"allow":["GET"]}}],"collection":[{"href":"https:\/\/www.allinclusivehotels.it\/de\/wp-json\/wp\/v2\/pages"}],"about":[{"href":"https:\/\/www.allinclusivehotels.it\/de\/wp-json\/wp\/v2\/types\/page"}],"author":[{"embeddable":true,"href":"https:\/\/www.allinclusivehotels.it\/de\/wp-json\/wp\/v2\/users\/1"}],"replies":[{"embeddable":true,"href":"https:\/\/www.allinclusivehotels.it\/de\/wp-json\/wp\/v2\/comments?post=51568"}],"version-history":[{"count":2,"href":"https:\/\/www.allinclusivehotels.it\/de\/wp-json\/wp\/v2\/pages\/51568\/revisions"}],"predecessor-version":[{"id":51994,"href":"https:\/\/www.allinclusivehotels.it\/de\/wp-json\/wp\/v2\/pages\/51568\/revisions\/51994"}],"up":[{"embeddable":true,"href":"https:\/\/www.allinclusivehotels.it\/de\/wp-json\/wp\/v2\/pages\/16476"}],"wp:attachment":[{"href":"https:\/\/www.allinclusivehotels.it\/de\/wp-json\/wp\/v2\/media?parent=51568"}],"curies":[{"name":"wp","href":"https:\/\/api.w.org\/{rel}","templated":true}]}}