{"id":51441,"date":"2026-03-05T09:04:56","date_gmt":"2026-03-05T08:04:56","guid":{"rendered":"https:\/\/www.allinclusivehotels.it\/urlaubsziele\/salento"},"modified":"2026-03-05T09:05:01","modified_gmt":"2026-03-05T08:05:01","slug":"salento","status":"publish","type":"page","link":"https:\/\/www.allinclusivehotels.it\/de\/urlaubsziele\/salento","title":{"rendered":"Salento"},"content":{"rendered":"\n<p>Das <b>Salento<\/b>, die <b>s\u00fcdlichste<\/b> Spitze <b>Apuliens<\/b>, ist eine Region, die bei jedem Schritt \u00fcberrascht. Das <b>kristallklare<\/b> <b>Meer<\/b> und die <b>goldenen Str\u00e4nde<\/b> von <b>Punta Prosciutto<\/b> bis <b>Torre Lapillo<\/b> bieten Postkartenszenarien, w\u00e4hrend versteckte Buchten zum Entspannen einladen. Genau in diesem authentischen Umfeld erm\u00f6glichen es Ihnen die <b>All-Inclusive-Hotels und -Feriend\u00f6rfer<\/b> im Salento, die Region <b>unbeschwert<\/b> zu erleben und den Komfort eines All-Inclusive-Aufenthalts mit der Entdeckung der nat\u00fcrlichen und kulturellen Sch\u00f6nheiten der <b>ionischen K\u00fcste<\/b> zu verbinden.<\/p>\n\n\n\n<!--more-->\n\n\n\n<p>Neben dem <b>Meer<\/b> ist das <b>Salento<\/b> ideal f\u00fcr alle, die gerne auf Entdeckungsreise gehen. Man kann <b>Ausfl\u00fcge<\/b> entlang der K\u00fcste unternehmen, zwischen den <b>K\u00fcsten-Wacht\u00fcrme<\/b>, welche die ionische und adriatische K\u00fcste s\u00e4umen, und Naturschutzgebieten wie <b>Le Cesine<\/b> zwischen <b>Vernole<\/b> und <b>San Cataldo<\/b>, oder Wanderwege im Hinterland zwischen jahrhundertealten Olivenhainen, Trulli und historischen Bauernh\u00f6fen erkunden. Hier wird die Reise auch zu einer kulturellen Reise: <b>D\u00f6rfer<\/b> wie <b>Minervino di Lecce<\/b> erz\u00e4hlen von einer Vergangenheit voller Traditionen und Lecce-Stein, w\u00e4hrend man nicht weit entfernt <b>Burgen und Festungen<\/b> wie das <b>Castello<\/b> di <b>Otranto<\/b>, die<b> Festung<\/b> von <b>Acaya<\/b> oder das <b>Castello Carlo V<\/b> in <b>Lecce<\/b> besichtigen kann. Die <b>Barockkirchen<\/b> von<b> Lecce<\/b> bieten zusammen mit den <b>Kathedralen<\/b> von <b>Otranto<\/b> und <b>Gallipoli<\/b> eine faszinierende Kunstroute.<\/p>\n\n\n\n<p><b>Trekking<\/b>&#8211; und <b>Mountainbike<\/b>-Fans finden hier Routen inmitten der <b>Natur<\/b>, zwischen unbefestigten Stra\u00dfen und l\u00e4ndlichen Landschaften.<\/p>\n\n\n\n<p>Die <b>Gastronomie<\/b> ist eine weitere gro\u00dfe Attraktion des <b>Salento<\/b>: von <b>Orecchiette<\/b> mit <b>R\u00fcbenspitzen<\/b> \u00fcber <b>Ciceri e Tria<\/b> bis hin zu <b>fangfrischen Meeresfr\u00fcchten<\/b>, <b>frittiertem Fisch (Paranza-Fritti)<\/b>, <b>Rustico Leccese<\/b>, <b>Burrata<\/b> und dem unverzichtbaren <b>Pasticciotto Leccese<\/b>. Jedes <b>Gericht<\/b> erz\u00e4hlt eine Geschichte aus einfachen und unverf\u00e4lschten Zutaten, dem Duft von Kr\u00e4utern und nativem Oliven\u00f6l extra. Um diese Tradition in vollen Z\u00fcgen zu erleben, organisieren viele <b>All-Inclusive-Hotels und Feriend\u00f6rfer im Salento<\/b> <b>salentinische Abende<\/b>, bei denen typische lokale Produkte, Weine aus der Region und Rezepte der <b>apulischen K\u00fcche<\/b> verkostet werden k\u00f6nnen.<\/p>\n\n\n","protected":false},"excerpt":{"rendered":"<p>Das Salento, die s\u00fcdlichste Spitze Apuliens, ist eine Region, die bei jedem Schritt \u00fcberrascht. Das &hellip;<\/p>\n","protected":false},"author":1,"featured_media":0,"parent":16402,"menu_order":0,"comment_status":"closed","ping_status":"closed","template":"page-templates\/destinazione.php","meta":{"_acf_changed":false,"footnotes":""},"class_list":["post-51441","page","type-page","status-publish","hentry"],"acf":[],"yoast_head":"<!-- This site is optimized with the Yoast SEO plugin v27.0 - https:\/\/yoast.com\/product\/yoast-seo-wordpress\/ -->\n<title>All-Inclusive-Hotels in Salento: die Angebote den besten All-Inclusive-Hotels<\/title>\n<meta name=\"description\" content=\"Entdecken Sie Top-Angebote im Salento und Minervino di Lecce! W\u00e4hlen Sie Ihr perfektes Angebot f\u00fcr Ihren Urlaub in Apulien\" \/>\n<meta name=\"robots\" content=\"index, follow, max-snippet:-1, max-image-preview:large, max-video-preview:-1\" \/>\n<link rel=\"canonical\" href=\"https:\/\/www.allinclusivehotels.it\/de\/urlaubsziele\/salento\" \/>\n<meta property=\"og:locale\" content=\"de_DE\" \/>\n<meta property=\"og:type\" content=\"article\" \/>\n<meta property=\"og:title\" content=\"All-Inclusive-Hotels in Salento: die Angebote den besten All-Inclusive-Hotels\" \/>\n<meta property=\"og:description\" content=\"Entdecken Sie Top-Angebote im Salento und Minervino di Lecce! W\u00e4hlen Sie Ihr perfektes Angebot f\u00fcr Ihren Urlaub in Apulien\" \/>\n<meta property=\"og:url\" content=\"https:\/\/www.allinclusivehotels.it\/de\/urlaubsziele\/salento\" \/>\n<meta property=\"og:site_name\" content=\"All Inclusive Hotels\" \/>\n<meta property=\"article:modified_time\" content=\"2026-03-05T08:05:01+00:00\" \/>\n<meta name=\"twitter:card\" content=\"summary_large_image\" \/>\n<meta name=\"twitter:label1\" content=\"Gesch\u00e4tzte Lesezeit\" \/>\n\t<meta name=\"twitter:data1\" content=\"2\u00a0Minuten\" \/>\n<script type=\"application\/ld+json\" class=\"yoast-schema-graph\">{\"@context\":\"https:\/\/schema.org\",\"@graph\":[{\"@type\":\"WebPage\",\"@id\":\"https:\/\/www.allinclusivehotels.it\/de\/urlaubsziele\/salento\",\"url\":\"https:\/\/www.allinclusivehotels.it\/de\/urlaubsziele\/salento\",\"name\":\"All-Inclusive-Hotels in Salento: die Angebote den besten All-Inclusive-Hotels\",\"isPartOf\":{\"@id\":\"https:\/\/www.allinclusivehotels.it\/de#website\"},\"datePublished\":\"2026-03-05T08:04:56+00:00\",\"dateModified\":\"2026-03-05T08:05:01+00:00\",\"description\":\"Entdecken Sie Top-Angebote im Salento und Minervino di Lecce! W\u00e4hlen Sie Ihr perfektes Angebot f\u00fcr Ihren Urlaub in Apulien\",\"breadcrumb\":{\"@id\":\"https:\/\/www.allinclusivehotels.it\/de\/urlaubsziele\/salento#breadcrumb\"},\"inLanguage\":\"de\",\"potentialAction\":[{\"@type\":\"ReadAction\",\"target\":[\"https:\/\/www.allinclusivehotels.it\/de\/urlaubsziele\/salento\"]}]},{\"@type\":\"BreadcrumbList\",\"@id\":\"https:\/\/www.allinclusivehotels.it\/de\/urlaubsziele\/salento#breadcrumb\",\"itemListElement\":[{\"@type\":\"ListItem\",\"position\":1,\"name\":\"Home\",\"item\":\"https:\/\/www.allinclusivehotels.it\/de\"},{\"@type\":\"ListItem\",\"position\":2,\"name\":\"Urlaubsziele\",\"item\":\"https:\/\/www.allinclusivehotels.it\/de\/urlaubsziele\"},{\"@type\":\"ListItem\",\"position\":3,\"name\":\"Salento\"}]},{\"@type\":\"WebSite\",\"@id\":\"https:\/\/www.allinclusivehotels.it\/de#website\",\"url\":\"https:\/\/www.allinclusivehotels.it\/de\",\"name\":\"All Inclusive Hotels\",\"description\":\"\",\"publisher\":{\"@id\":\"https:\/\/www.allinclusivehotels.it\/de#organization\"},\"potentialAction\":[{\"@type\":\"SearchAction\",\"target\":{\"@type\":\"EntryPoint\",\"urlTemplate\":\"https:\/\/www.allinclusivehotels.it\/de?s={search_term_string}\"},\"query-input\":{\"@type\":\"PropertyValueSpecification\",\"valueRequired\":true,\"valueName\":\"search_term_string\"}}],\"inLanguage\":\"de\"},{\"@type\":\"Organization\",\"@id\":\"https:\/\/www.allinclusivehotels.it\/de#organization\",\"name\":\"All Inclusive Hotels\",\"url\":\"https:\/\/www.allinclusivehotels.it\/de\",\"logo\":{\"@type\":\"ImageObject\",\"inLanguage\":\"de\",\"@id\":\"https:\/\/www.allinclusivehotels.it\/de#\/schema\/logo\/image\/\",\"url\":\"\",\"contentUrl\":\"\",\"caption\":\"All Inclusive Hotels\"},\"image\":{\"@id\":\"https:\/\/www.allinclusivehotels.it\/de#\/schema\/logo\/image\/\"}}]}<\/script>\n<!-- \/ Yoast SEO plugin. -->","yoast_head_json":{"title":"All-Inclusive-Hotels in Salento: die Angebote den besten All-Inclusive-Hotels","description":"Entdecken Sie Top-Angebote im Salento und Minervino di Lecce! W\u00e4hlen Sie Ihr perfektes Angebot f\u00fcr Ihren Urlaub in Apulien","robots":{"index":"index","follow":"follow","max-snippet":"max-snippet:-1","max-image-preview":"max-image-preview:large","max-video-preview":"max-video-preview:-1"},"canonical":"https:\/\/www.allinclusivehotels.it\/de\/urlaubsziele\/salento","og_locale":"de_DE","og_type":"article","og_title":"All-Inclusive-Hotels in Salento: die Angebote den besten All-Inclusive-Hotels","og_description":"Entdecken Sie Top-Angebote im Salento und Minervino di Lecce! W\u00e4hlen Sie Ihr perfektes Angebot f\u00fcr Ihren Urlaub in Apulien","og_url":"https:\/\/www.allinclusivehotels.it\/de\/urlaubsziele\/salento","og_site_name":"All Inclusive Hotels","article_modified_time":"2026-03-05T08:05:01+00:00","twitter_card":"summary_large_image","twitter_misc":{"Gesch\u00e4tzte Lesezeit":"2\u00a0Minuten"},"schema":{"@context":"https:\/\/schema.org","@graph":[{"@type":"WebPage","@id":"https:\/\/www.allinclusivehotels.it\/de\/urlaubsziele\/salento","url":"https:\/\/www.allinclusivehotels.it\/de\/urlaubsziele\/salento","name":"All-Inclusive-Hotels in Salento: die Angebote den besten All-Inclusive-Hotels","isPartOf":{"@id":"https:\/\/www.allinclusivehotels.it\/de#website"},"datePublished":"2026-03-05T08:04:56+00:00","dateModified":"2026-03-05T08:05:01+00:00","description":"Entdecken Sie Top-Angebote im Salento und Minervino di Lecce! W\u00e4hlen Sie Ihr perfektes Angebot f\u00fcr Ihren Urlaub in Apulien","breadcrumb":{"@id":"https:\/\/www.allinclusivehotels.it\/de\/urlaubsziele\/salento#breadcrumb"},"inLanguage":"de","potentialAction":[{"@type":"ReadAction","target":["https:\/\/www.allinclusivehotels.it\/de\/urlaubsziele\/salento"]}]},{"@type":"BreadcrumbList","@id":"https:\/\/www.allinclusivehotels.it\/de\/urlaubsziele\/salento#breadcrumb","itemListElement":[{"@type":"ListItem","position":1,"name":"Home","item":"https:\/\/www.allinclusivehotels.it\/de"},{"@type":"ListItem","position":2,"name":"Urlaubsziele","item":"https:\/\/www.allinclusivehotels.it\/de\/urlaubsziele"},{"@type":"ListItem","position":3,"name":"Salento"}]},{"@type":"WebSite","@id":"https:\/\/www.allinclusivehotels.it\/de#website","url":"https:\/\/www.allinclusivehotels.it\/de","name":"All Inclusive Hotels","description":"","publisher":{"@id":"https:\/\/www.allinclusivehotels.it\/de#organization"},"potentialAction":[{"@type":"SearchAction","target":{"@type":"EntryPoint","urlTemplate":"https:\/\/www.allinclusivehotels.it\/de?s={search_term_string}"},"query-input":{"@type":"PropertyValueSpecification","valueRequired":true,"valueName":"search_term_string"}}],"inLanguage":"de"},{"@type":"Organization","@id":"https:\/\/www.allinclusivehotels.it\/de#organization","name":"All Inclusive Hotels","url":"https:\/\/www.allinclusivehotels.it\/de","logo":{"@type":"ImageObject","inLanguage":"de","@id":"https:\/\/www.allinclusivehotels.it\/de#\/schema\/logo\/image\/","url":"","contentUrl":"","caption":"All Inclusive Hotels"},"image":{"@id":"https:\/\/www.allinclusivehotels.it\/de#\/schema\/logo\/image\/"}}]}},"_links":{"self":[{"href":"https:\/\/www.allinclusivehotels.it\/de\/wp-json\/wp\/v2\/pages\/51441","targetHints":{"allow":["GET"]}}],"collection":[{"href":"https:\/\/www.allinclusivehotels.it\/de\/wp-json\/wp\/v2\/pages"}],"about":[{"href":"https:\/\/www.allinclusivehotels.it\/de\/wp-json\/wp\/v2\/types\/page"}],"author":[{"embeddable":true,"href":"https:\/\/www.allinclusivehotels.it\/de\/wp-json\/wp\/v2\/users\/1"}],"replies":[{"embeddable":true,"href":"https:\/\/www.allinclusivehotels.it\/de\/wp-json\/wp\/v2\/comments?post=51441"}],"version-history":[{"count":1,"href":"https:\/\/www.allinclusivehotels.it\/de\/wp-json\/wp\/v2\/pages\/51441\/revisions"}],"predecessor-version":[{"id":51442,"href":"https:\/\/www.allinclusivehotels.it\/de\/wp-json\/wp\/v2\/pages\/51441\/revisions\/51442"}],"up":[{"embeddable":true,"href":"https:\/\/www.allinclusivehotels.it\/de\/wp-json\/wp\/v2\/pages\/16402"}],"wp:attachment":[{"href":"https:\/\/www.allinclusivehotels.it\/de\/wp-json\/wp\/v2\/media?parent=51441"}],"curies":[{"name":"wp","href":"https:\/\/api.w.org\/{rel}","templated":true}]}}