{"id":50866,"date":"2026-02-23T10:54:19","date_gmt":"2026-02-23T09:54:19","guid":{"rendered":"https:\/\/www.allinclusivehotels.it\/hotels\/pianob-breakfast-hotel-bar"},"modified":"2026-04-01T15:18:18","modified_gmt":"2026-04-01T13:18:18","slug":"pianob-breakfast-hotel-bar","status":"publish","type":"page","link":"https:\/\/www.allinclusivehotels.it\/de\/hotels\/pianob-breakfast-hotel-bar","title":{"rendered":"PianoB &#8211; Breakfast Hotel &#038; Bar"},"content":{"rendered":"\n<p><b>PianoB Breakfast Hotel &amp; Bar<\/b>. \u201eIhr Plan B\u201d in Senigallia. Mit wundersch\u00f6ner Lage an der Strandpromenade bietet das Hotel eine neue Option: <b>Halbpension Format PianoB<\/b>. \u00dcbernachtung, Fr\u00fchst\u00fcck, Strand, Mittag- oder Abendessen in den Restaurants Ihrer Wahl. Alles inbegriffen!<\/p>\n\n\n\n<!--more-->\n\n\n\n<p>Der Urlaub im <b>PianoB Breakfast Hotel &amp; Bar<\/b> steht ganz im Zeichen von Komfort, Ungebundenheit und Unbeschwertheit: <b>wirklich bequeme Betten<\/b>, in denen Sie sich wie K\u00f6nige und K\u00f6niginnen ausruhen k\u00f6nnen, Meerblick schon beim Aufwachen, ein <b>Riesenfr\u00fchst\u00fcck<\/b> <b>bis 11.00<\/b> Uhr, und die Ungebundenheit, jeden<b> Tag zwanglos <\/b>und <b>ohne festgelegte Zeiten<\/b> zu genie\u00dfen.<\/p>\n\n\n\n<p>Dank des <b>kostenlosen Fahrradverleihs<\/b> kann man <b>Senigallia<\/b> ganz entspannt auf langen <b>Radtouren <\/b>entlang der <b>Strandpromenade<\/b> bis zur <b>Altstadt<\/b>, die nur 800 Meter vom Hotel entfernt liegt, erkunden. Das <b>PianoB Breakfast Hotel &amp; Bar<\/b> ist das ideale Hotel, um an den vielen Veranstaltungen<b> <\/b>teilzunehmen, die das <b>ganze Jahr \u00fcber in Senigallia<\/b> organisiert werden, um die <b>Marken<\/b> zu erkunden und Orte wie das<b> Museo del Bal\u00ec<\/b>, die <b>Frasassi-H\u00f6hlen<\/b>, den <b>Dinosaurierpark<\/b> und <b>Loreto<\/b> zu besuchen.<\/p>\n","protected":false},"excerpt":{"rendered":"<p>PianoB Breakfast Hotel &amp; Bar. \u201eIhr Plan B\u201d in Senigallia. Mit wundersch\u00f6ner Lage an der &hellip;<\/p>\n","protected":false},"author":1,"featured_media":0,"parent":16476,"menu_order":0,"comment_status":"closed","ping_status":"closed","template":"page-templates\/scheda_hotel.php","meta":{"_acf_changed":false,"footnotes":""},"class_list":["post-50866","page","type-page","status-publish","hentry"],"acf":[],"yoast_head":"<!-- This site is optimized with the Yoast SEO plugin v27.0 - https:\/\/yoast.com\/product\/yoast-seo-wordpress\/ -->\n<title>PianoB - Breakfast Hotel &amp; Bar - All Inclusive Hotels<\/title>\n<meta name=\"robots\" content=\"index, follow, max-snippet:-1, max-image-preview:large, max-video-preview:-1\" \/>\n<link rel=\"canonical\" href=\"https:\/\/www.allinclusivehotels.it\/de\/hotels\/pianob-breakfast-hotel-bar\" \/>\n<meta property=\"og:locale\" content=\"de_DE\" \/>\n<meta property=\"og:type\" content=\"article\" \/>\n<meta property=\"og:title\" content=\"PianoB - Breakfast Hotel &amp; Bar - All Inclusive Hotels\" \/>\n<meta property=\"og:description\" content=\"PianoB Breakfast Hotel &amp; Bar. \u201eIhr Plan B\u201d in Senigallia. Mit wundersch\u00f6ner Lage an der &hellip;\" \/>\n<meta property=\"og:url\" content=\"https:\/\/www.allinclusivehotels.it\/de\/hotels\/pianob-breakfast-hotel-bar\" \/>\n<meta property=\"og:site_name\" content=\"All Inclusive Hotels\" \/>\n<meta property=\"article:modified_time\" content=\"2026-04-01T13:18:18+00:00\" \/>\n<meta name=\"twitter:card\" content=\"summary_large_image\" \/>\n<meta name=\"twitter:label1\" content=\"Gesch\u00e4tzte Lesezeit\" \/>\n\t<meta name=\"twitter:data1\" content=\"1\u00a0Minute\" \/>\n<script type=\"application\/ld+json\" class=\"yoast-schema-graph\">{\"@context\":\"https:\/\/schema.org\",\"@graph\":[{\"@type\":\"WebPage\",\"@id\":\"https:\/\/www.allinclusivehotels.it\/de\/hotels\/pianob-breakfast-hotel-bar\",\"url\":\"https:\/\/www.allinclusivehotels.it\/de\/hotels\/pianob-breakfast-hotel-bar\",\"name\":\"PianoB - Breakfast Hotel & Bar - All Inclusive Hotels\",\"isPartOf\":{\"@id\":\"https:\/\/www.allinclusivehotels.it\/de#website\"},\"datePublished\":\"2026-02-23T09:54:19+00:00\",\"dateModified\":\"2026-04-01T13:18:18+00:00\",\"breadcrumb\":{\"@id\":\"https:\/\/www.allinclusivehotels.it\/de\/hotels\/pianob-breakfast-hotel-bar#breadcrumb\"},\"inLanguage\":\"de\",\"potentialAction\":[{\"@type\":\"ReadAction\",\"target\":[\"https:\/\/www.allinclusivehotels.it\/de\/hotels\/pianob-breakfast-hotel-bar\"]}]},{\"@type\":\"BreadcrumbList\",\"@id\":\"https:\/\/www.allinclusivehotels.it\/de\/hotels\/pianob-breakfast-hotel-bar#breadcrumb\",\"itemListElement\":[{\"@type\":\"ListItem\",\"position\":1,\"name\":\"Home\",\"item\":\"https:\/\/www.allinclusivehotels.it\/de\"},{\"@type\":\"ListItem\",\"position\":2,\"name\":\"Hotels\",\"item\":\"https:\/\/www.allinclusivehotels.it\/de\/hotels\"},{\"@type\":\"ListItem\",\"position\":3,\"name\":\"PianoB &#8211; Breakfast Hotel &#038; Bar\"}]},{\"@type\":\"WebSite\",\"@id\":\"https:\/\/www.allinclusivehotels.it\/de#website\",\"url\":\"https:\/\/www.allinclusivehotels.it\/de\",\"name\":\"All Inclusive Hotels\",\"description\":\"\",\"publisher\":{\"@id\":\"https:\/\/www.allinclusivehotels.it\/de#organization\"},\"potentialAction\":[{\"@type\":\"SearchAction\",\"target\":{\"@type\":\"EntryPoint\",\"urlTemplate\":\"https:\/\/www.allinclusivehotels.it\/de?s={search_term_string}\"},\"query-input\":{\"@type\":\"PropertyValueSpecification\",\"valueRequired\":true,\"valueName\":\"search_term_string\"}}],\"inLanguage\":\"de\"},{\"@type\":\"Organization\",\"@id\":\"https:\/\/www.allinclusivehotels.it\/de#organization\",\"name\":\"All Inclusive Hotels\",\"url\":\"https:\/\/www.allinclusivehotels.it\/de\",\"logo\":{\"@type\":\"ImageObject\",\"inLanguage\":\"de\",\"@id\":\"https:\/\/www.allinclusivehotels.it\/de#\/schema\/logo\/image\/\",\"url\":\"\",\"contentUrl\":\"\",\"caption\":\"All Inclusive Hotels\"},\"image\":{\"@id\":\"https:\/\/www.allinclusivehotels.it\/de#\/schema\/logo\/image\/\"}}]}<\/script>\n<!-- \/ Yoast SEO plugin. -->","yoast_head_json":{"title":"PianoB - Breakfast Hotel & Bar - All Inclusive Hotels","robots":{"index":"index","follow":"follow","max-snippet":"max-snippet:-1","max-image-preview":"max-image-preview:large","max-video-preview":"max-video-preview:-1"},"canonical":"https:\/\/www.allinclusivehotels.it\/de\/hotels\/pianob-breakfast-hotel-bar","og_locale":"de_DE","og_type":"article","og_title":"PianoB - Breakfast Hotel & Bar - All Inclusive Hotels","og_description":"PianoB Breakfast Hotel &amp; Bar. \u201eIhr Plan B\u201d in Senigallia. Mit wundersch\u00f6ner Lage an der &hellip;","og_url":"https:\/\/www.allinclusivehotels.it\/de\/hotels\/pianob-breakfast-hotel-bar","og_site_name":"All Inclusive Hotels","article_modified_time":"2026-04-01T13:18:18+00:00","twitter_card":"summary_large_image","twitter_misc":{"Gesch\u00e4tzte Lesezeit":"1\u00a0Minute"},"schema":{"@context":"https:\/\/schema.org","@graph":[{"@type":"WebPage","@id":"https:\/\/www.allinclusivehotels.it\/de\/hotels\/pianob-breakfast-hotel-bar","url":"https:\/\/www.allinclusivehotels.it\/de\/hotels\/pianob-breakfast-hotel-bar","name":"PianoB - Breakfast Hotel & Bar - All Inclusive Hotels","isPartOf":{"@id":"https:\/\/www.allinclusivehotels.it\/de#website"},"datePublished":"2026-02-23T09:54:19+00:00","dateModified":"2026-04-01T13:18:18+00:00","breadcrumb":{"@id":"https:\/\/www.allinclusivehotels.it\/de\/hotels\/pianob-breakfast-hotel-bar#breadcrumb"},"inLanguage":"de","potentialAction":[{"@type":"ReadAction","target":["https:\/\/www.allinclusivehotels.it\/de\/hotels\/pianob-breakfast-hotel-bar"]}]},{"@type":"BreadcrumbList","@id":"https:\/\/www.allinclusivehotels.it\/de\/hotels\/pianob-breakfast-hotel-bar#breadcrumb","itemListElement":[{"@type":"ListItem","position":1,"name":"Home","item":"https:\/\/www.allinclusivehotels.it\/de"},{"@type":"ListItem","position":2,"name":"Hotels","item":"https:\/\/www.allinclusivehotels.it\/de\/hotels"},{"@type":"ListItem","position":3,"name":"PianoB &#8211; Breakfast Hotel &#038; Bar"}]},{"@type":"WebSite","@id":"https:\/\/www.allinclusivehotels.it\/de#website","url":"https:\/\/www.allinclusivehotels.it\/de","name":"All Inclusive Hotels","description":"","publisher":{"@id":"https:\/\/www.allinclusivehotels.it\/de#organization"},"potentialAction":[{"@type":"SearchAction","target":{"@type":"EntryPoint","urlTemplate":"https:\/\/www.allinclusivehotels.it\/de?s={search_term_string}"},"query-input":{"@type":"PropertyValueSpecification","valueRequired":true,"valueName":"search_term_string"}}],"inLanguage":"de"},{"@type":"Organization","@id":"https:\/\/www.allinclusivehotels.it\/de#organization","name":"All Inclusive Hotels","url":"https:\/\/www.allinclusivehotels.it\/de","logo":{"@type":"ImageObject","inLanguage":"de","@id":"https:\/\/www.allinclusivehotels.it\/de#\/schema\/logo\/image\/","url":"","contentUrl":"","caption":"All Inclusive Hotels"},"image":{"@id":"https:\/\/www.allinclusivehotels.it\/de#\/schema\/logo\/image\/"}}]}},"_links":{"self":[{"href":"https:\/\/www.allinclusivehotels.it\/de\/wp-json\/wp\/v2\/pages\/50866","targetHints":{"allow":["GET"]}}],"collection":[{"href":"https:\/\/www.allinclusivehotels.it\/de\/wp-json\/wp\/v2\/pages"}],"about":[{"href":"https:\/\/www.allinclusivehotels.it\/de\/wp-json\/wp\/v2\/types\/page"}],"author":[{"embeddable":true,"href":"https:\/\/www.allinclusivehotels.it\/de\/wp-json\/wp\/v2\/users\/1"}],"replies":[{"embeddable":true,"href":"https:\/\/www.allinclusivehotels.it\/de\/wp-json\/wp\/v2\/comments?post=50866"}],"version-history":[{"count":2,"href":"https:\/\/www.allinclusivehotels.it\/de\/wp-json\/wp\/v2\/pages\/50866\/revisions"}],"predecessor-version":[{"id":52021,"href":"https:\/\/www.allinclusivehotels.it\/de\/wp-json\/wp\/v2\/pages\/50866\/revisions\/52021"}],"up":[{"embeddable":true,"href":"https:\/\/www.allinclusivehotels.it\/de\/wp-json\/wp\/v2\/pages\/16476"}],"wp:attachment":[{"href":"https:\/\/www.allinclusivehotels.it\/de\/wp-json\/wp\/v2\/media?parent=50866"}],"curies":[{"name":"wp","href":"https:\/\/api.w.org\/{rel}","templated":true}]}}