{"id":50395,"date":"2026-01-22T15:38:45","date_gmt":"2026-01-22T14:38:45","guid":{"rendered":"https:\/\/www.allinclusivehotels.it\/hotels\/color-dolmen-family-village"},"modified":"2026-03-05T09:00:58","modified_gmt":"2026-03-05T08:00:58","slug":"color-dolmen-family-village","status":"publish","type":"page","link":"https:\/\/www.allinclusivehotels.it\/de\/hotels\/color-dolmen-family-village","title":{"rendered":"Farbenfrohes Dolmen-Familiendorf"},"content":{"rendered":"\n<p>Eingebettet in die gr\u00fcne Landschaft des <b>Salento<\/b> ist das <b>Color Dolmen Family Village<\/b> in <b>Minervino di Lecce<\/b> der ideale Ort f\u00fcr Familien, die einen entspannten, aber unterhaltsamen Urlaub verbringen m\u00f6chten. Das exklusive <b>Premium-All-Inclusive<\/b>-Angebot umfasst auch den <b>Strandservice mit Sonnenschirm und 2 Liegen<\/b>.<\/p>\n\n\n\n<!--more-->\n\n\n\n<p>Das <b>Animationsteam des Color Dolmen Family Village<\/b> begleitet Sie den ganzen Tag \u00fcber mit Aktivit\u00e4ten f\u00fcr jedes Alter, am Strand, im <b>Pool<\/b> und im Feriendorf: Baby-Club von 0 bis 4 Jahren, mit engagiertem Kinderm\u00e4dchen und Montessori-Lernen, Mini Club von 5 bis 10 Jahren, Junior Club von 11 bis 14 Jahren, Teen Club von 15 bis 18 Jahren.<\/p>\n\n\n\n<p>Unter den Aktivit\u00e4ten wechseln sich <b>Poolspiele<\/b>, <b>Sportturniere<\/b>, <b>Workshops<\/b>, die unvermeidliche <b>Schaumparty<\/b> und die <b>Color Explosion<\/b> ab. Am Abend wird das Dorf mit <b>Baby-Dance<\/b>, <b>Color- Show<\/b> &#8211; Shows, Musicals, Kabarett, Kindershows, Spiel- oder Tanzabenden &#8211; <b>Candy-Night<\/b> und <b>Salento-Abend<\/b> belebt.<\/p>\n\n\n\n<p>Dar\u00fcber hinaus gibt es zahlreiche Bereiche, die der Unterhaltung gewidmet sind, wie beispielsweise der gro\u00dfe <b>H\u00fcpfburgen-Bereich<\/b>, der <b>Pool<\/b> zwischen den Olivenb\u00e4umen und das <b>Aquasplash<\/b> mit Wasserspielen, Spritzern, Geysiren und Springbrunnen, Padel-Pl\u00e4tze, Minibasketball, Beachvolleyball, Fu\u00dfball, Bogenschie\u00dfen, Boccia, Tennis und die Minirennbahn <b>Color Racing<\/b>. Und wieder <b>Baby Cocoland<\/b>, das Spielzimmer mit dem Kinderm\u00e4dchen, das die Kleinen von 0 bis 4 Jahren empf\u00e4ngt, <b>Mini Cocoland<\/b> f\u00fcr Kinder von 4 bis 10 Jahren und der Multimedia-Raum <b>Junior Cocoland<\/b> f\u00fcr die \u00c4lteren.<\/p>\n\n\n\n<p>Im Color Dolmen Family Village \u00fcbernachten <b>Kinder und Jugendliche bis 18 Jahre<\/b> <b>kostenlos <\/b>im Zimmer mit <b>2 Erwachsenen<\/b>!<\/p>\n","protected":false},"excerpt":{"rendered":"<p>Eingebettet in die gr\u00fcne Landschaft des Salento ist das Color Dolmen Family Village in Minervino &hellip;<\/p>\n","protected":false},"author":1,"featured_media":0,"parent":16476,"menu_order":0,"comment_status":"closed","ping_status":"closed","template":"page-templates\/scheda_hotel.php","meta":{"_acf_changed":false,"footnotes":""},"class_list":["post-50395","page","type-page","status-publish","hentry"],"acf":[],"yoast_head":"<!-- This site is optimized with the Yoast SEO plugin v27.0 - https:\/\/yoast.com\/product\/yoast-seo-wordpress\/ -->\n<title>Farbenfrohes Dolmen-Familiendorf - All Inclusive Hotels<\/title>\n<meta name=\"robots\" content=\"index, follow, max-snippet:-1, max-image-preview:large, max-video-preview:-1\" \/>\n<link rel=\"canonical\" href=\"https:\/\/www.allinclusivehotels.it\/de\/hotels\/color-dolmen-family-village\" \/>\n<meta property=\"og:locale\" content=\"de_DE\" \/>\n<meta property=\"og:type\" content=\"article\" \/>\n<meta property=\"og:title\" content=\"Farbenfrohes Dolmen-Familiendorf - All Inclusive Hotels\" \/>\n<meta property=\"og:description\" content=\"Eingebettet in die gr\u00fcne Landschaft des Salento ist das Color Dolmen Family Village in Minervino &hellip;\" \/>\n<meta property=\"og:url\" content=\"https:\/\/www.allinclusivehotels.it\/de\/hotels\/color-dolmen-family-village\" \/>\n<meta property=\"og:site_name\" content=\"All Inclusive Hotels\" \/>\n<meta property=\"article:modified_time\" content=\"2026-03-05T08:00:58+00:00\" \/>\n<meta name=\"twitter:card\" content=\"summary_large_image\" \/>\n<meta name=\"twitter:label1\" content=\"Gesch\u00e4tzte Lesezeit\" \/>\n\t<meta name=\"twitter:data1\" content=\"1\u00a0Minute\" \/>\n<script type=\"application\/ld+json\" class=\"yoast-schema-graph\">{\"@context\":\"https:\/\/schema.org\",\"@graph\":[{\"@type\":\"WebPage\",\"@id\":\"https:\/\/www.allinclusivehotels.it\/de\/hotels\/color-dolmen-family-village\",\"url\":\"https:\/\/www.allinclusivehotels.it\/de\/hotels\/color-dolmen-family-village\",\"name\":\"Farbenfrohes Dolmen-Familiendorf - All Inclusive Hotels\",\"isPartOf\":{\"@id\":\"https:\/\/www.allinclusivehotels.it\/de#website\"},\"datePublished\":\"2026-01-22T14:38:45+00:00\",\"dateModified\":\"2026-03-05T08:00:58+00:00\",\"breadcrumb\":{\"@id\":\"https:\/\/www.allinclusivehotels.it\/de\/hotels\/color-dolmen-family-village#breadcrumb\"},\"inLanguage\":\"de\",\"potentialAction\":[{\"@type\":\"ReadAction\",\"target\":[\"https:\/\/www.allinclusivehotels.it\/de\/hotels\/color-dolmen-family-village\"]}]},{\"@type\":\"BreadcrumbList\",\"@id\":\"https:\/\/www.allinclusivehotels.it\/de\/hotels\/color-dolmen-family-village#breadcrumb\",\"itemListElement\":[{\"@type\":\"ListItem\",\"position\":1,\"name\":\"Home\",\"item\":\"https:\/\/www.allinclusivehotels.it\/de\"},{\"@type\":\"ListItem\",\"position\":2,\"name\":\"Hotels\",\"item\":\"https:\/\/www.allinclusivehotels.it\/de\/hotels\"},{\"@type\":\"ListItem\",\"position\":3,\"name\":\"Farbenfrohes Dolmen-Familiendorf\"}]},{\"@type\":\"WebSite\",\"@id\":\"https:\/\/www.allinclusivehotels.it\/de#website\",\"url\":\"https:\/\/www.allinclusivehotels.it\/de\",\"name\":\"All Inclusive Hotels\",\"description\":\"\",\"publisher\":{\"@id\":\"https:\/\/www.allinclusivehotels.it\/de#organization\"},\"potentialAction\":[{\"@type\":\"SearchAction\",\"target\":{\"@type\":\"EntryPoint\",\"urlTemplate\":\"https:\/\/www.allinclusivehotels.it\/de?s={search_term_string}\"},\"query-input\":{\"@type\":\"PropertyValueSpecification\",\"valueRequired\":true,\"valueName\":\"search_term_string\"}}],\"inLanguage\":\"de\"},{\"@type\":\"Organization\",\"@id\":\"https:\/\/www.allinclusivehotels.it\/de#organization\",\"name\":\"All Inclusive Hotels\",\"url\":\"https:\/\/www.allinclusivehotels.it\/de\",\"logo\":{\"@type\":\"ImageObject\",\"inLanguage\":\"de\",\"@id\":\"https:\/\/www.allinclusivehotels.it\/de#\/schema\/logo\/image\/\",\"url\":\"\",\"contentUrl\":\"\",\"caption\":\"All Inclusive Hotels\"},\"image\":{\"@id\":\"https:\/\/www.allinclusivehotels.it\/de#\/schema\/logo\/image\/\"}}]}<\/script>\n<!-- \/ Yoast SEO plugin. -->","yoast_head_json":{"title":"Farbenfrohes Dolmen-Familiendorf - All Inclusive Hotels","robots":{"index":"index","follow":"follow","max-snippet":"max-snippet:-1","max-image-preview":"max-image-preview:large","max-video-preview":"max-video-preview:-1"},"canonical":"https:\/\/www.allinclusivehotels.it\/de\/hotels\/color-dolmen-family-village","og_locale":"de_DE","og_type":"article","og_title":"Farbenfrohes Dolmen-Familiendorf - All Inclusive Hotels","og_description":"Eingebettet in die gr\u00fcne Landschaft des Salento ist das Color Dolmen Family Village in Minervino &hellip;","og_url":"https:\/\/www.allinclusivehotels.it\/de\/hotels\/color-dolmen-family-village","og_site_name":"All Inclusive Hotels","article_modified_time":"2026-03-05T08:00:58+00:00","twitter_card":"summary_large_image","twitter_misc":{"Gesch\u00e4tzte Lesezeit":"1\u00a0Minute"},"schema":{"@context":"https:\/\/schema.org","@graph":[{"@type":"WebPage","@id":"https:\/\/www.allinclusivehotels.it\/de\/hotels\/color-dolmen-family-village","url":"https:\/\/www.allinclusivehotels.it\/de\/hotels\/color-dolmen-family-village","name":"Farbenfrohes Dolmen-Familiendorf - All Inclusive Hotels","isPartOf":{"@id":"https:\/\/www.allinclusivehotels.it\/de#website"},"datePublished":"2026-01-22T14:38:45+00:00","dateModified":"2026-03-05T08:00:58+00:00","breadcrumb":{"@id":"https:\/\/www.allinclusivehotels.it\/de\/hotels\/color-dolmen-family-village#breadcrumb"},"inLanguage":"de","potentialAction":[{"@type":"ReadAction","target":["https:\/\/www.allinclusivehotels.it\/de\/hotels\/color-dolmen-family-village"]}]},{"@type":"BreadcrumbList","@id":"https:\/\/www.allinclusivehotels.it\/de\/hotels\/color-dolmen-family-village#breadcrumb","itemListElement":[{"@type":"ListItem","position":1,"name":"Home","item":"https:\/\/www.allinclusivehotels.it\/de"},{"@type":"ListItem","position":2,"name":"Hotels","item":"https:\/\/www.allinclusivehotels.it\/de\/hotels"},{"@type":"ListItem","position":3,"name":"Farbenfrohes Dolmen-Familiendorf"}]},{"@type":"WebSite","@id":"https:\/\/www.allinclusivehotels.it\/de#website","url":"https:\/\/www.allinclusivehotels.it\/de","name":"All Inclusive Hotels","description":"","publisher":{"@id":"https:\/\/www.allinclusivehotels.it\/de#organization"},"potentialAction":[{"@type":"SearchAction","target":{"@type":"EntryPoint","urlTemplate":"https:\/\/www.allinclusivehotels.it\/de?s={search_term_string}"},"query-input":{"@type":"PropertyValueSpecification","valueRequired":true,"valueName":"search_term_string"}}],"inLanguage":"de"},{"@type":"Organization","@id":"https:\/\/www.allinclusivehotels.it\/de#organization","name":"All Inclusive Hotels","url":"https:\/\/www.allinclusivehotels.it\/de","logo":{"@type":"ImageObject","inLanguage":"de","@id":"https:\/\/www.allinclusivehotels.it\/de#\/schema\/logo\/image\/","url":"","contentUrl":"","caption":"All Inclusive Hotels"},"image":{"@id":"https:\/\/www.allinclusivehotels.it\/de#\/schema\/logo\/image\/"}}]}},"_links":{"self":[{"href":"https:\/\/www.allinclusivehotels.it\/de\/wp-json\/wp\/v2\/pages\/50395","targetHints":{"allow":["GET"]}}],"collection":[{"href":"https:\/\/www.allinclusivehotels.it\/de\/wp-json\/wp\/v2\/pages"}],"about":[{"href":"https:\/\/www.allinclusivehotels.it\/de\/wp-json\/wp\/v2\/types\/page"}],"author":[{"embeddable":true,"href":"https:\/\/www.allinclusivehotels.it\/de\/wp-json\/wp\/v2\/users\/1"}],"replies":[{"embeddable":true,"href":"https:\/\/www.allinclusivehotels.it\/de\/wp-json\/wp\/v2\/comments?post=50395"}],"version-history":[{"count":3,"href":"https:\/\/www.allinclusivehotels.it\/de\/wp-json\/wp\/v2\/pages\/50395\/revisions"}],"predecessor-version":[{"id":51430,"href":"https:\/\/www.allinclusivehotels.it\/de\/wp-json\/wp\/v2\/pages\/50395\/revisions\/51430"}],"up":[{"embeddable":true,"href":"https:\/\/www.allinclusivehotels.it\/de\/wp-json\/wp\/v2\/pages\/16476"}],"wp:attachment":[{"href":"https:\/\/www.allinclusivehotels.it\/de\/wp-json\/wp\/v2\/media?parent=50395"}],"curies":[{"name":"wp","href":"https:\/\/api.w.org\/{rel}","templated":true}]}}