{"id":50341,"date":"2026-01-08T12:39:50","date_gmt":"2026-01-08T11:39:50","guid":{"rendered":"https:\/\/www.allinclusivehotels.it\/urlaubsziele\/sirolo"},"modified":"2026-01-08T12:39:56","modified_gmt":"2026-01-08T11:39:56","slug":"sirolo","status":"publish","type":"page","link":"https:\/\/www.allinclusivehotels.it\/de\/urlaubsziele\/sirolo","title":{"rendered":"Sirolo"},"content":{"rendered":"\n<p>Die <b>All-Inclusive-Hotels in Sirolo<\/b> sind die perfekte Wahl f\u00fcr alle, die einen unbeschwerten Urlaub zwischen <b>Meer, Natur und Entspannung<\/b> verbringen m\u00f6chten, mit Dienstleistungen, die den Aufenthalt praktisch und komfortabel gestalten.<\/p>\n\n\n\n<p>Die <b>Str\u00e4nde von Sirolo und dem nahe gelegenen Numana<\/b> zeichnen sich durch <b>kristallklares Wasser<\/b> aus und geh\u00f6ren zu den <b>sch\u00f6nsten der gesamten Region Marken<\/b>!<\/p>\n\n\n\n<!--more-->\n\n\n\n<p><b>Sirolo<\/b> liegt an der wundersch\u00f6nen <b>Riviera del Conero<\/b>, einem einzigartigen Abschnitt der Marken, wo das Blau des Meeres auf das Gr\u00fcn des Vorgebirges trifft. Hier kann man auf <b>Panoramawegen<\/b> wandern, durch W\u00e4lder und entlang von Klippen spazieren oder zu Fu\u00df oder mit dem Fahrrad die D\u00f6rfer <b>Sirolo und Numana<\/b> erkunden, die reich an Geschichte, Kirchen und charakteristischen Ausblicken sind.<\/p>\n\n\n\n<p>Die <b>Altstadt von Sirolo<\/b> ist ein kleines Juwel: kleine Pl\u00e4tze, Handwerksl\u00e4den und Terrassen mit unglaublicher Aussicht auf die Adria.<\/p>\n\n\n\n<p>Auch <b>Numana<\/b> besticht durch seinen Yachthafen, seine ruhigen Stra\u00dfen und Restaurants, in denen man lokale Weine und Gerichte mit frischem Fisch genie\u00dfen kann.<\/p>\n\n\n\n<p>Zu den Erlebnissen, die Sie sich nicht entgehen lassen sollten, geh\u00f6ren <b>Bootsausfl\u00fcge vom Hafen von Numana oder Sirolo<\/b> zum wundersch\u00f6nen Strand <b>Spiaggia delle Due Sorelle<\/b>, dem Wahrzeichen des Conero, der nur vom Meer aus erreichbar ist.<\/p>\n\n\n\n<p>In der Umgebung k\u00f6nnen Naturliebhaber den <b>Conero-Park<\/b> erkunden, w\u00e4hrend Kulturbegeisterte nahegelegene Orte wie <b>Loreto, Recanati und Offagna<\/b> besuchen k\u00f6nnen.<\/p>\n\n\n\n<p>Wer Ruhe sucht, findet in den <b>versteckten Buchten<\/b> und an den unber\u00fchrten Str\u00e4nden Momente purer Entspannung, wie beispielsweise in <b>Cala del Pozzovento, Cala dei Forni, Spiaggia dei Gabbiani, Mezzavalle<\/b> und <b>Spiaggia dei Sassi Neri<\/b>.<\/p>\n","protected":false},"excerpt":{"rendered":"<p>Die All-Inclusive-Hotels in Sirolo sind die perfekte Wahl f\u00fcr alle, die einen unbeschwerten Urlaub zwischen &hellip;<\/p>\n","protected":false},"author":1,"featured_media":0,"parent":16402,"menu_order":0,"comment_status":"closed","ping_status":"closed","template":"page-templates\/destinazione.php","meta":{"_acf_changed":false,"footnotes":""},"class_list":["post-50341","page","type-page","status-publish","hentry"],"acf":[],"yoast_head":"<!-- This site is optimized with the Yoast SEO plugin v27.0 - https:\/\/yoast.com\/product\/yoast-seo-wordpress\/ -->\n<title>All Inclusive-Hotel Sirolo: All-Inclusive-Hotelangebote<\/title>\n<meta name=\"description\" content=\"Suchen Sie Hotels in Sirolo mit All-inclusive-Angeboten? Entdecken Sie jetzt Ihre All-Inclusive Auswahl und w\u00e4hlen Sie Ihren Urlaub!\" \/>\n<meta name=\"robots\" content=\"index, follow, max-snippet:-1, max-image-preview:large, max-video-preview:-1\" \/>\n<link rel=\"canonical\" href=\"https:\/\/www.allinclusivehotels.it\/de\/urlaubsziele\/sirolo\" \/>\n<meta property=\"og:locale\" content=\"de_DE\" \/>\n<meta property=\"og:type\" content=\"article\" \/>\n<meta property=\"og:title\" content=\"All Inclusive-Hotel Sirolo: All-Inclusive-Hotelangebote\" \/>\n<meta property=\"og:description\" content=\"Suchen Sie Hotels in Sirolo mit All-inclusive-Angeboten? Entdecken Sie jetzt Ihre All-Inclusive Auswahl und w\u00e4hlen Sie Ihren Urlaub!\" \/>\n<meta property=\"og:url\" content=\"https:\/\/www.allinclusivehotels.it\/de\/urlaubsziele\/sirolo\" \/>\n<meta property=\"og:site_name\" content=\"All Inclusive Hotels\" \/>\n<meta property=\"article:modified_time\" content=\"2026-01-08T11:39:56+00:00\" \/>\n<meta name=\"twitter:card\" content=\"summary_large_image\" \/>\n<meta name=\"twitter:label1\" content=\"Gesch\u00e4tzte Lesezeit\" \/>\n\t<meta name=\"twitter:data1\" content=\"1\u00a0Minute\" \/>\n<script type=\"application\/ld+json\" class=\"yoast-schema-graph\">{\"@context\":\"https:\/\/schema.org\",\"@graph\":[{\"@type\":\"WebPage\",\"@id\":\"https:\/\/www.allinclusivehotels.it\/de\/urlaubsziele\/sirolo\",\"url\":\"https:\/\/www.allinclusivehotels.it\/de\/urlaubsziele\/sirolo\",\"name\":\"All Inclusive-Hotel Sirolo: All-Inclusive-Hotelangebote\",\"isPartOf\":{\"@id\":\"https:\/\/www.allinclusivehotels.it\/de#website\"},\"datePublished\":\"2026-01-08T11:39:50+00:00\",\"dateModified\":\"2026-01-08T11:39:56+00:00\",\"description\":\"Suchen Sie Hotels in Sirolo mit All-inclusive-Angeboten? Entdecken Sie jetzt Ihre All-Inclusive Auswahl und w\u00e4hlen Sie Ihren Urlaub!\",\"breadcrumb\":{\"@id\":\"https:\/\/www.allinclusivehotels.it\/de\/urlaubsziele\/sirolo#breadcrumb\"},\"inLanguage\":\"de\",\"potentialAction\":[{\"@type\":\"ReadAction\",\"target\":[\"https:\/\/www.allinclusivehotels.it\/de\/urlaubsziele\/sirolo\"]}]},{\"@type\":\"BreadcrumbList\",\"@id\":\"https:\/\/www.allinclusivehotels.it\/de\/urlaubsziele\/sirolo#breadcrumb\",\"itemListElement\":[{\"@type\":\"ListItem\",\"position\":1,\"name\":\"Home\",\"item\":\"https:\/\/www.allinclusivehotels.it\/de\"},{\"@type\":\"ListItem\",\"position\":2,\"name\":\"Urlaubsziele\",\"item\":\"https:\/\/www.allinclusivehotels.it\/de\/urlaubsziele\"},{\"@type\":\"ListItem\",\"position\":3,\"name\":\"Sirolo\"}]},{\"@type\":\"WebSite\",\"@id\":\"https:\/\/www.allinclusivehotels.it\/de#website\",\"url\":\"https:\/\/www.allinclusivehotels.it\/de\",\"name\":\"All Inclusive Hotels\",\"description\":\"\",\"publisher\":{\"@id\":\"https:\/\/www.allinclusivehotels.it\/de#organization\"},\"potentialAction\":[{\"@type\":\"SearchAction\",\"target\":{\"@type\":\"EntryPoint\",\"urlTemplate\":\"https:\/\/www.allinclusivehotels.it\/de?s={search_term_string}\"},\"query-input\":{\"@type\":\"PropertyValueSpecification\",\"valueRequired\":true,\"valueName\":\"search_term_string\"}}],\"inLanguage\":\"de\"},{\"@type\":\"Organization\",\"@id\":\"https:\/\/www.allinclusivehotels.it\/de#organization\",\"name\":\"All Inclusive Hotels\",\"url\":\"https:\/\/www.allinclusivehotels.it\/de\",\"logo\":{\"@type\":\"ImageObject\",\"inLanguage\":\"de\",\"@id\":\"https:\/\/www.allinclusivehotels.it\/de#\/schema\/logo\/image\/\",\"url\":\"\",\"contentUrl\":\"\",\"caption\":\"All Inclusive Hotels\"},\"image\":{\"@id\":\"https:\/\/www.allinclusivehotels.it\/de#\/schema\/logo\/image\/\"}}]}<\/script>\n<!-- \/ Yoast SEO plugin. -->","yoast_head_json":{"title":"All Inclusive-Hotel Sirolo: All-Inclusive-Hotelangebote","description":"Suchen Sie Hotels in Sirolo mit All-inclusive-Angeboten? Entdecken Sie jetzt Ihre All-Inclusive Auswahl und w\u00e4hlen Sie Ihren Urlaub!","robots":{"index":"index","follow":"follow","max-snippet":"max-snippet:-1","max-image-preview":"max-image-preview:large","max-video-preview":"max-video-preview:-1"},"canonical":"https:\/\/www.allinclusivehotels.it\/de\/urlaubsziele\/sirolo","og_locale":"de_DE","og_type":"article","og_title":"All Inclusive-Hotel Sirolo: All-Inclusive-Hotelangebote","og_description":"Suchen Sie Hotels in Sirolo mit All-inclusive-Angeboten? Entdecken Sie jetzt Ihre All-Inclusive Auswahl und w\u00e4hlen Sie Ihren Urlaub!","og_url":"https:\/\/www.allinclusivehotels.it\/de\/urlaubsziele\/sirolo","og_site_name":"All Inclusive Hotels","article_modified_time":"2026-01-08T11:39:56+00:00","twitter_card":"summary_large_image","twitter_misc":{"Gesch\u00e4tzte Lesezeit":"1\u00a0Minute"},"schema":{"@context":"https:\/\/schema.org","@graph":[{"@type":"WebPage","@id":"https:\/\/www.allinclusivehotels.it\/de\/urlaubsziele\/sirolo","url":"https:\/\/www.allinclusivehotels.it\/de\/urlaubsziele\/sirolo","name":"All Inclusive-Hotel Sirolo: All-Inclusive-Hotelangebote","isPartOf":{"@id":"https:\/\/www.allinclusivehotels.it\/de#website"},"datePublished":"2026-01-08T11:39:50+00:00","dateModified":"2026-01-08T11:39:56+00:00","description":"Suchen Sie Hotels in Sirolo mit All-inclusive-Angeboten? Entdecken Sie jetzt Ihre All-Inclusive Auswahl und w\u00e4hlen Sie Ihren Urlaub!","breadcrumb":{"@id":"https:\/\/www.allinclusivehotels.it\/de\/urlaubsziele\/sirolo#breadcrumb"},"inLanguage":"de","potentialAction":[{"@type":"ReadAction","target":["https:\/\/www.allinclusivehotels.it\/de\/urlaubsziele\/sirolo"]}]},{"@type":"BreadcrumbList","@id":"https:\/\/www.allinclusivehotels.it\/de\/urlaubsziele\/sirolo#breadcrumb","itemListElement":[{"@type":"ListItem","position":1,"name":"Home","item":"https:\/\/www.allinclusivehotels.it\/de"},{"@type":"ListItem","position":2,"name":"Urlaubsziele","item":"https:\/\/www.allinclusivehotels.it\/de\/urlaubsziele"},{"@type":"ListItem","position":3,"name":"Sirolo"}]},{"@type":"WebSite","@id":"https:\/\/www.allinclusivehotels.it\/de#website","url":"https:\/\/www.allinclusivehotels.it\/de","name":"All Inclusive Hotels","description":"","publisher":{"@id":"https:\/\/www.allinclusivehotels.it\/de#organization"},"potentialAction":[{"@type":"SearchAction","target":{"@type":"EntryPoint","urlTemplate":"https:\/\/www.allinclusivehotels.it\/de?s={search_term_string}"},"query-input":{"@type":"PropertyValueSpecification","valueRequired":true,"valueName":"search_term_string"}}],"inLanguage":"de"},{"@type":"Organization","@id":"https:\/\/www.allinclusivehotels.it\/de#organization","name":"All Inclusive Hotels","url":"https:\/\/www.allinclusivehotels.it\/de","logo":{"@type":"ImageObject","inLanguage":"de","@id":"https:\/\/www.allinclusivehotels.it\/de#\/schema\/logo\/image\/","url":"","contentUrl":"","caption":"All Inclusive Hotels"},"image":{"@id":"https:\/\/www.allinclusivehotels.it\/de#\/schema\/logo\/image\/"}}]}},"_links":{"self":[{"href":"https:\/\/www.allinclusivehotels.it\/de\/wp-json\/wp\/v2\/pages\/50341","targetHints":{"allow":["GET"]}}],"collection":[{"href":"https:\/\/www.allinclusivehotels.it\/de\/wp-json\/wp\/v2\/pages"}],"about":[{"href":"https:\/\/www.allinclusivehotels.it\/de\/wp-json\/wp\/v2\/types\/page"}],"author":[{"embeddable":true,"href":"https:\/\/www.allinclusivehotels.it\/de\/wp-json\/wp\/v2\/users\/1"}],"replies":[{"embeddable":true,"href":"https:\/\/www.allinclusivehotels.it\/de\/wp-json\/wp\/v2\/comments?post=50341"}],"version-history":[{"count":1,"href":"https:\/\/www.allinclusivehotels.it\/de\/wp-json\/wp\/v2\/pages\/50341\/revisions"}],"predecessor-version":[{"id":50342,"href":"https:\/\/www.allinclusivehotels.it\/de\/wp-json\/wp\/v2\/pages\/50341\/revisions\/50342"}],"up":[{"embeddable":true,"href":"https:\/\/www.allinclusivehotels.it\/de\/wp-json\/wp\/v2\/pages\/16402"}],"wp:attachment":[{"href":"https:\/\/www.allinclusivehotels.it\/de\/wp-json\/wp\/v2\/media?parent=50341"}],"curies":[{"name":"wp","href":"https:\/\/api.w.org\/{rel}","templated":true}]}}