{"id":49840,"date":"2025-12-15T09:46:19","date_gmt":"2025-12-15T08:46:19","guid":{"rendered":"https:\/\/www.allinclusivehotels.it\/hotels\/hotel-zanarini"},"modified":"2026-01-19T14:43:02","modified_gmt":"2026-01-19T13:43:02","slug":"hotel-zanarini","status":"publish","type":"page","link":"https:\/\/www.allinclusivehotels.it\/de\/hotels\/hotel-zanarini","title":{"rendered":"Hotel Zanarini"},"content":{"rendered":"\n<p>Das <b>Hotel Zanarini<\/b> in <b>Riccione<\/b> ist die perfekte Wahl f\u00fcr alle, die einen Urlaub voller Entspannung, Spa\u00df und Komfort neben der ber\u00fchmten <b>Viale Ceccarini<\/b> verbringen m\u00f6chten. Alles ist griffbereit: elegante Boutiquen, Lokale und die M\u00f6glichkeit, Spazierg\u00e4nge an der Strandpromenade zu unternehmen. In der N\u00e4he des <b>angeschlossenen<\/b> <b>Strandes<\/b> gelegen, wo Ihnen im <b>All-Inclusive<\/b>-Angebot ein Zelt und 2 Liegest\u00fchle zur Verf\u00fcgung stehen<\/p>\n\n\n\n<!--more-->\n\n\n\n<p>Die<b> strategisch g\u00fcnstige Lage<\/b> erm\u00f6glicht es Ihnen, die Stadt unbeschwert zu genie\u00dfen. Wer lieber Rad f\u00e4hrt, kann die kostenlosen Fahrr\u00e4der des Hotels nutzen, w\u00e4hrend der <b>Privatparkplatz<\/b> h\u00f6chsten Komfort garantiert. Die<b> Gemeinschaftsr\u00e4ume<\/b> bieten eine gem\u00fctliche Atmosph\u00e4re, in der Sie sich zu jeder Tageszeit entspannen k\u00f6nnen.<\/p>\n\n\n\n<p>Das Hotel ist auf Familien ausgerichtet und bietet <b>Innen- und Au\u00dfenspielbereiche<\/b> sowie ein spezielles <b>Animationsprogramm<\/b> f\u00fcr <b>Kinder<\/b> w\u00e4hrend der <b>Mahlzeiten<\/b>.<\/p>\n\n\n\n<p>Auch <b>Haustiere<\/b> sind <b>willkommen<\/b>, um mit Ihnen einen <b>All-Inclusive<\/b>-Urlaub in <b>Riccion<\/b>e zu verbringen.<\/p>\n","protected":false},"excerpt":{"rendered":"<p>Das Hotel Zanarini in Riccione ist die perfekte Wahl f\u00fcr alle, die einen Urlaub voller &hellip;<\/p>\n","protected":false},"author":1,"featured_media":0,"parent":16476,"menu_order":0,"comment_status":"closed","ping_status":"closed","template":"page-templates\/scheda_hotel.php","meta":{"_acf_changed":false,"footnotes":""},"class_list":["post-49840","page","type-page","status-publish","hentry"],"acf":[],"yoast_head":"<!-- This site is optimized with the Yoast SEO plugin v27.0 - https:\/\/yoast.com\/product\/yoast-seo-wordpress\/ -->\n<title>Hotel Zanarini - All Inclusive Hotels<\/title>\n<meta name=\"robots\" content=\"index, follow, max-snippet:-1, max-image-preview:large, max-video-preview:-1\" \/>\n<link rel=\"canonical\" href=\"https:\/\/www.allinclusivehotels.it\/de\/hotels\/hotel-zanarini\" \/>\n<meta property=\"og:locale\" content=\"de_DE\" \/>\n<meta property=\"og:type\" content=\"article\" \/>\n<meta property=\"og:title\" content=\"Hotel Zanarini - All Inclusive Hotels\" \/>\n<meta property=\"og:description\" content=\"Das Hotel Zanarini in Riccione ist die perfekte Wahl f\u00fcr alle, die einen Urlaub voller &hellip;\" \/>\n<meta property=\"og:url\" content=\"https:\/\/www.allinclusivehotels.it\/de\/hotels\/hotel-zanarini\" \/>\n<meta property=\"og:site_name\" content=\"All Inclusive Hotels\" \/>\n<meta property=\"article:modified_time\" content=\"2026-01-19T13:43:02+00:00\" \/>\n<meta name=\"twitter:card\" content=\"summary_large_image\" \/>\n<meta name=\"twitter:label1\" content=\"Gesch\u00e4tzte Lesezeit\" \/>\n\t<meta name=\"twitter:data1\" content=\"1\u00a0Minute\" \/>\n<script type=\"application\/ld+json\" class=\"yoast-schema-graph\">{\"@context\":\"https:\/\/schema.org\",\"@graph\":[{\"@type\":\"WebPage\",\"@id\":\"https:\/\/www.allinclusivehotels.it\/de\/hotels\/hotel-zanarini\",\"url\":\"https:\/\/www.allinclusivehotels.it\/de\/hotels\/hotel-zanarini\",\"name\":\"Hotel Zanarini - All Inclusive Hotels\",\"isPartOf\":{\"@id\":\"https:\/\/www.allinclusivehotels.it\/de#website\"},\"datePublished\":\"2025-12-15T08:46:19+00:00\",\"dateModified\":\"2026-01-19T13:43:02+00:00\",\"breadcrumb\":{\"@id\":\"https:\/\/www.allinclusivehotels.it\/de\/hotels\/hotel-zanarini#breadcrumb\"},\"inLanguage\":\"de\",\"potentialAction\":[{\"@type\":\"ReadAction\",\"target\":[\"https:\/\/www.allinclusivehotels.it\/de\/hotels\/hotel-zanarini\"]}]},{\"@type\":\"BreadcrumbList\",\"@id\":\"https:\/\/www.allinclusivehotels.it\/de\/hotels\/hotel-zanarini#breadcrumb\",\"itemListElement\":[{\"@type\":\"ListItem\",\"position\":1,\"name\":\"Home\",\"item\":\"https:\/\/www.allinclusivehotels.it\/de\"},{\"@type\":\"ListItem\",\"position\":2,\"name\":\"Hotels\",\"item\":\"https:\/\/www.allinclusivehotels.it\/de\/hotels\"},{\"@type\":\"ListItem\",\"position\":3,\"name\":\"Hotel Zanarini\"}]},{\"@type\":\"WebSite\",\"@id\":\"https:\/\/www.allinclusivehotels.it\/de#website\",\"url\":\"https:\/\/www.allinclusivehotels.it\/de\",\"name\":\"All Inclusive Hotels\",\"description\":\"\",\"publisher\":{\"@id\":\"https:\/\/www.allinclusivehotels.it\/de#organization\"},\"potentialAction\":[{\"@type\":\"SearchAction\",\"target\":{\"@type\":\"EntryPoint\",\"urlTemplate\":\"https:\/\/www.allinclusivehotels.it\/de?s={search_term_string}\"},\"query-input\":{\"@type\":\"PropertyValueSpecification\",\"valueRequired\":true,\"valueName\":\"search_term_string\"}}],\"inLanguage\":\"de\"},{\"@type\":\"Organization\",\"@id\":\"https:\/\/www.allinclusivehotels.it\/de#organization\",\"name\":\"All Inclusive Hotels\",\"url\":\"https:\/\/www.allinclusivehotels.it\/de\",\"logo\":{\"@type\":\"ImageObject\",\"inLanguage\":\"de\",\"@id\":\"https:\/\/www.allinclusivehotels.it\/de#\/schema\/logo\/image\/\",\"url\":\"\",\"contentUrl\":\"\",\"caption\":\"All Inclusive Hotels\"},\"image\":{\"@id\":\"https:\/\/www.allinclusivehotels.it\/de#\/schema\/logo\/image\/\"}}]}<\/script>\n<!-- \/ Yoast SEO plugin. -->","yoast_head_json":{"title":"Hotel Zanarini - All Inclusive Hotels","robots":{"index":"index","follow":"follow","max-snippet":"max-snippet:-1","max-image-preview":"max-image-preview:large","max-video-preview":"max-video-preview:-1"},"canonical":"https:\/\/www.allinclusivehotels.it\/de\/hotels\/hotel-zanarini","og_locale":"de_DE","og_type":"article","og_title":"Hotel Zanarini - All Inclusive Hotels","og_description":"Das Hotel Zanarini in Riccione ist die perfekte Wahl f\u00fcr alle, die einen Urlaub voller &hellip;","og_url":"https:\/\/www.allinclusivehotels.it\/de\/hotels\/hotel-zanarini","og_site_name":"All Inclusive Hotels","article_modified_time":"2026-01-19T13:43:02+00:00","twitter_card":"summary_large_image","twitter_misc":{"Gesch\u00e4tzte Lesezeit":"1\u00a0Minute"},"schema":{"@context":"https:\/\/schema.org","@graph":[{"@type":"WebPage","@id":"https:\/\/www.allinclusivehotels.it\/de\/hotels\/hotel-zanarini","url":"https:\/\/www.allinclusivehotels.it\/de\/hotels\/hotel-zanarini","name":"Hotel Zanarini - All Inclusive Hotels","isPartOf":{"@id":"https:\/\/www.allinclusivehotels.it\/de#website"},"datePublished":"2025-12-15T08:46:19+00:00","dateModified":"2026-01-19T13:43:02+00:00","breadcrumb":{"@id":"https:\/\/www.allinclusivehotels.it\/de\/hotels\/hotel-zanarini#breadcrumb"},"inLanguage":"de","potentialAction":[{"@type":"ReadAction","target":["https:\/\/www.allinclusivehotels.it\/de\/hotels\/hotel-zanarini"]}]},{"@type":"BreadcrumbList","@id":"https:\/\/www.allinclusivehotels.it\/de\/hotels\/hotel-zanarini#breadcrumb","itemListElement":[{"@type":"ListItem","position":1,"name":"Home","item":"https:\/\/www.allinclusivehotels.it\/de"},{"@type":"ListItem","position":2,"name":"Hotels","item":"https:\/\/www.allinclusivehotels.it\/de\/hotels"},{"@type":"ListItem","position":3,"name":"Hotel Zanarini"}]},{"@type":"WebSite","@id":"https:\/\/www.allinclusivehotels.it\/de#website","url":"https:\/\/www.allinclusivehotels.it\/de","name":"All Inclusive Hotels","description":"","publisher":{"@id":"https:\/\/www.allinclusivehotels.it\/de#organization"},"potentialAction":[{"@type":"SearchAction","target":{"@type":"EntryPoint","urlTemplate":"https:\/\/www.allinclusivehotels.it\/de?s={search_term_string}"},"query-input":{"@type":"PropertyValueSpecification","valueRequired":true,"valueName":"search_term_string"}}],"inLanguage":"de"},{"@type":"Organization","@id":"https:\/\/www.allinclusivehotels.it\/de#organization","name":"All Inclusive Hotels","url":"https:\/\/www.allinclusivehotels.it\/de","logo":{"@type":"ImageObject","inLanguage":"de","@id":"https:\/\/www.allinclusivehotels.it\/de#\/schema\/logo\/image\/","url":"","contentUrl":"","caption":"All Inclusive Hotels"},"image":{"@id":"https:\/\/www.allinclusivehotels.it\/de#\/schema\/logo\/image\/"}}]}},"_links":{"self":[{"href":"https:\/\/www.allinclusivehotels.it\/de\/wp-json\/wp\/v2\/pages\/49840","targetHints":{"allow":["GET"]}}],"collection":[{"href":"https:\/\/www.allinclusivehotels.it\/de\/wp-json\/wp\/v2\/pages"}],"about":[{"href":"https:\/\/www.allinclusivehotels.it\/de\/wp-json\/wp\/v2\/types\/page"}],"author":[{"embeddable":true,"href":"https:\/\/www.allinclusivehotels.it\/de\/wp-json\/wp\/v2\/users\/1"}],"replies":[{"embeddable":true,"href":"https:\/\/www.allinclusivehotels.it\/de\/wp-json\/wp\/v2\/comments?post=49840"}],"version-history":[{"count":2,"href":"https:\/\/www.allinclusivehotels.it\/de\/wp-json\/wp\/v2\/pages\/49840\/revisions"}],"predecessor-version":[{"id":50373,"href":"https:\/\/www.allinclusivehotels.it\/de\/wp-json\/wp\/v2\/pages\/49840\/revisions\/50373"}],"up":[{"embeddable":true,"href":"https:\/\/www.allinclusivehotels.it\/de\/wp-json\/wp\/v2\/pages\/16476"}],"wp:attachment":[{"href":"https:\/\/www.allinclusivehotels.it\/de\/wp-json\/wp\/v2\/media?parent=49840"}],"curies":[{"name":"wp","href":"https:\/\/api.w.org\/{rel}","templated":true}]}}