{"id":49813,"date":"2025-12-10T15:24:11","date_gmt":"2025-12-10T14:24:11","guid":{"rendered":"https:\/\/www.allinclusivehotels.it\/hotels\/brora-family-village"},"modified":"2026-01-19T14:42:56","modified_gmt":"2026-01-19T13:42:56","slug":"brora-family-village","status":"publish","type":"page","link":"https:\/\/www.allinclusivehotels.it\/de\/hotels\/brora-family-village","title":{"rendered":"Brora Family Village"},"content":{"rendered":"\n<p>Das <b>Brora Family Village<\/b> in <b>Lido di Classe<\/b> liegt <b>strategisch g\u00fcnstig<\/b>, nur 50 Meter vom <b>Privatstrand<\/b> entfernt, wo Ihnen 1 Sonnenschirm und 2 Liegen zur Verf\u00fcgung stehen. <b>Keine Stra\u00dfen zu \u00fcberqueren<\/b>, das Meer ist ganz in der N\u00e4he und Sie k\u00f6nnen es zusammen mit Ihren <b>Kindern<\/b> <b>sicher<\/b> erreichen.<\/p>\n\n\n\n<!--more-->\n\n\n\n<p>Das Hotel bietet ein <b>All-Inclusive-Dream<\/b>-Paket mit einer <b>rund um die Uhr ge\u00f6ffneten Bar<\/b>, sowohl im <b>Hotel<\/b> als auch am <b>Strand<\/b>: Kaffee, k\u00fchles Bier, Erfrischungsgetr\u00e4nke &#8230; kurz gesagt, alles, was Sie sich w\u00fcnschen, um sich tags\u00fcber zu erfrischen.<\/p>\n\n\n\n<p>Das <b>Brora Family Village<\/b> ist ideal f\u00fcr einen <b>Urlaub mit Kindern<\/b>, die sich zusammen mit dem <b>Maskottchen Rino<\/b> und dem <b>Animationsteam<\/b> bei Workshops, Art Attack, Ausfl\u00fcgen f\u00fcr Teenager und Babyshows vergn\u00fcgen k\u00f6nnen. F\u00fcr sie gibt es auch <b>Broraland<\/b>, den Bereich mit <b>Spielen<\/b> und <b>H\u00fcpfburgen<\/b> f\u00fcr den Mini- und Junior-Club. Der Nachmittag wird mit <b>Snakko<\/b> belebt, dem <b>Food-Truck<\/b> am Strand, der leckere Snacks serviert.<\/p>\n\n\n\n<p>Dar\u00fcber hinaus stellt das <b>Brora Family Village<\/b> f\u00fcr diejenigen, die mit dem Auto anreisen oder sich bequem fortbewegen m\u00f6chten, <b>kostenlose Fahrr\u00e4der<\/b> zur Verf\u00fcgung und bietet <b>Parkpl\u00e4tze<\/b> innerhalb der Anlage. <b>Haustiere<\/b> sind im Hotel <b>willkommen<\/b>.<\/p>\n","protected":false},"excerpt":{"rendered":"<p>Das Brora Family Village in Lido di Classe liegt strategisch g\u00fcnstig, nur 50 Meter vom &hellip;<\/p>\n","protected":false},"author":1,"featured_media":0,"parent":16476,"menu_order":0,"comment_status":"closed","ping_status":"closed","template":"page-templates\/scheda_hotel.php","meta":{"_acf_changed":false,"footnotes":""},"class_list":["post-49813","page","type-page","status-publish","hentry"],"acf":[],"yoast_head":"<!-- This site is optimized with the Yoast SEO plugin v27.6 - https:\/\/yoast.com\/product\/yoast-seo-wordpress\/ -->\n<title>Brora Family Village - All Inclusive Hotels<\/title>\n<meta name=\"robots\" content=\"index, follow, max-snippet:-1, max-image-preview:large, max-video-preview:-1\" \/>\n<link rel=\"canonical\" href=\"https:\/\/www.allinclusivehotels.it\/de\/hotels\/brora-family-village\" \/>\n<meta property=\"og:locale\" content=\"de_DE\" \/>\n<meta property=\"og:type\" content=\"article\" \/>\n<meta property=\"og:title\" content=\"Brora Family Village - All Inclusive Hotels\" \/>\n<meta property=\"og:description\" content=\"Das Brora Family Village in Lido di Classe liegt strategisch g\u00fcnstig, nur 50 Meter vom &hellip;\" \/>\n<meta property=\"og:url\" content=\"https:\/\/www.allinclusivehotels.it\/de\/hotels\/brora-family-village\" \/>\n<meta property=\"og:site_name\" content=\"All Inclusive Hotels\" \/>\n<meta property=\"article:modified_time\" content=\"2026-01-19T13:42:56+00:00\" \/>\n<meta name=\"twitter:card\" content=\"summary_large_image\" \/>\n<meta name=\"twitter:label1\" content=\"Gesch\u00e4tzte Lesezeit\" \/>\n\t<meta name=\"twitter:data1\" content=\"1\u00a0Minute\" \/>\n<script type=\"application\/ld+json\" class=\"yoast-schema-graph\">{\"@context\":\"https:\\\/\\\/schema.org\",\"@graph\":[{\"@type\":\"WebPage\",\"@id\":\"https:\\\/\\\/www.allinclusivehotels.it\\\/de\\\/hotels\\\/brora-family-village\",\"url\":\"https:\\\/\\\/www.allinclusivehotels.it\\\/de\\\/hotels\\\/brora-family-village\",\"name\":\"Brora Family Village - All Inclusive Hotels\",\"isPartOf\":{\"@id\":\"https:\\\/\\\/www.allinclusivehotels.it\\\/de#website\"},\"datePublished\":\"2025-12-10T14:24:11+00:00\",\"dateModified\":\"2026-01-19T13:42:56+00:00\",\"breadcrumb\":{\"@id\":\"https:\\\/\\\/www.allinclusivehotels.it\\\/de\\\/hotels\\\/brora-family-village#breadcrumb\"},\"inLanguage\":\"de\",\"potentialAction\":[{\"@type\":\"ReadAction\",\"target\":[\"https:\\\/\\\/www.allinclusivehotels.it\\\/de\\\/hotels\\\/brora-family-village\"]}]},{\"@type\":\"BreadcrumbList\",\"@id\":\"https:\\\/\\\/www.allinclusivehotels.it\\\/de\\\/hotels\\\/brora-family-village#breadcrumb\",\"itemListElement\":[{\"@type\":\"ListItem\",\"position\":1,\"name\":\"Home\",\"item\":\"https:\\\/\\\/www.allinclusivehotels.it\\\/de\"},{\"@type\":\"ListItem\",\"position\":2,\"name\":\"Hotels\",\"item\":\"https:\\\/\\\/www.allinclusivehotels.it\\\/de\\\/hotels\"},{\"@type\":\"ListItem\",\"position\":3,\"name\":\"Brora Family Village\"}]},{\"@type\":\"WebSite\",\"@id\":\"https:\\\/\\\/www.allinclusivehotels.it\\\/de#website\",\"url\":\"https:\\\/\\\/www.allinclusivehotels.it\\\/de\",\"name\":\"All Inclusive Hotels\",\"description\":\"\",\"publisher\":{\"@id\":\"https:\\\/\\\/www.allinclusivehotels.it\\\/de#organization\"},\"potentialAction\":[{\"@type\":\"SearchAction\",\"target\":{\"@type\":\"EntryPoint\",\"urlTemplate\":\"https:\\\/\\\/www.allinclusivehotels.it\\\/de?s={search_term_string}\"},\"query-input\":{\"@type\":\"PropertyValueSpecification\",\"valueRequired\":true,\"valueName\":\"search_term_string\"}}],\"inLanguage\":\"de\"},{\"@type\":\"Organization\",\"@id\":\"https:\\\/\\\/www.allinclusivehotels.it\\\/de#organization\",\"name\":\"All Inclusive Hotels\",\"url\":\"https:\\\/\\\/www.allinclusivehotels.it\\\/de\",\"logo\":{\"@type\":\"ImageObject\",\"inLanguage\":\"de\",\"@id\":\"https:\\\/\\\/www.allinclusivehotels.it\\\/de#\\\/schema\\\/logo\\\/image\\\/\",\"url\":\"\",\"contentUrl\":\"\",\"caption\":\"All Inclusive Hotels\"},\"image\":{\"@id\":\"https:\\\/\\\/www.allinclusivehotels.it\\\/de#\\\/schema\\\/logo\\\/image\\\/\"}}]}<\/script>\n<!-- \/ Yoast SEO plugin. -->","yoast_head_json":{"title":"Brora Family Village - All Inclusive Hotels","robots":{"index":"index","follow":"follow","max-snippet":"max-snippet:-1","max-image-preview":"max-image-preview:large","max-video-preview":"max-video-preview:-1"},"canonical":"https:\/\/www.allinclusivehotels.it\/de\/hotels\/brora-family-village","og_locale":"de_DE","og_type":"article","og_title":"Brora Family Village - All Inclusive Hotels","og_description":"Das Brora Family Village in Lido di Classe liegt strategisch g\u00fcnstig, nur 50 Meter vom &hellip;","og_url":"https:\/\/www.allinclusivehotels.it\/de\/hotels\/brora-family-village","og_site_name":"All Inclusive Hotels","article_modified_time":"2026-01-19T13:42:56+00:00","twitter_card":"summary_large_image","twitter_misc":{"Gesch\u00e4tzte Lesezeit":"1\u00a0Minute"},"schema":{"@context":"https:\/\/schema.org","@graph":[{"@type":"WebPage","@id":"https:\/\/www.allinclusivehotels.it\/de\/hotels\/brora-family-village","url":"https:\/\/www.allinclusivehotels.it\/de\/hotels\/brora-family-village","name":"Brora Family Village - All Inclusive Hotels","isPartOf":{"@id":"https:\/\/www.allinclusivehotels.it\/de#website"},"datePublished":"2025-12-10T14:24:11+00:00","dateModified":"2026-01-19T13:42:56+00:00","breadcrumb":{"@id":"https:\/\/www.allinclusivehotels.it\/de\/hotels\/brora-family-village#breadcrumb"},"inLanguage":"de","potentialAction":[{"@type":"ReadAction","target":["https:\/\/www.allinclusivehotels.it\/de\/hotels\/brora-family-village"]}]},{"@type":"BreadcrumbList","@id":"https:\/\/www.allinclusivehotels.it\/de\/hotels\/brora-family-village#breadcrumb","itemListElement":[{"@type":"ListItem","position":1,"name":"Home","item":"https:\/\/www.allinclusivehotels.it\/de"},{"@type":"ListItem","position":2,"name":"Hotels","item":"https:\/\/www.allinclusivehotels.it\/de\/hotels"},{"@type":"ListItem","position":3,"name":"Brora Family Village"}]},{"@type":"WebSite","@id":"https:\/\/www.allinclusivehotels.it\/de#website","url":"https:\/\/www.allinclusivehotels.it\/de","name":"All Inclusive Hotels","description":"","publisher":{"@id":"https:\/\/www.allinclusivehotels.it\/de#organization"},"potentialAction":[{"@type":"SearchAction","target":{"@type":"EntryPoint","urlTemplate":"https:\/\/www.allinclusivehotels.it\/de?s={search_term_string}"},"query-input":{"@type":"PropertyValueSpecification","valueRequired":true,"valueName":"search_term_string"}}],"inLanguage":"de"},{"@type":"Organization","@id":"https:\/\/www.allinclusivehotels.it\/de#organization","name":"All Inclusive Hotels","url":"https:\/\/www.allinclusivehotels.it\/de","logo":{"@type":"ImageObject","inLanguage":"de","@id":"https:\/\/www.allinclusivehotels.it\/de#\/schema\/logo\/image\/","url":"","contentUrl":"","caption":"All Inclusive Hotels"},"image":{"@id":"https:\/\/www.allinclusivehotels.it\/de#\/schema\/logo\/image\/"}}]}},"_links":{"self":[{"href":"https:\/\/www.allinclusivehotels.it\/de\/wp-json\/wp\/v2\/pages\/49813","targetHints":{"allow":["GET"]}}],"collection":[{"href":"https:\/\/www.allinclusivehotels.it\/de\/wp-json\/wp\/v2\/pages"}],"about":[{"href":"https:\/\/www.allinclusivehotels.it\/de\/wp-json\/wp\/v2\/types\/page"}],"author":[{"embeddable":true,"href":"https:\/\/www.allinclusivehotels.it\/de\/wp-json\/wp\/v2\/users\/1"}],"replies":[{"embeddable":true,"href":"https:\/\/www.allinclusivehotels.it\/de\/wp-json\/wp\/v2\/comments?post=49813"}],"version-history":[{"count":2,"href":"https:\/\/www.allinclusivehotels.it\/de\/wp-json\/wp\/v2\/pages\/49813\/revisions"}],"predecessor-version":[{"id":50372,"href":"https:\/\/www.allinclusivehotels.it\/de\/wp-json\/wp\/v2\/pages\/49813\/revisions\/50372"}],"up":[{"embeddable":true,"href":"https:\/\/www.allinclusivehotels.it\/de\/wp-json\/wp\/v2\/pages\/16476"}],"wp:attachment":[{"href":"https:\/\/www.allinclusivehotels.it\/de\/wp-json\/wp\/v2\/media?parent=49813"}],"curies":[{"name":"wp","href":"https:\/\/api.w.org\/{rel}","templated":true}]}}