{"id":49641,"date":"2025-12-03T10:01:48","date_gmt":"2025-12-03T09:01:48","guid":{"rendered":"https:\/\/www.allinclusivehotels.it\/hotels\/green-garden-village"},"modified":"2026-01-08T12:37:44","modified_gmt":"2026-01-08T11:37:44","slug":"green-garden-village","status":"publish","type":"page","link":"https:\/\/www.allinclusivehotels.it\/de\/hotels\/green-garden-village","title":{"rendered":"Green Garden Village"},"content":{"rendered":"\n<p>Das <b>Green Garden Village<\/b> ist eine gr\u00fcne Oase in der N\u00e4he des <b>Zentrums von Sirolo<\/b>, wo alles darauf ausgerichtet ist, Ihnen einen <b>All-Inclusive-Urlaub an der Riviera del Conero<\/b> zu bieten.<\/p>\n\n\n\n<p>Die G\u00e4ste genie\u00dfen den <b>Komfort,<\/b> <b>alles in unmittelbarer N\u00e4he<\/b> zu haben: den gro\u00dfen, von Natur umgebenen <b>Pool<\/b>, ideal zum Erfrischen oder Spielen mit den <b>Kindern<\/b>, die <b>Sportpl\u00e4tze<\/b>, die <b>gro\u00dfz\u00fcgigen Au\u00dfenbereiche<\/b> und die gepflegten Gr\u00fcnfl\u00e4chen, die in jedem Winkel des Feriendorfs <b>eine entspannende Atmosph\u00e4re<\/b> schaffen.<\/p>\n\n\n\n<!--more-->\n\n\n\n<p>Der <b>Privatstrand<\/b> ist ein gro\u00dfes Plus: Er ist <b>mit dem kostenlosen Shuttlebus in wenigen Minuten<\/b> zu erreichen und erwartet die G\u00e4ste mit <b>Sonnenschirm<\/b> und <b>zwei<\/b> bereitgestellten <b>Liegen<\/b>.<\/p>\n\n\n\n<p>F\u00fcr <b>Kinder<\/b> gibt es spezielle Spielbereiche und sie k\u00f6nnen am <b>Baby Dance<\/b> teilnehmen. Au\u00dferdem werden unter der Woche zwei <b>Abendshows<\/b> organisiert.<\/p>\n\n\n\n<p>Der <b>garantierte Parkplatz im Innenbereich<\/b> sorgt f\u00fcr sorgenfreies Reisen, ebenso wie die M\u00f6glichkeit, in allen Unterk\u00fcnften (au\u00dfer am Strand) mit Ihrem <b>Haustier<\/b> zu \u00fcbernachten.<\/p>\n\n\n\n<p>Mit seiner nat\u00fcrlichen Umgebung, seinem Komfort und seiner <b>strategisch g\u00fcnstigen Lage<\/b> ist das <b>Green Garden Village<\/b> der perfekte Ort, um die <b>Riviera del Conero<\/b> zu erleben.<\/p>\n","protected":false},"excerpt":{"rendered":"<p>Das Green Garden Village ist eine gr\u00fcne Oase in der N\u00e4he des Zentrums von Sirolo, &hellip;<\/p>\n","protected":false},"author":1,"featured_media":0,"parent":16476,"menu_order":0,"comment_status":"closed","ping_status":"closed","template":"page-templates\/scheda_hotel.php","meta":{"_acf_changed":false,"footnotes":""},"class_list":["post-49641","page","type-page","status-publish","hentry"],"acf":[],"yoast_head":"<!-- This site is optimized with the Yoast SEO plugin v27.0 - https:\/\/yoast.com\/product\/yoast-seo-wordpress\/ -->\n<title>Green Garden Village - All Inclusive Hotels<\/title>\n<meta name=\"robots\" content=\"index, follow, max-snippet:-1, max-image-preview:large, max-video-preview:-1\" \/>\n<link rel=\"canonical\" href=\"https:\/\/www.allinclusivehotels.it\/de\/hotels\/green-garden-village\" \/>\n<meta property=\"og:locale\" content=\"de_DE\" \/>\n<meta property=\"og:type\" content=\"article\" \/>\n<meta property=\"og:title\" content=\"Green Garden Village - All Inclusive Hotels\" \/>\n<meta property=\"og:description\" content=\"Das Green Garden Village ist eine gr\u00fcne Oase in der N\u00e4he des Zentrums von Sirolo, &hellip;\" \/>\n<meta property=\"og:url\" content=\"https:\/\/www.allinclusivehotels.it\/de\/hotels\/green-garden-village\" \/>\n<meta property=\"og:site_name\" content=\"All Inclusive Hotels\" \/>\n<meta property=\"article:modified_time\" content=\"2026-01-08T11:37:44+00:00\" \/>\n<meta name=\"twitter:card\" content=\"summary_large_image\" \/>\n<meta name=\"twitter:label1\" content=\"Gesch\u00e4tzte Lesezeit\" \/>\n\t<meta name=\"twitter:data1\" content=\"1\u00a0Minute\" \/>\n<script type=\"application\/ld+json\" class=\"yoast-schema-graph\">{\"@context\":\"https:\/\/schema.org\",\"@graph\":[{\"@type\":\"WebPage\",\"@id\":\"https:\/\/www.allinclusivehotels.it\/de\/hotels\/green-garden-village\",\"url\":\"https:\/\/www.allinclusivehotels.it\/de\/hotels\/green-garden-village\",\"name\":\"Green Garden Village - All Inclusive Hotels\",\"isPartOf\":{\"@id\":\"https:\/\/www.allinclusivehotels.it\/de#website\"},\"datePublished\":\"2025-12-03T09:01:48+00:00\",\"dateModified\":\"2026-01-08T11:37:44+00:00\",\"breadcrumb\":{\"@id\":\"https:\/\/www.allinclusivehotels.it\/de\/hotels\/green-garden-village#breadcrumb\"},\"inLanguage\":\"de\",\"potentialAction\":[{\"@type\":\"ReadAction\",\"target\":[\"https:\/\/www.allinclusivehotels.it\/de\/hotels\/green-garden-village\"]}]},{\"@type\":\"BreadcrumbList\",\"@id\":\"https:\/\/www.allinclusivehotels.it\/de\/hotels\/green-garden-village#breadcrumb\",\"itemListElement\":[{\"@type\":\"ListItem\",\"position\":1,\"name\":\"Home\",\"item\":\"https:\/\/www.allinclusivehotels.it\/de\"},{\"@type\":\"ListItem\",\"position\":2,\"name\":\"Hotels\",\"item\":\"https:\/\/www.allinclusivehotels.it\/de\/hotels\"},{\"@type\":\"ListItem\",\"position\":3,\"name\":\"Green Garden Village\"}]},{\"@type\":\"WebSite\",\"@id\":\"https:\/\/www.allinclusivehotels.it\/de#website\",\"url\":\"https:\/\/www.allinclusivehotels.it\/de\",\"name\":\"All Inclusive Hotels\",\"description\":\"\",\"publisher\":{\"@id\":\"https:\/\/www.allinclusivehotels.it\/de#organization\"},\"potentialAction\":[{\"@type\":\"SearchAction\",\"target\":{\"@type\":\"EntryPoint\",\"urlTemplate\":\"https:\/\/www.allinclusivehotels.it\/de?s={search_term_string}\"},\"query-input\":{\"@type\":\"PropertyValueSpecification\",\"valueRequired\":true,\"valueName\":\"search_term_string\"}}],\"inLanguage\":\"de\"},{\"@type\":\"Organization\",\"@id\":\"https:\/\/www.allinclusivehotels.it\/de#organization\",\"name\":\"All Inclusive Hotels\",\"url\":\"https:\/\/www.allinclusivehotels.it\/de\",\"logo\":{\"@type\":\"ImageObject\",\"inLanguage\":\"de\",\"@id\":\"https:\/\/www.allinclusivehotels.it\/de#\/schema\/logo\/image\/\",\"url\":\"\",\"contentUrl\":\"\",\"caption\":\"All Inclusive Hotels\"},\"image\":{\"@id\":\"https:\/\/www.allinclusivehotels.it\/de#\/schema\/logo\/image\/\"}}]}<\/script>\n<!-- \/ Yoast SEO plugin. -->","yoast_head_json":{"title":"Green Garden Village - All Inclusive Hotels","robots":{"index":"index","follow":"follow","max-snippet":"max-snippet:-1","max-image-preview":"max-image-preview:large","max-video-preview":"max-video-preview:-1"},"canonical":"https:\/\/www.allinclusivehotels.it\/de\/hotels\/green-garden-village","og_locale":"de_DE","og_type":"article","og_title":"Green Garden Village - All Inclusive Hotels","og_description":"Das Green Garden Village ist eine gr\u00fcne Oase in der N\u00e4he des Zentrums von Sirolo, &hellip;","og_url":"https:\/\/www.allinclusivehotels.it\/de\/hotels\/green-garden-village","og_site_name":"All Inclusive Hotels","article_modified_time":"2026-01-08T11:37:44+00:00","twitter_card":"summary_large_image","twitter_misc":{"Gesch\u00e4tzte Lesezeit":"1\u00a0Minute"},"schema":{"@context":"https:\/\/schema.org","@graph":[{"@type":"WebPage","@id":"https:\/\/www.allinclusivehotels.it\/de\/hotels\/green-garden-village","url":"https:\/\/www.allinclusivehotels.it\/de\/hotels\/green-garden-village","name":"Green Garden Village - All Inclusive Hotels","isPartOf":{"@id":"https:\/\/www.allinclusivehotels.it\/de#website"},"datePublished":"2025-12-03T09:01:48+00:00","dateModified":"2026-01-08T11:37:44+00:00","breadcrumb":{"@id":"https:\/\/www.allinclusivehotels.it\/de\/hotels\/green-garden-village#breadcrumb"},"inLanguage":"de","potentialAction":[{"@type":"ReadAction","target":["https:\/\/www.allinclusivehotels.it\/de\/hotels\/green-garden-village"]}]},{"@type":"BreadcrumbList","@id":"https:\/\/www.allinclusivehotels.it\/de\/hotels\/green-garden-village#breadcrumb","itemListElement":[{"@type":"ListItem","position":1,"name":"Home","item":"https:\/\/www.allinclusivehotels.it\/de"},{"@type":"ListItem","position":2,"name":"Hotels","item":"https:\/\/www.allinclusivehotels.it\/de\/hotels"},{"@type":"ListItem","position":3,"name":"Green Garden Village"}]},{"@type":"WebSite","@id":"https:\/\/www.allinclusivehotels.it\/de#website","url":"https:\/\/www.allinclusivehotels.it\/de","name":"All Inclusive Hotels","description":"","publisher":{"@id":"https:\/\/www.allinclusivehotels.it\/de#organization"},"potentialAction":[{"@type":"SearchAction","target":{"@type":"EntryPoint","urlTemplate":"https:\/\/www.allinclusivehotels.it\/de?s={search_term_string}"},"query-input":{"@type":"PropertyValueSpecification","valueRequired":true,"valueName":"search_term_string"}}],"inLanguage":"de"},{"@type":"Organization","@id":"https:\/\/www.allinclusivehotels.it\/de#organization","name":"All Inclusive Hotels","url":"https:\/\/www.allinclusivehotels.it\/de","logo":{"@type":"ImageObject","inLanguage":"de","@id":"https:\/\/www.allinclusivehotels.it\/de#\/schema\/logo\/image\/","url":"","contentUrl":"","caption":"All Inclusive Hotels"},"image":{"@id":"https:\/\/www.allinclusivehotels.it\/de#\/schema\/logo\/image\/"}}]}},"_links":{"self":[{"href":"https:\/\/www.allinclusivehotels.it\/de\/wp-json\/wp\/v2\/pages\/49641","targetHints":{"allow":["GET"]}}],"collection":[{"href":"https:\/\/www.allinclusivehotels.it\/de\/wp-json\/wp\/v2\/pages"}],"about":[{"href":"https:\/\/www.allinclusivehotels.it\/de\/wp-json\/wp\/v2\/types\/page"}],"author":[{"embeddable":true,"href":"https:\/\/www.allinclusivehotels.it\/de\/wp-json\/wp\/v2\/users\/1"}],"replies":[{"embeddable":true,"href":"https:\/\/www.allinclusivehotels.it\/de\/wp-json\/wp\/v2\/comments?post=49641"}],"version-history":[{"count":2,"href":"https:\/\/www.allinclusivehotels.it\/de\/wp-json\/wp\/v2\/pages\/49641\/revisions"}],"predecessor-version":[{"id":50333,"href":"https:\/\/www.allinclusivehotels.it\/de\/wp-json\/wp\/v2\/pages\/49641\/revisions\/50333"}],"up":[{"embeddable":true,"href":"https:\/\/www.allinclusivehotels.it\/de\/wp-json\/wp\/v2\/pages\/16476"}],"wp:attachment":[{"href":"https:\/\/www.allinclusivehotels.it\/de\/wp-json\/wp\/v2\/media?parent=49641"}],"curies":[{"name":"wp","href":"https:\/\/api.w.org\/{rel}","templated":true}]}}