{"id":42459,"date":"2025-02-14T10:39:18","date_gmt":"2025-02-14T09:39:18","guid":{"rendered":"https:\/\/www.allinclusivehotels.it\/hotels\/club-family-hotel-best-family"},"modified":"2025-03-18T14:32:38","modified_gmt":"2025-03-18T13:32:38","slug":"club-family-hotel-best-family","status":"publish","type":"page","link":"https:\/\/www.allinclusivehotels.it\/de\/hotels\/club-family-hotel-best-family","title":{"rendered":"Club Family Hotel Best Family"},"content":{"rendered":"\n<p>Das <b>Club Family Hotel Best Family Riccione <\/b>ist <b>nur wenige Schritte vom Zentrum und dem Strand entfernt<\/b>. Hier ist jeder Moment des Tages auf Spa\u00df und Entspannung f\u00fcr die ganze Familie ausgerichtet. Die All-Inclusive-Formel umfasst ein reichhaltiges <b>Buffet<\/b> mit Fleisch- und Fischgerichten, eine stets aktive <b>Grillecke<\/b>, <b>Desserts<\/b>, <b>Snacks und Aperitifs<\/b> sowie eine <b>offene Bar <\/b>f\u00fcr eine erfrischende Pause zu jeder Zeit.<\/p>\n\n\n\n<!--more-->\n\n\n\n<p>Das Hotel bietet auch einen <b>bequemen Zugang zum Strand<\/b>, wo Ihnen ein <b>Sonnenschirm und 2 Liegest\u00fchle<\/b> zur Verf\u00fcgung stehen, ideal zum Entspannen in der Sonne. <b>F\u00fcr die Kleinsten gibt es zahlreiche Serviceleistungen<\/b>, wie z. B. eine gut ausgestattete Babyk\u00fcche, die <b>Nanny School<\/b> f\u00fcr Kinder von 8 Monaten bis 3 Jahren und <b>Fahrr\u00e4der mit Kindersitzen<\/b>. Jugendliche und Erwachsene k\u00f6nnen sich im <b>Panoramapool<\/b> im vierten Stock mit <b>herrlichem Blick <\/b>auf Riccione vergn\u00fcgen, w\u00e4hrend der Mini-, Junior- und Teen-Club, die <b>Abendshows und Spiele<\/b> f\u00fcr Jung und Alt den ganzen Tag \u00fcber f\u00fcr <b>Unterhaltung<\/b> sorgen.<\/p>\n\n\n\n<p>Um Ihren Aufenthalt noch komfortabler zu gestalten, bietet das Hotel au\u00dferdem eine \u00fcberdachte <b>Garage<\/b> mit garantierten Parkpl\u00e4tzen in der N\u00e4he. Und bei einem Aufenthalt von mindestens 6 N\u00e4chten ist auch der <b>kostenlose Eintritt in Mirabilandia, Mirabeach und das Beach Village in Riccione<\/b> inbegriffen.<\/p>\n","protected":false},"excerpt":{"rendered":"<p>Das Club Family Hotel Best Family Riccione ist nur wenige Schritte vom Zentrum und dem &hellip;<\/p>\n","protected":false},"author":1,"featured_media":0,"parent":16476,"menu_order":0,"comment_status":"closed","ping_status":"closed","template":"page-templates\/scheda_hotel.php","meta":{"_acf_changed":false,"footnotes":""},"class_list":["post-42459","page","type-page","status-publish","hentry"],"acf":[],"yoast_head":"<!-- This site is optimized with the Yoast SEO plugin v27.0 - https:\/\/yoast.com\/product\/yoast-seo-wordpress\/ -->\n<title>Club Family Hotel Best Family - All Inclusive Hotels<\/title>\n<meta name=\"robots\" content=\"index, follow, max-snippet:-1, max-image-preview:large, max-video-preview:-1\" \/>\n<link rel=\"canonical\" href=\"https:\/\/www.allinclusivehotels.it\/de\/hotels\/club-family-hotel-best-family\" \/>\n<meta property=\"og:locale\" content=\"de_DE\" \/>\n<meta property=\"og:type\" content=\"article\" \/>\n<meta property=\"og:title\" content=\"Club Family Hotel Best Family - All Inclusive Hotels\" \/>\n<meta property=\"og:description\" content=\"Das Club Family Hotel Best Family Riccione ist nur wenige Schritte vom Zentrum und dem &hellip;\" \/>\n<meta property=\"og:url\" content=\"https:\/\/www.allinclusivehotels.it\/de\/hotels\/club-family-hotel-best-family\" \/>\n<meta property=\"og:site_name\" content=\"All Inclusive Hotels\" \/>\n<meta property=\"article:modified_time\" content=\"2025-03-18T13:32:38+00:00\" \/>\n<meta name=\"twitter:card\" content=\"summary_large_image\" \/>\n<meta name=\"twitter:label1\" content=\"Gesch\u00e4tzte Lesezeit\" \/>\n\t<meta name=\"twitter:data1\" content=\"1\u00a0Minute\" \/>\n<script type=\"application\/ld+json\" class=\"yoast-schema-graph\">{\"@context\":\"https:\/\/schema.org\",\"@graph\":[{\"@type\":\"WebPage\",\"@id\":\"https:\/\/www.allinclusivehotels.it\/de\/hotels\/club-family-hotel-best-family\",\"url\":\"https:\/\/www.allinclusivehotels.it\/de\/hotels\/club-family-hotel-best-family\",\"name\":\"Club Family Hotel Best Family - All Inclusive Hotels\",\"isPartOf\":{\"@id\":\"https:\/\/www.allinclusivehotels.it\/de#website\"},\"datePublished\":\"2025-02-14T09:39:18+00:00\",\"dateModified\":\"2025-03-18T13:32:38+00:00\",\"breadcrumb\":{\"@id\":\"https:\/\/www.allinclusivehotels.it\/de\/hotels\/club-family-hotel-best-family#breadcrumb\"},\"inLanguage\":\"de\",\"potentialAction\":[{\"@type\":\"ReadAction\",\"target\":[\"https:\/\/www.allinclusivehotels.it\/de\/hotels\/club-family-hotel-best-family\"]}]},{\"@type\":\"BreadcrumbList\",\"@id\":\"https:\/\/www.allinclusivehotels.it\/de\/hotels\/club-family-hotel-best-family#breadcrumb\",\"itemListElement\":[{\"@type\":\"ListItem\",\"position\":1,\"name\":\"Home\",\"item\":\"https:\/\/www.allinclusivehotels.it\/de\"},{\"@type\":\"ListItem\",\"position\":2,\"name\":\"Hotels\",\"item\":\"https:\/\/www.allinclusivehotels.it\/de\/hotels\"},{\"@type\":\"ListItem\",\"position\":3,\"name\":\"Club Family Hotel Best Family\"}]},{\"@type\":\"WebSite\",\"@id\":\"https:\/\/www.allinclusivehotels.it\/de#website\",\"url\":\"https:\/\/www.allinclusivehotels.it\/de\",\"name\":\"All Inclusive Hotels\",\"description\":\"\",\"publisher\":{\"@id\":\"https:\/\/www.allinclusivehotels.it\/de#organization\"},\"potentialAction\":[{\"@type\":\"SearchAction\",\"target\":{\"@type\":\"EntryPoint\",\"urlTemplate\":\"https:\/\/www.allinclusivehotels.it\/de?s={search_term_string}\"},\"query-input\":{\"@type\":\"PropertyValueSpecification\",\"valueRequired\":true,\"valueName\":\"search_term_string\"}}],\"inLanguage\":\"de\"},{\"@type\":\"Organization\",\"@id\":\"https:\/\/www.allinclusivehotels.it\/de#organization\",\"name\":\"All Inclusive Hotels\",\"url\":\"https:\/\/www.allinclusivehotels.it\/de\",\"logo\":{\"@type\":\"ImageObject\",\"inLanguage\":\"de\",\"@id\":\"https:\/\/www.allinclusivehotels.it\/de#\/schema\/logo\/image\/\",\"url\":\"\",\"contentUrl\":\"\",\"caption\":\"All Inclusive Hotels\"},\"image\":{\"@id\":\"https:\/\/www.allinclusivehotels.it\/de#\/schema\/logo\/image\/\"}}]}<\/script>\n<!-- \/ Yoast SEO plugin. -->","yoast_head_json":{"title":"Club Family Hotel Best Family - All Inclusive Hotels","robots":{"index":"index","follow":"follow","max-snippet":"max-snippet:-1","max-image-preview":"max-image-preview:large","max-video-preview":"max-video-preview:-1"},"canonical":"https:\/\/www.allinclusivehotels.it\/de\/hotels\/club-family-hotel-best-family","og_locale":"de_DE","og_type":"article","og_title":"Club Family Hotel Best Family - All Inclusive Hotels","og_description":"Das Club Family Hotel Best Family Riccione ist nur wenige Schritte vom Zentrum und dem &hellip;","og_url":"https:\/\/www.allinclusivehotels.it\/de\/hotels\/club-family-hotel-best-family","og_site_name":"All Inclusive Hotels","article_modified_time":"2025-03-18T13:32:38+00:00","twitter_card":"summary_large_image","twitter_misc":{"Gesch\u00e4tzte Lesezeit":"1\u00a0Minute"},"schema":{"@context":"https:\/\/schema.org","@graph":[{"@type":"WebPage","@id":"https:\/\/www.allinclusivehotels.it\/de\/hotels\/club-family-hotel-best-family","url":"https:\/\/www.allinclusivehotels.it\/de\/hotels\/club-family-hotel-best-family","name":"Club Family Hotel Best Family - All Inclusive Hotels","isPartOf":{"@id":"https:\/\/www.allinclusivehotels.it\/de#website"},"datePublished":"2025-02-14T09:39:18+00:00","dateModified":"2025-03-18T13:32:38+00:00","breadcrumb":{"@id":"https:\/\/www.allinclusivehotels.it\/de\/hotels\/club-family-hotel-best-family#breadcrumb"},"inLanguage":"de","potentialAction":[{"@type":"ReadAction","target":["https:\/\/www.allinclusivehotels.it\/de\/hotels\/club-family-hotel-best-family"]}]},{"@type":"BreadcrumbList","@id":"https:\/\/www.allinclusivehotels.it\/de\/hotels\/club-family-hotel-best-family#breadcrumb","itemListElement":[{"@type":"ListItem","position":1,"name":"Home","item":"https:\/\/www.allinclusivehotels.it\/de"},{"@type":"ListItem","position":2,"name":"Hotels","item":"https:\/\/www.allinclusivehotels.it\/de\/hotels"},{"@type":"ListItem","position":3,"name":"Club Family Hotel Best Family"}]},{"@type":"WebSite","@id":"https:\/\/www.allinclusivehotels.it\/de#website","url":"https:\/\/www.allinclusivehotels.it\/de","name":"All Inclusive Hotels","description":"","publisher":{"@id":"https:\/\/www.allinclusivehotels.it\/de#organization"},"potentialAction":[{"@type":"SearchAction","target":{"@type":"EntryPoint","urlTemplate":"https:\/\/www.allinclusivehotels.it\/de?s={search_term_string}"},"query-input":{"@type":"PropertyValueSpecification","valueRequired":true,"valueName":"search_term_string"}}],"inLanguage":"de"},{"@type":"Organization","@id":"https:\/\/www.allinclusivehotels.it\/de#organization","name":"All Inclusive Hotels","url":"https:\/\/www.allinclusivehotels.it\/de","logo":{"@type":"ImageObject","inLanguage":"de","@id":"https:\/\/www.allinclusivehotels.it\/de#\/schema\/logo\/image\/","url":"","contentUrl":"","caption":"All Inclusive Hotels"},"image":{"@id":"https:\/\/www.allinclusivehotels.it\/de#\/schema\/logo\/image\/"}}]}},"_links":{"self":[{"href":"https:\/\/www.allinclusivehotels.it\/de\/wp-json\/wp\/v2\/pages\/42459","targetHints":{"allow":["GET"]}}],"collection":[{"href":"https:\/\/www.allinclusivehotels.it\/de\/wp-json\/wp\/v2\/pages"}],"about":[{"href":"https:\/\/www.allinclusivehotels.it\/de\/wp-json\/wp\/v2\/types\/page"}],"author":[{"embeddable":true,"href":"https:\/\/www.allinclusivehotels.it\/de\/wp-json\/wp\/v2\/users\/1"}],"replies":[{"embeddable":true,"href":"https:\/\/www.allinclusivehotels.it\/de\/wp-json\/wp\/v2\/comments?post=42459"}],"version-history":[{"count":2,"href":"https:\/\/www.allinclusivehotels.it\/de\/wp-json\/wp\/v2\/pages\/42459\/revisions"}],"predecessor-version":[{"id":44142,"href":"https:\/\/www.allinclusivehotels.it\/de\/wp-json\/wp\/v2\/pages\/42459\/revisions\/44142"}],"up":[{"embeddable":true,"href":"https:\/\/www.allinclusivehotels.it\/de\/wp-json\/wp\/v2\/pages\/16476"}],"wp:attachment":[{"href":"https:\/\/www.allinclusivehotels.it\/de\/wp-json\/wp\/v2\/media?parent=42459"}],"curies":[{"name":"wp","href":"https:\/\/api.w.org\/{rel}","templated":true}]}}