{"id":42452,"date":"2025-02-14T10:37:41","date_gmt":"2025-02-14T09:37:41","guid":{"rendered":"https:\/\/www.allinclusivehotels.it\/hotels\/club-family-hotel-michelangelo"},"modified":"2025-04-11T12:50:34","modified_gmt":"2025-04-11T10:50:34","slug":"club-family-hotel-michelangelo","status":"publish","type":"page","link":"https:\/\/www.allinclusivehotels.it\/de\/hotels\/club-family-hotel-michelangelo","title":{"rendered":"Club Family Hotel Michelangelo"},"content":{"rendered":"\n<p>Club Family Hotel Michelangelo liegt wenige Schritte vom <b>Stadtzentrum von Milano Marittima<\/b> und nur <b>2 Gehminuten vom Strandbad<\/b> \u201ePino Beach\u201c entfernt und ist f\u00fcr Familien auf der Suche nach Entspannung und Spa\u00df ideal! Es ist von einem gro\u00dfen Garten umgeben und bietet <b>sichere Spielbereiche<\/b> f\u00fcr die ganz Kleinen, die sich in der \u201eNanny School\u201c mit den <b>kompetenten Babysittern<\/b> vergn\u00fcgen. <b>Gr\u00f6\u00dfere Kinder <\/b>k\u00f6nnen <b>auf dem Spielplatz spielen, der vom Pool gut zu sehen ist<\/b>.<\/p>\n\n\n\n<!--more-->\n\n\n\n<p>Im <b>Garten<\/b> ein <b>beheizter Pool<\/b> mit <b>Wasserrutsche <\/b>f\u00fcr M\u00e4dchen und Jungens unter 10 Jahren, der viel Spa\u00df bietet. Die Kleinen unter 3 Jahren k\u00f6nnen sich im <b>Baby Splash Park <\/b>mit interaktiven <b>Wasserfont\u00e4nen <\/b>vergn\u00fcgen, w\u00e4hrend Sie sich im Schatten entspannen und Ihren Kindern beim Spielen zusehen.<\/p>\n\n\n\n<p>G\u00e4sten mit der <b>Formel Club Family All inclusive<\/b> steht den ganzen Tag der <b>Open-Bar<\/b>-Service mit Cafeteria und Zwischenmahlzeiten zu Verf\u00fcgung: alkoholfreie Getr\u00e4nke, Bier, s\u00fc\u00dfe und herzhafte Snacks. Hotel mit Gourmet-K\u00fcche, mit B\u00fcfett und Show <b>Cooking<\/b>. Auch <b>am Strand<\/b> gibt es den Open-Bar-Service mit <b>unbegrenzten Softdrinks<\/b>.<\/p>\n","protected":false},"excerpt":{"rendered":"<p>Club Family Hotel Michelangelo liegt wenige Schritte vom Stadtzentrum von Milano Marittima und nur 2 &hellip;<\/p>\n","protected":false},"author":1,"featured_media":0,"parent":16476,"menu_order":0,"comment_status":"closed","ping_status":"closed","template":"page-templates\/scheda_hotel.php","meta":{"_acf_changed":false,"footnotes":""},"class_list":["post-42452","page","type-page","status-publish","hentry"],"acf":[],"yoast_head":"<!-- This site is optimized with the Yoast SEO plugin v27.0 - https:\/\/yoast.com\/product\/yoast-seo-wordpress\/ -->\n<title>Club Family Hotel Michelangelo - All Inclusive Hotels<\/title>\n<meta name=\"description\" content=\"Club Family Hotel Michelangelo, ein wahres All-Inclusive-Hotel mitten in Milano Marittima. Unbegrenzt Open bar im Hotel und Erfrischungsgetr\u00e4nke am Strand.\" \/>\n<meta name=\"robots\" content=\"index, follow, max-snippet:-1, max-image-preview:large, max-video-preview:-1\" \/>\n<link rel=\"canonical\" href=\"https:\/\/www.allinclusivehotels.it\/de\/hotels\/club-family-hotel-michelangelo\" \/>\n<meta property=\"og:locale\" content=\"de_DE\" \/>\n<meta property=\"og:type\" content=\"article\" \/>\n<meta property=\"og:title\" content=\"Club Family Hotel Michelangelo - All Inclusive Hotels\" \/>\n<meta property=\"og:description\" content=\"Club Family Hotel Michelangelo, ein wahres All-Inclusive-Hotel mitten in Milano Marittima. Unbegrenzt Open bar im Hotel und Erfrischungsgetr\u00e4nke am Strand.\" \/>\n<meta property=\"og:url\" content=\"https:\/\/www.allinclusivehotels.it\/de\/hotels\/club-family-hotel-michelangelo\" \/>\n<meta property=\"og:site_name\" content=\"All Inclusive Hotels\" \/>\n<meta property=\"article:modified_time\" content=\"2025-04-11T10:50:34+00:00\" \/>\n<meta name=\"twitter:card\" content=\"summary_large_image\" \/>\n<meta name=\"twitter:label1\" content=\"Gesch\u00e4tzte Lesezeit\" \/>\n\t<meta name=\"twitter:data1\" content=\"1\u00a0Minute\" \/>\n<script type=\"application\/ld+json\" class=\"yoast-schema-graph\">{\"@context\":\"https:\/\/schema.org\",\"@graph\":[{\"@type\":\"WebPage\",\"@id\":\"https:\/\/www.allinclusivehotels.it\/de\/hotels\/club-family-hotel-michelangelo\",\"url\":\"https:\/\/www.allinclusivehotels.it\/de\/hotels\/club-family-hotel-michelangelo\",\"name\":\"Club Family Hotel Michelangelo - All Inclusive Hotels\",\"isPartOf\":{\"@id\":\"https:\/\/www.allinclusivehotels.it\/de#website\"},\"datePublished\":\"2025-02-14T09:37:41+00:00\",\"dateModified\":\"2025-04-11T10:50:34+00:00\",\"description\":\"Club Family Hotel Michelangelo, ein wahres All-Inclusive-Hotel mitten in Milano Marittima. Unbegrenzt Open bar im Hotel und Erfrischungsgetr\u00e4nke am Strand.\",\"breadcrumb\":{\"@id\":\"https:\/\/www.allinclusivehotels.it\/de\/hotels\/club-family-hotel-michelangelo#breadcrumb\"},\"inLanguage\":\"de\",\"potentialAction\":[{\"@type\":\"ReadAction\",\"target\":[\"https:\/\/www.allinclusivehotels.it\/de\/hotels\/club-family-hotel-michelangelo\"]}]},{\"@type\":\"BreadcrumbList\",\"@id\":\"https:\/\/www.allinclusivehotels.it\/de\/hotels\/club-family-hotel-michelangelo#breadcrumb\",\"itemListElement\":[{\"@type\":\"ListItem\",\"position\":1,\"name\":\"Home\",\"item\":\"https:\/\/www.allinclusivehotels.it\/de\"},{\"@type\":\"ListItem\",\"position\":2,\"name\":\"Hotels\",\"item\":\"https:\/\/www.allinclusivehotels.it\/de\/hotels\"},{\"@type\":\"ListItem\",\"position\":3,\"name\":\"Club Family Hotel Michelangelo\"}]},{\"@type\":\"WebSite\",\"@id\":\"https:\/\/www.allinclusivehotels.it\/de#website\",\"url\":\"https:\/\/www.allinclusivehotels.it\/de\",\"name\":\"All Inclusive Hotels\",\"description\":\"\",\"publisher\":{\"@id\":\"https:\/\/www.allinclusivehotels.it\/de#organization\"},\"potentialAction\":[{\"@type\":\"SearchAction\",\"target\":{\"@type\":\"EntryPoint\",\"urlTemplate\":\"https:\/\/www.allinclusivehotels.it\/de?s={search_term_string}\"},\"query-input\":{\"@type\":\"PropertyValueSpecification\",\"valueRequired\":true,\"valueName\":\"search_term_string\"}}],\"inLanguage\":\"de\"},{\"@type\":\"Organization\",\"@id\":\"https:\/\/www.allinclusivehotels.it\/de#organization\",\"name\":\"All Inclusive Hotels\",\"url\":\"https:\/\/www.allinclusivehotels.it\/de\",\"logo\":{\"@type\":\"ImageObject\",\"inLanguage\":\"de\",\"@id\":\"https:\/\/www.allinclusivehotels.it\/de#\/schema\/logo\/image\/\",\"url\":\"\",\"contentUrl\":\"\",\"caption\":\"All Inclusive Hotels\"},\"image\":{\"@id\":\"https:\/\/www.allinclusivehotels.it\/de#\/schema\/logo\/image\/\"}}]}<\/script>\n<!-- \/ Yoast SEO plugin. -->","yoast_head_json":{"title":"Club Family Hotel Michelangelo - All Inclusive Hotels","description":"Club Family Hotel Michelangelo, ein wahres All-Inclusive-Hotel mitten in Milano Marittima. Unbegrenzt Open bar im Hotel und Erfrischungsgetr\u00e4nke am Strand.","robots":{"index":"index","follow":"follow","max-snippet":"max-snippet:-1","max-image-preview":"max-image-preview:large","max-video-preview":"max-video-preview:-1"},"canonical":"https:\/\/www.allinclusivehotels.it\/de\/hotels\/club-family-hotel-michelangelo","og_locale":"de_DE","og_type":"article","og_title":"Club Family Hotel Michelangelo - All Inclusive Hotels","og_description":"Club Family Hotel Michelangelo, ein wahres All-Inclusive-Hotel mitten in Milano Marittima. Unbegrenzt Open bar im Hotel und Erfrischungsgetr\u00e4nke am Strand.","og_url":"https:\/\/www.allinclusivehotels.it\/de\/hotels\/club-family-hotel-michelangelo","og_site_name":"All Inclusive Hotels","article_modified_time":"2025-04-11T10:50:34+00:00","twitter_card":"summary_large_image","twitter_misc":{"Gesch\u00e4tzte Lesezeit":"1\u00a0Minute"},"schema":{"@context":"https:\/\/schema.org","@graph":[{"@type":"WebPage","@id":"https:\/\/www.allinclusivehotels.it\/de\/hotels\/club-family-hotel-michelangelo","url":"https:\/\/www.allinclusivehotels.it\/de\/hotels\/club-family-hotel-michelangelo","name":"Club Family Hotel Michelangelo - All Inclusive Hotels","isPartOf":{"@id":"https:\/\/www.allinclusivehotels.it\/de#website"},"datePublished":"2025-02-14T09:37:41+00:00","dateModified":"2025-04-11T10:50:34+00:00","description":"Club Family Hotel Michelangelo, ein wahres All-Inclusive-Hotel mitten in Milano Marittima. Unbegrenzt Open bar im Hotel und Erfrischungsgetr\u00e4nke am Strand.","breadcrumb":{"@id":"https:\/\/www.allinclusivehotels.it\/de\/hotels\/club-family-hotel-michelangelo#breadcrumb"},"inLanguage":"de","potentialAction":[{"@type":"ReadAction","target":["https:\/\/www.allinclusivehotels.it\/de\/hotels\/club-family-hotel-michelangelo"]}]},{"@type":"BreadcrumbList","@id":"https:\/\/www.allinclusivehotels.it\/de\/hotels\/club-family-hotel-michelangelo#breadcrumb","itemListElement":[{"@type":"ListItem","position":1,"name":"Home","item":"https:\/\/www.allinclusivehotels.it\/de"},{"@type":"ListItem","position":2,"name":"Hotels","item":"https:\/\/www.allinclusivehotels.it\/de\/hotels"},{"@type":"ListItem","position":3,"name":"Club Family Hotel Michelangelo"}]},{"@type":"WebSite","@id":"https:\/\/www.allinclusivehotels.it\/de#website","url":"https:\/\/www.allinclusivehotels.it\/de","name":"All Inclusive Hotels","description":"","publisher":{"@id":"https:\/\/www.allinclusivehotels.it\/de#organization"},"potentialAction":[{"@type":"SearchAction","target":{"@type":"EntryPoint","urlTemplate":"https:\/\/www.allinclusivehotels.it\/de?s={search_term_string}"},"query-input":{"@type":"PropertyValueSpecification","valueRequired":true,"valueName":"search_term_string"}}],"inLanguage":"de"},{"@type":"Organization","@id":"https:\/\/www.allinclusivehotels.it\/de#organization","name":"All Inclusive Hotels","url":"https:\/\/www.allinclusivehotels.it\/de","logo":{"@type":"ImageObject","inLanguage":"de","@id":"https:\/\/www.allinclusivehotels.it\/de#\/schema\/logo\/image\/","url":"","contentUrl":"","caption":"All Inclusive Hotels"},"image":{"@id":"https:\/\/www.allinclusivehotels.it\/de#\/schema\/logo\/image\/"}}]}},"_links":{"self":[{"href":"https:\/\/www.allinclusivehotels.it\/de\/wp-json\/wp\/v2\/pages\/42452","targetHints":{"allow":["GET"]}}],"collection":[{"href":"https:\/\/www.allinclusivehotels.it\/de\/wp-json\/wp\/v2\/pages"}],"about":[{"href":"https:\/\/www.allinclusivehotels.it\/de\/wp-json\/wp\/v2\/types\/page"}],"author":[{"embeddable":true,"href":"https:\/\/www.allinclusivehotels.it\/de\/wp-json\/wp\/v2\/users\/1"}],"replies":[{"embeddable":true,"href":"https:\/\/www.allinclusivehotels.it\/de\/wp-json\/wp\/v2\/comments?post=42452"}],"version-history":[{"count":3,"href":"https:\/\/www.allinclusivehotels.it\/de\/wp-json\/wp\/v2\/pages\/42452\/revisions"}],"predecessor-version":[{"id":45232,"href":"https:\/\/www.allinclusivehotels.it\/de\/wp-json\/wp\/v2\/pages\/42452\/revisions\/45232"}],"up":[{"embeddable":true,"href":"https:\/\/www.allinclusivehotels.it\/de\/wp-json\/wp\/v2\/pages\/16476"}],"wp:attachment":[{"href":"https:\/\/www.allinclusivehotels.it\/de\/wp-json\/wp\/v2\/media?parent=42452"}],"curies":[{"name":"wp","href":"https:\/\/api.w.org\/{rel}","templated":true}]}}