{"id":42418,"date":"2025-02-11T09:31:52","date_gmt":"2025-02-11T08:31:52","guid":{"rendered":"https:\/\/www.allinclusivehotels.it\/hotels\/club-family-hotel-riccione-village"},"modified":"2025-04-11T12:50:29","modified_gmt":"2025-04-11T10:50:29","slug":"club-family-hotel-riccione-village","status":"publish","type":"page","link":"https:\/\/www.allinclusivehotels.it\/de\/hotels\/club-family-hotel-riccione-village","title":{"rendered":"Club Family Hotel Riccione Village"},"content":{"rendered":"\n<p>Das <b>Club Family Hotel Riccione Village<\/b> ist ein komplett renoviertes Familienresort <b>direkt am Meer<\/b>, nur <b>30 Meter vom Strand entfernt<\/b>. Im All-Inclusive-Angebot sind <b>ein Sonnenschirm und zwei Liegen<\/b> bereits inbegriffen.<\/p>\n\n\n\n<!--more-->\n\n\n\n<p>Das Hotel bietet <b>gro\u00dfz\u00fcgige und sichere Bereiche<\/b> f\u00fcr die Unterhaltung der <b>Kinder<\/b> sowie f\u00fcr die Entspannung der Eltern \u2013 darunter ein <b>beheizter Pool<\/b> mit Rutsche und eine Baby Splash Area, <b>1200\u202fm\u00b2 Indoor-Spielbereich<\/b>, Attraktionen wie <b>Mega-H\u00fcpfburgen<\/b>, das <b>CFH Racing<\/b> f\u00fcr spannende Rennen mit elektrischen Mini-Autos, ein riesiger thematischer <b>Spielplatz<\/b>, ein Gaming-Bereich mit PS5 und Arcade-Spielen.<\/p>\n\n\n\n<p>Das <b>Animationsteam<\/b> organisiert an 7 Tagen pro Woche Aktivit\u00e4ten, aufgeteilt in <b>Mini-Club<\/b>, <b>Junior-Club<\/b> und <b>Teen-Club<\/b> \u2013 f\u00fcr durchgehend gute Laune und Unterhaltung. Zudem k\u00f6nnen die Kleinsten vertrauensvoll den <b>Betreuerinnen der Nanny School<\/b> \u00fcberlassen werden, die eine liebevolle und individuelle Betreuung erm\u00f6glichen, sodass die Eltern unbeschwerte Momente der Entspannung genie\u00dfen k\u00f6nnen.<\/p>\n\n\n\n<p>Die <b>All Inclusive\u00ae Open Bar H24<\/b>-Formel umfasst <b>unbegrenzte Getr\u00e4nke<\/b> im Hotel und am Strand, Strandservice, Unterhaltung und ein ganzt\u00e4giges kulinarisches Angebot \u2013 inklusive Gute-Nacht-Buffet, der Leckermaul-Ecke \u201eAngolo del Ghiottone\u201d, Eis und vielem mehr. Dar\u00fcber hinaus \u00fcbernachten <b>zwei Kinder bis 18 Jahre<\/b> im Zimmer der Eltern <b>immer kostenlos<\/b>!<\/p>\n","protected":false},"excerpt":{"rendered":"<p>Das Club Family Hotel Riccione Village ist ein komplett renoviertes Familienresort direkt am Meer, nur &hellip;<\/p>\n","protected":false},"author":1,"featured_media":0,"parent":16476,"menu_order":0,"comment_status":"closed","ping_status":"closed","template":"page-templates\/scheda_hotel.php","meta":{"_acf_changed":false,"footnotes":""},"class_list":["post-42418","page","type-page","status-publish","hentry"],"acf":[],"yoast_head":"<!-- This site is optimized with the Yoast SEO plugin v27.0 - https:\/\/yoast.com\/product\/yoast-seo-wordpress\/ -->\n<title>Club Family Hotel Riccione Village - All Inclusive Hotels<\/title>\n<meta name=\"robots\" content=\"index, follow, max-snippet:-1, max-image-preview:large, max-video-preview:-1\" \/>\n<link rel=\"canonical\" href=\"https:\/\/www.allinclusivehotels.it\/de\/hotels\/club-family-hotel-riccione-village\" \/>\n<meta property=\"og:locale\" content=\"de_DE\" \/>\n<meta property=\"og:type\" content=\"article\" \/>\n<meta property=\"og:title\" content=\"Club Family Hotel Riccione Village - All Inclusive Hotels\" \/>\n<meta property=\"og:description\" content=\"Das Club Family Hotel Riccione Village ist ein komplett renoviertes Familienresort direkt am Meer, nur &hellip;\" \/>\n<meta property=\"og:url\" content=\"https:\/\/www.allinclusivehotels.it\/de\/hotels\/club-family-hotel-riccione-village\" \/>\n<meta property=\"og:site_name\" content=\"All Inclusive Hotels\" \/>\n<meta property=\"article:modified_time\" content=\"2025-04-11T10:50:29+00:00\" \/>\n<meta name=\"twitter:card\" content=\"summary_large_image\" \/>\n<meta name=\"twitter:label1\" content=\"Gesch\u00e4tzte Lesezeit\" \/>\n\t<meta name=\"twitter:data1\" content=\"1\u00a0Minute\" \/>\n<script type=\"application\/ld+json\" class=\"yoast-schema-graph\">{\"@context\":\"https:\/\/schema.org\",\"@graph\":[{\"@type\":\"WebPage\",\"@id\":\"https:\/\/www.allinclusivehotels.it\/de\/hotels\/club-family-hotel-riccione-village\",\"url\":\"https:\/\/www.allinclusivehotels.it\/de\/hotels\/club-family-hotel-riccione-village\",\"name\":\"Club Family Hotel Riccione Village - All Inclusive Hotels\",\"isPartOf\":{\"@id\":\"https:\/\/www.allinclusivehotels.it\/de#website\"},\"datePublished\":\"2025-02-11T08:31:52+00:00\",\"dateModified\":\"2025-04-11T10:50:29+00:00\",\"breadcrumb\":{\"@id\":\"https:\/\/www.allinclusivehotels.it\/de\/hotels\/club-family-hotel-riccione-village#breadcrumb\"},\"inLanguage\":\"de\",\"potentialAction\":[{\"@type\":\"ReadAction\",\"target\":[\"https:\/\/www.allinclusivehotels.it\/de\/hotels\/club-family-hotel-riccione-village\"]}]},{\"@type\":\"BreadcrumbList\",\"@id\":\"https:\/\/www.allinclusivehotels.it\/de\/hotels\/club-family-hotel-riccione-village#breadcrumb\",\"itemListElement\":[{\"@type\":\"ListItem\",\"position\":1,\"name\":\"Home\",\"item\":\"https:\/\/www.allinclusivehotels.it\/de\"},{\"@type\":\"ListItem\",\"position\":2,\"name\":\"Hotels\",\"item\":\"https:\/\/www.allinclusivehotels.it\/de\/hotels\"},{\"@type\":\"ListItem\",\"position\":3,\"name\":\"Club Family Hotel Riccione Village\"}]},{\"@type\":\"WebSite\",\"@id\":\"https:\/\/www.allinclusivehotels.it\/de#website\",\"url\":\"https:\/\/www.allinclusivehotels.it\/de\",\"name\":\"All Inclusive Hotels\",\"description\":\"\",\"publisher\":{\"@id\":\"https:\/\/www.allinclusivehotels.it\/de#organization\"},\"potentialAction\":[{\"@type\":\"SearchAction\",\"target\":{\"@type\":\"EntryPoint\",\"urlTemplate\":\"https:\/\/www.allinclusivehotels.it\/de?s={search_term_string}\"},\"query-input\":{\"@type\":\"PropertyValueSpecification\",\"valueRequired\":true,\"valueName\":\"search_term_string\"}}],\"inLanguage\":\"de\"},{\"@type\":\"Organization\",\"@id\":\"https:\/\/www.allinclusivehotels.it\/de#organization\",\"name\":\"All Inclusive Hotels\",\"url\":\"https:\/\/www.allinclusivehotels.it\/de\",\"logo\":{\"@type\":\"ImageObject\",\"inLanguage\":\"de\",\"@id\":\"https:\/\/www.allinclusivehotels.it\/de#\/schema\/logo\/image\/\",\"url\":\"\",\"contentUrl\":\"\",\"caption\":\"All Inclusive Hotels\"},\"image\":{\"@id\":\"https:\/\/www.allinclusivehotels.it\/de#\/schema\/logo\/image\/\"}}]}<\/script>\n<!-- \/ Yoast SEO plugin. -->","yoast_head_json":{"title":"Club Family Hotel Riccione Village - All Inclusive Hotels","robots":{"index":"index","follow":"follow","max-snippet":"max-snippet:-1","max-image-preview":"max-image-preview:large","max-video-preview":"max-video-preview:-1"},"canonical":"https:\/\/www.allinclusivehotels.it\/de\/hotels\/club-family-hotel-riccione-village","og_locale":"de_DE","og_type":"article","og_title":"Club Family Hotel Riccione Village - All Inclusive Hotels","og_description":"Das Club Family Hotel Riccione Village ist ein komplett renoviertes Familienresort direkt am Meer, nur &hellip;","og_url":"https:\/\/www.allinclusivehotels.it\/de\/hotels\/club-family-hotel-riccione-village","og_site_name":"All Inclusive Hotels","article_modified_time":"2025-04-11T10:50:29+00:00","twitter_card":"summary_large_image","twitter_misc":{"Gesch\u00e4tzte Lesezeit":"1\u00a0Minute"},"schema":{"@context":"https:\/\/schema.org","@graph":[{"@type":"WebPage","@id":"https:\/\/www.allinclusivehotels.it\/de\/hotels\/club-family-hotel-riccione-village","url":"https:\/\/www.allinclusivehotels.it\/de\/hotels\/club-family-hotel-riccione-village","name":"Club Family Hotel Riccione Village - All Inclusive Hotels","isPartOf":{"@id":"https:\/\/www.allinclusivehotels.it\/de#website"},"datePublished":"2025-02-11T08:31:52+00:00","dateModified":"2025-04-11T10:50:29+00:00","breadcrumb":{"@id":"https:\/\/www.allinclusivehotels.it\/de\/hotels\/club-family-hotel-riccione-village#breadcrumb"},"inLanguage":"de","potentialAction":[{"@type":"ReadAction","target":["https:\/\/www.allinclusivehotels.it\/de\/hotels\/club-family-hotel-riccione-village"]}]},{"@type":"BreadcrumbList","@id":"https:\/\/www.allinclusivehotels.it\/de\/hotels\/club-family-hotel-riccione-village#breadcrumb","itemListElement":[{"@type":"ListItem","position":1,"name":"Home","item":"https:\/\/www.allinclusivehotels.it\/de"},{"@type":"ListItem","position":2,"name":"Hotels","item":"https:\/\/www.allinclusivehotels.it\/de\/hotels"},{"@type":"ListItem","position":3,"name":"Club Family Hotel Riccione Village"}]},{"@type":"WebSite","@id":"https:\/\/www.allinclusivehotels.it\/de#website","url":"https:\/\/www.allinclusivehotels.it\/de","name":"All Inclusive Hotels","description":"","publisher":{"@id":"https:\/\/www.allinclusivehotels.it\/de#organization"},"potentialAction":[{"@type":"SearchAction","target":{"@type":"EntryPoint","urlTemplate":"https:\/\/www.allinclusivehotels.it\/de?s={search_term_string}"},"query-input":{"@type":"PropertyValueSpecification","valueRequired":true,"valueName":"search_term_string"}}],"inLanguage":"de"},{"@type":"Organization","@id":"https:\/\/www.allinclusivehotels.it\/de#organization","name":"All Inclusive Hotels","url":"https:\/\/www.allinclusivehotels.it\/de","logo":{"@type":"ImageObject","inLanguage":"de","@id":"https:\/\/www.allinclusivehotels.it\/de#\/schema\/logo\/image\/","url":"","contentUrl":"","caption":"All Inclusive Hotels"},"image":{"@id":"https:\/\/www.allinclusivehotels.it\/de#\/schema\/logo\/image\/"}}]}},"_links":{"self":[{"href":"https:\/\/www.allinclusivehotels.it\/de\/wp-json\/wp\/v2\/pages\/42418","targetHints":{"allow":["GET"]}}],"collection":[{"href":"https:\/\/www.allinclusivehotels.it\/de\/wp-json\/wp\/v2\/pages"}],"about":[{"href":"https:\/\/www.allinclusivehotels.it\/de\/wp-json\/wp\/v2\/types\/page"}],"author":[{"embeddable":true,"href":"https:\/\/www.allinclusivehotels.it\/de\/wp-json\/wp\/v2\/users\/1"}],"replies":[{"embeddable":true,"href":"https:\/\/www.allinclusivehotels.it\/de\/wp-json\/wp\/v2\/comments?post=42418"}],"version-history":[{"count":2,"href":"https:\/\/www.allinclusivehotels.it\/de\/wp-json\/wp\/v2\/pages\/42418\/revisions"}],"predecessor-version":[{"id":45231,"href":"https:\/\/www.allinclusivehotels.it\/de\/wp-json\/wp\/v2\/pages\/42418\/revisions\/45231"}],"up":[{"embeddable":true,"href":"https:\/\/www.allinclusivehotels.it\/de\/wp-json\/wp\/v2\/pages\/16476"}],"wp:attachment":[{"href":"https:\/\/www.allinclusivehotels.it\/de\/wp-json\/wp\/v2\/media?parent=42418"}],"curies":[{"name":"wp","href":"https:\/\/api.w.org\/{rel}","templated":true}]}}