{"id":42109,"date":"2025-02-05T11:53:25","date_gmt":"2025-02-05T10:53:25","guid":{"rendered":"https:\/\/www.allinclusivehotels.it\/hotels\/club-family-hotel-tosi-beach"},"modified":"2025-04-02T11:13:08","modified_gmt":"2025-04-02T09:13:08","slug":"club-family-hotel-tosi-beach","status":"publish","type":"page","link":"https:\/\/www.allinclusivehotels.it\/de\/hotels\/club-family-hotel-tosi-beach","title":{"rendered":"Club Family Hotel Tosi Beach"},"content":{"rendered":"\n<p>Das <b>Club Family Hotel Tosi Beach<\/b> hat eine strategische Lage an der Strandpromenade von Cesenatico, direkt vor dem privaten Strandbad, das nur 10 Meter entfernt ist. Der Strandservice mit 1 Sonnenschirm und 2 Liegen ist in der Formel <b>All Inclusive\u00ae Open Bar H24<\/b> inbegriffen, auch unbegrenzt Getr\u00e4nke im Hotel und am Strand &#8211; jeden Tag, den ganzen Tag lang.<\/p>\n\n\n\n<!--more-->\n\n\n\n<p>Hotel mit <b>Pool <\/b>und Rutsche und einem <b>Splash Park<\/b>, ideal f\u00fcr das Vergn\u00fcgen von Gro\u00df und Klein. Kindern steht ein <b>\u00fcber 250 m<\/b><b><sup>2<\/b><\/sup><b> gro\u00dfer Spielbereich<\/b> zur Verf\u00fcgung, auch ein <b>Indoor-Playground <\/b>und <b>interaktive Spiele<\/b>. Liebhaber von Videospielen k\u00f6nnen sich im <b>Arcade Games Room<\/b> vergn\u00fcgen, der den Charme der 80iger Jahre hat. Im <b>Garten <\/b> die tolle <b>Piste f\u00fcr Elektroautos<\/b>, f\u00fcr aufregende Wettrennen mit der ganzen Familie.<\/p>\n\n\n\n<p><b>Jeden Tag eine Non-Stopp-Animation<\/b> mit altersgerechten Aktivit\u00e4ten: <b>Miniclub<\/b> von <b>4 bis 11 Jahren<\/b>, <b>Junior- Teenclub<\/b> von <b> 8 bis 12 Jahren<\/b>. F\u00fcr die ganz Kleinen <b>von 8 bis 36 Monaten<\/b> steht kostenfrei und direkt im Hotel ein <b>kinder\u00e4rztlicher Dienst<\/b> zur Verf\u00fcgung sowie die kompetente Betreuung unserer <b>Babysitter der Nanny School<\/b>.<\/p>\n\n\n\n<p>In der <b>All-Inclusive-Formel<\/b> sind auch der Eintritt zu den Themenparks <b>Atlantica<\/b>, <b>Mirabilandia und Mirabeach<\/b>, <b>Bootsausfl\u00fcge<\/b>, leckere <b>Zwischenmahlzeiten<\/b> und das Gute-Nacht-B\u00fcfett inbegriffen. Au\u00dferdem \u00fcbernachten Kinder und Jugendliche bis zum unvollendeten<b> 18. Lebensjahr<\/b>, im Zimmer mit 2 Erwachsenen,<b> kostenfrei<\/b>.<\/p>\n","protected":false},"excerpt":{"rendered":"<p>Das Club Family Hotel Tosi Beach hat eine strategische Lage an der Strandpromenade von Cesenatico, &hellip;<\/p>\n","protected":false},"author":1,"featured_media":0,"parent":16476,"menu_order":0,"comment_status":"closed","ping_status":"closed","template":"page-templates\/scheda_hotel.php","meta":{"_acf_changed":false,"footnotes":""},"class_list":["post-42109","page","type-page","status-publish","hentry"],"acf":[],"yoast_head":"<!-- This site is optimized with the Yoast SEO plugin v27.6 - https:\/\/yoast.com\/product\/yoast-seo-wordpress\/ -->\n<title>Club Family Hotel Tosi Beach - All Inclusive Hotels<\/title>\n<meta name=\"robots\" content=\"index, follow, max-snippet:-1, max-image-preview:large, max-video-preview:-1\" \/>\n<link rel=\"canonical\" href=\"https:\/\/www.allinclusivehotels.it\/de\/hotels\/club-family-hotel-tosi-beach\" \/>\n<meta property=\"og:locale\" content=\"de_DE\" \/>\n<meta property=\"og:type\" content=\"article\" \/>\n<meta property=\"og:title\" content=\"Club Family Hotel Tosi Beach - All Inclusive Hotels\" \/>\n<meta property=\"og:description\" content=\"Das Club Family Hotel Tosi Beach hat eine strategische Lage an der Strandpromenade von Cesenatico, &hellip;\" \/>\n<meta property=\"og:url\" content=\"https:\/\/www.allinclusivehotels.it\/de\/hotels\/club-family-hotel-tosi-beach\" \/>\n<meta property=\"og:site_name\" content=\"All Inclusive Hotels\" \/>\n<meta property=\"article:modified_time\" content=\"2025-04-02T09:13:08+00:00\" \/>\n<meta name=\"twitter:card\" content=\"summary_large_image\" \/>\n<meta name=\"twitter:label1\" content=\"Gesch\u00e4tzte Lesezeit\" \/>\n\t<meta name=\"twitter:data1\" content=\"1\u00a0Minute\" \/>\n<script type=\"application\/ld+json\" class=\"yoast-schema-graph\">{\"@context\":\"https:\\\/\\\/schema.org\",\"@graph\":[{\"@type\":\"WebPage\",\"@id\":\"https:\\\/\\\/www.allinclusivehotels.it\\\/de\\\/hotels\\\/club-family-hotel-tosi-beach\",\"url\":\"https:\\\/\\\/www.allinclusivehotels.it\\\/de\\\/hotels\\\/club-family-hotel-tosi-beach\",\"name\":\"Club Family Hotel Tosi Beach - All Inclusive Hotels\",\"isPartOf\":{\"@id\":\"https:\\\/\\\/www.allinclusivehotels.it\\\/de#website\"},\"datePublished\":\"2025-02-05T10:53:25+00:00\",\"dateModified\":\"2025-04-02T09:13:08+00:00\",\"breadcrumb\":{\"@id\":\"https:\\\/\\\/www.allinclusivehotels.it\\\/de\\\/hotels\\\/club-family-hotel-tosi-beach#breadcrumb\"},\"inLanguage\":\"de\",\"potentialAction\":[{\"@type\":\"ReadAction\",\"target\":[\"https:\\\/\\\/www.allinclusivehotels.it\\\/de\\\/hotels\\\/club-family-hotel-tosi-beach\"]}]},{\"@type\":\"BreadcrumbList\",\"@id\":\"https:\\\/\\\/www.allinclusivehotels.it\\\/de\\\/hotels\\\/club-family-hotel-tosi-beach#breadcrumb\",\"itemListElement\":[{\"@type\":\"ListItem\",\"position\":1,\"name\":\"Home\",\"item\":\"https:\\\/\\\/www.allinclusivehotels.it\\\/de\"},{\"@type\":\"ListItem\",\"position\":2,\"name\":\"Hotels\",\"item\":\"https:\\\/\\\/www.allinclusivehotels.it\\\/de\\\/hotels\"},{\"@type\":\"ListItem\",\"position\":3,\"name\":\"Club Family Hotel Tosi Beach\"}]},{\"@type\":\"WebSite\",\"@id\":\"https:\\\/\\\/www.allinclusivehotels.it\\\/de#website\",\"url\":\"https:\\\/\\\/www.allinclusivehotels.it\\\/de\",\"name\":\"All Inclusive Hotels\",\"description\":\"\",\"publisher\":{\"@id\":\"https:\\\/\\\/www.allinclusivehotels.it\\\/de#organization\"},\"potentialAction\":[{\"@type\":\"SearchAction\",\"target\":{\"@type\":\"EntryPoint\",\"urlTemplate\":\"https:\\\/\\\/www.allinclusivehotels.it\\\/de?s={search_term_string}\"},\"query-input\":{\"@type\":\"PropertyValueSpecification\",\"valueRequired\":true,\"valueName\":\"search_term_string\"}}],\"inLanguage\":\"de\"},{\"@type\":\"Organization\",\"@id\":\"https:\\\/\\\/www.allinclusivehotels.it\\\/de#organization\",\"name\":\"All Inclusive Hotels\",\"url\":\"https:\\\/\\\/www.allinclusivehotels.it\\\/de\",\"logo\":{\"@type\":\"ImageObject\",\"inLanguage\":\"de\",\"@id\":\"https:\\\/\\\/www.allinclusivehotels.it\\\/de#\\\/schema\\\/logo\\\/image\\\/\",\"url\":\"\",\"contentUrl\":\"\",\"caption\":\"All Inclusive Hotels\"},\"image\":{\"@id\":\"https:\\\/\\\/www.allinclusivehotels.it\\\/de#\\\/schema\\\/logo\\\/image\\\/\"}}]}<\/script>\n<!-- \/ Yoast SEO plugin. -->","yoast_head_json":{"title":"Club Family Hotel Tosi Beach - All Inclusive Hotels","robots":{"index":"index","follow":"follow","max-snippet":"max-snippet:-1","max-image-preview":"max-image-preview:large","max-video-preview":"max-video-preview:-1"},"canonical":"https:\/\/www.allinclusivehotels.it\/de\/hotels\/club-family-hotel-tosi-beach","og_locale":"de_DE","og_type":"article","og_title":"Club Family Hotel Tosi Beach - All Inclusive Hotels","og_description":"Das Club Family Hotel Tosi Beach hat eine strategische Lage an der Strandpromenade von Cesenatico, &hellip;","og_url":"https:\/\/www.allinclusivehotels.it\/de\/hotels\/club-family-hotel-tosi-beach","og_site_name":"All Inclusive Hotels","article_modified_time":"2025-04-02T09:13:08+00:00","twitter_card":"summary_large_image","twitter_misc":{"Gesch\u00e4tzte Lesezeit":"1\u00a0Minute"},"schema":{"@context":"https:\/\/schema.org","@graph":[{"@type":"WebPage","@id":"https:\/\/www.allinclusivehotels.it\/de\/hotels\/club-family-hotel-tosi-beach","url":"https:\/\/www.allinclusivehotels.it\/de\/hotels\/club-family-hotel-tosi-beach","name":"Club Family Hotel Tosi Beach - All Inclusive Hotels","isPartOf":{"@id":"https:\/\/www.allinclusivehotels.it\/de#website"},"datePublished":"2025-02-05T10:53:25+00:00","dateModified":"2025-04-02T09:13:08+00:00","breadcrumb":{"@id":"https:\/\/www.allinclusivehotels.it\/de\/hotels\/club-family-hotel-tosi-beach#breadcrumb"},"inLanguage":"de","potentialAction":[{"@type":"ReadAction","target":["https:\/\/www.allinclusivehotels.it\/de\/hotels\/club-family-hotel-tosi-beach"]}]},{"@type":"BreadcrumbList","@id":"https:\/\/www.allinclusivehotels.it\/de\/hotels\/club-family-hotel-tosi-beach#breadcrumb","itemListElement":[{"@type":"ListItem","position":1,"name":"Home","item":"https:\/\/www.allinclusivehotels.it\/de"},{"@type":"ListItem","position":2,"name":"Hotels","item":"https:\/\/www.allinclusivehotels.it\/de\/hotels"},{"@type":"ListItem","position":3,"name":"Club Family Hotel Tosi Beach"}]},{"@type":"WebSite","@id":"https:\/\/www.allinclusivehotels.it\/de#website","url":"https:\/\/www.allinclusivehotels.it\/de","name":"All Inclusive Hotels","description":"","publisher":{"@id":"https:\/\/www.allinclusivehotels.it\/de#organization"},"potentialAction":[{"@type":"SearchAction","target":{"@type":"EntryPoint","urlTemplate":"https:\/\/www.allinclusivehotels.it\/de?s={search_term_string}"},"query-input":{"@type":"PropertyValueSpecification","valueRequired":true,"valueName":"search_term_string"}}],"inLanguage":"de"},{"@type":"Organization","@id":"https:\/\/www.allinclusivehotels.it\/de#organization","name":"All Inclusive Hotels","url":"https:\/\/www.allinclusivehotels.it\/de","logo":{"@type":"ImageObject","inLanguage":"de","@id":"https:\/\/www.allinclusivehotels.it\/de#\/schema\/logo\/image\/","url":"","contentUrl":"","caption":"All Inclusive Hotels"},"image":{"@id":"https:\/\/www.allinclusivehotels.it\/de#\/schema\/logo\/image\/"}}]}},"_links":{"self":[{"href":"https:\/\/www.allinclusivehotels.it\/de\/wp-json\/wp\/v2\/pages\/42109","targetHints":{"allow":["GET"]}}],"collection":[{"href":"https:\/\/www.allinclusivehotels.it\/de\/wp-json\/wp\/v2\/pages"}],"about":[{"href":"https:\/\/www.allinclusivehotels.it\/de\/wp-json\/wp\/v2\/types\/page"}],"author":[{"embeddable":true,"href":"https:\/\/www.allinclusivehotels.it\/de\/wp-json\/wp\/v2\/users\/1"}],"replies":[{"embeddable":true,"href":"https:\/\/www.allinclusivehotels.it\/de\/wp-json\/wp\/v2\/comments?post=42109"}],"version-history":[{"count":2,"href":"https:\/\/www.allinclusivehotels.it\/de\/wp-json\/wp\/v2\/pages\/42109\/revisions"}],"predecessor-version":[{"id":44892,"href":"https:\/\/www.allinclusivehotels.it\/de\/wp-json\/wp\/v2\/pages\/42109\/revisions\/44892"}],"up":[{"embeddable":true,"href":"https:\/\/www.allinclusivehotels.it\/de\/wp-json\/wp\/v2\/pages\/16476"}],"wp:attachment":[{"href":"https:\/\/www.allinclusivehotels.it\/de\/wp-json\/wp\/v2\/media?parent=42109"}],"curies":[{"name":"wp","href":"https:\/\/api.w.org\/{rel}","templated":true}]}}