{"id":41660,"date":"2025-02-03T17:15:01","date_gmt":"2025-02-03T16:15:01","guid":{"rendered":"https:\/\/www.allinclusivehotels.it\/hotels\/club-family-hotel-cervia-village"},"modified":"2025-03-18T14:32:30","modified_gmt":"2025-03-18T13:32:30","slug":"club-family-hotel-cervia-village","status":"publish","type":"page","link":"https:\/\/www.allinclusivehotels.it\/de\/hotels\/club-family-hotel-cervia-village","title":{"rendered":"Club Family Hotel Cervia Village"},"content":{"rendered":"\n<p>Das <b>Club Family Hotel Cervia Village<\/b> ist das ideale Ziel f\u00fcr Familien, die einen All-Inclusive-Urlaub in der N\u00e4he des <b>Zentrums von Cervia<\/b> und 50 Meter vom Strand entfernt verbringen m\u00f6chten. Das Herzst\u00fcck des Hotels ist der <b>Spielplatz<\/b> im Garten mit einem <b>beheizten Pool<\/b> mit einer farbenfrohen 11 Meter langen <b>Rutsche<\/b>, einem <b>Splash Park<\/b> f\u00fcr die Kleinen, einer <b>Mega-H\u00fcpfburg<\/b>, einer <b>Play Sport Arena<\/b> und einer <b>Autoscooterbahn<\/b>.<\/p>\n\n\n\n<!--more-->\n\n\n\n<p>Die Animation ist das Aush\u00e4ngeschild des Hotels. Ein engagiertes Team organisiert <b>t\u00e4glich 13 Stunden lang Freizeitaktivit\u00e4ten f\u00fcr Kinder und Jugendliche<\/b>, sowohl im Hotel als auch am Strand, darunter <b>Abendshows<\/b> wie Puppentheater, Vergn\u00fcgungspark, Kabarett und Riesenseifenblasenshows. F\u00fcr die kleinsten Kinder von <b>8 Monaten bis 3 Jahren <\/b>wird eine Nachmittagsbetreuung durch die <b>Kinderm\u00e4dchen der Nanny School<\/b> angeboten, w\u00e4hrend f\u00fcr alle Kinder w\u00e4hrend des Abendessens der <b>Baby-Parking-Service <\/b>zur Verf\u00fcgung steht. Beliebt ist der <b>Arcade-Spielbereich<\/b>, ein Raum, der mit einer Autoscooterbahn und der Play Station 5 f\u00fcr Spa\u00df sorgt.<\/p>\n\n\n\n<p>Die Formel <b>Top Quality All Inclusive\u00ae Open Bar H24<\/b> bietet <b>unbegrenzte Getr\u00e4nke<\/b> im Hotel und am Strand sowie <b>Hot Dogs <\/b>von 11:00 bis 24:00 Uhr, <b>Softeis<\/b>, <b>Slushies<\/b>, den <b>Mega-Snack <\/b>in der Ecke f\u00fcr Schleckerm\u00e4uler \u201eAngolo del Ghiottone\u201c am Nachmittag und ein s\u00fc\u00dfes<b> Buffet zum Schlafengehen<\/b>.<\/p>\n","protected":false},"excerpt":{"rendered":"<p>Das Club Family Hotel Cervia Village ist das ideale Ziel f\u00fcr Familien, die einen All-Inclusive-Urlaub &hellip;<\/p>\n","protected":false},"author":1,"featured_media":0,"parent":16476,"menu_order":0,"comment_status":"closed","ping_status":"closed","template":"page-templates\/scheda_hotel.php","meta":{"_acf_changed":false,"footnotes":""},"class_list":["post-41660","page","type-page","status-publish","hentry"],"acf":[],"yoast_head":"<!-- This site is optimized with the Yoast SEO plugin v27.0 - https:\/\/yoast.com\/product\/yoast-seo-wordpress\/ -->\n<title>Club Family Hotel Cervia Village - All Inclusive Hotels<\/title>\n<meta name=\"robots\" content=\"index, follow, max-snippet:-1, max-image-preview:large, max-video-preview:-1\" \/>\n<link rel=\"canonical\" href=\"https:\/\/www.allinclusivehotels.it\/de\/hotels\/club-family-hotel-cervia-village\" \/>\n<meta property=\"og:locale\" content=\"de_DE\" \/>\n<meta property=\"og:type\" content=\"article\" \/>\n<meta property=\"og:title\" content=\"Club Family Hotel Cervia Village - All Inclusive Hotels\" \/>\n<meta property=\"og:description\" content=\"Das Club Family Hotel Cervia Village ist das ideale Ziel f\u00fcr Familien, die einen All-Inclusive-Urlaub &hellip;\" \/>\n<meta property=\"og:url\" content=\"https:\/\/www.allinclusivehotels.it\/de\/hotels\/club-family-hotel-cervia-village\" \/>\n<meta property=\"og:site_name\" content=\"All Inclusive Hotels\" \/>\n<meta property=\"article:modified_time\" content=\"2025-03-18T13:32:30+00:00\" \/>\n<meta name=\"twitter:card\" content=\"summary_large_image\" \/>\n<meta name=\"twitter:label1\" content=\"Gesch\u00e4tzte Lesezeit\" \/>\n\t<meta name=\"twitter:data1\" content=\"1\u00a0Minute\" \/>\n<script type=\"application\/ld+json\" class=\"yoast-schema-graph\">{\"@context\":\"https:\/\/schema.org\",\"@graph\":[{\"@type\":\"WebPage\",\"@id\":\"https:\/\/www.allinclusivehotels.it\/de\/hotels\/club-family-hotel-cervia-village\",\"url\":\"https:\/\/www.allinclusivehotels.it\/de\/hotels\/club-family-hotel-cervia-village\",\"name\":\"Club Family Hotel Cervia Village - All Inclusive Hotels\",\"isPartOf\":{\"@id\":\"https:\/\/www.allinclusivehotels.it\/de#website\"},\"datePublished\":\"2025-02-03T16:15:01+00:00\",\"dateModified\":\"2025-03-18T13:32:30+00:00\",\"breadcrumb\":{\"@id\":\"https:\/\/www.allinclusivehotels.it\/de\/hotels\/club-family-hotel-cervia-village#breadcrumb\"},\"inLanguage\":\"de\",\"potentialAction\":[{\"@type\":\"ReadAction\",\"target\":[\"https:\/\/www.allinclusivehotels.it\/de\/hotels\/club-family-hotel-cervia-village\"]}]},{\"@type\":\"BreadcrumbList\",\"@id\":\"https:\/\/www.allinclusivehotels.it\/de\/hotels\/club-family-hotel-cervia-village#breadcrumb\",\"itemListElement\":[{\"@type\":\"ListItem\",\"position\":1,\"name\":\"Home\",\"item\":\"https:\/\/www.allinclusivehotels.it\/de\"},{\"@type\":\"ListItem\",\"position\":2,\"name\":\"Hotels\",\"item\":\"https:\/\/www.allinclusivehotels.it\/de\/hotels\"},{\"@type\":\"ListItem\",\"position\":3,\"name\":\"Club Family Hotel Cervia Village\"}]},{\"@type\":\"WebSite\",\"@id\":\"https:\/\/www.allinclusivehotels.it\/de#website\",\"url\":\"https:\/\/www.allinclusivehotels.it\/de\",\"name\":\"All Inclusive Hotels\",\"description\":\"\",\"publisher\":{\"@id\":\"https:\/\/www.allinclusivehotels.it\/de#organization\"},\"potentialAction\":[{\"@type\":\"SearchAction\",\"target\":{\"@type\":\"EntryPoint\",\"urlTemplate\":\"https:\/\/www.allinclusivehotels.it\/de?s={search_term_string}\"},\"query-input\":{\"@type\":\"PropertyValueSpecification\",\"valueRequired\":true,\"valueName\":\"search_term_string\"}}],\"inLanguage\":\"de\"},{\"@type\":\"Organization\",\"@id\":\"https:\/\/www.allinclusivehotels.it\/de#organization\",\"name\":\"All Inclusive Hotels\",\"url\":\"https:\/\/www.allinclusivehotels.it\/de\",\"logo\":{\"@type\":\"ImageObject\",\"inLanguage\":\"de\",\"@id\":\"https:\/\/www.allinclusivehotels.it\/de#\/schema\/logo\/image\/\",\"url\":\"\",\"contentUrl\":\"\",\"caption\":\"All Inclusive Hotels\"},\"image\":{\"@id\":\"https:\/\/www.allinclusivehotels.it\/de#\/schema\/logo\/image\/\"}}]}<\/script>\n<!-- \/ Yoast SEO plugin. -->","yoast_head_json":{"title":"Club Family Hotel Cervia Village - All Inclusive Hotels","robots":{"index":"index","follow":"follow","max-snippet":"max-snippet:-1","max-image-preview":"max-image-preview:large","max-video-preview":"max-video-preview:-1"},"canonical":"https:\/\/www.allinclusivehotels.it\/de\/hotels\/club-family-hotel-cervia-village","og_locale":"de_DE","og_type":"article","og_title":"Club Family Hotel Cervia Village - All Inclusive Hotels","og_description":"Das Club Family Hotel Cervia Village ist das ideale Ziel f\u00fcr Familien, die einen All-Inclusive-Urlaub &hellip;","og_url":"https:\/\/www.allinclusivehotels.it\/de\/hotels\/club-family-hotel-cervia-village","og_site_name":"All Inclusive Hotels","article_modified_time":"2025-03-18T13:32:30+00:00","twitter_card":"summary_large_image","twitter_misc":{"Gesch\u00e4tzte Lesezeit":"1\u00a0Minute"},"schema":{"@context":"https:\/\/schema.org","@graph":[{"@type":"WebPage","@id":"https:\/\/www.allinclusivehotels.it\/de\/hotels\/club-family-hotel-cervia-village","url":"https:\/\/www.allinclusivehotels.it\/de\/hotels\/club-family-hotel-cervia-village","name":"Club Family Hotel Cervia Village - All Inclusive Hotels","isPartOf":{"@id":"https:\/\/www.allinclusivehotels.it\/de#website"},"datePublished":"2025-02-03T16:15:01+00:00","dateModified":"2025-03-18T13:32:30+00:00","breadcrumb":{"@id":"https:\/\/www.allinclusivehotels.it\/de\/hotels\/club-family-hotel-cervia-village#breadcrumb"},"inLanguage":"de","potentialAction":[{"@type":"ReadAction","target":["https:\/\/www.allinclusivehotels.it\/de\/hotels\/club-family-hotel-cervia-village"]}]},{"@type":"BreadcrumbList","@id":"https:\/\/www.allinclusivehotels.it\/de\/hotels\/club-family-hotel-cervia-village#breadcrumb","itemListElement":[{"@type":"ListItem","position":1,"name":"Home","item":"https:\/\/www.allinclusivehotels.it\/de"},{"@type":"ListItem","position":2,"name":"Hotels","item":"https:\/\/www.allinclusivehotels.it\/de\/hotels"},{"@type":"ListItem","position":3,"name":"Club Family Hotel Cervia Village"}]},{"@type":"WebSite","@id":"https:\/\/www.allinclusivehotels.it\/de#website","url":"https:\/\/www.allinclusivehotels.it\/de","name":"All Inclusive Hotels","description":"","publisher":{"@id":"https:\/\/www.allinclusivehotels.it\/de#organization"},"potentialAction":[{"@type":"SearchAction","target":{"@type":"EntryPoint","urlTemplate":"https:\/\/www.allinclusivehotels.it\/de?s={search_term_string}"},"query-input":{"@type":"PropertyValueSpecification","valueRequired":true,"valueName":"search_term_string"}}],"inLanguage":"de"},{"@type":"Organization","@id":"https:\/\/www.allinclusivehotels.it\/de#organization","name":"All Inclusive Hotels","url":"https:\/\/www.allinclusivehotels.it\/de","logo":{"@type":"ImageObject","inLanguage":"de","@id":"https:\/\/www.allinclusivehotels.it\/de#\/schema\/logo\/image\/","url":"","contentUrl":"","caption":"All Inclusive Hotels"},"image":{"@id":"https:\/\/www.allinclusivehotels.it\/de#\/schema\/logo\/image\/"}}]}},"_links":{"self":[{"href":"https:\/\/www.allinclusivehotels.it\/de\/wp-json\/wp\/v2\/pages\/41660","targetHints":{"allow":["GET"]}}],"collection":[{"href":"https:\/\/www.allinclusivehotels.it\/de\/wp-json\/wp\/v2\/pages"}],"about":[{"href":"https:\/\/www.allinclusivehotels.it\/de\/wp-json\/wp\/v2\/types\/page"}],"author":[{"embeddable":true,"href":"https:\/\/www.allinclusivehotels.it\/de\/wp-json\/wp\/v2\/users\/1"}],"replies":[{"embeddable":true,"href":"https:\/\/www.allinclusivehotels.it\/de\/wp-json\/wp\/v2\/comments?post=41660"}],"version-history":[{"count":2,"href":"https:\/\/www.allinclusivehotels.it\/de\/wp-json\/wp\/v2\/pages\/41660\/revisions"}],"predecessor-version":[{"id":44140,"href":"https:\/\/www.allinclusivehotels.it\/de\/wp-json\/wp\/v2\/pages\/41660\/revisions\/44140"}],"up":[{"embeddable":true,"href":"https:\/\/www.allinclusivehotels.it\/de\/wp-json\/wp\/v2\/pages\/16476"}],"wp:attachment":[{"href":"https:\/\/www.allinclusivehotels.it\/de\/wp-json\/wp\/v2\/media?parent=41660"}],"curies":[{"name":"wp","href":"https:\/\/api.w.org\/{rel}","templated":true}]}}