{"id":41651,"date":"2025-02-03T14:48:12","date_gmt":"2025-02-03T13:48:12","guid":{"rendered":"https:\/\/www.allinclusivehotels.it\/hotels\/club-family-hotel-rimini-village"},"modified":"2025-03-18T14:32:26","modified_gmt":"2025-03-18T13:32:26","slug":"club-family-hotel-rimini-village","status":"publish","type":"page","link":"https:\/\/www.allinclusivehotels.it\/de\/hotels\/club-family-hotel-rimini-village","title":{"rendered":"Club Family Hotel Rimini Village"},"content":{"rendered":"\n<p>Das <b>Club Family Hotel Rimini Village<\/b> in <b>Torre Pedrera<\/b> liegt in einem<b> 8.000 m\u00b2 gro\u00dfen, von B\u00e4umen ges\u00e4umten Garten<\/b> mit <b>H\u00fcpfburgen<\/b>, <b>Autoscooterbahn<\/b>, <b>Play Sport Arena<\/b>, <b>2 beheizten und sonnigen Swimmingpools<\/b>. Der Swimmingpool wird durch einen lebendigen <b>Splash Park Bereich<\/b> mit Wasserspielen erg\u00e4nzt.<\/p>\n\n\n\n<!--more-->\n\n\n\n<p>Die Formel <b>All Inclusive\u00ae Open Bar H24<\/b> garantiert unbegrenzte Getr\u00e4nke im Hotel, am Pool und am Strand ohne zus\u00e4tzliche Kosten. Der <b>Strandservice ist im Preis inbegriffen<\/b> und ist nur <b>30 Meter vom Hotel entfernt<\/b> und jederzeit leicht zug\u00e4nglich. Die Animation wird 7 Tage in der Woche angeboten, mit Aktivit\u00e4ten f\u00fcr alle Altersgruppen: Mini-Club von 4 bis 7 Jahren, Junior-Club von 9 bis 13 Jahren, Teen-Club von 14 bis 17 Jahren.<\/p>\n\n\n\n<p>F\u00fcr die Kleinsten bietet das Hotel spezielle Leistungen wie <b>Baby Parking<\/b> w\u00e4hrend der Mahlzeiten f\u00fcr Kinder ab 4 Jahren, <b>die Kinderm\u00e4dchen der Nanny School<\/b> f\u00fcr Babys ab 8 Monaten und zahlreiche Aktivit\u00e4ten wie <b>Baby Dance<\/b> und Abendshows. K\u00f6stliche \u00dcberraschungen d\u00fcrfen nicht fehlen, wie die <b>Dina Merendina<\/b> und die nachmitt\u00e4gliche <b>Ecke f\u00fcr Schleckerm\u00e4uler \u201eAngolo del Ghiottone\u201c<\/b>.<\/p>\n\n\n\n<p>Au\u00dferdem <b>\u00fcbernachten 2 Kinder bis 18 Jahre immer kostenlos<\/b> in einem Zimmer mit zwei Erwachsenen, und die <b>Eintrittskarten f\u00fcr Mirabilandia und Mirabeach<\/b> sind im Aufenthalt <b>inbegriffen<\/b>.<\/p>\n","protected":false},"excerpt":{"rendered":"<p>Das Club Family Hotel Rimini Village in Torre Pedrera liegt in einem 8.000 m\u00b2 gro\u00dfen, &hellip;<\/p>\n","protected":false},"author":1,"featured_media":0,"parent":16476,"menu_order":0,"comment_status":"closed","ping_status":"closed","template":"page-templates\/scheda_hotel.php","meta":{"_acf_changed":false,"footnotes":""},"class_list":["post-41651","page","type-page","status-publish","hentry"],"acf":[],"yoast_head":"<!-- This site is optimized with the Yoast SEO plugin v27.0 - https:\/\/yoast.com\/product\/yoast-seo-wordpress\/ -->\n<title>Club Family Hotel Rimini Village - All Inclusive Hotels<\/title>\n<meta name=\"robots\" content=\"index, follow, max-snippet:-1, max-image-preview:large, max-video-preview:-1\" \/>\n<link rel=\"canonical\" href=\"https:\/\/www.allinclusivehotels.it\/de\/hotels\/club-family-hotel-rimini-village\" \/>\n<meta property=\"og:locale\" content=\"de_DE\" \/>\n<meta property=\"og:type\" content=\"article\" \/>\n<meta property=\"og:title\" content=\"Club Family Hotel Rimini Village - All Inclusive Hotels\" \/>\n<meta property=\"og:description\" content=\"Das Club Family Hotel Rimini Village in Torre Pedrera liegt in einem 8.000 m\u00b2 gro\u00dfen, &hellip;\" \/>\n<meta property=\"og:url\" content=\"https:\/\/www.allinclusivehotels.it\/de\/hotels\/club-family-hotel-rimini-village\" \/>\n<meta property=\"og:site_name\" content=\"All Inclusive Hotels\" \/>\n<meta property=\"article:modified_time\" content=\"2025-03-18T13:32:26+00:00\" \/>\n<meta name=\"twitter:card\" content=\"summary_large_image\" \/>\n<meta name=\"twitter:label1\" content=\"Gesch\u00e4tzte Lesezeit\" \/>\n\t<meta name=\"twitter:data1\" content=\"1\u00a0Minute\" \/>\n<script type=\"application\/ld+json\" class=\"yoast-schema-graph\">{\"@context\":\"https:\/\/schema.org\",\"@graph\":[{\"@type\":\"WebPage\",\"@id\":\"https:\/\/www.allinclusivehotels.it\/de\/hotels\/club-family-hotel-rimini-village\",\"url\":\"https:\/\/www.allinclusivehotels.it\/de\/hotels\/club-family-hotel-rimini-village\",\"name\":\"Club Family Hotel Rimini Village - All Inclusive Hotels\",\"isPartOf\":{\"@id\":\"https:\/\/www.allinclusivehotels.it\/de#website\"},\"datePublished\":\"2025-02-03T13:48:12+00:00\",\"dateModified\":\"2025-03-18T13:32:26+00:00\",\"breadcrumb\":{\"@id\":\"https:\/\/www.allinclusivehotels.it\/de\/hotels\/club-family-hotel-rimini-village#breadcrumb\"},\"inLanguage\":\"de\",\"potentialAction\":[{\"@type\":\"ReadAction\",\"target\":[\"https:\/\/www.allinclusivehotels.it\/de\/hotels\/club-family-hotel-rimini-village\"]}]},{\"@type\":\"BreadcrumbList\",\"@id\":\"https:\/\/www.allinclusivehotels.it\/de\/hotels\/club-family-hotel-rimini-village#breadcrumb\",\"itemListElement\":[{\"@type\":\"ListItem\",\"position\":1,\"name\":\"Home\",\"item\":\"https:\/\/www.allinclusivehotels.it\/de\"},{\"@type\":\"ListItem\",\"position\":2,\"name\":\"Hotels\",\"item\":\"https:\/\/www.allinclusivehotels.it\/de\/hotels\"},{\"@type\":\"ListItem\",\"position\":3,\"name\":\"Club Family Hotel Rimini Village\"}]},{\"@type\":\"WebSite\",\"@id\":\"https:\/\/www.allinclusivehotels.it\/de#website\",\"url\":\"https:\/\/www.allinclusivehotels.it\/de\",\"name\":\"All Inclusive Hotels\",\"description\":\"\",\"publisher\":{\"@id\":\"https:\/\/www.allinclusivehotels.it\/de#organization\"},\"potentialAction\":[{\"@type\":\"SearchAction\",\"target\":{\"@type\":\"EntryPoint\",\"urlTemplate\":\"https:\/\/www.allinclusivehotels.it\/de?s={search_term_string}\"},\"query-input\":{\"@type\":\"PropertyValueSpecification\",\"valueRequired\":true,\"valueName\":\"search_term_string\"}}],\"inLanguage\":\"de\"},{\"@type\":\"Organization\",\"@id\":\"https:\/\/www.allinclusivehotels.it\/de#organization\",\"name\":\"All Inclusive Hotels\",\"url\":\"https:\/\/www.allinclusivehotels.it\/de\",\"logo\":{\"@type\":\"ImageObject\",\"inLanguage\":\"de\",\"@id\":\"https:\/\/www.allinclusivehotels.it\/de#\/schema\/logo\/image\/\",\"url\":\"\",\"contentUrl\":\"\",\"caption\":\"All Inclusive Hotels\"},\"image\":{\"@id\":\"https:\/\/www.allinclusivehotels.it\/de#\/schema\/logo\/image\/\"}}]}<\/script>\n<!-- \/ Yoast SEO plugin. -->","yoast_head_json":{"title":"Club Family Hotel Rimini Village - All Inclusive Hotels","robots":{"index":"index","follow":"follow","max-snippet":"max-snippet:-1","max-image-preview":"max-image-preview:large","max-video-preview":"max-video-preview:-1"},"canonical":"https:\/\/www.allinclusivehotels.it\/de\/hotels\/club-family-hotel-rimini-village","og_locale":"de_DE","og_type":"article","og_title":"Club Family Hotel Rimini Village - All Inclusive Hotels","og_description":"Das Club Family Hotel Rimini Village in Torre Pedrera liegt in einem 8.000 m\u00b2 gro\u00dfen, &hellip;","og_url":"https:\/\/www.allinclusivehotels.it\/de\/hotels\/club-family-hotel-rimini-village","og_site_name":"All Inclusive Hotels","article_modified_time":"2025-03-18T13:32:26+00:00","twitter_card":"summary_large_image","twitter_misc":{"Gesch\u00e4tzte Lesezeit":"1\u00a0Minute"},"schema":{"@context":"https:\/\/schema.org","@graph":[{"@type":"WebPage","@id":"https:\/\/www.allinclusivehotels.it\/de\/hotels\/club-family-hotel-rimini-village","url":"https:\/\/www.allinclusivehotels.it\/de\/hotels\/club-family-hotel-rimini-village","name":"Club Family Hotel Rimini Village - All Inclusive Hotels","isPartOf":{"@id":"https:\/\/www.allinclusivehotels.it\/de#website"},"datePublished":"2025-02-03T13:48:12+00:00","dateModified":"2025-03-18T13:32:26+00:00","breadcrumb":{"@id":"https:\/\/www.allinclusivehotels.it\/de\/hotels\/club-family-hotel-rimini-village#breadcrumb"},"inLanguage":"de","potentialAction":[{"@type":"ReadAction","target":["https:\/\/www.allinclusivehotels.it\/de\/hotels\/club-family-hotel-rimini-village"]}]},{"@type":"BreadcrumbList","@id":"https:\/\/www.allinclusivehotels.it\/de\/hotels\/club-family-hotel-rimini-village#breadcrumb","itemListElement":[{"@type":"ListItem","position":1,"name":"Home","item":"https:\/\/www.allinclusivehotels.it\/de"},{"@type":"ListItem","position":2,"name":"Hotels","item":"https:\/\/www.allinclusivehotels.it\/de\/hotels"},{"@type":"ListItem","position":3,"name":"Club Family Hotel Rimini Village"}]},{"@type":"WebSite","@id":"https:\/\/www.allinclusivehotels.it\/de#website","url":"https:\/\/www.allinclusivehotels.it\/de","name":"All Inclusive Hotels","description":"","publisher":{"@id":"https:\/\/www.allinclusivehotels.it\/de#organization"},"potentialAction":[{"@type":"SearchAction","target":{"@type":"EntryPoint","urlTemplate":"https:\/\/www.allinclusivehotels.it\/de?s={search_term_string}"},"query-input":{"@type":"PropertyValueSpecification","valueRequired":true,"valueName":"search_term_string"}}],"inLanguage":"de"},{"@type":"Organization","@id":"https:\/\/www.allinclusivehotels.it\/de#organization","name":"All Inclusive Hotels","url":"https:\/\/www.allinclusivehotels.it\/de","logo":{"@type":"ImageObject","inLanguage":"de","@id":"https:\/\/www.allinclusivehotels.it\/de#\/schema\/logo\/image\/","url":"","contentUrl":"","caption":"All Inclusive Hotels"},"image":{"@id":"https:\/\/www.allinclusivehotels.it\/de#\/schema\/logo\/image\/"}}]}},"_links":{"self":[{"href":"https:\/\/www.allinclusivehotels.it\/de\/wp-json\/wp\/v2\/pages\/41651","targetHints":{"allow":["GET"]}}],"collection":[{"href":"https:\/\/www.allinclusivehotels.it\/de\/wp-json\/wp\/v2\/pages"}],"about":[{"href":"https:\/\/www.allinclusivehotels.it\/de\/wp-json\/wp\/v2\/types\/page"}],"author":[{"embeddable":true,"href":"https:\/\/www.allinclusivehotels.it\/de\/wp-json\/wp\/v2\/users\/1"}],"replies":[{"embeddable":true,"href":"https:\/\/www.allinclusivehotels.it\/de\/wp-json\/wp\/v2\/comments?post=41651"}],"version-history":[{"count":2,"href":"https:\/\/www.allinclusivehotels.it\/de\/wp-json\/wp\/v2\/pages\/41651\/revisions"}],"predecessor-version":[{"id":44139,"href":"https:\/\/www.allinclusivehotels.it\/de\/wp-json\/wp\/v2\/pages\/41651\/revisions\/44139"}],"up":[{"embeddable":true,"href":"https:\/\/www.allinclusivehotels.it\/de\/wp-json\/wp\/v2\/pages\/16476"}],"wp:attachment":[{"href":"https:\/\/www.allinclusivehotels.it\/de\/wp-json\/wp\/v2\/media?parent=41651"}],"curies":[{"name":"wp","href":"https:\/\/api.w.org\/{rel}","templated":true}]}}