{"id":40860,"date":"2025-01-21T08:57:14","date_gmt":"2025-01-21T07:57:14","guid":{"rendered":"https:\/\/www.allinclusivehotels.it\/hotels\/hotel-bassetti-s"},"modified":"2025-04-02T11:13:04","modified_gmt":"2025-04-02T09:13:04","slug":"hotel-bassetti","status":"publish","type":"page","link":"https:\/\/www.allinclusivehotels.it\/de\/hotels\/hotel-bassetti","title":{"rendered":"Hotel Bassetti"},"content":{"rendered":"\n<p>Das Motto von <b>Hotel Bassetti<\/b> in <b>Pinarella di Cervia<\/b> lautet: \u201eAll you need, is all inclusive\u201c! Die All-Inclusive-Formel sorgt f\u00fcr einen unbeschwerten Urlaub: Sobald Sie im Hotel sind, k\u00f6nnen Sie einfach nur Ihre wertvolle Urlaubszeit genie\u00dfen!<\/p>\n\n\n\n<!--more-->\n\n\n\n<p>Im Strandservice sind inbegriffen: <b>1 Sonnenschirm und 2 Liegen<\/b> im Strandbad Adriasol, das nur 100 Meter entfernt ist. Hotel Bassetti hat auch einen <b>beheizten, 30\u00b0C warmen Pool, der \u00fcberdacht werden kann<\/b>, mit Wasserfall-Schwalldusche, Liegen f\u00fcr Entspannung zu jeder Jahreszeit und einen beheizten <b>Whirlpool<\/b> f\u00fcr 6 G\u00e4ste. Unser <b>Wellnesscenter<\/b> mit Sauna, Dampfbad, Erlebnisduschen bietet einen erholsamen Urlaub, um K\u00f6rper und Geist zu st\u00e4rken.<\/p>\n\n\n\n<p>In der All-Inclusive-Formel ist auch die <b>Unterhaltung f\u00fcr Erwachsene und Kinder<\/b> inbegriffen, daher wird das Hotel Bassetti von seinen G\u00e4sten auch als \u201eFamilienhotel\u201c bezeichnet. F\u00fcr die ganz Kleinen <b>Indoor- und Outdoor-Spielbereiche<\/b>, wertvolle <b>Unterhaltung <\/b>mit Spielen, Workshops, Baby Dance und die meisten <b>Serviceleistungen auf dem Zimmer und im Restaurant<\/b> sind inbegriffen, auch <b>Babybrei <\/b>f\u00fcr die Entw\u00f6hnung.<\/p>\n\n\n\n<p>Der <b>Privatparkplatz ist inbegriffen und wird gew\u00e4hrleistet<\/b>, er sorgt f\u00fcr einen entspannten Urlaub. Fahren Sie mit den <b>Fahrr\u00e4dern, die kostenlos zur Verf\u00fcgung stehen, <\/b>durch das nahegelegene Zentrum von Pinarella oder durch den erfrischenden Pinienwald.<\/p>\n","protected":false},"excerpt":{"rendered":"<p>Das Motto von Hotel Bassetti in Pinarella di Cervia lautet: \u201eAll you need, is all &hellip;<\/p>\n","protected":false},"author":1,"featured_media":0,"parent":16476,"menu_order":0,"comment_status":"closed","ping_status":"closed","template":"page-templates\/scheda_hotel.php","meta":{"_acf_changed":false,"footnotes":""},"class_list":["post-40860","page","type-page","status-publish","hentry"],"acf":[],"yoast_head":"<!-- This site is optimized with the Yoast SEO plugin v27.0 - https:\/\/yoast.com\/product\/yoast-seo-wordpress\/ -->\n<title>Hotel Bassetti - All Inclusive Hotels<\/title>\n<meta name=\"robots\" content=\"index, follow, max-snippet:-1, max-image-preview:large, max-video-preview:-1\" \/>\n<link rel=\"canonical\" href=\"https:\/\/www.allinclusivehotels.it\/de\/hotels\/hotel-bassetti\" \/>\n<meta property=\"og:locale\" content=\"de_DE\" \/>\n<meta property=\"og:type\" content=\"article\" \/>\n<meta property=\"og:title\" content=\"Hotel Bassetti - All Inclusive Hotels\" \/>\n<meta property=\"og:description\" content=\"Das Motto von Hotel Bassetti in Pinarella di Cervia lautet: \u201eAll you need, is all &hellip;\" \/>\n<meta property=\"og:url\" content=\"https:\/\/www.allinclusivehotels.it\/de\/hotels\/hotel-bassetti\" \/>\n<meta property=\"og:site_name\" content=\"All Inclusive Hotels\" \/>\n<meta property=\"article:modified_time\" content=\"2025-04-02T09:13:04+00:00\" \/>\n<meta name=\"twitter:card\" content=\"summary_large_image\" \/>\n<script type=\"application\/ld+json\" class=\"yoast-schema-graph\">{\"@context\":\"https:\/\/schema.org\",\"@graph\":[{\"@type\":\"WebPage\",\"@id\":\"https:\/\/www.allinclusivehotels.it\/de\/hotels\/hotel-bassetti\",\"url\":\"https:\/\/www.allinclusivehotels.it\/de\/hotels\/hotel-bassetti\",\"name\":\"Hotel Bassetti - All Inclusive Hotels\",\"isPartOf\":{\"@id\":\"https:\/\/www.allinclusivehotels.it\/de#website\"},\"datePublished\":\"2025-01-21T07:57:14+00:00\",\"dateModified\":\"2025-04-02T09:13:04+00:00\",\"breadcrumb\":{\"@id\":\"https:\/\/www.allinclusivehotels.it\/de\/hotels\/hotel-bassetti#breadcrumb\"},\"inLanguage\":\"de\",\"potentialAction\":[{\"@type\":\"ReadAction\",\"target\":[\"https:\/\/www.allinclusivehotels.it\/de\/hotels\/hotel-bassetti\"]}]},{\"@type\":\"BreadcrumbList\",\"@id\":\"https:\/\/www.allinclusivehotels.it\/de\/hotels\/hotel-bassetti#breadcrumb\",\"itemListElement\":[{\"@type\":\"ListItem\",\"position\":1,\"name\":\"Home\",\"item\":\"https:\/\/www.allinclusivehotels.it\/de\"},{\"@type\":\"ListItem\",\"position\":2,\"name\":\"Hotels\",\"item\":\"https:\/\/www.allinclusivehotels.it\/de\/hotels\"},{\"@type\":\"ListItem\",\"position\":3,\"name\":\"Hotel Bassetti\"}]},{\"@type\":\"WebSite\",\"@id\":\"https:\/\/www.allinclusivehotels.it\/de#website\",\"url\":\"https:\/\/www.allinclusivehotels.it\/de\",\"name\":\"All Inclusive Hotels\",\"description\":\"\",\"publisher\":{\"@id\":\"https:\/\/www.allinclusivehotels.it\/de#organization\"},\"potentialAction\":[{\"@type\":\"SearchAction\",\"target\":{\"@type\":\"EntryPoint\",\"urlTemplate\":\"https:\/\/www.allinclusivehotels.it\/de?s={search_term_string}\"},\"query-input\":{\"@type\":\"PropertyValueSpecification\",\"valueRequired\":true,\"valueName\":\"search_term_string\"}}],\"inLanguage\":\"de\"},{\"@type\":\"Organization\",\"@id\":\"https:\/\/www.allinclusivehotels.it\/de#organization\",\"name\":\"All Inclusive Hotels\",\"url\":\"https:\/\/www.allinclusivehotels.it\/de\",\"logo\":{\"@type\":\"ImageObject\",\"inLanguage\":\"de\",\"@id\":\"https:\/\/www.allinclusivehotels.it\/de#\/schema\/logo\/image\/\",\"url\":\"\",\"contentUrl\":\"\",\"caption\":\"All Inclusive Hotels\"},\"image\":{\"@id\":\"https:\/\/www.allinclusivehotels.it\/de#\/schema\/logo\/image\/\"}}]}<\/script>\n<!-- \/ Yoast SEO plugin. -->","yoast_head_json":{"title":"Hotel Bassetti - All Inclusive Hotels","robots":{"index":"index","follow":"follow","max-snippet":"max-snippet:-1","max-image-preview":"max-image-preview:large","max-video-preview":"max-video-preview:-1"},"canonical":"https:\/\/www.allinclusivehotels.it\/de\/hotels\/hotel-bassetti","og_locale":"de_DE","og_type":"article","og_title":"Hotel Bassetti - All Inclusive Hotels","og_description":"Das Motto von Hotel Bassetti in Pinarella di Cervia lautet: \u201eAll you need, is all &hellip;","og_url":"https:\/\/www.allinclusivehotels.it\/de\/hotels\/hotel-bassetti","og_site_name":"All Inclusive Hotels","article_modified_time":"2025-04-02T09:13:04+00:00","twitter_card":"summary_large_image","schema":{"@context":"https:\/\/schema.org","@graph":[{"@type":"WebPage","@id":"https:\/\/www.allinclusivehotels.it\/de\/hotels\/hotel-bassetti","url":"https:\/\/www.allinclusivehotels.it\/de\/hotels\/hotel-bassetti","name":"Hotel Bassetti - All Inclusive Hotels","isPartOf":{"@id":"https:\/\/www.allinclusivehotels.it\/de#website"},"datePublished":"2025-01-21T07:57:14+00:00","dateModified":"2025-04-02T09:13:04+00:00","breadcrumb":{"@id":"https:\/\/www.allinclusivehotels.it\/de\/hotels\/hotel-bassetti#breadcrumb"},"inLanguage":"de","potentialAction":[{"@type":"ReadAction","target":["https:\/\/www.allinclusivehotels.it\/de\/hotels\/hotel-bassetti"]}]},{"@type":"BreadcrumbList","@id":"https:\/\/www.allinclusivehotels.it\/de\/hotels\/hotel-bassetti#breadcrumb","itemListElement":[{"@type":"ListItem","position":1,"name":"Home","item":"https:\/\/www.allinclusivehotels.it\/de"},{"@type":"ListItem","position":2,"name":"Hotels","item":"https:\/\/www.allinclusivehotels.it\/de\/hotels"},{"@type":"ListItem","position":3,"name":"Hotel Bassetti"}]},{"@type":"WebSite","@id":"https:\/\/www.allinclusivehotels.it\/de#website","url":"https:\/\/www.allinclusivehotels.it\/de","name":"All Inclusive Hotels","description":"","publisher":{"@id":"https:\/\/www.allinclusivehotels.it\/de#organization"},"potentialAction":[{"@type":"SearchAction","target":{"@type":"EntryPoint","urlTemplate":"https:\/\/www.allinclusivehotels.it\/de?s={search_term_string}"},"query-input":{"@type":"PropertyValueSpecification","valueRequired":true,"valueName":"search_term_string"}}],"inLanguage":"de"},{"@type":"Organization","@id":"https:\/\/www.allinclusivehotels.it\/de#organization","name":"All Inclusive Hotels","url":"https:\/\/www.allinclusivehotels.it\/de","logo":{"@type":"ImageObject","inLanguage":"de","@id":"https:\/\/www.allinclusivehotels.it\/de#\/schema\/logo\/image\/","url":"","contentUrl":"","caption":"All Inclusive Hotels"},"image":{"@id":"https:\/\/www.allinclusivehotels.it\/de#\/schema\/logo\/image\/"}}]}},"_links":{"self":[{"href":"https:\/\/www.allinclusivehotels.it\/de\/wp-json\/wp\/v2\/pages\/40860","targetHints":{"allow":["GET"]}}],"collection":[{"href":"https:\/\/www.allinclusivehotels.it\/de\/wp-json\/wp\/v2\/pages"}],"about":[{"href":"https:\/\/www.allinclusivehotels.it\/de\/wp-json\/wp\/v2\/types\/page"}],"author":[{"embeddable":true,"href":"https:\/\/www.allinclusivehotels.it\/de\/wp-json\/wp\/v2\/users\/1"}],"replies":[{"embeddable":true,"href":"https:\/\/www.allinclusivehotels.it\/de\/wp-json\/wp\/v2\/comments?post=40860"}],"version-history":[{"count":3,"href":"https:\/\/www.allinclusivehotels.it\/de\/wp-json\/wp\/v2\/pages\/40860\/revisions"}],"predecessor-version":[{"id":44891,"href":"https:\/\/www.allinclusivehotels.it\/de\/wp-json\/wp\/v2\/pages\/40860\/revisions\/44891"}],"up":[{"embeddable":true,"href":"https:\/\/www.allinclusivehotels.it\/de\/wp-json\/wp\/v2\/pages\/16476"}],"wp:attachment":[{"href":"https:\/\/www.allinclusivehotels.it\/de\/wp-json\/wp\/v2\/media?parent=40860"}],"curies":[{"name":"wp","href":"https:\/\/api.w.org\/{rel}","templated":true}]}}