{"id":40521,"date":"2024-12-18T14:06:44","date_gmt":"2024-12-18T13:06:44","guid":{"rendered":"https:\/\/www.allinclusivehotels.it\/hotels\/color-bay-village-milano-marittima"},"modified":"2025-03-18T14:32:21","modified_gmt":"2025-03-18T13:32:21","slug":"color-bay-village-milano-marittima","status":"publish","type":"page","link":"https:\/\/www.allinclusivehotels.it\/de\/hotels\/color-bay-village-milano-marittima","title":{"rendered":"Color Bay Village &#8211; Milano Marittima"},"content":{"rendered":"\n<p>Das <b>Color Bay Village &#8211; Milano Marittima<\/b> ist <b>nur 2 Gehminuten vom Privatstrand entfernt<\/b> und von einem <b>6000 m\u00b2 gro\u00dfen Pinienwald<\/b> umgeben. Dieses <b>Familienhotel<\/b> bietet ein exklusives <b>Premium-All-Inclusive-Angebot<\/b>, das alle wichtigen Leistungen wie <b>Animation an 7 Tagen in der Woche<\/b>, <b>kostenlose 24-Stunden-Bar<\/b>, <b>Cocktails <\/b>am Abend, <b>Sonnenschirm und 2 Liegest\u00fchle<\/b>, Nutzung des <b>Swimmingpools<\/b>, Aperitifs, <b>Color Food Experience<\/b> und Color Food Corner sowie <b>Color Holiday Events<\/b> umfasst.<\/p>\n\n\n\n<!--more-->\n\n\n\n<p>Ein Team von <b>spezialisierten Animateuren<\/b> organisiert <b>jeden Tag<\/b> ein abwechslungsreiches Unterhaltungsprogramm, das in verschiedene Altersgruppen unterteilt ist: <b>Mini-Club von 4 bis 7 Jahren<\/b>; <b>Junior-Club von 8 bis 12 Jahren<\/b>; <b>Teen-Club von 13 bis 18 Jahren<\/b> sowie <b>Aktivit\u00e4ten f\u00fcr Erwachsene<\/b> wie Morgengymnastik, Wassergymnastik, Strandspiele, Zumba, Aerobic, Gruppent\u00e4nze. Von morgens bis abends finden am Strand, am Pool und im Hotel Spiele, Turniere und Shows statt. Au\u00dferdem gibt es w\u00f6chentliche Veranstaltungen wie die <b>Schaumparty<\/b>, die <b>Color Explosion<\/b> und die <b>Candy Night<\/b>.<\/p>\n\n\n\n<p>Der <b>Garten <\/b>des Color Bay Village &#8211; Milano Marittima ist ein Ort, den Sie mit Ihrer Familie genie\u00dfen k\u00f6nnen. Sie k\u00f6nnen sich auf der <b>Sonnenterrasse <\/b>entspannen, w\u00e4hrend sich die Kinder im <b>Swimmingpool mit Acqua Splash<\/b>, auf den H\u00fcpfburgen und bei <b>Color Racing<\/b>, der Super-Autoscooterbahn mit Kurven- und Beschleunigungsstrecken, vergn\u00fcgen. Das Hotel verf\u00fcgt auch \u00fcber das <b>Color Game<\/b>, ein Spielzimmer mit den besten Videospielen f\u00fcr Kinder.<\/p>\n","protected":false},"excerpt":{"rendered":"<p>Das Color Bay Village &#8211; Milano Marittima ist nur 2 Gehminuten vom Privatstrand entfernt und &hellip;<\/p>\n","protected":false},"author":1,"featured_media":0,"parent":16476,"menu_order":0,"comment_status":"closed","ping_status":"closed","template":"page-templates\/scheda_hotel.php","meta":{"_acf_changed":false,"footnotes":""},"class_list":["post-40521","page","type-page","status-publish","hentry"],"acf":[],"yoast_head":"<!-- This site is optimized with the Yoast SEO plugin v27.0 - https:\/\/yoast.com\/product\/yoast-seo-wordpress\/ -->\n<title>Color Bay Village - Milano Marittima - All Inclusive Hotels<\/title>\n<meta name=\"robots\" content=\"index, follow, max-snippet:-1, max-image-preview:large, max-video-preview:-1\" \/>\n<link rel=\"canonical\" href=\"https:\/\/www.allinclusivehotels.it\/de\/hotels\/color-bay-village-milano-marittima\" \/>\n<meta property=\"og:locale\" content=\"de_DE\" \/>\n<meta property=\"og:type\" content=\"article\" \/>\n<meta property=\"og:title\" content=\"Color Bay Village - Milano Marittima - All Inclusive Hotels\" \/>\n<meta property=\"og:description\" content=\"Das Color Bay Village &#8211; Milano Marittima ist nur 2 Gehminuten vom Privatstrand entfernt und &hellip;\" \/>\n<meta property=\"og:url\" content=\"https:\/\/www.allinclusivehotels.it\/de\/hotels\/color-bay-village-milano-marittima\" \/>\n<meta property=\"og:site_name\" content=\"All Inclusive Hotels\" \/>\n<meta property=\"article:modified_time\" content=\"2025-03-18T13:32:21+00:00\" \/>\n<meta name=\"twitter:card\" content=\"summary_large_image\" \/>\n<meta name=\"twitter:label1\" content=\"Gesch\u00e4tzte Lesezeit\" \/>\n\t<meta name=\"twitter:data1\" content=\"1\u00a0Minute\" \/>\n<script type=\"application\/ld+json\" class=\"yoast-schema-graph\">{\"@context\":\"https:\/\/schema.org\",\"@graph\":[{\"@type\":\"WebPage\",\"@id\":\"https:\/\/www.allinclusivehotels.it\/de\/hotels\/color-bay-village-milano-marittima\",\"url\":\"https:\/\/www.allinclusivehotels.it\/de\/hotels\/color-bay-village-milano-marittima\",\"name\":\"Color Bay Village - Milano Marittima - All Inclusive Hotels\",\"isPartOf\":{\"@id\":\"https:\/\/www.allinclusivehotels.it\/de#website\"},\"datePublished\":\"2024-12-18T13:06:44+00:00\",\"dateModified\":\"2025-03-18T13:32:21+00:00\",\"breadcrumb\":{\"@id\":\"https:\/\/www.allinclusivehotels.it\/de\/hotels\/color-bay-village-milano-marittima#breadcrumb\"},\"inLanguage\":\"de\",\"potentialAction\":[{\"@type\":\"ReadAction\",\"target\":[\"https:\/\/www.allinclusivehotels.it\/de\/hotels\/color-bay-village-milano-marittima\"]}]},{\"@type\":\"BreadcrumbList\",\"@id\":\"https:\/\/www.allinclusivehotels.it\/de\/hotels\/color-bay-village-milano-marittima#breadcrumb\",\"itemListElement\":[{\"@type\":\"ListItem\",\"position\":1,\"name\":\"Home\",\"item\":\"https:\/\/www.allinclusivehotels.it\/de\"},{\"@type\":\"ListItem\",\"position\":2,\"name\":\"Hotels\",\"item\":\"https:\/\/www.allinclusivehotels.it\/de\/hotels\"},{\"@type\":\"ListItem\",\"position\":3,\"name\":\"Color Bay Village &#8211; Milano Marittima\"}]},{\"@type\":\"WebSite\",\"@id\":\"https:\/\/www.allinclusivehotels.it\/de#website\",\"url\":\"https:\/\/www.allinclusivehotels.it\/de\",\"name\":\"All Inclusive Hotels\",\"description\":\"\",\"publisher\":{\"@id\":\"https:\/\/www.allinclusivehotels.it\/de#organization\"},\"potentialAction\":[{\"@type\":\"SearchAction\",\"target\":{\"@type\":\"EntryPoint\",\"urlTemplate\":\"https:\/\/www.allinclusivehotels.it\/de?s={search_term_string}\"},\"query-input\":{\"@type\":\"PropertyValueSpecification\",\"valueRequired\":true,\"valueName\":\"search_term_string\"}}],\"inLanguage\":\"de\"},{\"@type\":\"Organization\",\"@id\":\"https:\/\/www.allinclusivehotels.it\/de#organization\",\"name\":\"All Inclusive Hotels\",\"url\":\"https:\/\/www.allinclusivehotels.it\/de\",\"logo\":{\"@type\":\"ImageObject\",\"inLanguage\":\"de\",\"@id\":\"https:\/\/www.allinclusivehotels.it\/de#\/schema\/logo\/image\/\",\"url\":\"\",\"contentUrl\":\"\",\"caption\":\"All Inclusive Hotels\"},\"image\":{\"@id\":\"https:\/\/www.allinclusivehotels.it\/de#\/schema\/logo\/image\/\"}}]}<\/script>\n<!-- \/ Yoast SEO plugin. -->","yoast_head_json":{"title":"Color Bay Village - Milano Marittima - All Inclusive Hotels","robots":{"index":"index","follow":"follow","max-snippet":"max-snippet:-1","max-image-preview":"max-image-preview:large","max-video-preview":"max-video-preview:-1"},"canonical":"https:\/\/www.allinclusivehotels.it\/de\/hotels\/color-bay-village-milano-marittima","og_locale":"de_DE","og_type":"article","og_title":"Color Bay Village - Milano Marittima - All Inclusive Hotels","og_description":"Das Color Bay Village &#8211; Milano Marittima ist nur 2 Gehminuten vom Privatstrand entfernt und &hellip;","og_url":"https:\/\/www.allinclusivehotels.it\/de\/hotels\/color-bay-village-milano-marittima","og_site_name":"All Inclusive Hotels","article_modified_time":"2025-03-18T13:32:21+00:00","twitter_card":"summary_large_image","twitter_misc":{"Gesch\u00e4tzte Lesezeit":"1\u00a0Minute"},"schema":{"@context":"https:\/\/schema.org","@graph":[{"@type":"WebPage","@id":"https:\/\/www.allinclusivehotels.it\/de\/hotels\/color-bay-village-milano-marittima","url":"https:\/\/www.allinclusivehotels.it\/de\/hotels\/color-bay-village-milano-marittima","name":"Color Bay Village - Milano Marittima - All Inclusive Hotels","isPartOf":{"@id":"https:\/\/www.allinclusivehotels.it\/de#website"},"datePublished":"2024-12-18T13:06:44+00:00","dateModified":"2025-03-18T13:32:21+00:00","breadcrumb":{"@id":"https:\/\/www.allinclusivehotels.it\/de\/hotels\/color-bay-village-milano-marittima#breadcrumb"},"inLanguage":"de","potentialAction":[{"@type":"ReadAction","target":["https:\/\/www.allinclusivehotels.it\/de\/hotels\/color-bay-village-milano-marittima"]}]},{"@type":"BreadcrumbList","@id":"https:\/\/www.allinclusivehotels.it\/de\/hotels\/color-bay-village-milano-marittima#breadcrumb","itemListElement":[{"@type":"ListItem","position":1,"name":"Home","item":"https:\/\/www.allinclusivehotels.it\/de"},{"@type":"ListItem","position":2,"name":"Hotels","item":"https:\/\/www.allinclusivehotels.it\/de\/hotels"},{"@type":"ListItem","position":3,"name":"Color Bay Village &#8211; Milano Marittima"}]},{"@type":"WebSite","@id":"https:\/\/www.allinclusivehotels.it\/de#website","url":"https:\/\/www.allinclusivehotels.it\/de","name":"All Inclusive Hotels","description":"","publisher":{"@id":"https:\/\/www.allinclusivehotels.it\/de#organization"},"potentialAction":[{"@type":"SearchAction","target":{"@type":"EntryPoint","urlTemplate":"https:\/\/www.allinclusivehotels.it\/de?s={search_term_string}"},"query-input":{"@type":"PropertyValueSpecification","valueRequired":true,"valueName":"search_term_string"}}],"inLanguage":"de"},{"@type":"Organization","@id":"https:\/\/www.allinclusivehotels.it\/de#organization","name":"All Inclusive Hotels","url":"https:\/\/www.allinclusivehotels.it\/de","logo":{"@type":"ImageObject","inLanguage":"de","@id":"https:\/\/www.allinclusivehotels.it\/de#\/schema\/logo\/image\/","url":"","contentUrl":"","caption":"All Inclusive Hotels"},"image":{"@id":"https:\/\/www.allinclusivehotels.it\/de#\/schema\/logo\/image\/"}}]}},"_links":{"self":[{"href":"https:\/\/www.allinclusivehotels.it\/de\/wp-json\/wp\/v2\/pages\/40521","targetHints":{"allow":["GET"]}}],"collection":[{"href":"https:\/\/www.allinclusivehotels.it\/de\/wp-json\/wp\/v2\/pages"}],"about":[{"href":"https:\/\/www.allinclusivehotels.it\/de\/wp-json\/wp\/v2\/types\/page"}],"author":[{"embeddable":true,"href":"https:\/\/www.allinclusivehotels.it\/de\/wp-json\/wp\/v2\/users\/1"}],"replies":[{"embeddable":true,"href":"https:\/\/www.allinclusivehotels.it\/de\/wp-json\/wp\/v2\/comments?post=40521"}],"version-history":[{"count":2,"href":"https:\/\/www.allinclusivehotels.it\/de\/wp-json\/wp\/v2\/pages\/40521\/revisions"}],"predecessor-version":[{"id":44138,"href":"https:\/\/www.allinclusivehotels.it\/de\/wp-json\/wp\/v2\/pages\/40521\/revisions\/44138"}],"up":[{"embeddable":true,"href":"https:\/\/www.allinclusivehotels.it\/de\/wp-json\/wp\/v2\/pages\/16476"}],"wp:attachment":[{"href":"https:\/\/www.allinclusivehotels.it\/de\/wp-json\/wp\/v2\/media?parent=40521"}],"curies":[{"name":"wp","href":"https:\/\/api.w.org\/{rel}","templated":true}]}}