{"id":40505,"date":"2024-12-17T14:38:12","date_gmt":"2024-12-17T13:38:12","guid":{"rendered":"https:\/\/www.allinclusivehotels.it\/hotels\/ghe-grand-hotel-excelsior"},"modified":"2025-02-20T17:23:28","modified_gmt":"2025-02-20T16:23:28","slug":"ghe-grand-hotel-excelsior","status":"publish","type":"page","link":"https:\/\/www.allinclusivehotels.it\/de\/hotels\/ghe-grand-hotel-excelsior","title":{"rendered":"Ghe &#8211; Grand Hotel Excelsior"},"content":{"rendered":"\n<p>Im<b> Grand Hotel Excelsior in Senigallia<\/b> \u00fcberquert man die Stra\u00dfe und versinkt im weichen Sand des ber\u00fchmten Samtstrandes. Das <b>GHE All Inclusive<\/b> umfasst auch einen <b>Sonnenschirm und 2 Sonnenliegen<\/b> bei der Strandanlage, die eine Sondervereinbarung mit dem Hotel hat, aber wenn man es vorzieht, im Hotel zu bleiben, kann man die <b>Sonnenterrasse<\/b> mit <b>Sonnenliegen <\/b>und einem gro\u00dfen <b>Pool <\/b>genie\u00dfen, der mit Hydromassaged\u00fcsen und einem<b> Flachwasserbereich <\/b>f\u00fcr Kinder ausgestattet ist.<\/p>\n\n\n\n<!--more-->\n\n\n\n<p>Das Grand Hotel Excelsior ist ein <b>Family Hotel <\/b>mit <b>kindergerechten Serviceleistungen<\/b>. Neben dem Unterhaltungsprogramm, das von einem <b>Team professioneller Animateur: innen<\/b> organisiert wird, gibt es einen bunten <b>Spielplatz<\/b>, auf dem Kinder sicher spielen k\u00f6nnen. Von Juni bis August gibt es zahlreiche <b>Aktivit\u00e4ten am Pool<\/b>, <b>Snacks <\/b>am Nachmittag und lustiges <b>Baby Dance<\/b> am Abend.<\/p>\n\n\n\n<p>In regelm\u00e4\u00dfigen Abst\u00e4nden bietet das Hotel auch ein <b>Unterhaltungsprogramm f\u00fcr Erwachsene<\/b>, wie z.B. <b>Verkostungen<\/b> oder <b>Tanzabende <\/b>auf der Terrasse mit Meerblick. Das Grand Hotel Excelsior ist ein<b> tierfreundliches Hotel<\/b>: Haustiere sind willkommen, und wenn Sie mit Ihrem Hund reisen, erwartet Sie bei Ihrer Ankunft ein Willkommenspaket.<\/p>\n\n\n\n<p>Das Hotel bietet einen <b>All-Inclusive &#8211; Service mit Wasser und Wein zu den Mahlzeiten<\/b>; es garantiert die kostenlose Nutzung von <b>Fahrr\u00e4dern<\/b>, einen umweltfreundlichen <b>Fitnessraum<\/b>, eine ganzt\u00e4gig ge\u00f6ffnete <b>Bar<\/b>, private <b>Garage<\/b> und privaten <b>Parkplatz <\/b>(mit begrenzten Pl\u00e4tzen) sowie unbegrenztes <b>WLAN<\/b>.<\/p>\n","protected":false},"excerpt":{"rendered":"<p>Im Grand Hotel Excelsior in Senigallia \u00fcberquert man die Stra\u00dfe und versinkt im weichen Sand &hellip;<\/p>\n","protected":false},"author":1,"featured_media":0,"parent":16476,"menu_order":0,"comment_status":"closed","ping_status":"closed","template":"page-templates\/scheda_hotel.php","meta":{"_acf_changed":false,"footnotes":""},"class_list":["post-40505","page","type-page","status-publish","hentry"],"acf":[],"yoast_head":"<!-- This site is optimized with the Yoast SEO plugin v27.0 - https:\/\/yoast.com\/product\/yoast-seo-wordpress\/ -->\n<title>Ghe - Grand Hotel Excelsior - All Inclusive Hotels<\/title>\n<meta name=\"robots\" content=\"index, follow, max-snippet:-1, max-image-preview:large, max-video-preview:-1\" \/>\n<link rel=\"canonical\" href=\"https:\/\/www.allinclusivehotels.it\/de\/hotels\/ghe-grand-hotel-excelsior\" \/>\n<meta property=\"og:locale\" content=\"de_DE\" \/>\n<meta property=\"og:type\" content=\"article\" \/>\n<meta property=\"og:title\" content=\"Ghe - Grand Hotel Excelsior - All Inclusive Hotels\" \/>\n<meta property=\"og:description\" content=\"Im Grand Hotel Excelsior in Senigallia \u00fcberquert man die Stra\u00dfe und versinkt im weichen Sand &hellip;\" \/>\n<meta property=\"og:url\" content=\"https:\/\/www.allinclusivehotels.it\/de\/hotels\/ghe-grand-hotel-excelsior\" \/>\n<meta property=\"og:site_name\" content=\"All Inclusive Hotels\" \/>\n<meta property=\"article:modified_time\" content=\"2025-02-20T16:23:28+00:00\" \/>\n<meta name=\"twitter:card\" content=\"summary_large_image\" \/>\n<meta name=\"twitter:label1\" content=\"Gesch\u00e4tzte Lesezeit\" \/>\n\t<meta name=\"twitter:data1\" content=\"1\u00a0Minute\" \/>\n<script type=\"application\/ld+json\" class=\"yoast-schema-graph\">{\"@context\":\"https:\/\/schema.org\",\"@graph\":[{\"@type\":\"WebPage\",\"@id\":\"https:\/\/www.allinclusivehotels.it\/de\/hotels\/ghe-grand-hotel-excelsior\",\"url\":\"https:\/\/www.allinclusivehotels.it\/de\/hotels\/ghe-grand-hotel-excelsior\",\"name\":\"Ghe - Grand Hotel Excelsior - All Inclusive Hotels\",\"isPartOf\":{\"@id\":\"https:\/\/www.allinclusivehotels.it\/de#website\"},\"datePublished\":\"2024-12-17T13:38:12+00:00\",\"dateModified\":\"2025-02-20T16:23:28+00:00\",\"breadcrumb\":{\"@id\":\"https:\/\/www.allinclusivehotels.it\/de\/hotels\/ghe-grand-hotel-excelsior#breadcrumb\"},\"inLanguage\":\"de\",\"potentialAction\":[{\"@type\":\"ReadAction\",\"target\":[\"https:\/\/www.allinclusivehotels.it\/de\/hotels\/ghe-grand-hotel-excelsior\"]}]},{\"@type\":\"BreadcrumbList\",\"@id\":\"https:\/\/www.allinclusivehotels.it\/de\/hotels\/ghe-grand-hotel-excelsior#breadcrumb\",\"itemListElement\":[{\"@type\":\"ListItem\",\"position\":1,\"name\":\"Home\",\"item\":\"https:\/\/www.allinclusivehotels.it\/de\"},{\"@type\":\"ListItem\",\"position\":2,\"name\":\"Hotels\",\"item\":\"https:\/\/www.allinclusivehotels.it\/de\/hotels\"},{\"@type\":\"ListItem\",\"position\":3,\"name\":\"Ghe &#8211; Grand Hotel Excelsior\"}]},{\"@type\":\"WebSite\",\"@id\":\"https:\/\/www.allinclusivehotels.it\/de#website\",\"url\":\"https:\/\/www.allinclusivehotels.it\/de\",\"name\":\"All Inclusive Hotels\",\"description\":\"\",\"publisher\":{\"@id\":\"https:\/\/www.allinclusivehotels.it\/de#organization\"},\"potentialAction\":[{\"@type\":\"SearchAction\",\"target\":{\"@type\":\"EntryPoint\",\"urlTemplate\":\"https:\/\/www.allinclusivehotels.it\/de?s={search_term_string}\"},\"query-input\":{\"@type\":\"PropertyValueSpecification\",\"valueRequired\":true,\"valueName\":\"search_term_string\"}}],\"inLanguage\":\"de\"},{\"@type\":\"Organization\",\"@id\":\"https:\/\/www.allinclusivehotels.it\/de#organization\",\"name\":\"All Inclusive Hotels\",\"url\":\"https:\/\/www.allinclusivehotels.it\/de\",\"logo\":{\"@type\":\"ImageObject\",\"inLanguage\":\"de\",\"@id\":\"https:\/\/www.allinclusivehotels.it\/de#\/schema\/logo\/image\/\",\"url\":\"\",\"contentUrl\":\"\",\"caption\":\"All Inclusive Hotels\"},\"image\":{\"@id\":\"https:\/\/www.allinclusivehotels.it\/de#\/schema\/logo\/image\/\"}}]}<\/script>\n<!-- \/ Yoast SEO plugin. -->","yoast_head_json":{"title":"Ghe - Grand Hotel Excelsior - All Inclusive Hotels","robots":{"index":"index","follow":"follow","max-snippet":"max-snippet:-1","max-image-preview":"max-image-preview:large","max-video-preview":"max-video-preview:-1"},"canonical":"https:\/\/www.allinclusivehotels.it\/de\/hotels\/ghe-grand-hotel-excelsior","og_locale":"de_DE","og_type":"article","og_title":"Ghe - Grand Hotel Excelsior - All Inclusive Hotels","og_description":"Im Grand Hotel Excelsior in Senigallia \u00fcberquert man die Stra\u00dfe und versinkt im weichen Sand &hellip;","og_url":"https:\/\/www.allinclusivehotels.it\/de\/hotels\/ghe-grand-hotel-excelsior","og_site_name":"All Inclusive Hotels","article_modified_time":"2025-02-20T16:23:28+00:00","twitter_card":"summary_large_image","twitter_misc":{"Gesch\u00e4tzte Lesezeit":"1\u00a0Minute"},"schema":{"@context":"https:\/\/schema.org","@graph":[{"@type":"WebPage","@id":"https:\/\/www.allinclusivehotels.it\/de\/hotels\/ghe-grand-hotel-excelsior","url":"https:\/\/www.allinclusivehotels.it\/de\/hotels\/ghe-grand-hotel-excelsior","name":"Ghe - Grand Hotel Excelsior - All Inclusive Hotels","isPartOf":{"@id":"https:\/\/www.allinclusivehotels.it\/de#website"},"datePublished":"2024-12-17T13:38:12+00:00","dateModified":"2025-02-20T16:23:28+00:00","breadcrumb":{"@id":"https:\/\/www.allinclusivehotels.it\/de\/hotels\/ghe-grand-hotel-excelsior#breadcrumb"},"inLanguage":"de","potentialAction":[{"@type":"ReadAction","target":["https:\/\/www.allinclusivehotels.it\/de\/hotels\/ghe-grand-hotel-excelsior"]}]},{"@type":"BreadcrumbList","@id":"https:\/\/www.allinclusivehotels.it\/de\/hotels\/ghe-grand-hotel-excelsior#breadcrumb","itemListElement":[{"@type":"ListItem","position":1,"name":"Home","item":"https:\/\/www.allinclusivehotels.it\/de"},{"@type":"ListItem","position":2,"name":"Hotels","item":"https:\/\/www.allinclusivehotels.it\/de\/hotels"},{"@type":"ListItem","position":3,"name":"Ghe &#8211; Grand Hotel Excelsior"}]},{"@type":"WebSite","@id":"https:\/\/www.allinclusivehotels.it\/de#website","url":"https:\/\/www.allinclusivehotels.it\/de","name":"All Inclusive Hotels","description":"","publisher":{"@id":"https:\/\/www.allinclusivehotels.it\/de#organization"},"potentialAction":[{"@type":"SearchAction","target":{"@type":"EntryPoint","urlTemplate":"https:\/\/www.allinclusivehotels.it\/de?s={search_term_string}"},"query-input":{"@type":"PropertyValueSpecification","valueRequired":true,"valueName":"search_term_string"}}],"inLanguage":"de"},{"@type":"Organization","@id":"https:\/\/www.allinclusivehotels.it\/de#organization","name":"All Inclusive Hotels","url":"https:\/\/www.allinclusivehotels.it\/de","logo":{"@type":"ImageObject","inLanguage":"de","@id":"https:\/\/www.allinclusivehotels.it\/de#\/schema\/logo\/image\/","url":"","contentUrl":"","caption":"All Inclusive Hotels"},"image":{"@id":"https:\/\/www.allinclusivehotels.it\/de#\/schema\/logo\/image\/"}}]}},"_links":{"self":[{"href":"https:\/\/www.allinclusivehotels.it\/de\/wp-json\/wp\/v2\/pages\/40505","targetHints":{"allow":["GET"]}}],"collection":[{"href":"https:\/\/www.allinclusivehotels.it\/de\/wp-json\/wp\/v2\/pages"}],"about":[{"href":"https:\/\/www.allinclusivehotels.it\/de\/wp-json\/wp\/v2\/types\/page"}],"author":[{"embeddable":true,"href":"https:\/\/www.allinclusivehotels.it\/de\/wp-json\/wp\/v2\/users\/1"}],"replies":[{"embeddable":true,"href":"https:\/\/www.allinclusivehotels.it\/de\/wp-json\/wp\/v2\/comments?post=40505"}],"version-history":[{"count":2,"href":"https:\/\/www.allinclusivehotels.it\/de\/wp-json\/wp\/v2\/pages\/40505\/revisions"}],"predecessor-version":[{"id":43337,"href":"https:\/\/www.allinclusivehotels.it\/de\/wp-json\/wp\/v2\/pages\/40505\/revisions\/43337"}],"up":[{"embeddable":true,"href":"https:\/\/www.allinclusivehotels.it\/de\/wp-json\/wp\/v2\/pages\/16476"}],"wp:attachment":[{"href":"https:\/\/www.allinclusivehotels.it\/de\/wp-json\/wp\/v2\/media?parent=40505"}],"curies":[{"name":"wp","href":"https:\/\/api.w.org\/{rel}","templated":true}]}}