{"id":37881,"date":"2024-07-08T08:41:47","date_gmt":"2024-07-08T06:41:47","guid":{"rendered":"https:\/\/www.allinclusivehotels.it\/hotels\/hotel-baltic"},"modified":"2024-08-07T12:49:41","modified_gmt":"2024-08-07T10:49:41","slug":"hotel-baltic-2","status":"publish","type":"page","link":"https:\/\/www.allinclusivehotels.it\/de\/hotels\/hotel-baltic-2","title":{"rendered":"Hotel Baltic"},"content":{"rendered":"\n<p>Das <b>Hotel Baltic von Alba Adriatica<\/b> weist eine herrliche Lage mit <b>Meeresblick<\/b> auf. Der <b>Privatstrand<\/b> ist nur 30 Meter entfernt, so dass Sie diesen jederzeit bequem zu Fu\u00df mit einem angenehmen Spaziergang durch einen Pinienwald erreichen k\u00f6nnen. In der Formel All Inclusive <b>sind ein Sonnenschirm und zwei Liegen stets inbegriffen<\/b>, zus\u00e4tzlich gibt es Animation und einen Spielbereich f\u00fcr Kinder.<\/p>\n\n\n\n<!--more-->\n\n\n\n<p>Im Hotel gibt es auch einen <b>Swimmingpool <\/b>mit Unterwassermassagebereich und<b> Niedrigwasserbecken<\/b>, perfekt auch f\u00fcr die Kleinsten.<\/p>\n\n\n\n<p>Das <b>Animationsteam <\/b>des Hotels Baltic veranstaltet <b>Aktivit\u00e4ten f\u00fcr Kinder und Erwachsene<\/b> am Strand und im Hotel, zum Beispiel Sportturniere, Aperitif-Spiele, Mini Club, Gruppent\u00e4nze und Baby Dance, Yoga, Muskeltraining, Aqua Fitness, abendliche Unterhaltung.<\/p>\n\n\n\n<p>Au\u00dfer allen <b>Serviceleistungen f\u00fcr Kinder<\/b> im Zimmer und im Esssaal &#8211; Babyflaschenw\u00e4rmer, Kinderbett mit hohem Gel\u00e4nder, Fallverhinderungsgitter, Nachtleuchte, Aufsatz f\u00fcr Waschbecken, Wanne f\u00fcr Babybad, Wickeltisch, Hochst\u00fchle, farbiges Besteck und Gl\u00e4ser, T\u00fccher, alles Erforderliche f\u00fcr die Entw\u00f6hnung &#8211; verf\u00fcgt das Hotel \u00fcber einen<b> Baby-Sitter-Service<\/b> den <b>Service eines Kinderarztes<\/b>, beides auf Anfrage.<\/p>\n\n\n\n<p>Im Hotel Baltic sind <b>Haustiere willkommen<\/b>.<\/p>\n","protected":false},"excerpt":{"rendered":"<p>Das Hotel Baltic von Alba Adriatica weist eine herrliche Lage mit Meeresblick auf. Der Privatstrand &hellip;<\/p>\n","protected":false},"author":1,"featured_media":0,"parent":16476,"menu_order":0,"comment_status":"closed","ping_status":"closed","template":"page-templates\/scheda_hotel.php","meta":{"_acf_changed":false,"footnotes":""},"class_list":["post-37881","page","type-page","status-publish","hentry"],"acf":[],"yoast_head":"<!-- This site is optimized with the Yoast SEO plugin v27.0 - https:\/\/yoast.com\/product\/yoast-seo-wordpress\/ -->\n<title>Hotel Baltic - All Inclusive Hotels<\/title>\n<meta name=\"robots\" content=\"index, follow, max-snippet:-1, max-image-preview:large, max-video-preview:-1\" \/>\n<link rel=\"canonical\" href=\"https:\/\/www.allinclusivehotels.it\/de\/hotels\/hotel-baltic-2\" \/>\n<meta property=\"og:locale\" content=\"de_DE\" \/>\n<meta property=\"og:type\" content=\"article\" \/>\n<meta property=\"og:title\" content=\"Hotel Baltic - All Inclusive Hotels\" \/>\n<meta property=\"og:description\" content=\"Das Hotel Baltic von Alba Adriatica weist eine herrliche Lage mit Meeresblick auf. Der Privatstrand &hellip;\" \/>\n<meta property=\"og:url\" content=\"https:\/\/www.allinclusivehotels.it\/de\/hotels\/hotel-baltic-2\" \/>\n<meta property=\"og:site_name\" content=\"All Inclusive Hotels\" \/>\n<meta property=\"article:modified_time\" content=\"2024-08-07T10:49:41+00:00\" \/>\n<meta name=\"twitter:card\" content=\"summary_large_image\" \/>\n<meta name=\"twitter:label1\" content=\"Gesch\u00e4tzte Lesezeit\" \/>\n\t<meta name=\"twitter:data1\" content=\"1\u00a0Minute\" \/>\n<script type=\"application\/ld+json\" class=\"yoast-schema-graph\">{\"@context\":\"https:\/\/schema.org\",\"@graph\":[{\"@type\":\"WebPage\",\"@id\":\"https:\/\/www.allinclusivehotels.it\/de\/hotels\/hotel-baltic-2\",\"url\":\"https:\/\/www.allinclusivehotels.it\/de\/hotels\/hotel-baltic-2\",\"name\":\"Hotel Baltic - All Inclusive Hotels\",\"isPartOf\":{\"@id\":\"https:\/\/www.allinclusivehotels.it\/de#website\"},\"datePublished\":\"2024-07-08T06:41:47+00:00\",\"dateModified\":\"2024-08-07T10:49:41+00:00\",\"breadcrumb\":{\"@id\":\"https:\/\/www.allinclusivehotels.it\/de\/hotels\/hotel-baltic-2#breadcrumb\"},\"inLanguage\":\"de\",\"potentialAction\":[{\"@type\":\"ReadAction\",\"target\":[\"https:\/\/www.allinclusivehotels.it\/de\/hotels\/hotel-baltic-2\"]}]},{\"@type\":\"BreadcrumbList\",\"@id\":\"https:\/\/www.allinclusivehotels.it\/de\/hotels\/hotel-baltic-2#breadcrumb\",\"itemListElement\":[{\"@type\":\"ListItem\",\"position\":1,\"name\":\"Home\",\"item\":\"https:\/\/www.allinclusivehotels.it\/de\"},{\"@type\":\"ListItem\",\"position\":2,\"name\":\"Hotels\",\"item\":\"https:\/\/www.allinclusivehotels.it\/de\/hotels\"},{\"@type\":\"ListItem\",\"position\":3,\"name\":\"Hotel Baltic\"}]},{\"@type\":\"WebSite\",\"@id\":\"https:\/\/www.allinclusivehotels.it\/de#website\",\"url\":\"https:\/\/www.allinclusivehotels.it\/de\",\"name\":\"All Inclusive Hotels\",\"description\":\"\",\"publisher\":{\"@id\":\"https:\/\/www.allinclusivehotels.it\/de#organization\"},\"potentialAction\":[{\"@type\":\"SearchAction\",\"target\":{\"@type\":\"EntryPoint\",\"urlTemplate\":\"https:\/\/www.allinclusivehotels.it\/de?s={search_term_string}\"},\"query-input\":{\"@type\":\"PropertyValueSpecification\",\"valueRequired\":true,\"valueName\":\"search_term_string\"}}],\"inLanguage\":\"de\"},{\"@type\":\"Organization\",\"@id\":\"https:\/\/www.allinclusivehotels.it\/de#organization\",\"name\":\"All Inclusive Hotels\",\"url\":\"https:\/\/www.allinclusivehotels.it\/de\",\"logo\":{\"@type\":\"ImageObject\",\"inLanguage\":\"de\",\"@id\":\"https:\/\/www.allinclusivehotels.it\/de#\/schema\/logo\/image\/\",\"url\":\"\",\"contentUrl\":\"\",\"caption\":\"All Inclusive Hotels\"},\"image\":{\"@id\":\"https:\/\/www.allinclusivehotels.it\/de#\/schema\/logo\/image\/\"}}]}<\/script>\n<!-- \/ Yoast SEO plugin. -->","yoast_head_json":{"title":"Hotel Baltic - All Inclusive Hotels","robots":{"index":"index","follow":"follow","max-snippet":"max-snippet:-1","max-image-preview":"max-image-preview:large","max-video-preview":"max-video-preview:-1"},"canonical":"https:\/\/www.allinclusivehotels.it\/de\/hotels\/hotel-baltic-2","og_locale":"de_DE","og_type":"article","og_title":"Hotel Baltic - All Inclusive Hotels","og_description":"Das Hotel Baltic von Alba Adriatica weist eine herrliche Lage mit Meeresblick auf. Der Privatstrand &hellip;","og_url":"https:\/\/www.allinclusivehotels.it\/de\/hotels\/hotel-baltic-2","og_site_name":"All Inclusive Hotels","article_modified_time":"2024-08-07T10:49:41+00:00","twitter_card":"summary_large_image","twitter_misc":{"Gesch\u00e4tzte Lesezeit":"1\u00a0Minute"},"schema":{"@context":"https:\/\/schema.org","@graph":[{"@type":"WebPage","@id":"https:\/\/www.allinclusivehotels.it\/de\/hotels\/hotel-baltic-2","url":"https:\/\/www.allinclusivehotels.it\/de\/hotels\/hotel-baltic-2","name":"Hotel Baltic - All Inclusive Hotels","isPartOf":{"@id":"https:\/\/www.allinclusivehotels.it\/de#website"},"datePublished":"2024-07-08T06:41:47+00:00","dateModified":"2024-08-07T10:49:41+00:00","breadcrumb":{"@id":"https:\/\/www.allinclusivehotels.it\/de\/hotels\/hotel-baltic-2#breadcrumb"},"inLanguage":"de","potentialAction":[{"@type":"ReadAction","target":["https:\/\/www.allinclusivehotels.it\/de\/hotels\/hotel-baltic-2"]}]},{"@type":"BreadcrumbList","@id":"https:\/\/www.allinclusivehotels.it\/de\/hotels\/hotel-baltic-2#breadcrumb","itemListElement":[{"@type":"ListItem","position":1,"name":"Home","item":"https:\/\/www.allinclusivehotels.it\/de"},{"@type":"ListItem","position":2,"name":"Hotels","item":"https:\/\/www.allinclusivehotels.it\/de\/hotels"},{"@type":"ListItem","position":3,"name":"Hotel Baltic"}]},{"@type":"WebSite","@id":"https:\/\/www.allinclusivehotels.it\/de#website","url":"https:\/\/www.allinclusivehotels.it\/de","name":"All Inclusive Hotels","description":"","publisher":{"@id":"https:\/\/www.allinclusivehotels.it\/de#organization"},"potentialAction":[{"@type":"SearchAction","target":{"@type":"EntryPoint","urlTemplate":"https:\/\/www.allinclusivehotels.it\/de?s={search_term_string}"},"query-input":{"@type":"PropertyValueSpecification","valueRequired":true,"valueName":"search_term_string"}}],"inLanguage":"de"},{"@type":"Organization","@id":"https:\/\/www.allinclusivehotels.it\/de#organization","name":"All Inclusive Hotels","url":"https:\/\/www.allinclusivehotels.it\/de","logo":{"@type":"ImageObject","inLanguage":"de","@id":"https:\/\/www.allinclusivehotels.it\/de#\/schema\/logo\/image\/","url":"","contentUrl":"","caption":"All Inclusive Hotels"},"image":{"@id":"https:\/\/www.allinclusivehotels.it\/de#\/schema\/logo\/image\/"}}]}},"_links":{"self":[{"href":"https:\/\/www.allinclusivehotels.it\/de\/wp-json\/wp\/v2\/pages\/37881","targetHints":{"allow":["GET"]}}],"collection":[{"href":"https:\/\/www.allinclusivehotels.it\/de\/wp-json\/wp\/v2\/pages"}],"about":[{"href":"https:\/\/www.allinclusivehotels.it\/de\/wp-json\/wp\/v2\/types\/page"}],"author":[{"embeddable":true,"href":"https:\/\/www.allinclusivehotels.it\/de\/wp-json\/wp\/v2\/users\/1"}],"replies":[{"embeddable":true,"href":"https:\/\/www.allinclusivehotels.it\/de\/wp-json\/wp\/v2\/comments?post=37881"}],"version-history":[{"count":2,"href":"https:\/\/www.allinclusivehotels.it\/de\/wp-json\/wp\/v2\/pages\/37881\/revisions"}],"predecessor-version":[{"id":39201,"href":"https:\/\/www.allinclusivehotels.it\/de\/wp-json\/wp\/v2\/pages\/37881\/revisions\/39201"}],"up":[{"embeddable":true,"href":"https:\/\/www.allinclusivehotels.it\/de\/wp-json\/wp\/v2\/pages\/16476"}],"wp:attachment":[{"href":"https:\/\/www.allinclusivehotels.it\/de\/wp-json\/wp\/v2\/media?parent=37881"}],"curies":[{"name":"wp","href":"https:\/\/api.w.org\/{rel}","templated":true}]}}