{"id":37058,"date":"2024-04-30T11:15:06","date_gmt":"2024-04-30T09:15:06","guid":{"rendered":"https:\/\/www.allinclusivehotels.it\/feriendoerfer\/lido-del-mare"},"modified":"2026-01-20T16:01:49","modified_gmt":"2026-01-20T15:01:49","slug":"lido-del-mare","status":"publish","type":"page","link":"https:\/\/www.allinclusivehotels.it\/de\/feriendoerfer\/lido-del-mare","title":{"rendered":"Lido del Mare"},"content":{"rendered":"\n<p><b>Lido del Mare<\/b> ist ein <b>Feriendorf<\/b> zwischen <b>Lido del Sole<\/b> und <b>Rodi Garganico<\/b>, das wundersch\u00f6n an der Strandpromenade, direkt vor dem <b>Privatstrand<\/b> gelegen ist und <b>1 Sonnenschirm sowie 2 Sonnenliegen bietet<\/b>.<\/p>\n\n\n\n<!--more-->\n\n\n\n<p>In Lido del Mare erwarten Sie Tage voller Sonne, Meer, Entspannung und Vergn\u00fcgen, dank des sonnigen <b>Pools<\/b>, der <b>Animation<\/b> f\u00fcr Erwachsene und Kinder, der <b>Ausfl\u00fcge zu den Tremiti-Inseln<\/b>, die im Feriendorf f\u00fcr die G\u00e4ste organisiert werden, der <b>Boulebahn<\/b>, des Bogenschie\u00dfens und des Mehrzweckplatzes f\u00fcr <b>Fu\u00dfball <\/b>und <b>Tennis<\/b>.<\/p>\n\n\n\n<p>Das gut organisierte und nicht zu gro\u00dfe Feriendorf ist ideal f\u00fcr einen <b>Urlaub mit Kindern,<\/b> f\u00fcr die es neben den <b>Unterhaltungsm\u00f6glichkeiten<\/b> auch einen <b>gro\u00dfen Spielplatz gibt<\/b>.<\/p>\n\n\n\n<p><b>Haustiere sind in Lido del Mare willkommen<\/b> und au\u00dferdem steht den G\u00e4sten auch ein <b>kostenloser hotelinterner Parkplatz<\/b> zur Verf\u00fcgung.<\/p>\n","protected":false},"excerpt":{"rendered":"<p>Lido del Mare ist ein Feriendorf zwischen Lido del Sole und Rodi Garganico, das wundersch\u00f6n &hellip;<\/p>\n","protected":false},"author":1,"featured_media":0,"parent":16464,"menu_order":0,"comment_status":"closed","ping_status":"closed","template":"page-templates\/scheda_hotel.php","meta":{"_acf_changed":false,"footnotes":""},"class_list":["post-37058","page","type-page","status-publish","hentry"],"acf":[],"yoast_head":"<!-- This site is optimized with the Yoast SEO plugin v27.0 - https:\/\/yoast.com\/product\/yoast-seo-wordpress\/ -->\n<title>All Inclusive-Angebote Lido del Mare in Rodi Garganico<\/title>\n<meta name=\"description\" content=\"Lust auf Urlaub? Mehr \u00fcber die All Inclusive-Angebote und -Arrangements des Feriendorfs Lido del Mare in Rodi Garganico!\" \/>\n<meta name=\"robots\" content=\"index, follow, max-snippet:-1, max-image-preview:large, max-video-preview:-1\" \/>\n<link rel=\"canonical\" href=\"https:\/\/www.allinclusivehotels.it\/de\/feriendoerfer\/lido-del-mare\" \/>\n<meta property=\"og:locale\" content=\"de_DE\" \/>\n<meta property=\"og:type\" content=\"article\" \/>\n<meta property=\"og:title\" content=\"All Inclusive-Angebote Lido del Mare in Rodi Garganico\" \/>\n<meta property=\"og:description\" content=\"Lust auf Urlaub? Mehr \u00fcber die All Inclusive-Angebote und -Arrangements des Feriendorfs Lido del Mare in Rodi Garganico!\" \/>\n<meta property=\"og:url\" content=\"https:\/\/www.allinclusivehotels.it\/de\/feriendoerfer\/lido-del-mare\" \/>\n<meta property=\"og:site_name\" content=\"All Inclusive Hotels\" \/>\n<meta property=\"article:modified_time\" content=\"2026-01-20T15:01:49+00:00\" \/>\n<meta name=\"twitter:card\" content=\"summary_large_image\" \/>\n<meta name=\"twitter:label1\" content=\"Gesch\u00e4tzte Lesezeit\" \/>\n\t<meta name=\"twitter:data1\" content=\"1\u00a0Minute\" \/>\n<script type=\"application\/ld+json\" class=\"yoast-schema-graph\">{\"@context\":\"https:\/\/schema.org\",\"@graph\":[{\"@type\":\"WebPage\",\"@id\":\"https:\/\/www.allinclusivehotels.it\/de\/feriendoerfer\/lido-del-mare\",\"url\":\"https:\/\/www.allinclusivehotels.it\/de\/feriendoerfer\/lido-del-mare\",\"name\":\"All Inclusive-Angebote Lido del Mare in Rodi Garganico\",\"isPartOf\":{\"@id\":\"https:\/\/www.allinclusivehotels.it\/de#website\"},\"datePublished\":\"2024-04-30T09:15:06+00:00\",\"dateModified\":\"2026-01-20T15:01:49+00:00\",\"description\":\"Lust auf Urlaub? Mehr \u00fcber die All Inclusive-Angebote und -Arrangements des Feriendorfs Lido del Mare in Rodi Garganico!\",\"breadcrumb\":{\"@id\":\"https:\/\/www.allinclusivehotels.it\/de\/feriendoerfer\/lido-del-mare#breadcrumb\"},\"inLanguage\":\"de\",\"potentialAction\":[{\"@type\":\"ReadAction\",\"target\":[\"https:\/\/www.allinclusivehotels.it\/de\/feriendoerfer\/lido-del-mare\"]}]},{\"@type\":\"BreadcrumbList\",\"@id\":\"https:\/\/www.allinclusivehotels.it\/de\/feriendoerfer\/lido-del-mare#breadcrumb\",\"itemListElement\":[{\"@type\":\"ListItem\",\"position\":1,\"name\":\"Home\",\"item\":\"https:\/\/www.allinclusivehotels.it\/de\"},{\"@type\":\"ListItem\",\"position\":2,\"name\":\"Feriend\u00f6rfer\",\"item\":\"https:\/\/www.allinclusivehotels.it\/de\/feriendoerfer\"},{\"@type\":\"ListItem\",\"position\":3,\"name\":\"Lido del Mare\"}]},{\"@type\":\"WebSite\",\"@id\":\"https:\/\/www.allinclusivehotels.it\/de#website\",\"url\":\"https:\/\/www.allinclusivehotels.it\/de\",\"name\":\"All Inclusive Hotels\",\"description\":\"\",\"publisher\":{\"@id\":\"https:\/\/www.allinclusivehotels.it\/de#organization\"},\"potentialAction\":[{\"@type\":\"SearchAction\",\"target\":{\"@type\":\"EntryPoint\",\"urlTemplate\":\"https:\/\/www.allinclusivehotels.it\/de?s={search_term_string}\"},\"query-input\":{\"@type\":\"PropertyValueSpecification\",\"valueRequired\":true,\"valueName\":\"search_term_string\"}}],\"inLanguage\":\"de\"},{\"@type\":\"Organization\",\"@id\":\"https:\/\/www.allinclusivehotels.it\/de#organization\",\"name\":\"All Inclusive Hotels\",\"url\":\"https:\/\/www.allinclusivehotels.it\/de\",\"logo\":{\"@type\":\"ImageObject\",\"inLanguage\":\"de\",\"@id\":\"https:\/\/www.allinclusivehotels.it\/de#\/schema\/logo\/image\/\",\"url\":\"\",\"contentUrl\":\"\",\"caption\":\"All Inclusive Hotels\"},\"image\":{\"@id\":\"https:\/\/www.allinclusivehotels.it\/de#\/schema\/logo\/image\/\"}}]}<\/script>\n<!-- \/ Yoast SEO plugin. -->","yoast_head_json":{"title":"All Inclusive-Angebote Lido del Mare in Rodi Garganico","description":"Lust auf Urlaub? Mehr \u00fcber die All Inclusive-Angebote und -Arrangements des Feriendorfs Lido del Mare in Rodi Garganico!","robots":{"index":"index","follow":"follow","max-snippet":"max-snippet:-1","max-image-preview":"max-image-preview:large","max-video-preview":"max-video-preview:-1"},"canonical":"https:\/\/www.allinclusivehotels.it\/de\/feriendoerfer\/lido-del-mare","og_locale":"de_DE","og_type":"article","og_title":"All Inclusive-Angebote Lido del Mare in Rodi Garganico","og_description":"Lust auf Urlaub? Mehr \u00fcber die All Inclusive-Angebote und -Arrangements des Feriendorfs Lido del Mare in Rodi Garganico!","og_url":"https:\/\/www.allinclusivehotels.it\/de\/feriendoerfer\/lido-del-mare","og_site_name":"All Inclusive Hotels","article_modified_time":"2026-01-20T15:01:49+00:00","twitter_card":"summary_large_image","twitter_misc":{"Gesch\u00e4tzte Lesezeit":"1\u00a0Minute"},"schema":{"@context":"https:\/\/schema.org","@graph":[{"@type":"WebPage","@id":"https:\/\/www.allinclusivehotels.it\/de\/feriendoerfer\/lido-del-mare","url":"https:\/\/www.allinclusivehotels.it\/de\/feriendoerfer\/lido-del-mare","name":"All Inclusive-Angebote Lido del Mare in Rodi Garganico","isPartOf":{"@id":"https:\/\/www.allinclusivehotels.it\/de#website"},"datePublished":"2024-04-30T09:15:06+00:00","dateModified":"2026-01-20T15:01:49+00:00","description":"Lust auf Urlaub? Mehr \u00fcber die All Inclusive-Angebote und -Arrangements des Feriendorfs Lido del Mare in Rodi Garganico!","breadcrumb":{"@id":"https:\/\/www.allinclusivehotels.it\/de\/feriendoerfer\/lido-del-mare#breadcrumb"},"inLanguage":"de","potentialAction":[{"@type":"ReadAction","target":["https:\/\/www.allinclusivehotels.it\/de\/feriendoerfer\/lido-del-mare"]}]},{"@type":"BreadcrumbList","@id":"https:\/\/www.allinclusivehotels.it\/de\/feriendoerfer\/lido-del-mare#breadcrumb","itemListElement":[{"@type":"ListItem","position":1,"name":"Home","item":"https:\/\/www.allinclusivehotels.it\/de"},{"@type":"ListItem","position":2,"name":"Feriend\u00f6rfer","item":"https:\/\/www.allinclusivehotels.it\/de\/feriendoerfer"},{"@type":"ListItem","position":3,"name":"Lido del Mare"}]},{"@type":"WebSite","@id":"https:\/\/www.allinclusivehotels.it\/de#website","url":"https:\/\/www.allinclusivehotels.it\/de","name":"All Inclusive Hotels","description":"","publisher":{"@id":"https:\/\/www.allinclusivehotels.it\/de#organization"},"potentialAction":[{"@type":"SearchAction","target":{"@type":"EntryPoint","urlTemplate":"https:\/\/www.allinclusivehotels.it\/de?s={search_term_string}"},"query-input":{"@type":"PropertyValueSpecification","valueRequired":true,"valueName":"search_term_string"}}],"inLanguage":"de"},{"@type":"Organization","@id":"https:\/\/www.allinclusivehotels.it\/de#organization","name":"All Inclusive Hotels","url":"https:\/\/www.allinclusivehotels.it\/de","logo":{"@type":"ImageObject","inLanguage":"de","@id":"https:\/\/www.allinclusivehotels.it\/de#\/schema\/logo\/image\/","url":"","contentUrl":"","caption":"All Inclusive Hotels"},"image":{"@id":"https:\/\/www.allinclusivehotels.it\/de#\/schema\/logo\/image\/"}}]}},"_links":{"self":[{"href":"https:\/\/www.allinclusivehotels.it\/de\/wp-json\/wp\/v2\/pages\/37058","targetHints":{"allow":["GET"]}}],"collection":[{"href":"https:\/\/www.allinclusivehotels.it\/de\/wp-json\/wp\/v2\/pages"}],"about":[{"href":"https:\/\/www.allinclusivehotels.it\/de\/wp-json\/wp\/v2\/types\/page"}],"author":[{"embeddable":true,"href":"https:\/\/www.allinclusivehotels.it\/de\/wp-json\/wp\/v2\/users\/1"}],"replies":[{"embeddable":true,"href":"https:\/\/www.allinclusivehotels.it\/de\/wp-json\/wp\/v2\/comments?post=37058"}],"version-history":[{"count":3,"href":"https:\/\/www.allinclusivehotels.it\/de\/wp-json\/wp\/v2\/pages\/37058\/revisions"}],"predecessor-version":[{"id":50391,"href":"https:\/\/www.allinclusivehotels.it\/de\/wp-json\/wp\/v2\/pages\/37058\/revisions\/50391"}],"up":[{"embeddable":true,"href":"https:\/\/www.allinclusivehotels.it\/de\/wp-json\/wp\/v2\/pages\/16464"}],"wp:attachment":[{"href":"https:\/\/www.allinclusivehotels.it\/de\/wp-json\/wp\/v2\/media?parent=37058"}],"curies":[{"name":"wp","href":"https:\/\/api.w.org\/{rel}","templated":true}]}}