{"id":36486,"date":"2024-04-03T10:53:33","date_gmt":"2024-04-03T08:53:33","guid":{"rendered":"https:\/\/www.allinclusivehotels.it\/hotels\/color-alexandra-plaza-family-hotel"},"modified":"2026-02-17T16:02:54","modified_gmt":"2026-02-17T15:02:54","slug":"color-alexandra-plaza-family-hotel","status":"publish","type":"page","link":"https:\/\/www.allinclusivehotels.it\/de\/hotels\/color-alexandra-plaza-family-hotel","title":{"rendered":"Color Alexandra Plaza Family Hotel"},"content":{"rendered":"\n<p>Das <b>Color Alexandra Plaza Family Hotel in Riccione<\/b> ist ein <b>4-Sterne-Hotel direkt am Meer<\/b>, umgeben von einem privaten <b>Garten <\/b>mit <b>2 Swimmingpools<\/b> &#8211; einem f\u00fcr Erwachsene und einem f\u00fcr Kinder &#8211; und <b>direktem Zugang zum Strand<\/b>. In der Anlage finden Sie 1 Sonnenschirm und 2 Sonnenliegen, Unterhaltung und moderne Familieneinrichtungen.<\/p>\n\n\n\n<!--more-->\n\n\n\n<p>Das besondere <b>Premium-All-Inclusive<\/b>-Konzept, das bei italienischen Familien sehr beliebt ist, garantiert einen <b>24-Stunden-Inklusivservice<\/b>: <strong>Kostenlose Getr\u00e4nke<\/strong> den ganzen Tag \u00fcber, darunter Amaro di Romagna, Limoncello und Grappa di Romagna, sowie <strong>kostenlose cocktails<\/strong> von 20:00 bis 24:00 Uhr; das unvergessliche <strong>Color Food Experience<\/strong>; Mittagessen mit dem Animationsteam f\u00fcr Kinder; unbegrenzter Zugang zu den Spielbereichen <b>Mini Cocoland<\/b> und <b>Junior Cocoland<\/b> sowie zu allen Aktivit\u00e4ten, die von den <b>Animateuren 7 Tage die Woche<\/b> organisiert werden, sowohl f\u00fcr Kinder und Jugendliche von 4 bis 18 Jahren als auch f\u00fcr Mama und Papa.<\/p>\n\n\n\n<p>Morgens findet die <b>Unterhaltung<\/b> am Strand statt, nachmittags auch am Pool; abends gibt es dann Baby Dance, Shows, Kabarett. Die All-Inclusive-Formel umfasst auch <b>exklusive Color-Events <\/b>wie die Schaumparty, die Farbexplosion und die k\u00f6stliche Candy Night.<\/p>\n\n\n\n<p>Das Color Alexandra Plaza stellt seinen G\u00e4sten <strong>Baby-Ausstattung<\/strong> im Zimmer und im Speisesaal zur Verf\u00fcgung, <strong>darunter Kinderwagen, Flaschenw\u00e4rmer sowie eine rund um die Uhr ge\u00f6ffnete Babyk\u00fcche<\/strong>, in der Gem\u00fcsebr\u00fchen bereitstehen und Sie Mahlzeiten f\u00fcr Ihre Kinder zubereiten k\u00f6nnen. Die Nutzung der <strong>Fahrr\u00e4der<\/strong> f\u00fcr Erwachsene ist kostenlos.<\/p>\n","protected":false},"excerpt":{"rendered":"<p>Das Color Alexandra Plaza Family Hotel in Riccione ist ein 4-Sterne-Hotel direkt am Meer, umgeben &hellip;<\/p>\n","protected":false},"author":1,"featured_media":0,"parent":16476,"menu_order":0,"comment_status":"closed","ping_status":"closed","template":"page-templates\/scheda_hotel.php","meta":{"_acf_changed":false,"footnotes":""},"class_list":["post-36486","page","type-page","status-publish","hentry"],"acf":[],"yoast_head":"<!-- This site is optimized with the Yoast SEO plugin v27.0 - https:\/\/yoast.com\/product\/yoast-seo-wordpress\/ -->\n<title>All-Inclusive-Angebote Color Alexandra Plaza Family Hotel in Riccione<\/title>\n<meta name=\"description\" content=\"Lust auf Urlaub? Mehr \u00fcber die Pauschal-Angebote und Pauschalarrangements des Color Alexandra Plaza Family Hotel in Riccione!\" \/>\n<meta name=\"robots\" content=\"index, follow, max-snippet:-1, max-image-preview:large, max-video-preview:-1\" \/>\n<link rel=\"canonical\" href=\"https:\/\/www.allinclusivehotels.it\/de\/hotels\/color-alexandra-plaza-family-hotel\" \/>\n<meta property=\"og:locale\" content=\"de_DE\" \/>\n<meta property=\"og:type\" content=\"article\" \/>\n<meta property=\"og:title\" content=\"All-Inclusive-Angebote Color Alexandra Plaza Family Hotel in Riccione\" \/>\n<meta property=\"og:description\" content=\"Lust auf Urlaub? Mehr \u00fcber die Pauschal-Angebote und Pauschalarrangements des Color Alexandra Plaza Family Hotel in Riccione!\" \/>\n<meta property=\"og:url\" content=\"https:\/\/www.allinclusivehotels.it\/de\/hotels\/color-alexandra-plaza-family-hotel\" \/>\n<meta property=\"og:site_name\" content=\"All Inclusive Hotels\" \/>\n<meta property=\"article:modified_time\" content=\"2026-02-17T15:02:54+00:00\" \/>\n<meta name=\"twitter:card\" content=\"summary_large_image\" \/>\n<meta name=\"twitter:label1\" content=\"Gesch\u00e4tzte Lesezeit\" \/>\n\t<meta name=\"twitter:data1\" content=\"2\u00a0Minuten\" \/>\n<script type=\"application\/ld+json\" class=\"yoast-schema-graph\">{\"@context\":\"https:\/\/schema.org\",\"@graph\":[{\"@type\":\"WebPage\",\"@id\":\"https:\/\/www.allinclusivehotels.it\/de\/hotels\/color-alexandra-plaza-family-hotel\",\"url\":\"https:\/\/www.allinclusivehotels.it\/de\/hotels\/color-alexandra-plaza-family-hotel\",\"name\":\"All-Inclusive-Angebote Color Alexandra Plaza Family Hotel in Riccione\",\"isPartOf\":{\"@id\":\"https:\/\/www.allinclusivehotels.it\/de#website\"},\"datePublished\":\"2024-04-03T08:53:33+00:00\",\"dateModified\":\"2026-02-17T15:02:54+00:00\",\"description\":\"Lust auf Urlaub? Mehr \u00fcber die Pauschal-Angebote und Pauschalarrangements des Color Alexandra Plaza Family Hotel in Riccione!\",\"breadcrumb\":{\"@id\":\"https:\/\/www.allinclusivehotels.it\/de\/hotels\/color-alexandra-plaza-family-hotel#breadcrumb\"},\"inLanguage\":\"de\",\"potentialAction\":[{\"@type\":\"ReadAction\",\"target\":[\"https:\/\/www.allinclusivehotels.it\/de\/hotels\/color-alexandra-plaza-family-hotel\"]}]},{\"@type\":\"BreadcrumbList\",\"@id\":\"https:\/\/www.allinclusivehotels.it\/de\/hotels\/color-alexandra-plaza-family-hotel#breadcrumb\",\"itemListElement\":[{\"@type\":\"ListItem\",\"position\":1,\"name\":\"Home\",\"item\":\"https:\/\/www.allinclusivehotels.it\/de\"},{\"@type\":\"ListItem\",\"position\":2,\"name\":\"Hotels\",\"item\":\"https:\/\/www.allinclusivehotels.it\/de\/hotels\"},{\"@type\":\"ListItem\",\"position\":3,\"name\":\"Color Alexandra Plaza Family Hotel\"}]},{\"@type\":\"WebSite\",\"@id\":\"https:\/\/www.allinclusivehotels.it\/de#website\",\"url\":\"https:\/\/www.allinclusivehotels.it\/de\",\"name\":\"All Inclusive Hotels\",\"description\":\"\",\"publisher\":{\"@id\":\"https:\/\/www.allinclusivehotels.it\/de#organization\"},\"potentialAction\":[{\"@type\":\"SearchAction\",\"target\":{\"@type\":\"EntryPoint\",\"urlTemplate\":\"https:\/\/www.allinclusivehotels.it\/de?s={search_term_string}\"},\"query-input\":{\"@type\":\"PropertyValueSpecification\",\"valueRequired\":true,\"valueName\":\"search_term_string\"}}],\"inLanguage\":\"de\"},{\"@type\":\"Organization\",\"@id\":\"https:\/\/www.allinclusivehotels.it\/de#organization\",\"name\":\"All Inclusive Hotels\",\"url\":\"https:\/\/www.allinclusivehotels.it\/de\",\"logo\":{\"@type\":\"ImageObject\",\"inLanguage\":\"de\",\"@id\":\"https:\/\/www.allinclusivehotels.it\/de#\/schema\/logo\/image\/\",\"url\":\"\",\"contentUrl\":\"\",\"caption\":\"All Inclusive Hotels\"},\"image\":{\"@id\":\"https:\/\/www.allinclusivehotels.it\/de#\/schema\/logo\/image\/\"}}]}<\/script>\n<!-- \/ Yoast SEO plugin. -->","yoast_head_json":{"title":"All-Inclusive-Angebote Color Alexandra Plaza Family Hotel in Riccione","description":"Lust auf Urlaub? Mehr \u00fcber die Pauschal-Angebote und Pauschalarrangements des Color Alexandra Plaza Family Hotel in Riccione!","robots":{"index":"index","follow":"follow","max-snippet":"max-snippet:-1","max-image-preview":"max-image-preview:large","max-video-preview":"max-video-preview:-1"},"canonical":"https:\/\/www.allinclusivehotels.it\/de\/hotels\/color-alexandra-plaza-family-hotel","og_locale":"de_DE","og_type":"article","og_title":"All-Inclusive-Angebote Color Alexandra Plaza Family Hotel in Riccione","og_description":"Lust auf Urlaub? Mehr \u00fcber die Pauschal-Angebote und Pauschalarrangements des Color Alexandra Plaza Family Hotel in Riccione!","og_url":"https:\/\/www.allinclusivehotels.it\/de\/hotels\/color-alexandra-plaza-family-hotel","og_site_name":"All Inclusive Hotels","article_modified_time":"2026-02-17T15:02:54+00:00","twitter_card":"summary_large_image","twitter_misc":{"Gesch\u00e4tzte Lesezeit":"2\u00a0Minuten"},"schema":{"@context":"https:\/\/schema.org","@graph":[{"@type":"WebPage","@id":"https:\/\/www.allinclusivehotels.it\/de\/hotels\/color-alexandra-plaza-family-hotel","url":"https:\/\/www.allinclusivehotels.it\/de\/hotels\/color-alexandra-plaza-family-hotel","name":"All-Inclusive-Angebote Color Alexandra Plaza Family Hotel in Riccione","isPartOf":{"@id":"https:\/\/www.allinclusivehotels.it\/de#website"},"datePublished":"2024-04-03T08:53:33+00:00","dateModified":"2026-02-17T15:02:54+00:00","description":"Lust auf Urlaub? Mehr \u00fcber die Pauschal-Angebote und Pauschalarrangements des Color Alexandra Plaza Family Hotel in Riccione!","breadcrumb":{"@id":"https:\/\/www.allinclusivehotels.it\/de\/hotels\/color-alexandra-plaza-family-hotel#breadcrumb"},"inLanguage":"de","potentialAction":[{"@type":"ReadAction","target":["https:\/\/www.allinclusivehotels.it\/de\/hotels\/color-alexandra-plaza-family-hotel"]}]},{"@type":"BreadcrumbList","@id":"https:\/\/www.allinclusivehotels.it\/de\/hotels\/color-alexandra-plaza-family-hotel#breadcrumb","itemListElement":[{"@type":"ListItem","position":1,"name":"Home","item":"https:\/\/www.allinclusivehotels.it\/de"},{"@type":"ListItem","position":2,"name":"Hotels","item":"https:\/\/www.allinclusivehotels.it\/de\/hotels"},{"@type":"ListItem","position":3,"name":"Color Alexandra Plaza Family Hotel"}]},{"@type":"WebSite","@id":"https:\/\/www.allinclusivehotels.it\/de#website","url":"https:\/\/www.allinclusivehotels.it\/de","name":"All Inclusive Hotels","description":"","publisher":{"@id":"https:\/\/www.allinclusivehotels.it\/de#organization"},"potentialAction":[{"@type":"SearchAction","target":{"@type":"EntryPoint","urlTemplate":"https:\/\/www.allinclusivehotels.it\/de?s={search_term_string}"},"query-input":{"@type":"PropertyValueSpecification","valueRequired":true,"valueName":"search_term_string"}}],"inLanguage":"de"},{"@type":"Organization","@id":"https:\/\/www.allinclusivehotels.it\/de#organization","name":"All Inclusive Hotels","url":"https:\/\/www.allinclusivehotels.it\/de","logo":{"@type":"ImageObject","inLanguage":"de","@id":"https:\/\/www.allinclusivehotels.it\/de#\/schema\/logo\/image\/","url":"","contentUrl":"","caption":"All Inclusive Hotels"},"image":{"@id":"https:\/\/www.allinclusivehotels.it\/de#\/schema\/logo\/image\/"}}]}},"_links":{"self":[{"href":"https:\/\/www.allinclusivehotels.it\/de\/wp-json\/wp\/v2\/pages\/36486","targetHints":{"allow":["GET"]}}],"collection":[{"href":"https:\/\/www.allinclusivehotels.it\/de\/wp-json\/wp\/v2\/pages"}],"about":[{"href":"https:\/\/www.allinclusivehotels.it\/de\/wp-json\/wp\/v2\/types\/page"}],"author":[{"embeddable":true,"href":"https:\/\/www.allinclusivehotels.it\/de\/wp-json\/wp\/v2\/users\/1"}],"replies":[{"embeddable":true,"href":"https:\/\/www.allinclusivehotels.it\/de\/wp-json\/wp\/v2\/comments?post=36486"}],"version-history":[{"count":5,"href":"https:\/\/www.allinclusivehotels.it\/de\/wp-json\/wp\/v2\/pages\/36486\/revisions"}],"predecessor-version":[{"id":50823,"href":"https:\/\/www.allinclusivehotels.it\/de\/wp-json\/wp\/v2\/pages\/36486\/revisions\/50823"}],"up":[{"embeddable":true,"href":"https:\/\/www.allinclusivehotels.it\/de\/wp-json\/wp\/v2\/pages\/16476"}],"wp:attachment":[{"href":"https:\/\/www.allinclusivehotels.it\/de\/wp-json\/wp\/v2\/media?parent=36486"}],"curies":[{"name":"wp","href":"https:\/\/api.w.org\/{rel}","templated":true}]}}