{"id":35851,"date":"2024-03-13T18:40:44","date_gmt":"2024-03-13T17:40:44","guid":{"rendered":"https:\/\/www.allinclusivehotels.it\/feriendoerfer\/frontemare-hotel-village"},"modified":"2024-04-23T09:48:10","modified_gmt":"2024-04-23T07:48:10","slug":"frontemare-hotel-village","status":"publish","type":"page","link":"https:\/\/www.allinclusivehotels.it\/de\/feriendoerfer\/frontemare-hotel-village","title":{"rendered":"Frontemare Hotel Village"},"content":{"rendered":"\n<p>Das <b>Frontemare Hotel Village<\/b> ist ein 3-Sterne-Feriendorf <b>im Gr\u00fcnen<\/b> und mit Meerblick in <b>Rodi Garganico<\/b>, ganz in der N\u00e4he des Meeres (4 Minuten) und des Stadtzentrums (5 Minuten). Die leicht erh\u00f6hte Lage bietet einen wirklich einzigartigen und un\u00fcbersehbaren Blick auf das Meer von Rodi Garganico, besonders <b>bei Sonnenaufgang und Sonnenuntergang mit atemberaubenden Farben<\/b>.<\/p>\n\n\n\n<!--more-->\n\n\n\n<p>Zum Strand und zum Meer an der <b>Badeanstalt Lido Ponente<\/b> gelangen Sie mit dem Shuttlebus (2 Minuten) oder direkt zu Fu\u00df (4 Minuten) \u00fcber einen sehr attraktiven und f\u00fcr jedermann geeigneten Weg durch die <b>Gr\u00fcnfl\u00e4chen<\/b>.<\/p>\n\n\n\n<p>F\u00fcr Familien mit Kindern gibt es einen <b>gro\u00dfen Garten mit Spielger\u00e4ten<\/b> und <b>Animation sowohl im Hotel als auch am Strand<\/b>.<\/p>\n\n\n\n<p>Die <b>Zimmer <\/b>sind <b>ger\u00e4umig<\/b> und mit allem Komfort ausgestattet, umgeben von Gr\u00fcn. Sie k\u00f6nnen zwischen Meerblick und Blick auf den Garten w\u00e4hlen. Verpassen Sie nicht das <b>Spa <\/b>und entspannen Sie sich im <b>Whirlpool<\/b> mit Blick auf das Meer.<\/p>\n\n\n\n<p>Das <b>ALL-INCLUSIVE-Angebot<\/b> umfasst <b>Strandservice<\/b>, Fr\u00fchst\u00fcck, Voll- oder Halbpension mit <b>Wasser und Wein zu den Mahlzeiten<\/b> sowie <b>Parkm\u00f6glichkeit<\/b> im Hotel.<\/p>\n","protected":false},"excerpt":{"rendered":"<p>Das Frontemare Hotel Village ist ein 3-Sterne-Feriendorf im Gr\u00fcnen und mit Meerblick in Rodi Garganico, &hellip;<\/p>\n","protected":false},"author":1,"featured_media":0,"parent":16464,"menu_order":0,"comment_status":"closed","ping_status":"closed","template":"page-templates\/scheda_hotel.php","meta":{"_acf_changed":false,"footnotes":""},"class_list":["post-35851","page","type-page","status-publish","hentry"],"acf":[],"yoast_head":"<!-- This site is optimized with the Yoast SEO plugin v27.0 - https:\/\/yoast.com\/product\/yoast-seo-wordpress\/ -->\n<title>Frontemare Hotel Village - All Inclusive in Rodi Garganico<\/title>\n<meta name=\"description\" content=\"Mehr \u00fcber die All-Inclusive-Pakete im Frontemare Hotel Village. Strandservice, Parkplatz sowie Wasser und Wein zu den Mahlzeiten inbegriffen.\" \/>\n<meta name=\"robots\" content=\"index, follow, max-snippet:-1, max-image-preview:large, max-video-preview:-1\" \/>\n<link rel=\"canonical\" href=\"https:\/\/www.allinclusivehotels.it\/de\/feriendoerfer\/frontemare-hotel-village\" \/>\n<meta property=\"og:locale\" content=\"de_DE\" \/>\n<meta property=\"og:type\" content=\"article\" \/>\n<meta property=\"og:title\" content=\"Frontemare Hotel Village - All Inclusive in Rodi Garganico\" \/>\n<meta property=\"og:description\" content=\"Mehr \u00fcber die All-Inclusive-Pakete im Frontemare Hotel Village. Strandservice, Parkplatz sowie Wasser und Wein zu den Mahlzeiten inbegriffen.\" \/>\n<meta property=\"og:url\" content=\"https:\/\/www.allinclusivehotels.it\/de\/feriendoerfer\/frontemare-hotel-village\" \/>\n<meta property=\"og:site_name\" content=\"All Inclusive Hotels\" \/>\n<meta property=\"article:modified_time\" content=\"2024-04-23T07:48:10+00:00\" \/>\n<meta name=\"twitter:card\" content=\"summary_large_image\" \/>\n<meta name=\"twitter:label1\" content=\"Gesch\u00e4tzte Lesezeit\" \/>\n\t<meta name=\"twitter:data1\" content=\"1\u00a0Minute\" \/>\n<script type=\"application\/ld+json\" class=\"yoast-schema-graph\">{\"@context\":\"https:\/\/schema.org\",\"@graph\":[{\"@type\":\"WebPage\",\"@id\":\"https:\/\/www.allinclusivehotels.it\/de\/feriendoerfer\/frontemare-hotel-village\",\"url\":\"https:\/\/www.allinclusivehotels.it\/de\/feriendoerfer\/frontemare-hotel-village\",\"name\":\"Frontemare Hotel Village - All Inclusive in Rodi Garganico\",\"isPartOf\":{\"@id\":\"https:\/\/www.allinclusivehotels.it\/de#website\"},\"datePublished\":\"2024-03-13T17:40:44+00:00\",\"dateModified\":\"2024-04-23T07:48:10+00:00\",\"description\":\"Mehr \u00fcber die All-Inclusive-Pakete im Frontemare Hotel Village. Strandservice, Parkplatz sowie Wasser und Wein zu den Mahlzeiten inbegriffen.\",\"breadcrumb\":{\"@id\":\"https:\/\/www.allinclusivehotels.it\/de\/feriendoerfer\/frontemare-hotel-village#breadcrumb\"},\"inLanguage\":\"de\",\"potentialAction\":[{\"@type\":\"ReadAction\",\"target\":[\"https:\/\/www.allinclusivehotels.it\/de\/feriendoerfer\/frontemare-hotel-village\"]}]},{\"@type\":\"BreadcrumbList\",\"@id\":\"https:\/\/www.allinclusivehotels.it\/de\/feriendoerfer\/frontemare-hotel-village#breadcrumb\",\"itemListElement\":[{\"@type\":\"ListItem\",\"position\":1,\"name\":\"Home\",\"item\":\"https:\/\/www.allinclusivehotels.it\/de\"},{\"@type\":\"ListItem\",\"position\":2,\"name\":\"Feriend\u00f6rfer\",\"item\":\"https:\/\/www.allinclusivehotels.it\/de\/feriendoerfer\"},{\"@type\":\"ListItem\",\"position\":3,\"name\":\"Frontemare Hotel Village\"}]},{\"@type\":\"WebSite\",\"@id\":\"https:\/\/www.allinclusivehotels.it\/de#website\",\"url\":\"https:\/\/www.allinclusivehotels.it\/de\",\"name\":\"All Inclusive Hotels\",\"description\":\"\",\"publisher\":{\"@id\":\"https:\/\/www.allinclusivehotels.it\/de#organization\"},\"potentialAction\":[{\"@type\":\"SearchAction\",\"target\":{\"@type\":\"EntryPoint\",\"urlTemplate\":\"https:\/\/www.allinclusivehotels.it\/de?s={search_term_string}\"},\"query-input\":{\"@type\":\"PropertyValueSpecification\",\"valueRequired\":true,\"valueName\":\"search_term_string\"}}],\"inLanguage\":\"de\"},{\"@type\":\"Organization\",\"@id\":\"https:\/\/www.allinclusivehotels.it\/de#organization\",\"name\":\"All Inclusive Hotels\",\"url\":\"https:\/\/www.allinclusivehotels.it\/de\",\"logo\":{\"@type\":\"ImageObject\",\"inLanguage\":\"de\",\"@id\":\"https:\/\/www.allinclusivehotels.it\/de#\/schema\/logo\/image\/\",\"url\":\"\",\"contentUrl\":\"\",\"caption\":\"All Inclusive Hotels\"},\"image\":{\"@id\":\"https:\/\/www.allinclusivehotels.it\/de#\/schema\/logo\/image\/\"}}]}<\/script>\n<!-- \/ Yoast SEO plugin. -->","yoast_head_json":{"title":"Frontemare Hotel Village - All Inclusive in Rodi Garganico","description":"Mehr \u00fcber die All-Inclusive-Pakete im Frontemare Hotel Village. Strandservice, Parkplatz sowie Wasser und Wein zu den Mahlzeiten inbegriffen.","robots":{"index":"index","follow":"follow","max-snippet":"max-snippet:-1","max-image-preview":"max-image-preview:large","max-video-preview":"max-video-preview:-1"},"canonical":"https:\/\/www.allinclusivehotels.it\/de\/feriendoerfer\/frontemare-hotel-village","og_locale":"de_DE","og_type":"article","og_title":"Frontemare Hotel Village - All Inclusive in Rodi Garganico","og_description":"Mehr \u00fcber die All-Inclusive-Pakete im Frontemare Hotel Village. Strandservice, Parkplatz sowie Wasser und Wein zu den Mahlzeiten inbegriffen.","og_url":"https:\/\/www.allinclusivehotels.it\/de\/feriendoerfer\/frontemare-hotel-village","og_site_name":"All Inclusive Hotels","article_modified_time":"2024-04-23T07:48:10+00:00","twitter_card":"summary_large_image","twitter_misc":{"Gesch\u00e4tzte Lesezeit":"1\u00a0Minute"},"schema":{"@context":"https:\/\/schema.org","@graph":[{"@type":"WebPage","@id":"https:\/\/www.allinclusivehotels.it\/de\/feriendoerfer\/frontemare-hotel-village","url":"https:\/\/www.allinclusivehotels.it\/de\/feriendoerfer\/frontemare-hotel-village","name":"Frontemare Hotel Village - All Inclusive in Rodi Garganico","isPartOf":{"@id":"https:\/\/www.allinclusivehotels.it\/de#website"},"datePublished":"2024-03-13T17:40:44+00:00","dateModified":"2024-04-23T07:48:10+00:00","description":"Mehr \u00fcber die All-Inclusive-Pakete im Frontemare Hotel Village. Strandservice, Parkplatz sowie Wasser und Wein zu den Mahlzeiten inbegriffen.","breadcrumb":{"@id":"https:\/\/www.allinclusivehotels.it\/de\/feriendoerfer\/frontemare-hotel-village#breadcrumb"},"inLanguage":"de","potentialAction":[{"@type":"ReadAction","target":["https:\/\/www.allinclusivehotels.it\/de\/feriendoerfer\/frontemare-hotel-village"]}]},{"@type":"BreadcrumbList","@id":"https:\/\/www.allinclusivehotels.it\/de\/feriendoerfer\/frontemare-hotel-village#breadcrumb","itemListElement":[{"@type":"ListItem","position":1,"name":"Home","item":"https:\/\/www.allinclusivehotels.it\/de"},{"@type":"ListItem","position":2,"name":"Feriend\u00f6rfer","item":"https:\/\/www.allinclusivehotels.it\/de\/feriendoerfer"},{"@type":"ListItem","position":3,"name":"Frontemare Hotel Village"}]},{"@type":"WebSite","@id":"https:\/\/www.allinclusivehotels.it\/de#website","url":"https:\/\/www.allinclusivehotels.it\/de","name":"All Inclusive Hotels","description":"","publisher":{"@id":"https:\/\/www.allinclusivehotels.it\/de#organization"},"potentialAction":[{"@type":"SearchAction","target":{"@type":"EntryPoint","urlTemplate":"https:\/\/www.allinclusivehotels.it\/de?s={search_term_string}"},"query-input":{"@type":"PropertyValueSpecification","valueRequired":true,"valueName":"search_term_string"}}],"inLanguage":"de"},{"@type":"Organization","@id":"https:\/\/www.allinclusivehotels.it\/de#organization","name":"All Inclusive Hotels","url":"https:\/\/www.allinclusivehotels.it\/de","logo":{"@type":"ImageObject","inLanguage":"de","@id":"https:\/\/www.allinclusivehotels.it\/de#\/schema\/logo\/image\/","url":"","contentUrl":"","caption":"All Inclusive Hotels"},"image":{"@id":"https:\/\/www.allinclusivehotels.it\/de#\/schema\/logo\/image\/"}}]}},"_links":{"self":[{"href":"https:\/\/www.allinclusivehotels.it\/de\/wp-json\/wp\/v2\/pages\/35851","targetHints":{"allow":["GET"]}}],"collection":[{"href":"https:\/\/www.allinclusivehotels.it\/de\/wp-json\/wp\/v2\/pages"}],"about":[{"href":"https:\/\/www.allinclusivehotels.it\/de\/wp-json\/wp\/v2\/types\/page"}],"author":[{"embeddable":true,"href":"https:\/\/www.allinclusivehotels.it\/de\/wp-json\/wp\/v2\/users\/1"}],"replies":[{"embeddable":true,"href":"https:\/\/www.allinclusivehotels.it\/de\/wp-json\/wp\/v2\/comments?post=35851"}],"version-history":[{"count":2,"href":"https:\/\/www.allinclusivehotels.it\/de\/wp-json\/wp\/v2\/pages\/35851\/revisions"}],"predecessor-version":[{"id":37009,"href":"https:\/\/www.allinclusivehotels.it\/de\/wp-json\/wp\/v2\/pages\/35851\/revisions\/37009"}],"up":[{"embeddable":true,"href":"https:\/\/www.allinclusivehotels.it\/de\/wp-json\/wp\/v2\/pages\/16464"}],"wp:attachment":[{"href":"https:\/\/www.allinclusivehotels.it\/de\/wp-json\/wp\/v2\/media?parent=35851"}],"curies":[{"name":"wp","href":"https:\/\/api.w.org\/{rel}","templated":true}]}}