{"id":35213,"date":"2024-02-20T10:47:24","date_gmt":"2024-02-20T09:47:24","guid":{"rendered":"https:\/\/www.allinclusivehotels.it\/hotels\/hotel-aqua"},"modified":"2024-08-26T10:16:09","modified_gmt":"2024-08-26T08:16:09","slug":"hotel-aqua-2","status":"publish","type":"page","link":"https:\/\/www.allinclusivehotels.it\/de\/hotels\/hotel-aqua-2","title":{"rendered":"Hotel Aqua"},"content":{"rendered":"\n<p>Das <b>Hotel Aqua<\/b> ist ein 4-Sterne-Hotel mit 96 Zimmern in <b>Rimini Marina Centro<\/b>, in einem renommierten und sehr zentralen Stadtteil. Nahe am auch zu Fu\u00df zu erreichenden Bahnhof (500 m) und am Strand (200 m).<\/p>\n\n\n\n<!--more-->\n\n\n\n<p>Es ist eine Anlage von <b>modernem und ger\u00e4umigem Design<\/b> mit R\u00e4umen und Zimmern, die Komfort, Entspannung und Stil miteinander vereinen. <b>Alles ist gro\u00dfz\u00fcgig<\/b> im Hotel Aqua. Beginnend mit dem <b>Schwimmbad<\/b> mit seinem <b>Wasserfall<\/b> und den riesigen aufblasbaren Spielen, in dem Sie sich zu zweit oder mit Ihren Kindern vergn\u00fcgen k\u00f6nnen. Stets in v\u00f6lliger Sicherheit, da <b>von einem Bademeister \u00fcberwacht<\/b>. Sie k\u00f6nnen sich in den <b>2 Unterwassermassagen-Becken<\/b> oder unter den Sonnenschirmen am Beckenrand ein wenig Entspannung g\u00f6nnen. Es f\u00e4hrt fort mit den <b>Zimmern<\/b>, die zu den <b>ger\u00e4umigsten z\u00e4hlen,<\/b> die man in Rimini finden kann, alle mit <b>gro\u00dfz\u00fcgigem Balkon<\/b> mit <b>Aussicht<\/b> versehen. Und um mit dem <b>Extralarge-Fr\u00fchst\u00fcck<\/b>, mit der <b>K\u00fcche <\/b>und deren Gerichten, das Aush\u00e4ngeschild des Hotels, abzuschlie\u00dfen.<\/p>\n\n\n\n<p>Kommen Sie im eigenen Fahrzeug, brauchen Sie sich nicht um den Parkplatz zu sorgen: Sie k\u00f6nnen zwischen dem <b>internen Parkplatz<\/b> und einer <b>\u00fcberdachten Garage<\/b> w\u00e4hlen, beide k\u00f6nnen Sie, ohne den Schl\u00fcssel in der Rezeption abgeben zu m\u00fcssen, stets frei verlassen.<\/p>\n\n\n\n<p>Mit der Formel <b>ALL INCLUSIVE<\/b> k\u00f6nnen Sie zwischen der Halbpension mit <b>4-G\u00e4nge-Abendessen \u00e0 la carte<\/b>, <b>Getr\u00e4nke zu den Mahlzeiten<\/b>, <b>Strandservice<\/b> mit <b>Sonnenschirm und 2 Liegen<\/b> und der Vollpension w\u00e4hlen, die auch das Mittagessen einschlie\u00dft.<\/p>\n","protected":false},"excerpt":{"rendered":"<p>Das Hotel Aqua ist ein 4-Sterne-Hotel mit 96 Zimmern in Rimini Marina Centro, in einem &hellip;<\/p>\n","protected":false},"author":1,"featured_media":0,"parent":16476,"menu_order":0,"comment_status":"closed","ping_status":"closed","template":"page-templates\/scheda_hotel.php","meta":{"_acf_changed":false,"footnotes":""},"class_list":["post-35213","page","type-page","status-publish","hentry"],"acf":[],"yoast_head":"<!-- This site is optimized with the Yoast SEO plugin v27.0 - https:\/\/yoast.com\/product\/yoast-seo-wordpress\/ -->\n<title>Hotel Aqua Rimini - All Inclusive-Urlaub<\/title>\n<meta name=\"description\" content=\"All-Inclusive-Angebote des Hotels Aqua in Rimini, mit Strand, Schwimmbad, Whirlpool, 4-Gang-Abendessen und Getr\u00e4nke zu den Mahlzeiten.\" \/>\n<meta name=\"robots\" content=\"index, follow, max-snippet:-1, max-image-preview:large, max-video-preview:-1\" \/>\n<link rel=\"canonical\" href=\"https:\/\/www.allinclusivehotels.it\/de\/hotels\/hotel-aqua-2\" \/>\n<meta property=\"og:locale\" content=\"de_DE\" \/>\n<meta property=\"og:type\" content=\"article\" \/>\n<meta property=\"og:title\" content=\"Hotel Aqua Rimini - All Inclusive-Urlaub\" \/>\n<meta property=\"og:description\" content=\"All-Inclusive-Angebote des Hotels Aqua in Rimini, mit Strand, Schwimmbad, Whirlpool, 4-Gang-Abendessen und Getr\u00e4nke zu den Mahlzeiten.\" \/>\n<meta property=\"og:url\" content=\"https:\/\/www.allinclusivehotels.it\/de\/hotels\/hotel-aqua-2\" \/>\n<meta property=\"og:site_name\" content=\"All Inclusive Hotels\" \/>\n<meta property=\"article:modified_time\" content=\"2024-08-26T08:16:09+00:00\" \/>\n<meta name=\"twitter:card\" content=\"summary_large_image\" \/>\n<meta name=\"twitter:label1\" content=\"Gesch\u00e4tzte Lesezeit\" \/>\n\t<meta name=\"twitter:data1\" content=\"2\u00a0Minuten\" \/>\n<script type=\"application\/ld+json\" class=\"yoast-schema-graph\">{\"@context\":\"https:\/\/schema.org\",\"@graph\":[{\"@type\":\"WebPage\",\"@id\":\"https:\/\/www.allinclusivehotels.it\/de\/hotels\/hotel-aqua-2\",\"url\":\"https:\/\/www.allinclusivehotels.it\/de\/hotels\/hotel-aqua-2\",\"name\":\"Hotel Aqua Rimini - All Inclusive-Urlaub\",\"isPartOf\":{\"@id\":\"https:\/\/www.allinclusivehotels.it\/de#website\"},\"datePublished\":\"2024-02-20T09:47:24+00:00\",\"dateModified\":\"2024-08-26T08:16:09+00:00\",\"description\":\"All-Inclusive-Angebote des Hotels Aqua in Rimini, mit Strand, Schwimmbad, Whirlpool, 4-Gang-Abendessen und Getr\u00e4nke zu den Mahlzeiten.\",\"breadcrumb\":{\"@id\":\"https:\/\/www.allinclusivehotels.it\/de\/hotels\/hotel-aqua-2#breadcrumb\"},\"inLanguage\":\"de\",\"potentialAction\":[{\"@type\":\"ReadAction\",\"target\":[\"https:\/\/www.allinclusivehotels.it\/de\/hotels\/hotel-aqua-2\"]}]},{\"@type\":\"BreadcrumbList\",\"@id\":\"https:\/\/www.allinclusivehotels.it\/de\/hotels\/hotel-aqua-2#breadcrumb\",\"itemListElement\":[{\"@type\":\"ListItem\",\"position\":1,\"name\":\"Home\",\"item\":\"https:\/\/www.allinclusivehotels.it\/de\"},{\"@type\":\"ListItem\",\"position\":2,\"name\":\"Hotels\",\"item\":\"https:\/\/www.allinclusivehotels.it\/de\/hotels\"},{\"@type\":\"ListItem\",\"position\":3,\"name\":\"Hotel Aqua\"}]},{\"@type\":\"WebSite\",\"@id\":\"https:\/\/www.allinclusivehotels.it\/de#website\",\"url\":\"https:\/\/www.allinclusivehotels.it\/de\",\"name\":\"All Inclusive Hotels\",\"description\":\"\",\"publisher\":{\"@id\":\"https:\/\/www.allinclusivehotels.it\/de#organization\"},\"potentialAction\":[{\"@type\":\"SearchAction\",\"target\":{\"@type\":\"EntryPoint\",\"urlTemplate\":\"https:\/\/www.allinclusivehotels.it\/de?s={search_term_string}\"},\"query-input\":{\"@type\":\"PropertyValueSpecification\",\"valueRequired\":true,\"valueName\":\"search_term_string\"}}],\"inLanguage\":\"de\"},{\"@type\":\"Organization\",\"@id\":\"https:\/\/www.allinclusivehotels.it\/de#organization\",\"name\":\"All Inclusive Hotels\",\"url\":\"https:\/\/www.allinclusivehotels.it\/de\",\"logo\":{\"@type\":\"ImageObject\",\"inLanguage\":\"de\",\"@id\":\"https:\/\/www.allinclusivehotels.it\/de#\/schema\/logo\/image\/\",\"url\":\"\",\"contentUrl\":\"\",\"caption\":\"All Inclusive Hotels\"},\"image\":{\"@id\":\"https:\/\/www.allinclusivehotels.it\/de#\/schema\/logo\/image\/\"}}]}<\/script>\n<!-- \/ Yoast SEO plugin. -->","yoast_head_json":{"title":"Hotel Aqua Rimini - All Inclusive-Urlaub","description":"All-Inclusive-Angebote des Hotels Aqua in Rimini, mit Strand, Schwimmbad, Whirlpool, 4-Gang-Abendessen und Getr\u00e4nke zu den Mahlzeiten.","robots":{"index":"index","follow":"follow","max-snippet":"max-snippet:-1","max-image-preview":"max-image-preview:large","max-video-preview":"max-video-preview:-1"},"canonical":"https:\/\/www.allinclusivehotels.it\/de\/hotels\/hotel-aqua-2","og_locale":"de_DE","og_type":"article","og_title":"Hotel Aqua Rimini - All Inclusive-Urlaub","og_description":"All-Inclusive-Angebote des Hotels Aqua in Rimini, mit Strand, Schwimmbad, Whirlpool, 4-Gang-Abendessen und Getr\u00e4nke zu den Mahlzeiten.","og_url":"https:\/\/www.allinclusivehotels.it\/de\/hotels\/hotel-aqua-2","og_site_name":"All Inclusive Hotels","article_modified_time":"2024-08-26T08:16:09+00:00","twitter_card":"summary_large_image","twitter_misc":{"Gesch\u00e4tzte Lesezeit":"2\u00a0Minuten"},"schema":{"@context":"https:\/\/schema.org","@graph":[{"@type":"WebPage","@id":"https:\/\/www.allinclusivehotels.it\/de\/hotels\/hotel-aqua-2","url":"https:\/\/www.allinclusivehotels.it\/de\/hotels\/hotel-aqua-2","name":"Hotel Aqua Rimini - All Inclusive-Urlaub","isPartOf":{"@id":"https:\/\/www.allinclusivehotels.it\/de#website"},"datePublished":"2024-02-20T09:47:24+00:00","dateModified":"2024-08-26T08:16:09+00:00","description":"All-Inclusive-Angebote des Hotels Aqua in Rimini, mit Strand, Schwimmbad, Whirlpool, 4-Gang-Abendessen und Getr\u00e4nke zu den Mahlzeiten.","breadcrumb":{"@id":"https:\/\/www.allinclusivehotels.it\/de\/hotels\/hotel-aqua-2#breadcrumb"},"inLanguage":"de","potentialAction":[{"@type":"ReadAction","target":["https:\/\/www.allinclusivehotels.it\/de\/hotels\/hotel-aqua-2"]}]},{"@type":"BreadcrumbList","@id":"https:\/\/www.allinclusivehotels.it\/de\/hotels\/hotel-aqua-2#breadcrumb","itemListElement":[{"@type":"ListItem","position":1,"name":"Home","item":"https:\/\/www.allinclusivehotels.it\/de"},{"@type":"ListItem","position":2,"name":"Hotels","item":"https:\/\/www.allinclusivehotels.it\/de\/hotels"},{"@type":"ListItem","position":3,"name":"Hotel Aqua"}]},{"@type":"WebSite","@id":"https:\/\/www.allinclusivehotels.it\/de#website","url":"https:\/\/www.allinclusivehotels.it\/de","name":"All Inclusive Hotels","description":"","publisher":{"@id":"https:\/\/www.allinclusivehotels.it\/de#organization"},"potentialAction":[{"@type":"SearchAction","target":{"@type":"EntryPoint","urlTemplate":"https:\/\/www.allinclusivehotels.it\/de?s={search_term_string}"},"query-input":{"@type":"PropertyValueSpecification","valueRequired":true,"valueName":"search_term_string"}}],"inLanguage":"de"},{"@type":"Organization","@id":"https:\/\/www.allinclusivehotels.it\/de#organization","name":"All Inclusive Hotels","url":"https:\/\/www.allinclusivehotels.it\/de","logo":{"@type":"ImageObject","inLanguage":"de","@id":"https:\/\/www.allinclusivehotels.it\/de#\/schema\/logo\/image\/","url":"","contentUrl":"","caption":"All Inclusive Hotels"},"image":{"@id":"https:\/\/www.allinclusivehotels.it\/de#\/schema\/logo\/image\/"}}]}},"_links":{"self":[{"href":"https:\/\/www.allinclusivehotels.it\/de\/wp-json\/wp\/v2\/pages\/35213","targetHints":{"allow":["GET"]}}],"collection":[{"href":"https:\/\/www.allinclusivehotels.it\/de\/wp-json\/wp\/v2\/pages"}],"about":[{"href":"https:\/\/www.allinclusivehotels.it\/de\/wp-json\/wp\/v2\/types\/page"}],"author":[{"embeddable":true,"href":"https:\/\/www.allinclusivehotels.it\/de\/wp-json\/wp\/v2\/users\/1"}],"replies":[{"embeddable":true,"href":"https:\/\/www.allinclusivehotels.it\/de\/wp-json\/wp\/v2\/comments?post=35213"}],"version-history":[{"count":3,"href":"https:\/\/www.allinclusivehotels.it\/de\/wp-json\/wp\/v2\/pages\/35213\/revisions"}],"predecessor-version":[{"id":39214,"href":"https:\/\/www.allinclusivehotels.it\/de\/wp-json\/wp\/v2\/pages\/35213\/revisions\/39214"}],"up":[{"embeddable":true,"href":"https:\/\/www.allinclusivehotels.it\/de\/wp-json\/wp\/v2\/pages\/16476"}],"wp:attachment":[{"href":"https:\/\/www.allinclusivehotels.it\/de\/wp-json\/wp\/v2\/media?parent=35213"}],"curies":[{"name":"wp","href":"https:\/\/api.w.org\/{rel}","templated":true}]}}