{"id":34724,"date":"2024-01-31T18:00:52","date_gmt":"2024-01-31T17:00:52","guid":{"rendered":"https:\/\/www.allinclusivehotels.it\/hotels\/hotel-miralaghi"},"modified":"2024-03-13T16:16:19","modified_gmt":"2024-03-13T15:16:19","slug":"hotel-miralaghi","status":"publish","type":"page","link":"https:\/\/www.allinclusivehotels.it\/de\/hotels\/hotel-miralaghi","title":{"rendered":"Hotel Miralaghi"},"content":{"rendered":"\n<p>Das <b>Hotel Miralaghi in Chianciano Terme<\/b> ist wundersch\u00f6n an der Hauptstra\u00dfe nahe der Altstadt gelegen. Zu <b>Fu\u00df <\/b>kann man problemlos den <b> Acqua Santa Park<\/b> mit seiner ber\u00fchmten Thermalquelle, die <b>Terme Sensoriali<\/b> (Sinneskurb\u00e4der ), die <b>Theia-Thermalbecken<\/b> und die <b>Therme von Chianciano<\/b> erreichen. Direkt vor dem Hotel befindet sich ein gro\u00dfer Park mit Sportzentrum, <b>Swimmingpools <\/b>und Kinderspielplatz, zu dem die G\u00e4ste <b>freien Zugang haben<\/b>.<\/p>\n\n\n\n<!--more-->\n\n\n\n<p>Miralaghi ist auch ein<b> Family Hotel mit Animation<\/b> f\u00fcr Kinder von 3 bis 12 Jahren (Aktivit\u00e4ten finden t\u00e4glich von <b>9.30 bis 22.00 Uhr<\/b> statt), einem 50 m2 gro\u00dfen Spielzimmer, <b>organisierten Ausfl\u00fcgen<\/b> zu Bauernh\u00f6fen, \u00d6lm\u00fchlen, zum Abenteuerpark Indiana Park sowie zum etruskischen Museum von Chianciano Terme.<\/p>\n\n\n\n<p>Das Hotel bietet zahlreiche <b>Serviceleistungen f\u00fcr Sportler<\/b>, insbesondere f\u00fcr all jene, die <b>wandern<\/b>, <b>Rad fahren <\/b>oder <b>reiten<\/b> m\u00f6chten, wie z. B. kostenlosen Ausr\u00fcstungsverleih, ausgiebige Mahlzeiten, W\u00e4scherei f\u00fcr Sportkleidung, erfahrene F\u00fchrer, Fahrradaufbewahrung und die M\u00f6glichkeit von Lunchpaketen.<\/p>\n\n\n\n<p>Das Hotel verf\u00fcgt \u00fcber einen <b>Parkplatz <\/b>f\u00fcr seine G\u00e4ste.<\/p>\n","protected":false},"excerpt":{"rendered":"<p>Das Hotel Miralaghi in Chianciano Terme ist wundersch\u00f6n an der Hauptstra\u00dfe nahe der Altstadt gelegen. &hellip;<\/p>\n","protected":false},"author":1,"featured_media":0,"parent":16476,"menu_order":0,"comment_status":"closed","ping_status":"closed","template":"page-templates\/scheda_hotel.php","meta":{"_acf_changed":false,"footnotes":""},"class_list":["post-34724","page","type-page","status-publish","hentry"],"acf":[],"yoast_head":"<!-- This site is optimized with the Yoast SEO plugin v27.0 - https:\/\/yoast.com\/product\/yoast-seo-wordpress\/ -->\n<title>Hotel Miralaghi - All Inclusive Hotels<\/title>\n<meta name=\"robots\" content=\"index, follow, max-snippet:-1, max-image-preview:large, max-video-preview:-1\" \/>\n<link rel=\"canonical\" href=\"https:\/\/www.allinclusivehotels.it\/de\/hotels\/hotel-miralaghi\" \/>\n<meta property=\"og:locale\" content=\"de_DE\" \/>\n<meta property=\"og:type\" content=\"article\" \/>\n<meta property=\"og:title\" content=\"Hotel Miralaghi - All Inclusive Hotels\" \/>\n<meta property=\"og:description\" content=\"Das Hotel Miralaghi in Chianciano Terme ist wundersch\u00f6n an der Hauptstra\u00dfe nahe der Altstadt gelegen. &hellip;\" \/>\n<meta property=\"og:url\" content=\"https:\/\/www.allinclusivehotels.it\/de\/hotels\/hotel-miralaghi\" \/>\n<meta property=\"og:site_name\" content=\"All Inclusive Hotels\" \/>\n<meta property=\"article:modified_time\" content=\"2024-03-13T15:16:19+00:00\" \/>\n<meta name=\"twitter:card\" content=\"summary_large_image\" \/>\n<meta name=\"twitter:label1\" content=\"Gesch\u00e4tzte Lesezeit\" \/>\n\t<meta name=\"twitter:data1\" content=\"1\u00a0Minute\" \/>\n<script type=\"application\/ld+json\" class=\"yoast-schema-graph\">{\"@context\":\"https:\/\/schema.org\",\"@graph\":[{\"@type\":\"WebPage\",\"@id\":\"https:\/\/www.allinclusivehotels.it\/de\/hotels\/hotel-miralaghi\",\"url\":\"https:\/\/www.allinclusivehotels.it\/de\/hotels\/hotel-miralaghi\",\"name\":\"Hotel Miralaghi - All Inclusive Hotels\",\"isPartOf\":{\"@id\":\"https:\/\/www.allinclusivehotels.it\/de#website\"},\"datePublished\":\"2024-01-31T17:00:52+00:00\",\"dateModified\":\"2024-03-13T15:16:19+00:00\",\"breadcrumb\":{\"@id\":\"https:\/\/www.allinclusivehotels.it\/de\/hotels\/hotel-miralaghi#breadcrumb\"},\"inLanguage\":\"de\",\"potentialAction\":[{\"@type\":\"ReadAction\",\"target\":[\"https:\/\/www.allinclusivehotels.it\/de\/hotels\/hotel-miralaghi\"]}]},{\"@type\":\"BreadcrumbList\",\"@id\":\"https:\/\/www.allinclusivehotels.it\/de\/hotels\/hotel-miralaghi#breadcrumb\",\"itemListElement\":[{\"@type\":\"ListItem\",\"position\":1,\"name\":\"Home\",\"item\":\"https:\/\/www.allinclusivehotels.it\/de\"},{\"@type\":\"ListItem\",\"position\":2,\"name\":\"Hotels\",\"item\":\"https:\/\/www.allinclusivehotels.it\/de\/hotels\"},{\"@type\":\"ListItem\",\"position\":3,\"name\":\"Hotel Miralaghi\"}]},{\"@type\":\"WebSite\",\"@id\":\"https:\/\/www.allinclusivehotels.it\/de#website\",\"url\":\"https:\/\/www.allinclusivehotels.it\/de\",\"name\":\"All Inclusive Hotels\",\"description\":\"\",\"publisher\":{\"@id\":\"https:\/\/www.allinclusivehotels.it\/de#organization\"},\"potentialAction\":[{\"@type\":\"SearchAction\",\"target\":{\"@type\":\"EntryPoint\",\"urlTemplate\":\"https:\/\/www.allinclusivehotels.it\/de?s={search_term_string}\"},\"query-input\":{\"@type\":\"PropertyValueSpecification\",\"valueRequired\":true,\"valueName\":\"search_term_string\"}}],\"inLanguage\":\"de\"},{\"@type\":\"Organization\",\"@id\":\"https:\/\/www.allinclusivehotels.it\/de#organization\",\"name\":\"All Inclusive Hotels\",\"url\":\"https:\/\/www.allinclusivehotels.it\/de\",\"logo\":{\"@type\":\"ImageObject\",\"inLanguage\":\"de\",\"@id\":\"https:\/\/www.allinclusivehotels.it\/de#\/schema\/logo\/image\/\",\"url\":\"\",\"contentUrl\":\"\",\"caption\":\"All Inclusive Hotels\"},\"image\":{\"@id\":\"https:\/\/www.allinclusivehotels.it\/de#\/schema\/logo\/image\/\"}}]}<\/script>\n<!-- \/ Yoast SEO plugin. -->","yoast_head_json":{"title":"Hotel Miralaghi - All Inclusive Hotels","robots":{"index":"index","follow":"follow","max-snippet":"max-snippet:-1","max-image-preview":"max-image-preview:large","max-video-preview":"max-video-preview:-1"},"canonical":"https:\/\/www.allinclusivehotels.it\/de\/hotels\/hotel-miralaghi","og_locale":"de_DE","og_type":"article","og_title":"Hotel Miralaghi - All Inclusive Hotels","og_description":"Das Hotel Miralaghi in Chianciano Terme ist wundersch\u00f6n an der Hauptstra\u00dfe nahe der Altstadt gelegen. &hellip;","og_url":"https:\/\/www.allinclusivehotels.it\/de\/hotels\/hotel-miralaghi","og_site_name":"All Inclusive Hotels","article_modified_time":"2024-03-13T15:16:19+00:00","twitter_card":"summary_large_image","twitter_misc":{"Gesch\u00e4tzte Lesezeit":"1\u00a0Minute"},"schema":{"@context":"https:\/\/schema.org","@graph":[{"@type":"WebPage","@id":"https:\/\/www.allinclusivehotels.it\/de\/hotels\/hotel-miralaghi","url":"https:\/\/www.allinclusivehotels.it\/de\/hotels\/hotel-miralaghi","name":"Hotel Miralaghi - All Inclusive Hotels","isPartOf":{"@id":"https:\/\/www.allinclusivehotels.it\/de#website"},"datePublished":"2024-01-31T17:00:52+00:00","dateModified":"2024-03-13T15:16:19+00:00","breadcrumb":{"@id":"https:\/\/www.allinclusivehotels.it\/de\/hotels\/hotel-miralaghi#breadcrumb"},"inLanguage":"de","potentialAction":[{"@type":"ReadAction","target":["https:\/\/www.allinclusivehotels.it\/de\/hotels\/hotel-miralaghi"]}]},{"@type":"BreadcrumbList","@id":"https:\/\/www.allinclusivehotels.it\/de\/hotels\/hotel-miralaghi#breadcrumb","itemListElement":[{"@type":"ListItem","position":1,"name":"Home","item":"https:\/\/www.allinclusivehotels.it\/de"},{"@type":"ListItem","position":2,"name":"Hotels","item":"https:\/\/www.allinclusivehotels.it\/de\/hotels"},{"@type":"ListItem","position":3,"name":"Hotel Miralaghi"}]},{"@type":"WebSite","@id":"https:\/\/www.allinclusivehotels.it\/de#website","url":"https:\/\/www.allinclusivehotels.it\/de","name":"All Inclusive Hotels","description":"","publisher":{"@id":"https:\/\/www.allinclusivehotels.it\/de#organization"},"potentialAction":[{"@type":"SearchAction","target":{"@type":"EntryPoint","urlTemplate":"https:\/\/www.allinclusivehotels.it\/de?s={search_term_string}"},"query-input":{"@type":"PropertyValueSpecification","valueRequired":true,"valueName":"search_term_string"}}],"inLanguage":"de"},{"@type":"Organization","@id":"https:\/\/www.allinclusivehotels.it\/de#organization","name":"All Inclusive Hotels","url":"https:\/\/www.allinclusivehotels.it\/de","logo":{"@type":"ImageObject","inLanguage":"de","@id":"https:\/\/www.allinclusivehotels.it\/de#\/schema\/logo\/image\/","url":"","contentUrl":"","caption":"All Inclusive Hotels"},"image":{"@id":"https:\/\/www.allinclusivehotels.it\/de#\/schema\/logo\/image\/"}}]}},"_links":{"self":[{"href":"https:\/\/www.allinclusivehotels.it\/de\/wp-json\/wp\/v2\/pages\/34724","targetHints":{"allow":["GET"]}}],"collection":[{"href":"https:\/\/www.allinclusivehotels.it\/de\/wp-json\/wp\/v2\/pages"}],"about":[{"href":"https:\/\/www.allinclusivehotels.it\/de\/wp-json\/wp\/v2\/types\/page"}],"author":[{"embeddable":true,"href":"https:\/\/www.allinclusivehotels.it\/de\/wp-json\/wp\/v2\/users\/1"}],"replies":[{"embeddable":true,"href":"https:\/\/www.allinclusivehotels.it\/de\/wp-json\/wp\/v2\/comments?post=34724"}],"version-history":[{"count":2,"href":"https:\/\/www.allinclusivehotels.it\/de\/wp-json\/wp\/v2\/pages\/34724\/revisions"}],"predecessor-version":[{"id":35839,"href":"https:\/\/www.allinclusivehotels.it\/de\/wp-json\/wp\/v2\/pages\/34724\/revisions\/35839"}],"up":[{"embeddable":true,"href":"https:\/\/www.allinclusivehotels.it\/de\/wp-json\/wp\/v2\/pages\/16476"}],"wp:attachment":[{"href":"https:\/\/www.allinclusivehotels.it\/de\/wp-json\/wp\/v2\/media?parent=34724"}],"curies":[{"name":"wp","href":"https:\/\/api.w.org\/{rel}","templated":true}]}}