{"id":34239,"date":"2024-01-10T10:12:55","date_gmt":"2024-01-10T09:12:55","guid":{"rendered":"https:\/\/www.allinclusivehotels.it\/feriendoerfer\/lino-delle-fate-eco-village-resort"},"modified":"2024-02-12T13:20:13","modified_gmt":"2024-02-12T12:20:13","slug":"lino-delle-fate-eco-village-resort","status":"publish","type":"page","link":"https:\/\/www.allinclusivehotels.it\/de\/feriendoerfer\/lino-delle-fate-eco-village-resort","title":{"rendered":"Lino delle Fate Eco Village Resort"},"content":{"rendered":"\n<p>Das <b>Lino delle Fate Eco Village Resort in Bibione<\/b> steht auf einer Fl\u00e4che von <b>250.000 m\u00b2 klassischer mediterraner Macchia.<\/b> Ein erholsamer und ruhiger Ort f\u00fcr alle, die inmitten der Natur, fern von den Ger\u00e4uschen der Stadt leben m\u00f6chten. Im Resort d\u00fcrfen keine Autos benutzt werden, nur Elektrofahrzeuge f\u00fcr den Gep\u00e4cktransport.<\/p>\n\n\n\n<!--more-->\n\n\n\n<p>Der nur 400 Meter entfernte <b>Privatstrand<\/b>\u00a0kann zu Fu\u00df oder mit dem Fahrrad auf dem bequemen Weg,\u00a0<b>\u201eLa via del Mare\u201c,<\/b>\u00a0der durch den Pinienwald f\u00fchrt, erreicht werden. F\u00fcr die G\u00e4ste ist dort <b>ein Sonnenschirm und zwei Liegen<\/b> reserviert.<\/p>\n\n\n\n<p>Wer gerne aus seinem Zimmer tritt und direkt in das Wasser des Lino delle Fate Eco Village Resort springen m\u00f6chte, kann den <b>zentralen Pool<\/b> f\u00fcr Erwachsene nutzen, unterteilt in drei Bereiche mit einer Wasserfl\u00e4che von insgesamt\u00a0<b>1000 m<\/b><b><sup>2<\/b><\/sup>, den\u00a0<b>Whirlpool<\/b> mit Liegest\u00fchlen und den <b>Pool f\u00fcr Kinder<\/b>\u00a0(30 cm tief) mit verschiedenen <b>Wasserspielen<\/b>.<\/p>\n\n\n\n<p>Im modern gestalteten Mini-Club werden die Kinder nicht nur unterhalten, sondern auch respektvoll und freudig an Natur und Tiere herangef\u00fchrt. Es gibt keinen besseren Ort als den\u00a0<b>mediterranen<\/b>\u00a0<b>Biodiversit\u00e4tspark<\/b>\u00a0des Lino delle Fate Eco Village Resort, ein <b>16 Hektar<\/b> gro\u00dfes Gr\u00fcngebiet, um Natur und Landschaft zu bewundern; <b>ein emotionaler und dynamischer Raum,<\/b> an dem auch die weniger Neugierigen sich w\u00fcnschen, ihn zu erforschen, zu erleben und kennen zu lernen.<\/p>\n\n\n\n<p>Das Resort ist <b>Pet Friendly<\/b> und unsere vierbeinigen Freunde sind in den Bungalows willkommen. In Bibione k\u00f6nnen Sie an <b>Plutos (Spiaggia di Pluto)<\/b> gemeinsame Stunden mit ihrem vierbeinigen Freund verbringen.<\/p>\n","protected":false},"excerpt":{"rendered":"<p>Das Lino delle Fate Eco Village Resort in Bibione steht auf einer Fl\u00e4che von 250.000 &hellip;<\/p>\n","protected":false},"author":1,"featured_media":0,"parent":16464,"menu_order":0,"comment_status":"closed","ping_status":"closed","template":"page-templates\/scheda_hotel.php","meta":{"_acf_changed":false,"footnotes":""},"class_list":["post-34239","page","type-page","status-publish","hentry"],"acf":[],"yoast_head":"<!-- This site is optimized with the Yoast SEO plugin v27.0 - https:\/\/yoast.com\/product\/yoast-seo-wordpress\/ -->\n<title>All-Inclusive-Angebote Lino delle Fate Eco Village Resort - Bibione<\/title>\n<meta name=\"description\" content=\"Lust auf Urlaub? Mehr \u00fcber die All-Inclusive-Angebote und Pauschaltangebote des Lino delle Fate Eco Village Resort - Bibione\" \/>\n<meta name=\"robots\" content=\"index, follow, max-snippet:-1, max-image-preview:large, max-video-preview:-1\" \/>\n<link rel=\"canonical\" href=\"https:\/\/www.allinclusivehotels.it\/de\/feriendoerfer\/lino-delle-fate-eco-village-resort\" \/>\n<meta property=\"og:locale\" content=\"de_DE\" \/>\n<meta property=\"og:type\" content=\"article\" \/>\n<meta property=\"og:title\" content=\"All-Inclusive-Angebote Lino delle Fate Eco Village Resort - Bibione\" \/>\n<meta property=\"og:description\" content=\"Lust auf Urlaub? Mehr \u00fcber die All-Inclusive-Angebote und Pauschaltangebote des Lino delle Fate Eco Village Resort - Bibione\" \/>\n<meta property=\"og:url\" content=\"https:\/\/www.allinclusivehotels.it\/de\/feriendoerfer\/lino-delle-fate-eco-village-resort\" \/>\n<meta property=\"og:site_name\" content=\"All Inclusive Hotels\" \/>\n<meta property=\"article:modified_time\" content=\"2024-02-12T12:20:13+00:00\" \/>\n<meta name=\"twitter:card\" content=\"summary_large_image\" \/>\n<meta name=\"twitter:label1\" content=\"Gesch\u00e4tzte Lesezeit\" \/>\n\t<meta name=\"twitter:data1\" content=\"1\u00a0Minute\" \/>\n<script type=\"application\/ld+json\" class=\"yoast-schema-graph\">{\"@context\":\"https:\/\/schema.org\",\"@graph\":[{\"@type\":\"WebPage\",\"@id\":\"https:\/\/www.allinclusivehotels.it\/de\/feriendoerfer\/lino-delle-fate-eco-village-resort\",\"url\":\"https:\/\/www.allinclusivehotels.it\/de\/feriendoerfer\/lino-delle-fate-eco-village-resort\",\"name\":\"All-Inclusive-Angebote Lino delle Fate Eco Village Resort - Bibione\",\"isPartOf\":{\"@id\":\"https:\/\/www.allinclusivehotels.it\/de#website\"},\"datePublished\":\"2024-01-10T09:12:55+00:00\",\"dateModified\":\"2024-02-12T12:20:13+00:00\",\"description\":\"Lust auf Urlaub? Mehr \u00fcber die All-Inclusive-Angebote und Pauschaltangebote des Lino delle Fate Eco Village Resort - Bibione\",\"breadcrumb\":{\"@id\":\"https:\/\/www.allinclusivehotels.it\/de\/feriendoerfer\/lino-delle-fate-eco-village-resort#breadcrumb\"},\"inLanguage\":\"de\",\"potentialAction\":[{\"@type\":\"ReadAction\",\"target\":[\"https:\/\/www.allinclusivehotels.it\/de\/feriendoerfer\/lino-delle-fate-eco-village-resort\"]}]},{\"@type\":\"BreadcrumbList\",\"@id\":\"https:\/\/www.allinclusivehotels.it\/de\/feriendoerfer\/lino-delle-fate-eco-village-resort#breadcrumb\",\"itemListElement\":[{\"@type\":\"ListItem\",\"position\":1,\"name\":\"Home\",\"item\":\"https:\/\/www.allinclusivehotels.it\/de\"},{\"@type\":\"ListItem\",\"position\":2,\"name\":\"Feriend\u00f6rfer\",\"item\":\"https:\/\/www.allinclusivehotels.it\/de\/feriendoerfer\"},{\"@type\":\"ListItem\",\"position\":3,\"name\":\"Lino delle Fate Eco Village Resort\"}]},{\"@type\":\"WebSite\",\"@id\":\"https:\/\/www.allinclusivehotels.it\/de#website\",\"url\":\"https:\/\/www.allinclusivehotels.it\/de\",\"name\":\"All Inclusive Hotels\",\"description\":\"\",\"publisher\":{\"@id\":\"https:\/\/www.allinclusivehotels.it\/de#organization\"},\"potentialAction\":[{\"@type\":\"SearchAction\",\"target\":{\"@type\":\"EntryPoint\",\"urlTemplate\":\"https:\/\/www.allinclusivehotels.it\/de?s={search_term_string}\"},\"query-input\":{\"@type\":\"PropertyValueSpecification\",\"valueRequired\":true,\"valueName\":\"search_term_string\"}}],\"inLanguage\":\"de\"},{\"@type\":\"Organization\",\"@id\":\"https:\/\/www.allinclusivehotels.it\/de#organization\",\"name\":\"All Inclusive Hotels\",\"url\":\"https:\/\/www.allinclusivehotels.it\/de\",\"logo\":{\"@type\":\"ImageObject\",\"inLanguage\":\"de\",\"@id\":\"https:\/\/www.allinclusivehotels.it\/de#\/schema\/logo\/image\/\",\"url\":\"\",\"contentUrl\":\"\",\"caption\":\"All Inclusive Hotels\"},\"image\":{\"@id\":\"https:\/\/www.allinclusivehotels.it\/de#\/schema\/logo\/image\/\"}}]}<\/script>\n<!-- \/ Yoast SEO plugin. -->","yoast_head_json":{"title":"All-Inclusive-Angebote Lino delle Fate Eco Village Resort - Bibione","description":"Lust auf Urlaub? Mehr \u00fcber die All-Inclusive-Angebote und Pauschaltangebote des Lino delle Fate Eco Village Resort - Bibione","robots":{"index":"index","follow":"follow","max-snippet":"max-snippet:-1","max-image-preview":"max-image-preview:large","max-video-preview":"max-video-preview:-1"},"canonical":"https:\/\/www.allinclusivehotels.it\/de\/feriendoerfer\/lino-delle-fate-eco-village-resort","og_locale":"de_DE","og_type":"article","og_title":"All-Inclusive-Angebote Lino delle Fate Eco Village Resort - Bibione","og_description":"Lust auf Urlaub? Mehr \u00fcber die All-Inclusive-Angebote und Pauschaltangebote des Lino delle Fate Eco Village Resort - Bibione","og_url":"https:\/\/www.allinclusivehotels.it\/de\/feriendoerfer\/lino-delle-fate-eco-village-resort","og_site_name":"All Inclusive Hotels","article_modified_time":"2024-02-12T12:20:13+00:00","twitter_card":"summary_large_image","twitter_misc":{"Gesch\u00e4tzte Lesezeit":"1\u00a0Minute"},"schema":{"@context":"https:\/\/schema.org","@graph":[{"@type":"WebPage","@id":"https:\/\/www.allinclusivehotels.it\/de\/feriendoerfer\/lino-delle-fate-eco-village-resort","url":"https:\/\/www.allinclusivehotels.it\/de\/feriendoerfer\/lino-delle-fate-eco-village-resort","name":"All-Inclusive-Angebote Lino delle Fate Eco Village Resort - Bibione","isPartOf":{"@id":"https:\/\/www.allinclusivehotels.it\/de#website"},"datePublished":"2024-01-10T09:12:55+00:00","dateModified":"2024-02-12T12:20:13+00:00","description":"Lust auf Urlaub? Mehr \u00fcber die All-Inclusive-Angebote und Pauschaltangebote des Lino delle Fate Eco Village Resort - Bibione","breadcrumb":{"@id":"https:\/\/www.allinclusivehotels.it\/de\/feriendoerfer\/lino-delle-fate-eco-village-resort#breadcrumb"},"inLanguage":"de","potentialAction":[{"@type":"ReadAction","target":["https:\/\/www.allinclusivehotels.it\/de\/feriendoerfer\/lino-delle-fate-eco-village-resort"]}]},{"@type":"BreadcrumbList","@id":"https:\/\/www.allinclusivehotels.it\/de\/feriendoerfer\/lino-delle-fate-eco-village-resort#breadcrumb","itemListElement":[{"@type":"ListItem","position":1,"name":"Home","item":"https:\/\/www.allinclusivehotels.it\/de"},{"@type":"ListItem","position":2,"name":"Feriend\u00f6rfer","item":"https:\/\/www.allinclusivehotels.it\/de\/feriendoerfer"},{"@type":"ListItem","position":3,"name":"Lino delle Fate Eco Village Resort"}]},{"@type":"WebSite","@id":"https:\/\/www.allinclusivehotels.it\/de#website","url":"https:\/\/www.allinclusivehotels.it\/de","name":"All Inclusive Hotels","description":"","publisher":{"@id":"https:\/\/www.allinclusivehotels.it\/de#organization"},"potentialAction":[{"@type":"SearchAction","target":{"@type":"EntryPoint","urlTemplate":"https:\/\/www.allinclusivehotels.it\/de?s={search_term_string}"},"query-input":{"@type":"PropertyValueSpecification","valueRequired":true,"valueName":"search_term_string"}}],"inLanguage":"de"},{"@type":"Organization","@id":"https:\/\/www.allinclusivehotels.it\/de#organization","name":"All Inclusive Hotels","url":"https:\/\/www.allinclusivehotels.it\/de","logo":{"@type":"ImageObject","inLanguage":"de","@id":"https:\/\/www.allinclusivehotels.it\/de#\/schema\/logo\/image\/","url":"","contentUrl":"","caption":"All Inclusive Hotels"},"image":{"@id":"https:\/\/www.allinclusivehotels.it\/de#\/schema\/logo\/image\/"}}]}},"_links":{"self":[{"href":"https:\/\/www.allinclusivehotels.it\/de\/wp-json\/wp\/v2\/pages\/34239","targetHints":{"allow":["GET"]}}],"collection":[{"href":"https:\/\/www.allinclusivehotels.it\/de\/wp-json\/wp\/v2\/pages"}],"about":[{"href":"https:\/\/www.allinclusivehotels.it\/de\/wp-json\/wp\/v2\/types\/page"}],"author":[{"embeddable":true,"href":"https:\/\/www.allinclusivehotels.it\/de\/wp-json\/wp\/v2\/users\/1"}],"replies":[{"embeddable":true,"href":"https:\/\/www.allinclusivehotels.it\/de\/wp-json\/wp\/v2\/comments?post=34239"}],"version-history":[{"count":2,"href":"https:\/\/www.allinclusivehotels.it\/de\/wp-json\/wp\/v2\/pages\/34239\/revisions"}],"predecessor-version":[{"id":35152,"href":"https:\/\/www.allinclusivehotels.it\/de\/wp-json\/wp\/v2\/pages\/34239\/revisions\/35152"}],"up":[{"embeddable":true,"href":"https:\/\/www.allinclusivehotels.it\/de\/wp-json\/wp\/v2\/pages\/16464"}],"wp:attachment":[{"href":"https:\/\/www.allinclusivehotels.it\/de\/wp-json\/wp\/v2\/media?parent=34239"}],"curies":[{"name":"wp","href":"https:\/\/api.w.org\/{rel}","templated":true}]}}