{"id":34221,"date":"2024-01-10T08:57:29","date_gmt":"2024-01-10T07:57:29","guid":{"rendered":"https:\/\/www.allinclusivehotels.it\/feriendoerfer\/green-village-resort"},"modified":"2024-02-12T13:20:12","modified_gmt":"2024-02-12T12:20:12","slug":"green-village-resort","status":"publish","type":"page","link":"https:\/\/www.allinclusivehotels.it\/de\/feriendoerfer\/green-village-resort","title":{"rendered":"Green Village Eco Resort"},"content":{"rendered":"\n<p>Das <b>Green Village Eco Resort<\/b> in <b>Lignano Sabbiadoro<\/b> hat <b>eine \u00fcber 12.000 m<\/b><b><sup>2<\/b><\/sup><b> gro\u00dfe Gr\u00fcnanlage<\/b>, ist mit zahlreichen Spielger\u00e4ten f\u00fcr Kinder und einem Fitness-Parcours ausgestattet, <b>der erste Naturerlebnispark<\/b>\u00a0von Lignano,\u00a0welcher der <b>Vogelwelt<\/b> gewidmet ist.<\/p>\n\n\n\n<!--more-->\n\n\n\n<p>Die Auswahl ist zwischen <b>Ferienvillen mit eingez\u00e4untem Garten<\/b>,\u00a0voll ausgestatteten<b> Apartments<\/b> oder <b>Zimmern<\/b> des Resorts m\u00f6glich. Der Strand-Service ist im Feriendorf inbegriffen (B\u00fcro am Strand Nr. 4 in Lignano Riviera). Der Strand ist leicht zu Fu\u00df, mit dem Fahrrad oder dem <b>kostenlosen Beach Shuttle<\/b> zu erreichen, an dem 1 Sonnenschirm und 2 Sonnenliegen reserviert sind.<\/p>\n\n\n\n<p>Green Village Eco Resort hat einen traumhaften <b>Poolbereich<\/b>: f\u00fcr Erwachsene und f\u00fcr Kinder, einen getrennten <b>Wellness-Bereich <\/b>mit <b>Whirlpool<\/b>, 6 Sprudelliegen, Nackenmassage, <b>2 Saunen und 1 Dampfbad<\/b>. Der Poolbereich wird durch ein gro\u00dfes, flaches Becken, die so genannte\u00a0<b>\u201eLaguna\u201c<\/b> abgerundet, perfekt f\u00fcr Kleinkinder, mit einer <b>Sonnenterrasse<\/b>, die mit Sonnenschirmen und Liegen ausgestattet ist.<\/p>\n\n\n\n<p>Von Sonntag bis Freitag <b>wird ein Unterhaltungsprogramm f\u00fcr Kinder (3-10 Jahre)<\/b> organisiert, sowohl im Freien, als auch im gro\u00dfen Spielsaal, von 10 bis 12 Uhr und von 16 bis 18 Uhr.<\/p>\n\n\n\n<p>Die Einrichtung ist <b>Pet Friendly<\/b> und die vierbeinigen Freunde sind aber nur in den Apartments mit Garten willkommen. In Lignano Sabbiadoro ist <b>Dukes Strand (Spiaggia di Duke)<\/b> f\u00fcr Tiere ausgestattet.<\/p>\n\n\n\n<p>Au\u00dferdem m\u00f6chte Green Village Eco Resort einen <b>nachhaltigen Urlaub<\/b> anbieten: Aus \u00f6kologischer Sicht, denn f\u00fcr den Bau\u00a0wurden <b>umweltfreundliche Materialien<\/b>\u00a0verwendet und aus betriebswirtschaftlicher Sicht durch die Auswahl regionaler Lieferanten.<\/p>\n","protected":false},"excerpt":{"rendered":"<p>Das Green Village Eco Resort in Lignano Sabbiadoro hat eine \u00fcber 12.000 m2 gro\u00dfe Gr\u00fcnanlage, &hellip;<\/p>\n","protected":false},"author":1,"featured_media":0,"parent":16464,"menu_order":0,"comment_status":"closed","ping_status":"closed","template":"page-templates\/scheda_hotel.php","meta":{"_acf_changed":false,"footnotes":""},"class_list":["post-34221","page","type-page","status-publish","hentry"],"acf":[],"yoast_head":"<!-- This site is optimized with the Yoast SEO plugin v27.0 - https:\/\/yoast.com\/product\/yoast-seo-wordpress\/ -->\n<title>All-Inclusive-Angebote Green Village Eco Resort<\/title>\n<meta name=\"description\" content=\"Lust auf Urlaub? Mehr \u00fcber die All-Inclusive-Angebote und Pauschalangebote des Green Village Eco Resort in Lignano Sabbiadoro!\" \/>\n<meta name=\"robots\" content=\"index, follow, max-snippet:-1, max-image-preview:large, max-video-preview:-1\" \/>\n<link rel=\"canonical\" href=\"https:\/\/www.allinclusivehotels.it\/de\/feriendoerfer\/green-village-resort\" \/>\n<meta property=\"og:locale\" content=\"de_DE\" \/>\n<meta property=\"og:type\" content=\"article\" \/>\n<meta property=\"og:title\" content=\"All-Inclusive-Angebote Green Village Eco Resort\" \/>\n<meta property=\"og:description\" content=\"Lust auf Urlaub? Mehr \u00fcber die All-Inclusive-Angebote und Pauschalangebote des Green Village Eco Resort in Lignano Sabbiadoro!\" \/>\n<meta property=\"og:url\" content=\"https:\/\/www.allinclusivehotels.it\/de\/feriendoerfer\/green-village-resort\" \/>\n<meta property=\"og:site_name\" content=\"All Inclusive Hotels\" \/>\n<meta property=\"article:modified_time\" content=\"2024-02-12T12:20:12+00:00\" \/>\n<meta name=\"twitter:card\" content=\"summary_large_image\" \/>\n<script type=\"application\/ld+json\" class=\"yoast-schema-graph\">{\"@context\":\"https:\/\/schema.org\",\"@graph\":[{\"@type\":\"WebPage\",\"@id\":\"https:\/\/www.allinclusivehotels.it\/de\/feriendoerfer\/green-village-resort\",\"url\":\"https:\/\/www.allinclusivehotels.it\/de\/feriendoerfer\/green-village-resort\",\"name\":\"All-Inclusive-Angebote Green Village Eco Resort\",\"isPartOf\":{\"@id\":\"https:\/\/www.allinclusivehotels.it\/de#website\"},\"datePublished\":\"2024-01-10T07:57:29+00:00\",\"dateModified\":\"2024-02-12T12:20:12+00:00\",\"description\":\"Lust auf Urlaub? Mehr \u00fcber die All-Inclusive-Angebote und Pauschalangebote des Green Village Eco Resort in Lignano Sabbiadoro!\",\"breadcrumb\":{\"@id\":\"https:\/\/www.allinclusivehotels.it\/de\/feriendoerfer\/green-village-resort#breadcrumb\"},\"inLanguage\":\"de\",\"potentialAction\":[{\"@type\":\"ReadAction\",\"target\":[\"https:\/\/www.allinclusivehotels.it\/de\/feriendoerfer\/green-village-resort\"]}]},{\"@type\":\"BreadcrumbList\",\"@id\":\"https:\/\/www.allinclusivehotels.it\/de\/feriendoerfer\/green-village-resort#breadcrumb\",\"itemListElement\":[{\"@type\":\"ListItem\",\"position\":1,\"name\":\"Home\",\"item\":\"https:\/\/www.allinclusivehotels.it\/de\"},{\"@type\":\"ListItem\",\"position\":2,\"name\":\"Feriend\u00f6rfer\",\"item\":\"https:\/\/www.allinclusivehotels.it\/de\/feriendoerfer\"},{\"@type\":\"ListItem\",\"position\":3,\"name\":\"Green Village Eco Resort\"}]},{\"@type\":\"WebSite\",\"@id\":\"https:\/\/www.allinclusivehotels.it\/de#website\",\"url\":\"https:\/\/www.allinclusivehotels.it\/de\",\"name\":\"All Inclusive Hotels\",\"description\":\"\",\"publisher\":{\"@id\":\"https:\/\/www.allinclusivehotels.it\/de#organization\"},\"potentialAction\":[{\"@type\":\"SearchAction\",\"target\":{\"@type\":\"EntryPoint\",\"urlTemplate\":\"https:\/\/www.allinclusivehotels.it\/de?s={search_term_string}\"},\"query-input\":{\"@type\":\"PropertyValueSpecification\",\"valueRequired\":true,\"valueName\":\"search_term_string\"}}],\"inLanguage\":\"de\"},{\"@type\":\"Organization\",\"@id\":\"https:\/\/www.allinclusivehotels.it\/de#organization\",\"name\":\"All Inclusive Hotels\",\"url\":\"https:\/\/www.allinclusivehotels.it\/de\",\"logo\":{\"@type\":\"ImageObject\",\"inLanguage\":\"de\",\"@id\":\"https:\/\/www.allinclusivehotels.it\/de#\/schema\/logo\/image\/\",\"url\":\"\",\"contentUrl\":\"\",\"caption\":\"All Inclusive Hotels\"},\"image\":{\"@id\":\"https:\/\/www.allinclusivehotels.it\/de#\/schema\/logo\/image\/\"}}]}<\/script>\n<!-- \/ Yoast SEO plugin. -->","yoast_head_json":{"title":"All-Inclusive-Angebote Green Village Eco Resort","description":"Lust auf Urlaub? Mehr \u00fcber die All-Inclusive-Angebote und Pauschalangebote des Green Village Eco Resort in Lignano Sabbiadoro!","robots":{"index":"index","follow":"follow","max-snippet":"max-snippet:-1","max-image-preview":"max-image-preview:large","max-video-preview":"max-video-preview:-1"},"canonical":"https:\/\/www.allinclusivehotels.it\/de\/feriendoerfer\/green-village-resort","og_locale":"de_DE","og_type":"article","og_title":"All-Inclusive-Angebote Green Village Eco Resort","og_description":"Lust auf Urlaub? Mehr \u00fcber die All-Inclusive-Angebote und Pauschalangebote des Green Village Eco Resort in Lignano Sabbiadoro!","og_url":"https:\/\/www.allinclusivehotels.it\/de\/feriendoerfer\/green-village-resort","og_site_name":"All Inclusive Hotels","article_modified_time":"2024-02-12T12:20:12+00:00","twitter_card":"summary_large_image","schema":{"@context":"https:\/\/schema.org","@graph":[{"@type":"WebPage","@id":"https:\/\/www.allinclusivehotels.it\/de\/feriendoerfer\/green-village-resort","url":"https:\/\/www.allinclusivehotels.it\/de\/feriendoerfer\/green-village-resort","name":"All-Inclusive-Angebote Green Village Eco Resort","isPartOf":{"@id":"https:\/\/www.allinclusivehotels.it\/de#website"},"datePublished":"2024-01-10T07:57:29+00:00","dateModified":"2024-02-12T12:20:12+00:00","description":"Lust auf Urlaub? Mehr \u00fcber die All-Inclusive-Angebote und Pauschalangebote des Green Village Eco Resort in Lignano Sabbiadoro!","breadcrumb":{"@id":"https:\/\/www.allinclusivehotels.it\/de\/feriendoerfer\/green-village-resort#breadcrumb"},"inLanguage":"de","potentialAction":[{"@type":"ReadAction","target":["https:\/\/www.allinclusivehotels.it\/de\/feriendoerfer\/green-village-resort"]}]},{"@type":"BreadcrumbList","@id":"https:\/\/www.allinclusivehotels.it\/de\/feriendoerfer\/green-village-resort#breadcrumb","itemListElement":[{"@type":"ListItem","position":1,"name":"Home","item":"https:\/\/www.allinclusivehotels.it\/de"},{"@type":"ListItem","position":2,"name":"Feriend\u00f6rfer","item":"https:\/\/www.allinclusivehotels.it\/de\/feriendoerfer"},{"@type":"ListItem","position":3,"name":"Green Village Eco Resort"}]},{"@type":"WebSite","@id":"https:\/\/www.allinclusivehotels.it\/de#website","url":"https:\/\/www.allinclusivehotels.it\/de","name":"All Inclusive Hotels","description":"","publisher":{"@id":"https:\/\/www.allinclusivehotels.it\/de#organization"},"potentialAction":[{"@type":"SearchAction","target":{"@type":"EntryPoint","urlTemplate":"https:\/\/www.allinclusivehotels.it\/de?s={search_term_string}"},"query-input":{"@type":"PropertyValueSpecification","valueRequired":true,"valueName":"search_term_string"}}],"inLanguage":"de"},{"@type":"Organization","@id":"https:\/\/www.allinclusivehotels.it\/de#organization","name":"All Inclusive Hotels","url":"https:\/\/www.allinclusivehotels.it\/de","logo":{"@type":"ImageObject","inLanguage":"de","@id":"https:\/\/www.allinclusivehotels.it\/de#\/schema\/logo\/image\/","url":"","contentUrl":"","caption":"All Inclusive Hotels"},"image":{"@id":"https:\/\/www.allinclusivehotels.it\/de#\/schema\/logo\/image\/"}}]}},"_links":{"self":[{"href":"https:\/\/www.allinclusivehotels.it\/de\/wp-json\/wp\/v2\/pages\/34221","targetHints":{"allow":["GET"]}}],"collection":[{"href":"https:\/\/www.allinclusivehotels.it\/de\/wp-json\/wp\/v2\/pages"}],"about":[{"href":"https:\/\/www.allinclusivehotels.it\/de\/wp-json\/wp\/v2\/types\/page"}],"author":[{"embeddable":true,"href":"https:\/\/www.allinclusivehotels.it\/de\/wp-json\/wp\/v2\/users\/1"}],"replies":[{"embeddable":true,"href":"https:\/\/www.allinclusivehotels.it\/de\/wp-json\/wp\/v2\/comments?post=34221"}],"version-history":[{"count":3,"href":"https:\/\/www.allinclusivehotels.it\/de\/wp-json\/wp\/v2\/pages\/34221\/revisions"}],"predecessor-version":[{"id":35150,"href":"https:\/\/www.allinclusivehotels.it\/de\/wp-json\/wp\/v2\/pages\/34221\/revisions\/35150"}],"up":[{"embeddable":true,"href":"https:\/\/www.allinclusivehotels.it\/de\/wp-json\/wp\/v2\/pages\/16464"}],"wp:attachment":[{"href":"https:\/\/www.allinclusivehotels.it\/de\/wp-json\/wp\/v2\/media?parent=34221"}],"curies":[{"name":"wp","href":"https:\/\/api.w.org\/{rel}","templated":true}]}}