{"id":34214,"date":"2024-01-09T17:04:17","date_gmt":"2024-01-09T16:04:17","guid":{"rendered":"https:\/\/www.allinclusivehotels.it\/hotels\/hotel-luna"},"modified":"2024-02-12T13:20:11","modified_gmt":"2024-02-12T12:20:11","slug":"hotel-luna","status":"publish","type":"page","link":"https:\/\/www.allinclusivehotels.it\/de\/hotels\/hotel-luna","title":{"rendered":"Hotel Luna"},"content":{"rendered":"\n<p><b>Hotel Luna in Bibione<\/b>\u00a0ist zentral und \u00e4u\u00dferst g\u00fcnstig gelegen, nur <b>50 Meter vom Privatstrand <\/b>entfernt, an dem f\u00fcr unsere G\u00e4ste immer 2 Sonnenliegen und ein Sonnenschirm reserviert sind. Die Fu\u00dfg\u00e4ngerzone ist nur wenige Schritte und die Thermen 300 Meter vom Hotel entfernt.<\/p>\n\n\n\n<!--more-->\n\n\n\n<p>Der weitl\u00e4ufige und gut ausgestattete Strand bietet Unterhaltung f\u00fcr Kinder, im <b>Mini Club und im Baby Club f\u00fcr die ganz Kleinen, aber auch Zumba und Aerobic f\u00fcr Erwachsene. <\/b>Im <b>Mario Land<\/b>, nur 100 Meter vom Aparthotel Imperial entfernt, gibt es <b>pausenlos Unterhaltung<\/b>, mit zahlreichen Freizeitaktivit\u00e4ten, von einem erfahrenen Team organisiert.<\/p>\n\n\n\n<p>Der gro\u00dfz\u00fcgige <b>Hotelpool hat zwei Tiefen und eignet sich auch f\u00fcr Kleinkinder<\/b>; nebenan eine gro\u00dfe\u00a0<b>Sonnenterrasse<\/b> mit Sonnenliegen und <b>Whirlpool<\/b>.<\/p>\n\n\n\n<p>Hotel Luna &#8211; Entspannung und Wellness pur.<\/p>\n","protected":false},"excerpt":{"rendered":"<p>Hotel Luna in Bibione\u00a0ist zentral und \u00e4u\u00dferst g\u00fcnstig gelegen, nur 50 Meter vom Privatstrand entfernt, &hellip;<\/p>\n","protected":false},"author":1,"featured_media":0,"parent":16476,"menu_order":0,"comment_status":"closed","ping_status":"closed","template":"page-templates\/scheda_hotel.php","meta":{"_acf_changed":false,"footnotes":""},"class_list":["post-34214","page","type-page","status-publish","hentry"],"acf":[],"yoast_head":"<!-- This site is optimized with the Yoast SEO plugin v27.0 - https:\/\/yoast.com\/product\/yoast-seo-wordpress\/ -->\n<title>All-Inclusive-Angebote Hotel Luna Bibione<\/title>\n<meta name=\"description\" content=\"Lust auf Urlaub? Mehr \u00fcber die All-Inclusive-Angebote und Pauschalangebote des Hotels Luna in Bibione!\" \/>\n<meta name=\"robots\" content=\"index, follow, max-snippet:-1, max-image-preview:large, max-video-preview:-1\" \/>\n<link rel=\"canonical\" href=\"https:\/\/www.allinclusivehotels.it\/de\/hotels\/hotel-luna\" \/>\n<meta property=\"og:locale\" content=\"de_DE\" \/>\n<meta property=\"og:type\" content=\"article\" \/>\n<meta property=\"og:title\" content=\"All-Inclusive-Angebote Hotel Luna Bibione\" \/>\n<meta property=\"og:description\" content=\"Lust auf Urlaub? Mehr \u00fcber die All-Inclusive-Angebote und Pauschalangebote des Hotels Luna in Bibione!\" \/>\n<meta property=\"og:url\" content=\"https:\/\/www.allinclusivehotels.it\/de\/hotels\/hotel-luna\" \/>\n<meta property=\"og:site_name\" content=\"All Inclusive Hotels\" \/>\n<meta property=\"article:modified_time\" content=\"2024-02-12T12:20:11+00:00\" \/>\n<meta name=\"twitter:card\" content=\"summary_large_image\" \/>\n<meta name=\"twitter:label1\" content=\"Gesch\u00e4tzte Lesezeit\" \/>\n\t<meta name=\"twitter:data1\" content=\"1\u00a0Minute\" \/>\n<script type=\"application\/ld+json\" class=\"yoast-schema-graph\">{\"@context\":\"https:\/\/schema.org\",\"@graph\":[{\"@type\":\"WebPage\",\"@id\":\"https:\/\/www.allinclusivehotels.it\/de\/hotels\/hotel-luna\",\"url\":\"https:\/\/www.allinclusivehotels.it\/de\/hotels\/hotel-luna\",\"name\":\"All-Inclusive-Angebote Hotel Luna Bibione\",\"isPartOf\":{\"@id\":\"https:\/\/www.allinclusivehotels.it\/de#website\"},\"datePublished\":\"2024-01-09T16:04:17+00:00\",\"dateModified\":\"2024-02-12T12:20:11+00:00\",\"description\":\"Lust auf Urlaub? Mehr \u00fcber die All-Inclusive-Angebote und Pauschalangebote des Hotels Luna in Bibione!\",\"breadcrumb\":{\"@id\":\"https:\/\/www.allinclusivehotels.it\/de\/hotels\/hotel-luna#breadcrumb\"},\"inLanguage\":\"de\",\"potentialAction\":[{\"@type\":\"ReadAction\",\"target\":[\"https:\/\/www.allinclusivehotels.it\/de\/hotels\/hotel-luna\"]}]},{\"@type\":\"BreadcrumbList\",\"@id\":\"https:\/\/www.allinclusivehotels.it\/de\/hotels\/hotel-luna#breadcrumb\",\"itemListElement\":[{\"@type\":\"ListItem\",\"position\":1,\"name\":\"Home\",\"item\":\"https:\/\/www.allinclusivehotels.it\/de\"},{\"@type\":\"ListItem\",\"position\":2,\"name\":\"Hotels\",\"item\":\"https:\/\/www.allinclusivehotels.it\/de\/hotels\"},{\"@type\":\"ListItem\",\"position\":3,\"name\":\"Hotel Luna\"}]},{\"@type\":\"WebSite\",\"@id\":\"https:\/\/www.allinclusivehotels.it\/de#website\",\"url\":\"https:\/\/www.allinclusivehotels.it\/de\",\"name\":\"All Inclusive Hotels\",\"description\":\"\",\"publisher\":{\"@id\":\"https:\/\/www.allinclusivehotels.it\/de#organization\"},\"potentialAction\":[{\"@type\":\"SearchAction\",\"target\":{\"@type\":\"EntryPoint\",\"urlTemplate\":\"https:\/\/www.allinclusivehotels.it\/de?s={search_term_string}\"},\"query-input\":{\"@type\":\"PropertyValueSpecification\",\"valueRequired\":true,\"valueName\":\"search_term_string\"}}],\"inLanguage\":\"de\"},{\"@type\":\"Organization\",\"@id\":\"https:\/\/www.allinclusivehotels.it\/de#organization\",\"name\":\"All Inclusive Hotels\",\"url\":\"https:\/\/www.allinclusivehotels.it\/de\",\"logo\":{\"@type\":\"ImageObject\",\"inLanguage\":\"de\",\"@id\":\"https:\/\/www.allinclusivehotels.it\/de#\/schema\/logo\/image\/\",\"url\":\"\",\"contentUrl\":\"\",\"caption\":\"All Inclusive Hotels\"},\"image\":{\"@id\":\"https:\/\/www.allinclusivehotels.it\/de#\/schema\/logo\/image\/\"}}]}<\/script>\n<!-- \/ Yoast SEO plugin. -->","yoast_head_json":{"title":"All-Inclusive-Angebote Hotel Luna Bibione","description":"Lust auf Urlaub? Mehr \u00fcber die All-Inclusive-Angebote und Pauschalangebote des Hotels Luna in Bibione!","robots":{"index":"index","follow":"follow","max-snippet":"max-snippet:-1","max-image-preview":"max-image-preview:large","max-video-preview":"max-video-preview:-1"},"canonical":"https:\/\/www.allinclusivehotels.it\/de\/hotels\/hotel-luna","og_locale":"de_DE","og_type":"article","og_title":"All-Inclusive-Angebote Hotel Luna Bibione","og_description":"Lust auf Urlaub? Mehr \u00fcber die All-Inclusive-Angebote und Pauschalangebote des Hotels Luna in Bibione!","og_url":"https:\/\/www.allinclusivehotels.it\/de\/hotels\/hotel-luna","og_site_name":"All Inclusive Hotels","article_modified_time":"2024-02-12T12:20:11+00:00","twitter_card":"summary_large_image","twitter_misc":{"Gesch\u00e4tzte Lesezeit":"1\u00a0Minute"},"schema":{"@context":"https:\/\/schema.org","@graph":[{"@type":"WebPage","@id":"https:\/\/www.allinclusivehotels.it\/de\/hotels\/hotel-luna","url":"https:\/\/www.allinclusivehotels.it\/de\/hotels\/hotel-luna","name":"All-Inclusive-Angebote Hotel Luna Bibione","isPartOf":{"@id":"https:\/\/www.allinclusivehotels.it\/de#website"},"datePublished":"2024-01-09T16:04:17+00:00","dateModified":"2024-02-12T12:20:11+00:00","description":"Lust auf Urlaub? Mehr \u00fcber die All-Inclusive-Angebote und Pauschalangebote des Hotels Luna in Bibione!","breadcrumb":{"@id":"https:\/\/www.allinclusivehotels.it\/de\/hotels\/hotel-luna#breadcrumb"},"inLanguage":"de","potentialAction":[{"@type":"ReadAction","target":["https:\/\/www.allinclusivehotels.it\/de\/hotels\/hotel-luna"]}]},{"@type":"BreadcrumbList","@id":"https:\/\/www.allinclusivehotels.it\/de\/hotels\/hotel-luna#breadcrumb","itemListElement":[{"@type":"ListItem","position":1,"name":"Home","item":"https:\/\/www.allinclusivehotels.it\/de"},{"@type":"ListItem","position":2,"name":"Hotels","item":"https:\/\/www.allinclusivehotels.it\/de\/hotels"},{"@type":"ListItem","position":3,"name":"Hotel Luna"}]},{"@type":"WebSite","@id":"https:\/\/www.allinclusivehotels.it\/de#website","url":"https:\/\/www.allinclusivehotels.it\/de","name":"All Inclusive Hotels","description":"","publisher":{"@id":"https:\/\/www.allinclusivehotels.it\/de#organization"},"potentialAction":[{"@type":"SearchAction","target":{"@type":"EntryPoint","urlTemplate":"https:\/\/www.allinclusivehotels.it\/de?s={search_term_string}"},"query-input":{"@type":"PropertyValueSpecification","valueRequired":true,"valueName":"search_term_string"}}],"inLanguage":"de"},{"@type":"Organization","@id":"https:\/\/www.allinclusivehotels.it\/de#organization","name":"All Inclusive Hotels","url":"https:\/\/www.allinclusivehotels.it\/de","logo":{"@type":"ImageObject","inLanguage":"de","@id":"https:\/\/www.allinclusivehotels.it\/de#\/schema\/logo\/image\/","url":"","contentUrl":"","caption":"All Inclusive Hotels"},"image":{"@id":"https:\/\/www.allinclusivehotels.it\/de#\/schema\/logo\/image\/"}}]}},"_links":{"self":[{"href":"https:\/\/www.allinclusivehotels.it\/de\/wp-json\/wp\/v2\/pages\/34214","targetHints":{"allow":["GET"]}}],"collection":[{"href":"https:\/\/www.allinclusivehotels.it\/de\/wp-json\/wp\/v2\/pages"}],"about":[{"href":"https:\/\/www.allinclusivehotels.it\/de\/wp-json\/wp\/v2\/types\/page"}],"author":[{"embeddable":true,"href":"https:\/\/www.allinclusivehotels.it\/de\/wp-json\/wp\/v2\/users\/1"}],"replies":[{"embeddable":true,"href":"https:\/\/www.allinclusivehotels.it\/de\/wp-json\/wp\/v2\/comments?post=34214"}],"version-history":[{"count":2,"href":"https:\/\/www.allinclusivehotels.it\/de\/wp-json\/wp\/v2\/pages\/34214\/revisions"}],"predecessor-version":[{"id":35149,"href":"https:\/\/www.allinclusivehotels.it\/de\/wp-json\/wp\/v2\/pages\/34214\/revisions\/35149"}],"up":[{"embeddable":true,"href":"https:\/\/www.allinclusivehotels.it\/de\/wp-json\/wp\/v2\/pages\/16476"}],"wp:attachment":[{"href":"https:\/\/www.allinclusivehotels.it\/de\/wp-json\/wp\/v2\/media?parent=34214"}],"curies":[{"name":"wp","href":"https:\/\/api.w.org\/{rel}","templated":true}]}}