{"id":34188,"date":"2023-12-19T15:41:50","date_gmt":"2023-12-19T14:41:50","guid":{"rendered":"https:\/\/www.allinclusivehotels.it\/urlaubsziele\/cavalese"},"modified":"2023-12-19T15:41:52","modified_gmt":"2023-12-19T14:41:52","slug":"cavalese","status":"publish","type":"page","link":"https:\/\/www.allinclusivehotels.it\/de\/urlaubsziele\/cavalese","title":{"rendered":"Cavalese"},"content":{"rendered":"\n<p>Ihr Urlaub in den <b>All Inclusive-Hotels von Cavalese<\/b> im <b>Fleimstal<\/b> bietet Ihnen das Beste der stets inbegriffenen Serviceleistungen in einer authentischen nat\u00fcrlichen Umgebung wie den <b>Dolomiten<\/b>. Nach einem Tag auf den Pisten des <b>Skigebiets Alpe Cermis<\/b> oder des <b>Skizentrums Latemar<\/b> kann man sich, vielleicht nach einem reichhaltigen Snack, im Wellnesscenter und im beheizten Pool entspannen. Und danach lassen Sie sich von romantischen Abendessen mit Trentiner Produkten und Weinen verf\u00fchren.<\/p>\n\n\n\n<!--more-->\n\n\n\n<p>Wenn Sie sich f\u00fcr Ihren <b>All Inclusive-Urlaub<\/b> in <b>Cavalese <\/b>f\u00fcr ein <b>Family Hotel<\/b> entscheiden, k\u00f6nnen Sie sicher sein, dass Ihre Kinder mit dem Animationsteam Spa\u00df haben und Sie mit ihnen vielleicht besondere Erlebnisse in der Natur, wie Familienwanderungen, lehrreiche Besuche der Almen, Spazierg\u00e4nge im Wald, Tage im Schnee in Cermislandia, genie\u00dfen werden.<\/p>\n\n\n\n<p>Im<b> Fleimstal<\/b> fehlt es nicht an M\u00f6glichkeiten f\u00fcr <b>Outdoor-Aktivit\u00e4ten zu jeder Jahreszeit<\/b>. Neben dem Skifahren kann man im Sommer bis zum<b> Lavaz\u00e8-Pass<\/b> vordringen, ein bei Wanderern beliebtes Gebiet, das von allen als \u201eNaturschauspiel\u201c bezeichnet wird: Wandern, Radfahren, Sportfischen, ein Laufpark mit gut 9 klassischen Strecken, 4 speziellen Strecken und 3 Varianten sind nur einige der Outdoor-Erlebnisse, die man hier genie\u00dfen kann.<\/p>\n\n\n\n<p><b>Cavalese<\/b> hat eine bezaubernde <b>Altstadt<\/b> mit Gesch\u00e4ften, Boutiquen, Pubs und Restaurants zu bieten. Wissbegierige k\u00f6nnen den Palazzo della Magnifica Comunit\u00e0 di Fiemme mit der Pinakothek, den Hexengef\u00e4ngnissen und dem Zentrum f\u00fcr zeitgen\u00f6ssische Kunst besichtigen.<\/p>\n","protected":false},"excerpt":{"rendered":"<p>Ihr Urlaub in den All Inclusive-Hotels von Cavalese im Fleimstal bietet Ihnen das Beste der &hellip;<\/p>\n","protected":false},"author":1,"featured_media":0,"parent":16402,"menu_order":0,"comment_status":"closed","ping_status":"closed","template":"page-templates\/destinazione.php","meta":{"_acf_changed":false,"footnotes":""},"class_list":["post-34188","page","type-page","status-publish","hentry"],"acf":[],"yoast_head":"<!-- This site is optimized with the Yoast SEO plugin v27.0 - https:\/\/yoast.com\/product\/yoast-seo-wordpress\/ -->\n<title>All Inclusive-Hotel Cavalese: Angebote 4-Sterne-Familienhotels<\/title>\n<meta name=\"description\" content=\"M\u00f6chten Sie ein All Inclusive-Hotel in Cavalese? Mehr \u00fcber die gro\u00dfe Auswahl an All Inclusive-Hotels in Italien. Zu den Angeboten!\" \/>\n<meta name=\"robots\" content=\"index, follow, max-snippet:-1, max-image-preview:large, max-video-preview:-1\" \/>\n<link rel=\"canonical\" href=\"https:\/\/www.allinclusivehotels.it\/de\/urlaubsziele\/cavalese\" \/>\n<meta property=\"og:locale\" content=\"de_DE\" \/>\n<meta property=\"og:type\" content=\"article\" \/>\n<meta property=\"og:title\" content=\"All Inclusive-Hotel Cavalese: Angebote 4-Sterne-Familienhotels\" \/>\n<meta property=\"og:description\" content=\"M\u00f6chten Sie ein All Inclusive-Hotel in Cavalese? Mehr \u00fcber die gro\u00dfe Auswahl an All Inclusive-Hotels in Italien. Zu den Angeboten!\" \/>\n<meta property=\"og:url\" content=\"https:\/\/www.allinclusivehotels.it\/de\/urlaubsziele\/cavalese\" \/>\n<meta property=\"og:site_name\" content=\"All Inclusive Hotels\" \/>\n<meta property=\"article:modified_time\" content=\"2023-12-19T14:41:52+00:00\" \/>\n<meta name=\"twitter:card\" content=\"summary_large_image\" \/>\n<meta name=\"twitter:label1\" content=\"Gesch\u00e4tzte Lesezeit\" \/>\n\t<meta name=\"twitter:data1\" content=\"1\u00a0Minute\" \/>\n<script type=\"application\/ld+json\" class=\"yoast-schema-graph\">{\"@context\":\"https:\/\/schema.org\",\"@graph\":[{\"@type\":\"WebPage\",\"@id\":\"https:\/\/www.allinclusivehotels.it\/de\/urlaubsziele\/cavalese\",\"url\":\"https:\/\/www.allinclusivehotels.it\/de\/urlaubsziele\/cavalese\",\"name\":\"All Inclusive-Hotel Cavalese: Angebote 4-Sterne-Familienhotels\",\"isPartOf\":{\"@id\":\"https:\/\/www.allinclusivehotels.it\/de#website\"},\"datePublished\":\"2023-12-19T14:41:50+00:00\",\"dateModified\":\"2023-12-19T14:41:52+00:00\",\"description\":\"M\u00f6chten Sie ein All Inclusive-Hotel in Cavalese? Mehr \u00fcber die gro\u00dfe Auswahl an All Inclusive-Hotels in Italien. Zu den Angeboten!\",\"breadcrumb\":{\"@id\":\"https:\/\/www.allinclusivehotels.it\/de\/urlaubsziele\/cavalese#breadcrumb\"},\"inLanguage\":\"de\",\"potentialAction\":[{\"@type\":\"ReadAction\",\"target\":[\"https:\/\/www.allinclusivehotels.it\/de\/urlaubsziele\/cavalese\"]}]},{\"@type\":\"BreadcrumbList\",\"@id\":\"https:\/\/www.allinclusivehotels.it\/de\/urlaubsziele\/cavalese#breadcrumb\",\"itemListElement\":[{\"@type\":\"ListItem\",\"position\":1,\"name\":\"Home\",\"item\":\"https:\/\/www.allinclusivehotels.it\/de\"},{\"@type\":\"ListItem\",\"position\":2,\"name\":\"Urlaubsziele\",\"item\":\"https:\/\/www.allinclusivehotels.it\/de\/urlaubsziele\"},{\"@type\":\"ListItem\",\"position\":3,\"name\":\"Cavalese\"}]},{\"@type\":\"WebSite\",\"@id\":\"https:\/\/www.allinclusivehotels.it\/de#website\",\"url\":\"https:\/\/www.allinclusivehotels.it\/de\",\"name\":\"All Inclusive Hotels\",\"description\":\"\",\"publisher\":{\"@id\":\"https:\/\/www.allinclusivehotels.it\/de#organization\"},\"potentialAction\":[{\"@type\":\"SearchAction\",\"target\":{\"@type\":\"EntryPoint\",\"urlTemplate\":\"https:\/\/www.allinclusivehotels.it\/de?s={search_term_string}\"},\"query-input\":{\"@type\":\"PropertyValueSpecification\",\"valueRequired\":true,\"valueName\":\"search_term_string\"}}],\"inLanguage\":\"de\"},{\"@type\":\"Organization\",\"@id\":\"https:\/\/www.allinclusivehotels.it\/de#organization\",\"name\":\"All Inclusive Hotels\",\"url\":\"https:\/\/www.allinclusivehotels.it\/de\",\"logo\":{\"@type\":\"ImageObject\",\"inLanguage\":\"de\",\"@id\":\"https:\/\/www.allinclusivehotels.it\/de#\/schema\/logo\/image\/\",\"url\":\"\",\"contentUrl\":\"\",\"caption\":\"All Inclusive Hotels\"},\"image\":{\"@id\":\"https:\/\/www.allinclusivehotels.it\/de#\/schema\/logo\/image\/\"}}]}<\/script>\n<!-- \/ Yoast SEO plugin. -->","yoast_head_json":{"title":"All Inclusive-Hotel Cavalese: Angebote 4-Sterne-Familienhotels","description":"M\u00f6chten Sie ein All Inclusive-Hotel in Cavalese? Mehr \u00fcber die gro\u00dfe Auswahl an All Inclusive-Hotels in Italien. Zu den Angeboten!","robots":{"index":"index","follow":"follow","max-snippet":"max-snippet:-1","max-image-preview":"max-image-preview:large","max-video-preview":"max-video-preview:-1"},"canonical":"https:\/\/www.allinclusivehotels.it\/de\/urlaubsziele\/cavalese","og_locale":"de_DE","og_type":"article","og_title":"All Inclusive-Hotel Cavalese: Angebote 4-Sterne-Familienhotels","og_description":"M\u00f6chten Sie ein All Inclusive-Hotel in Cavalese? Mehr \u00fcber die gro\u00dfe Auswahl an All Inclusive-Hotels in Italien. Zu den Angeboten!","og_url":"https:\/\/www.allinclusivehotels.it\/de\/urlaubsziele\/cavalese","og_site_name":"All Inclusive Hotels","article_modified_time":"2023-12-19T14:41:52+00:00","twitter_card":"summary_large_image","twitter_misc":{"Gesch\u00e4tzte Lesezeit":"1\u00a0Minute"},"schema":{"@context":"https:\/\/schema.org","@graph":[{"@type":"WebPage","@id":"https:\/\/www.allinclusivehotels.it\/de\/urlaubsziele\/cavalese","url":"https:\/\/www.allinclusivehotels.it\/de\/urlaubsziele\/cavalese","name":"All Inclusive-Hotel Cavalese: Angebote 4-Sterne-Familienhotels","isPartOf":{"@id":"https:\/\/www.allinclusivehotels.it\/de#website"},"datePublished":"2023-12-19T14:41:50+00:00","dateModified":"2023-12-19T14:41:52+00:00","description":"M\u00f6chten Sie ein All Inclusive-Hotel in Cavalese? Mehr \u00fcber die gro\u00dfe Auswahl an All Inclusive-Hotels in Italien. Zu den Angeboten!","breadcrumb":{"@id":"https:\/\/www.allinclusivehotels.it\/de\/urlaubsziele\/cavalese#breadcrumb"},"inLanguage":"de","potentialAction":[{"@type":"ReadAction","target":["https:\/\/www.allinclusivehotels.it\/de\/urlaubsziele\/cavalese"]}]},{"@type":"BreadcrumbList","@id":"https:\/\/www.allinclusivehotels.it\/de\/urlaubsziele\/cavalese#breadcrumb","itemListElement":[{"@type":"ListItem","position":1,"name":"Home","item":"https:\/\/www.allinclusivehotels.it\/de"},{"@type":"ListItem","position":2,"name":"Urlaubsziele","item":"https:\/\/www.allinclusivehotels.it\/de\/urlaubsziele"},{"@type":"ListItem","position":3,"name":"Cavalese"}]},{"@type":"WebSite","@id":"https:\/\/www.allinclusivehotels.it\/de#website","url":"https:\/\/www.allinclusivehotels.it\/de","name":"All Inclusive Hotels","description":"","publisher":{"@id":"https:\/\/www.allinclusivehotels.it\/de#organization"},"potentialAction":[{"@type":"SearchAction","target":{"@type":"EntryPoint","urlTemplate":"https:\/\/www.allinclusivehotels.it\/de?s={search_term_string}"},"query-input":{"@type":"PropertyValueSpecification","valueRequired":true,"valueName":"search_term_string"}}],"inLanguage":"de"},{"@type":"Organization","@id":"https:\/\/www.allinclusivehotels.it\/de#organization","name":"All Inclusive Hotels","url":"https:\/\/www.allinclusivehotels.it\/de","logo":{"@type":"ImageObject","inLanguage":"de","@id":"https:\/\/www.allinclusivehotels.it\/de#\/schema\/logo\/image\/","url":"","contentUrl":"","caption":"All Inclusive Hotels"},"image":{"@id":"https:\/\/www.allinclusivehotels.it\/de#\/schema\/logo\/image\/"}}]}},"_links":{"self":[{"href":"https:\/\/www.allinclusivehotels.it\/de\/wp-json\/wp\/v2\/pages\/34188","targetHints":{"allow":["GET"]}}],"collection":[{"href":"https:\/\/www.allinclusivehotels.it\/de\/wp-json\/wp\/v2\/pages"}],"about":[{"href":"https:\/\/www.allinclusivehotels.it\/de\/wp-json\/wp\/v2\/types\/page"}],"author":[{"embeddable":true,"href":"https:\/\/www.allinclusivehotels.it\/de\/wp-json\/wp\/v2\/users\/1"}],"replies":[{"embeddable":true,"href":"https:\/\/www.allinclusivehotels.it\/de\/wp-json\/wp\/v2\/comments?post=34188"}],"version-history":[{"count":1,"href":"https:\/\/www.allinclusivehotels.it\/de\/wp-json\/wp\/v2\/pages\/34188\/revisions"}],"predecessor-version":[{"id":34189,"href":"https:\/\/www.allinclusivehotels.it\/de\/wp-json\/wp\/v2\/pages\/34188\/revisions\/34189"}],"up":[{"embeddable":true,"href":"https:\/\/www.allinclusivehotels.it\/de\/wp-json\/wp\/v2\/pages\/16402"}],"wp:attachment":[{"href":"https:\/\/www.allinclusivehotels.it\/de\/wp-json\/wp\/v2\/media?parent=34188"}],"curies":[{"name":"wp","href":"https:\/\/api.w.org\/{rel}","templated":true}]}}