{"id":33885,"date":"2023-12-12T13:05:13","date_gmt":"2023-12-12T12:05:13","guid":{"rendered":"https:\/\/www.allinclusivehotels.it\/hotels\/hotel-club-la-villa"},"modified":"2026-01-07T11:40:40","modified_gmt":"2026-01-07T10:40:40","slug":"hotel-club-la-villa","status":"publish","type":"page","link":"https:\/\/www.allinclusivehotels.it\/de\/hotels\/hotel-club-la-villa","title":{"rendered":"Hotel Club La Villa"},"content":{"rendered":"\n<p>Das <b>Hotel Club La Villa<\/b> in <b>Martinsicuro<\/b>, <b>in den Abruzzen<\/b>, verf\u00fcgt \u00fcber verschiedene Arten von <b>Zimmern<\/b> und <b>Wohnungen<\/b>, ideal f\u00fcr Paare und Familien. Das Hotel verf\u00fcgt \u00fcber einen <b>Privatstrand<\/b>, die Anlage <b>La Villa Beach<\/b>, mit einem gro\u00dfen Strandbereich, in dem man sich in absoluter Privatsph\u00e4re entspannen kann, einen <b>sicheren Spielplatz<\/b> f\u00fcr Kinder, <b>Sportpl\u00e4tze <\/b>&#8211; f\u00fcr Beachvolleyball, Strandtennis, Bowling &#8211; und warme Duschen.<\/p>\n\n\n\n<!--more-->\n\n\n\n<p>Zum Hotel geh\u00f6ren ein <b>gro\u00dfer zentraler Swimmingpool<\/b>, ein <b>Babybecken<\/b> mit Wasserpilz, ein <b>Whirlpool <\/b>mit Entspannungsbereich und eine <b>gro\u00dfe Sonnenterrasse<\/b> mit Liegest\u00fchlen.<\/p>\n\n\n\n<p>Das <b>Maskottchen Orso Miele (Honigb\u00e4r) <\/b>und das Animationsteam laden alle <b>Kinder ab 4 Jahren<\/b> zu Spiel und Spa\u00df ein: <b>morgens am Strand<\/b> mit Gruppenspielen und spielerischen Aktivit\u00e4ten; nachmittags, nach einem <b>Snack<\/b> im <b>Park von Orso Miele<\/b> mit kreativen Workshops, Spielen am Strand und Aktivit\u00e4ten am Pool; abends mit dem<b> Bear Dance<\/b>.<\/p>\n\n\n\n<p>Das <b>t\u00e4gliche Aktivit\u00e4tsprogramm <\/b>bietet <b>Kindern <\/b>und <b>Erwachsenen<\/b> Spiele, Turniere, Abendshows, Musikabende und Themenpartys am Strand. Der <b>Teen&#039;s Club<\/b> organisiert Aktivit\u00e4ten f\u00fcr <b>Jugendliche ab 12 Jahren<\/b>, immer in Begleitung von Animateuren.<\/p>\n\n\n\n<p>Das <b>Hotel Club La Villa<\/b> legt Wert auf ein <b>umweltbewusstes Engagement<\/b> mit \u00f6kologischen Initiativen f\u00fcr einen Urlaub mit geringer Umweltbelastung.<\/p>\n","protected":false},"excerpt":{"rendered":"<p>Das Hotel Club La Villa in Martinsicuro, in den Abruzzen, verf\u00fcgt \u00fcber verschiedene Arten von &hellip;<\/p>\n","protected":false},"author":1,"featured_media":0,"parent":16476,"menu_order":0,"comment_status":"closed","ping_status":"closed","template":"page-templates\/scheda_hotel.php","meta":{"_acf_changed":false,"footnotes":""},"class_list":["post-33885","page","type-page","status-publish","hentry"],"acf":[],"yoast_head":"<!-- This site is optimized with the Yoast SEO plugin v27.6 - https:\/\/yoast.com\/product\/yoast-seo-wordpress\/ -->\n<title>All-Inclusive-Angebote Hotel Club La Villa Martinsicuro<\/title>\n<meta name=\"description\" content=\"Lust auf Urlaub? Entdecken Sie die All-Inclusive-Angebote und All-Inclusive-Pakete des Hotels Club La Villa in Villarosa di Martinsicuro!\" \/>\n<meta name=\"robots\" content=\"index, follow, max-snippet:-1, max-image-preview:large, max-video-preview:-1\" \/>\n<link rel=\"canonical\" href=\"https:\/\/www.allinclusivehotels.it\/de\/hotels\/hotel-club-la-villa\" \/>\n<meta property=\"og:locale\" content=\"de_DE\" \/>\n<meta property=\"og:type\" content=\"article\" \/>\n<meta property=\"og:title\" content=\"All-Inclusive-Angebote Hotel Club La Villa Martinsicuro\" \/>\n<meta property=\"og:description\" content=\"Lust auf Urlaub? Entdecken Sie die All-Inclusive-Angebote und All-Inclusive-Pakete des Hotels Club La Villa in Villarosa di Martinsicuro!\" \/>\n<meta property=\"og:url\" content=\"https:\/\/www.allinclusivehotels.it\/de\/hotels\/hotel-club-la-villa\" \/>\n<meta property=\"og:site_name\" content=\"All Inclusive Hotels\" \/>\n<meta property=\"article:modified_time\" content=\"2026-01-07T10:40:40+00:00\" \/>\n<meta name=\"twitter:card\" content=\"summary_large_image\" \/>\n<meta name=\"twitter:label1\" content=\"Gesch\u00e4tzte Lesezeit\" \/>\n\t<meta name=\"twitter:data1\" content=\"1\u00a0Minute\" \/>\n<script type=\"application\/ld+json\" class=\"yoast-schema-graph\">{\"@context\":\"https:\\\/\\\/schema.org\",\"@graph\":[{\"@type\":\"WebPage\",\"@id\":\"https:\\\/\\\/www.allinclusivehotels.it\\\/de\\\/hotels\\\/hotel-club-la-villa\",\"url\":\"https:\\\/\\\/www.allinclusivehotels.it\\\/de\\\/hotels\\\/hotel-club-la-villa\",\"name\":\"All-Inclusive-Angebote Hotel Club La Villa Martinsicuro\",\"isPartOf\":{\"@id\":\"https:\\\/\\\/www.allinclusivehotels.it\\\/de#website\"},\"datePublished\":\"2023-12-12T12:05:13+00:00\",\"dateModified\":\"2026-01-07T10:40:40+00:00\",\"description\":\"Lust auf Urlaub? Entdecken Sie die All-Inclusive-Angebote und All-Inclusive-Pakete des Hotels Club La Villa in Villarosa di Martinsicuro!\",\"breadcrumb\":{\"@id\":\"https:\\\/\\\/www.allinclusivehotels.it\\\/de\\\/hotels\\\/hotel-club-la-villa#breadcrumb\"},\"inLanguage\":\"de\",\"potentialAction\":[{\"@type\":\"ReadAction\",\"target\":[\"https:\\\/\\\/www.allinclusivehotels.it\\\/de\\\/hotels\\\/hotel-club-la-villa\"]}]},{\"@type\":\"BreadcrumbList\",\"@id\":\"https:\\\/\\\/www.allinclusivehotels.it\\\/de\\\/hotels\\\/hotel-club-la-villa#breadcrumb\",\"itemListElement\":[{\"@type\":\"ListItem\",\"position\":1,\"name\":\"Home\",\"item\":\"https:\\\/\\\/www.allinclusivehotels.it\\\/de\"},{\"@type\":\"ListItem\",\"position\":2,\"name\":\"Hotels\",\"item\":\"https:\\\/\\\/www.allinclusivehotels.it\\\/de\\\/hotels\"},{\"@type\":\"ListItem\",\"position\":3,\"name\":\"Hotel Club La Villa\"}]},{\"@type\":\"WebSite\",\"@id\":\"https:\\\/\\\/www.allinclusivehotels.it\\\/de#website\",\"url\":\"https:\\\/\\\/www.allinclusivehotels.it\\\/de\",\"name\":\"All Inclusive Hotels\",\"description\":\"\",\"publisher\":{\"@id\":\"https:\\\/\\\/www.allinclusivehotels.it\\\/de#organization\"},\"potentialAction\":[{\"@type\":\"SearchAction\",\"target\":{\"@type\":\"EntryPoint\",\"urlTemplate\":\"https:\\\/\\\/www.allinclusivehotels.it\\\/de?s={search_term_string}\"},\"query-input\":{\"@type\":\"PropertyValueSpecification\",\"valueRequired\":true,\"valueName\":\"search_term_string\"}}],\"inLanguage\":\"de\"},{\"@type\":\"Organization\",\"@id\":\"https:\\\/\\\/www.allinclusivehotels.it\\\/de#organization\",\"name\":\"All Inclusive Hotels\",\"url\":\"https:\\\/\\\/www.allinclusivehotels.it\\\/de\",\"logo\":{\"@type\":\"ImageObject\",\"inLanguage\":\"de\",\"@id\":\"https:\\\/\\\/www.allinclusivehotels.it\\\/de#\\\/schema\\\/logo\\\/image\\\/\",\"url\":\"\",\"contentUrl\":\"\",\"caption\":\"All Inclusive Hotels\"},\"image\":{\"@id\":\"https:\\\/\\\/www.allinclusivehotels.it\\\/de#\\\/schema\\\/logo\\\/image\\\/\"}}]}<\/script>\n<!-- \/ Yoast SEO plugin. -->","yoast_head_json":{"title":"All-Inclusive-Angebote Hotel Club La Villa Martinsicuro","description":"Lust auf Urlaub? Entdecken Sie die All-Inclusive-Angebote und All-Inclusive-Pakete des Hotels Club La Villa in Villarosa di Martinsicuro!","robots":{"index":"index","follow":"follow","max-snippet":"max-snippet:-1","max-image-preview":"max-image-preview:large","max-video-preview":"max-video-preview:-1"},"canonical":"https:\/\/www.allinclusivehotels.it\/de\/hotels\/hotel-club-la-villa","og_locale":"de_DE","og_type":"article","og_title":"All-Inclusive-Angebote Hotel Club La Villa Martinsicuro","og_description":"Lust auf Urlaub? Entdecken Sie die All-Inclusive-Angebote und All-Inclusive-Pakete des Hotels Club La Villa in Villarosa di Martinsicuro!","og_url":"https:\/\/www.allinclusivehotels.it\/de\/hotels\/hotel-club-la-villa","og_site_name":"All Inclusive Hotels","article_modified_time":"2026-01-07T10:40:40+00:00","twitter_card":"summary_large_image","twitter_misc":{"Gesch\u00e4tzte Lesezeit":"1\u00a0Minute"},"schema":{"@context":"https:\/\/schema.org","@graph":[{"@type":"WebPage","@id":"https:\/\/www.allinclusivehotels.it\/de\/hotels\/hotel-club-la-villa","url":"https:\/\/www.allinclusivehotels.it\/de\/hotels\/hotel-club-la-villa","name":"All-Inclusive-Angebote Hotel Club La Villa Martinsicuro","isPartOf":{"@id":"https:\/\/www.allinclusivehotels.it\/de#website"},"datePublished":"2023-12-12T12:05:13+00:00","dateModified":"2026-01-07T10:40:40+00:00","description":"Lust auf Urlaub? Entdecken Sie die All-Inclusive-Angebote und All-Inclusive-Pakete des Hotels Club La Villa in Villarosa di Martinsicuro!","breadcrumb":{"@id":"https:\/\/www.allinclusivehotels.it\/de\/hotels\/hotel-club-la-villa#breadcrumb"},"inLanguage":"de","potentialAction":[{"@type":"ReadAction","target":["https:\/\/www.allinclusivehotels.it\/de\/hotels\/hotel-club-la-villa"]}]},{"@type":"BreadcrumbList","@id":"https:\/\/www.allinclusivehotels.it\/de\/hotels\/hotel-club-la-villa#breadcrumb","itemListElement":[{"@type":"ListItem","position":1,"name":"Home","item":"https:\/\/www.allinclusivehotels.it\/de"},{"@type":"ListItem","position":2,"name":"Hotels","item":"https:\/\/www.allinclusivehotels.it\/de\/hotels"},{"@type":"ListItem","position":3,"name":"Hotel Club La Villa"}]},{"@type":"WebSite","@id":"https:\/\/www.allinclusivehotels.it\/de#website","url":"https:\/\/www.allinclusivehotels.it\/de","name":"All Inclusive Hotels","description":"","publisher":{"@id":"https:\/\/www.allinclusivehotels.it\/de#organization"},"potentialAction":[{"@type":"SearchAction","target":{"@type":"EntryPoint","urlTemplate":"https:\/\/www.allinclusivehotels.it\/de?s={search_term_string}"},"query-input":{"@type":"PropertyValueSpecification","valueRequired":true,"valueName":"search_term_string"}}],"inLanguage":"de"},{"@type":"Organization","@id":"https:\/\/www.allinclusivehotels.it\/de#organization","name":"All Inclusive Hotels","url":"https:\/\/www.allinclusivehotels.it\/de","logo":{"@type":"ImageObject","inLanguage":"de","@id":"https:\/\/www.allinclusivehotels.it\/de#\/schema\/logo\/image\/","url":"","contentUrl":"","caption":"All Inclusive Hotels"},"image":{"@id":"https:\/\/www.allinclusivehotels.it\/de#\/schema\/logo\/image\/"}}]}},"_links":{"self":[{"href":"https:\/\/www.allinclusivehotels.it\/de\/wp-json\/wp\/v2\/pages\/33885","targetHints":{"allow":["GET"]}}],"collection":[{"href":"https:\/\/www.allinclusivehotels.it\/de\/wp-json\/wp\/v2\/pages"}],"about":[{"href":"https:\/\/www.allinclusivehotels.it\/de\/wp-json\/wp\/v2\/types\/page"}],"author":[{"embeddable":true,"href":"https:\/\/www.allinclusivehotels.it\/de\/wp-json\/wp\/v2\/users\/1"}],"replies":[{"embeddable":true,"href":"https:\/\/www.allinclusivehotels.it\/de\/wp-json\/wp\/v2\/comments?post=33885"}],"version-history":[{"count":6,"href":"https:\/\/www.allinclusivehotels.it\/de\/wp-json\/wp\/v2\/pages\/33885\/revisions"}],"predecessor-version":[{"id":50329,"href":"https:\/\/www.allinclusivehotels.it\/de\/wp-json\/wp\/v2\/pages\/33885\/revisions\/50329"}],"up":[{"embeddable":true,"href":"https:\/\/www.allinclusivehotels.it\/de\/wp-json\/wp\/v2\/pages\/16476"}],"wp:attachment":[{"href":"https:\/\/www.allinclusivehotels.it\/de\/wp-json\/wp\/v2\/media?parent=33885"}],"curies":[{"name":"wp","href":"https:\/\/api.w.org\/{rel}","templated":true}]}}