{"id":33250,"date":"2023-11-22T08:49:49","date_gmt":"2023-11-22T07:49:49","guid":{"rendered":"https:\/\/www.allinclusivehotels.it\/hotels\/hotel-vienna"},"modified":"2023-12-19T15:20:53","modified_gmt":"2023-12-19T14:20:53","slug":"hotel-vienna","status":"publish","type":"page","link":"https:\/\/www.allinclusivehotels.it\/de\/hotels\/hotel-vienna","title":{"rendered":"Hotel Vienna"},"content":{"rendered":"\n<p>Das <b>Hotel Vienna<\/b> in <b>Primiero San Martino di Castrozza<\/b> bietet einen wundersch\u00f6nen Weitblick \u00fcber die Dolomiten. Bei Ihrem <b>All Inclusive-Urlaub in Trentino-S\u00fcdtirol<\/b> erwarten Sie beste Leistungen, die immer inbegriffen sind. So zum Beispiel der <b>Zugang zum Panorama-Spa<\/b>, der von 14.00 bis 20.00 Uhr und ausschlie\u00dflich f\u00fcr Erwachsene ab 17.00 Uhr ge\u00f6ffnet ist, wo man sich nach einem Ski- oder Wandertag in den Bergen in besonders gro\u00dfer Sauna, Bio-Sauna, t\u00fcrkischem Bad mit Bergessenzen, Wellnessduschen, <b>beheiztem Pool und Warmwasser<\/b>&#8211;<b>Whirlpool im Freien <\/b>entspannen kann.<\/p>\n\n\n\n<!--more-->\n\n\n\n<p>Wenn Sie<b> mit Kindern unterwegs sind<\/b>, k\u00f6nnen Sie sich mit ihnen im Schwimmbad vergn\u00fcgen oder sie unseren AnimateurInnen anvertrauen, die f\u00fcr Kinder ab dem <b>vollendeten 4. Lebensjahr<\/b> Aktivit\u00e4ten im<b> Mini- <\/b>und <b>Juniorclub<\/b> organisieren. Zudem werden im Sommer auch <b>Ausfl\u00fcge f\u00fcr Erwachsene und Kinder<\/b> angeboten, wie z. B. Besuche von Almen und hochgelegenen Vergn\u00fcgungsparks, Wanderungen mit Naturparkf\u00fchrern und Erlebnisse f\u00fcr Paare.<\/p>\n\n\n\n<p>Der <b>5000 m2 gro\u00dfe Garten<\/b> bietet den G\u00e4sten einen <b>Kneipp-Teich<\/b>, Kinderspiele und eine <b>Panoramaterrasse<\/b> mit Sonnenschirmen, Liegest\u00fchlen und Tischen f\u00fcr Mahlzeiten im Freien. F\u00fcr Skifans bietet das Hotel einen <b>Abstellraum<\/b> f\u00fcr die Ausr\u00fcstung, einen <b>Transferservice <\/b>zu den Pisten, <b>Sondervereinbarungen mit Skischulen<\/b> f\u00fcr Kinder und Jugendliche sowie <b>Skiausr\u00fcstung f\u00fcr Kinder<\/b>.<\/p>\n\n\n\n<p>Ein <b>Garagenplatz<\/b> ist immer garantiert.<\/p>\n","protected":false},"excerpt":{"rendered":"<p>Das Hotel Vienna in Primiero San Martino di Castrozza bietet einen wundersch\u00f6nen Weitblick \u00fcber die &hellip;<\/p>\n","protected":false},"author":1,"featured_media":0,"parent":16476,"menu_order":0,"comment_status":"closed","ping_status":"closed","template":"page-templates\/scheda_hotel.php","meta":{"_acf_changed":false,"footnotes":""},"class_list":["post-33250","page","type-page","status-publish","hentry"],"acf":[],"yoast_head":"<!-- This site is optimized with the Yoast SEO plugin v27.0 - https:\/\/yoast.com\/product\/yoast-seo-wordpress\/ -->\n<title>All Inclusive-Angebote des Hotels Vienna, San Martino di Castrozza<\/title>\n<meta name=\"description\" content=\"Lust auf Urlaub? Mehr \u00fcber die All Inclusive-Angebote und -Arrangements des Hotels Vienna in Primiero San Martino di Castrozza\" \/>\n<meta name=\"robots\" content=\"index, follow, max-snippet:-1, max-image-preview:large, max-video-preview:-1\" \/>\n<link rel=\"canonical\" href=\"https:\/\/www.allinclusivehotels.it\/de\/hotels\/hotel-vienna\" \/>\n<meta property=\"og:locale\" content=\"de_DE\" \/>\n<meta property=\"og:type\" content=\"article\" \/>\n<meta property=\"og:title\" content=\"All Inclusive-Angebote des Hotels Vienna, San Martino di Castrozza\" \/>\n<meta property=\"og:description\" content=\"Lust auf Urlaub? Mehr \u00fcber die All Inclusive-Angebote und -Arrangements des Hotels Vienna in Primiero San Martino di Castrozza\" \/>\n<meta property=\"og:url\" content=\"https:\/\/www.allinclusivehotels.it\/de\/hotels\/hotel-vienna\" \/>\n<meta property=\"og:site_name\" content=\"All Inclusive Hotels\" \/>\n<meta property=\"article:modified_time\" content=\"2023-12-19T14:20:53+00:00\" \/>\n<meta name=\"twitter:card\" content=\"summary_large_image\" \/>\n<meta name=\"twitter:label1\" content=\"Gesch\u00e4tzte Lesezeit\" \/>\n\t<meta name=\"twitter:data1\" content=\"1\u00a0Minute\" \/>\n<script type=\"application\/ld+json\" class=\"yoast-schema-graph\">{\"@context\":\"https:\/\/schema.org\",\"@graph\":[{\"@type\":\"WebPage\",\"@id\":\"https:\/\/www.allinclusivehotels.it\/de\/hotels\/hotel-vienna\",\"url\":\"https:\/\/www.allinclusivehotels.it\/de\/hotels\/hotel-vienna\",\"name\":\"All Inclusive-Angebote des Hotels Vienna, San Martino di Castrozza\",\"isPartOf\":{\"@id\":\"https:\/\/www.allinclusivehotels.it\/de#website\"},\"datePublished\":\"2023-11-22T07:49:49+00:00\",\"dateModified\":\"2023-12-19T14:20:53+00:00\",\"description\":\"Lust auf Urlaub? Mehr \u00fcber die All Inclusive-Angebote und -Arrangements des Hotels Vienna in Primiero San Martino di Castrozza\",\"breadcrumb\":{\"@id\":\"https:\/\/www.allinclusivehotels.it\/de\/hotels\/hotel-vienna#breadcrumb\"},\"inLanguage\":\"de\",\"potentialAction\":[{\"@type\":\"ReadAction\",\"target\":[\"https:\/\/www.allinclusivehotels.it\/de\/hotels\/hotel-vienna\"]}]},{\"@type\":\"BreadcrumbList\",\"@id\":\"https:\/\/www.allinclusivehotels.it\/de\/hotels\/hotel-vienna#breadcrumb\",\"itemListElement\":[{\"@type\":\"ListItem\",\"position\":1,\"name\":\"Home\",\"item\":\"https:\/\/www.allinclusivehotels.it\/de\"},{\"@type\":\"ListItem\",\"position\":2,\"name\":\"Hotels\",\"item\":\"https:\/\/www.allinclusivehotels.it\/de\/hotels\"},{\"@type\":\"ListItem\",\"position\":3,\"name\":\"Hotel Vienna\"}]},{\"@type\":\"WebSite\",\"@id\":\"https:\/\/www.allinclusivehotels.it\/de#website\",\"url\":\"https:\/\/www.allinclusivehotels.it\/de\",\"name\":\"All Inclusive Hotels\",\"description\":\"\",\"publisher\":{\"@id\":\"https:\/\/www.allinclusivehotels.it\/de#organization\"},\"potentialAction\":[{\"@type\":\"SearchAction\",\"target\":{\"@type\":\"EntryPoint\",\"urlTemplate\":\"https:\/\/www.allinclusivehotels.it\/de?s={search_term_string}\"},\"query-input\":{\"@type\":\"PropertyValueSpecification\",\"valueRequired\":true,\"valueName\":\"search_term_string\"}}],\"inLanguage\":\"de\"},{\"@type\":\"Organization\",\"@id\":\"https:\/\/www.allinclusivehotels.it\/de#organization\",\"name\":\"All Inclusive Hotels\",\"url\":\"https:\/\/www.allinclusivehotels.it\/de\",\"logo\":{\"@type\":\"ImageObject\",\"inLanguage\":\"de\",\"@id\":\"https:\/\/www.allinclusivehotels.it\/de#\/schema\/logo\/image\/\",\"url\":\"\",\"contentUrl\":\"\",\"caption\":\"All Inclusive Hotels\"},\"image\":{\"@id\":\"https:\/\/www.allinclusivehotels.it\/de#\/schema\/logo\/image\/\"}}]}<\/script>\n<!-- \/ Yoast SEO plugin. -->","yoast_head_json":{"title":"All Inclusive-Angebote des Hotels Vienna, San Martino di Castrozza","description":"Lust auf Urlaub? Mehr \u00fcber die All Inclusive-Angebote und -Arrangements des Hotels Vienna in Primiero San Martino di Castrozza","robots":{"index":"index","follow":"follow","max-snippet":"max-snippet:-1","max-image-preview":"max-image-preview:large","max-video-preview":"max-video-preview:-1"},"canonical":"https:\/\/www.allinclusivehotels.it\/de\/hotels\/hotel-vienna","og_locale":"de_DE","og_type":"article","og_title":"All Inclusive-Angebote des Hotels Vienna, San Martino di Castrozza","og_description":"Lust auf Urlaub? Mehr \u00fcber die All Inclusive-Angebote und -Arrangements des Hotels Vienna in Primiero San Martino di Castrozza","og_url":"https:\/\/www.allinclusivehotels.it\/de\/hotels\/hotel-vienna","og_site_name":"All Inclusive Hotels","article_modified_time":"2023-12-19T14:20:53+00:00","twitter_card":"summary_large_image","twitter_misc":{"Gesch\u00e4tzte Lesezeit":"1\u00a0Minute"},"schema":{"@context":"https:\/\/schema.org","@graph":[{"@type":"WebPage","@id":"https:\/\/www.allinclusivehotels.it\/de\/hotels\/hotel-vienna","url":"https:\/\/www.allinclusivehotels.it\/de\/hotels\/hotel-vienna","name":"All Inclusive-Angebote des Hotels Vienna, San Martino di Castrozza","isPartOf":{"@id":"https:\/\/www.allinclusivehotels.it\/de#website"},"datePublished":"2023-11-22T07:49:49+00:00","dateModified":"2023-12-19T14:20:53+00:00","description":"Lust auf Urlaub? Mehr \u00fcber die All Inclusive-Angebote und -Arrangements des Hotels Vienna in Primiero San Martino di Castrozza","breadcrumb":{"@id":"https:\/\/www.allinclusivehotels.it\/de\/hotels\/hotel-vienna#breadcrumb"},"inLanguage":"de","potentialAction":[{"@type":"ReadAction","target":["https:\/\/www.allinclusivehotels.it\/de\/hotels\/hotel-vienna"]}]},{"@type":"BreadcrumbList","@id":"https:\/\/www.allinclusivehotels.it\/de\/hotels\/hotel-vienna#breadcrumb","itemListElement":[{"@type":"ListItem","position":1,"name":"Home","item":"https:\/\/www.allinclusivehotels.it\/de"},{"@type":"ListItem","position":2,"name":"Hotels","item":"https:\/\/www.allinclusivehotels.it\/de\/hotels"},{"@type":"ListItem","position":3,"name":"Hotel Vienna"}]},{"@type":"WebSite","@id":"https:\/\/www.allinclusivehotels.it\/de#website","url":"https:\/\/www.allinclusivehotels.it\/de","name":"All Inclusive Hotels","description":"","publisher":{"@id":"https:\/\/www.allinclusivehotels.it\/de#organization"},"potentialAction":[{"@type":"SearchAction","target":{"@type":"EntryPoint","urlTemplate":"https:\/\/www.allinclusivehotels.it\/de?s={search_term_string}"},"query-input":{"@type":"PropertyValueSpecification","valueRequired":true,"valueName":"search_term_string"}}],"inLanguage":"de"},{"@type":"Organization","@id":"https:\/\/www.allinclusivehotels.it\/de#organization","name":"All Inclusive Hotels","url":"https:\/\/www.allinclusivehotels.it\/de","logo":{"@type":"ImageObject","inLanguage":"de","@id":"https:\/\/www.allinclusivehotels.it\/de#\/schema\/logo\/image\/","url":"","contentUrl":"","caption":"All Inclusive Hotels"},"image":{"@id":"https:\/\/www.allinclusivehotels.it\/de#\/schema\/logo\/image\/"}}]}},"_links":{"self":[{"href":"https:\/\/www.allinclusivehotels.it\/de\/wp-json\/wp\/v2\/pages\/33250","targetHints":{"allow":["GET"]}}],"collection":[{"href":"https:\/\/www.allinclusivehotels.it\/de\/wp-json\/wp\/v2\/pages"}],"about":[{"href":"https:\/\/www.allinclusivehotels.it\/de\/wp-json\/wp\/v2\/types\/page"}],"author":[{"embeddable":true,"href":"https:\/\/www.allinclusivehotels.it\/de\/wp-json\/wp\/v2\/users\/1"}],"replies":[{"embeddable":true,"href":"https:\/\/www.allinclusivehotels.it\/de\/wp-json\/wp\/v2\/comments?post=33250"}],"version-history":[{"count":2,"href":"https:\/\/www.allinclusivehotels.it\/de\/wp-json\/wp\/v2\/pages\/33250\/revisions"}],"predecessor-version":[{"id":34176,"href":"https:\/\/www.allinclusivehotels.it\/de\/wp-json\/wp\/v2\/pages\/33250\/revisions\/34176"}],"up":[{"embeddable":true,"href":"https:\/\/www.allinclusivehotels.it\/de\/wp-json\/wp\/v2\/pages\/16476"}],"wp:attachment":[{"href":"https:\/\/www.allinclusivehotels.it\/de\/wp-json\/wp\/v2\/media?parent=33250"}],"curies":[{"name":"wp","href":"https:\/\/api.w.org\/{rel}","templated":true}]}}