{"id":30084,"date":"2023-05-19T12:18:55","date_gmt":"2023-05-19T10:18:55","guid":{"rendered":"https:\/\/www.allinclusivehotels.it\/urlaubsziele\/lidi-ferraresi"},"modified":"2023-05-19T12:18:57","modified_gmt":"2023-05-19T10:18:57","slug":"lidi-ferraresi","status":"publish","type":"page","link":"https:\/\/www.allinclusivehotels.it\/de\/urlaubsziele\/lidi-ferraresi","title":{"rendered":"Lidi Ferraresi"},"content":{"rendered":"\n<p>Ein erholsamer Urlaub in der Natur erwartet Sie in den <b>All-Inclusive-Hotels der Lidi Ferraresi<\/b>. Zus\u00e4tzlich zu den 25 km K\u00fcstenlinie gibt es ausgestattete Str\u00e4nde und freie Str\u00e4nde f\u00fcr diejenigen, die ein authentisches Erlebnis suchen.<\/p>\n\n\n\n<!--more-->\n\n\n\n<p>Es gibt 7 Lidi Ferraresi &#8211; Lido degli Estensi, Lido degli Scacchi, Lido delle Nazioni, Lido di Pomposa, Lido di Spina, Lido di Volano, Lido di Classe &#8211; und sie sind sehr beliebt bei Familien, die einen <b>All-Inclusive-Urlaub mit Kindern<\/b> verbringen m\u00f6chten, bei <b>Paaren jeden Alters<\/b> und bei <b>Gruppen von Freunden<\/b>, die einen unbeschwerten Aufenthalt suchen. Die Hotels und Residenzen bieten immer den besten Service, von der Unterhaltung bis zum guten Essen, vom Strand bis zum Parkplatz.<\/p>\n\n\n\n<p>Hinzu kommt eine der sch\u00f6nsten und unber\u00fchrtesten Gegenden Italiens, der <b>Po-Delta-Park<\/b>, den man auf eigene Faust oder im Rahmen organisierter Touren erkunden kann: zu Fu\u00df, mit dem Fahrrad, mit dem Boot oder zu Pferd. Es gibt zahlreiche Wanderwege, die f\u00fcr jede Kondition geeignet sind: Verpassen Sie nicht die Wanderwege im Pinienwald von Classe oder San Vitale, den Rundweg von Punte Alberete mit dem stimmungsvollen Hochwald oder den Besuch der Saline von Cervia zu Fu\u00df, mit dem Fahrrad oder dem Elektroboot.<\/p>\n\n\n\n<p>Bei einem <b>All-Inclusive-Urlaub in den Lidi Ferrares<\/b>i darf ein Spaziergang durch das h\u00fcbsche Comacchio mit seinen bunten H\u00e4usern, die sich in den Kan\u00e4len spiegeln, nicht fehlen. Hier gibt es ikonische und einzigartige Orte wie das Museo del Delta Antico und die Manifattura dei Marinati.<\/p>\n\n\n\n<p>F\u00fcr die Liebhaber des Nachtlebens gibt es in den Lidi Ferraresi zahlreiche <b>Lokale<\/b>, in denen man tanzen und einen guten Cocktail trinken kann, einige sogar direkt am Strand.<\/p>\n","protected":false},"excerpt":{"rendered":"<p>Ein erholsamer Urlaub in der Natur erwartet Sie in den All-Inclusive-Hotels der Lidi Ferraresi. Zus\u00e4tzlich &hellip;<\/p>\n","protected":false},"author":1,"featured_media":0,"parent":16402,"menu_order":0,"comment_status":"closed","ping_status":"closed","template":"page-templates\/destinazione.php","meta":{"_acf_changed":false,"footnotes":""},"class_list":["post-30084","page","type-page","status-publish","hentry"],"acf":[],"yoast_head":"<!-- This site is optimized with the Yoast SEO plugin v27.0 - https:\/\/yoast.com\/product\/yoast-seo-wordpress\/ -->\n<title>All-Inclusive-Hotels Lidi Ferraresi: Angebote f\u00fcr Familienhotels<\/title>\n<meta name=\"description\" content=\"Sie suchen nach All-Inclusive-Hotels in den Lidi Ferraresi? Mehr \u00fcber die gro\u00dfe Auswahl an All Inclusive Hotels in Italien. Zu den Angeboten!\" \/>\n<meta name=\"robots\" content=\"index, follow, max-snippet:-1, max-image-preview:large, max-video-preview:-1\" \/>\n<link rel=\"canonical\" href=\"https:\/\/www.allinclusivehotels.it\/de\/urlaubsziele\/lidi-ferraresi\" \/>\n<meta property=\"og:locale\" content=\"de_DE\" \/>\n<meta property=\"og:type\" content=\"article\" \/>\n<meta property=\"og:title\" content=\"All-Inclusive-Hotels Lidi Ferraresi: Angebote f\u00fcr Familienhotels\" \/>\n<meta property=\"og:description\" content=\"Sie suchen nach All-Inclusive-Hotels in den Lidi Ferraresi? Mehr \u00fcber die gro\u00dfe Auswahl an All Inclusive Hotels in Italien. Zu den Angeboten!\" \/>\n<meta property=\"og:url\" content=\"https:\/\/www.allinclusivehotels.it\/de\/urlaubsziele\/lidi-ferraresi\" \/>\n<meta property=\"og:site_name\" content=\"All Inclusive Hotels\" \/>\n<meta property=\"article:modified_time\" content=\"2023-05-19T10:18:57+00:00\" \/>\n<meta name=\"twitter:card\" content=\"summary_large_image\" \/>\n<meta name=\"twitter:label1\" content=\"Gesch\u00e4tzte Lesezeit\" \/>\n\t<meta name=\"twitter:data1\" content=\"1\u00a0Minute\" \/>\n<script type=\"application\/ld+json\" class=\"yoast-schema-graph\">{\"@context\":\"https:\/\/schema.org\",\"@graph\":[{\"@type\":\"WebPage\",\"@id\":\"https:\/\/www.allinclusivehotels.it\/de\/urlaubsziele\/lidi-ferraresi\",\"url\":\"https:\/\/www.allinclusivehotels.it\/de\/urlaubsziele\/lidi-ferraresi\",\"name\":\"All-Inclusive-Hotels Lidi Ferraresi: Angebote f\u00fcr Familienhotels\",\"isPartOf\":{\"@id\":\"https:\/\/www.allinclusivehotels.it\/de#website\"},\"datePublished\":\"2023-05-19T10:18:55+00:00\",\"dateModified\":\"2023-05-19T10:18:57+00:00\",\"description\":\"Sie suchen nach All-Inclusive-Hotels in den Lidi Ferraresi? Mehr \u00fcber die gro\u00dfe Auswahl an All Inclusive Hotels in Italien. Zu den Angeboten!\",\"breadcrumb\":{\"@id\":\"https:\/\/www.allinclusivehotels.it\/de\/urlaubsziele\/lidi-ferraresi#breadcrumb\"},\"inLanguage\":\"de\",\"potentialAction\":[{\"@type\":\"ReadAction\",\"target\":[\"https:\/\/www.allinclusivehotels.it\/de\/urlaubsziele\/lidi-ferraresi\"]}]},{\"@type\":\"BreadcrumbList\",\"@id\":\"https:\/\/www.allinclusivehotels.it\/de\/urlaubsziele\/lidi-ferraresi#breadcrumb\",\"itemListElement\":[{\"@type\":\"ListItem\",\"position\":1,\"name\":\"Home\",\"item\":\"https:\/\/www.allinclusivehotels.it\/de\"},{\"@type\":\"ListItem\",\"position\":2,\"name\":\"Urlaubsziele\",\"item\":\"https:\/\/www.allinclusivehotels.it\/de\/urlaubsziele\"},{\"@type\":\"ListItem\",\"position\":3,\"name\":\"Lidi Ferraresi\"}]},{\"@type\":\"WebSite\",\"@id\":\"https:\/\/www.allinclusivehotels.it\/de#website\",\"url\":\"https:\/\/www.allinclusivehotels.it\/de\",\"name\":\"All Inclusive Hotels\",\"description\":\"\",\"publisher\":{\"@id\":\"https:\/\/www.allinclusivehotels.it\/de#organization\"},\"potentialAction\":[{\"@type\":\"SearchAction\",\"target\":{\"@type\":\"EntryPoint\",\"urlTemplate\":\"https:\/\/www.allinclusivehotels.it\/de?s={search_term_string}\"},\"query-input\":{\"@type\":\"PropertyValueSpecification\",\"valueRequired\":true,\"valueName\":\"search_term_string\"}}],\"inLanguage\":\"de\"},{\"@type\":\"Organization\",\"@id\":\"https:\/\/www.allinclusivehotels.it\/de#organization\",\"name\":\"All Inclusive Hotels\",\"url\":\"https:\/\/www.allinclusivehotels.it\/de\",\"logo\":{\"@type\":\"ImageObject\",\"inLanguage\":\"de\",\"@id\":\"https:\/\/www.allinclusivehotels.it\/de#\/schema\/logo\/image\/\",\"url\":\"\",\"contentUrl\":\"\",\"caption\":\"All Inclusive Hotels\"},\"image\":{\"@id\":\"https:\/\/www.allinclusivehotels.it\/de#\/schema\/logo\/image\/\"}}]}<\/script>\n<!-- \/ Yoast SEO plugin. -->","yoast_head_json":{"title":"All-Inclusive-Hotels Lidi Ferraresi: Angebote f\u00fcr Familienhotels","description":"Sie suchen nach All-Inclusive-Hotels in den Lidi Ferraresi? Mehr \u00fcber die gro\u00dfe Auswahl an All Inclusive Hotels in Italien. Zu den Angeboten!","robots":{"index":"index","follow":"follow","max-snippet":"max-snippet:-1","max-image-preview":"max-image-preview:large","max-video-preview":"max-video-preview:-1"},"canonical":"https:\/\/www.allinclusivehotels.it\/de\/urlaubsziele\/lidi-ferraresi","og_locale":"de_DE","og_type":"article","og_title":"All-Inclusive-Hotels Lidi Ferraresi: Angebote f\u00fcr Familienhotels","og_description":"Sie suchen nach All-Inclusive-Hotels in den Lidi Ferraresi? Mehr \u00fcber die gro\u00dfe Auswahl an All Inclusive Hotels in Italien. Zu den Angeboten!","og_url":"https:\/\/www.allinclusivehotels.it\/de\/urlaubsziele\/lidi-ferraresi","og_site_name":"All Inclusive Hotels","article_modified_time":"2023-05-19T10:18:57+00:00","twitter_card":"summary_large_image","twitter_misc":{"Gesch\u00e4tzte Lesezeit":"1\u00a0Minute"},"schema":{"@context":"https:\/\/schema.org","@graph":[{"@type":"WebPage","@id":"https:\/\/www.allinclusivehotels.it\/de\/urlaubsziele\/lidi-ferraresi","url":"https:\/\/www.allinclusivehotels.it\/de\/urlaubsziele\/lidi-ferraresi","name":"All-Inclusive-Hotels Lidi Ferraresi: Angebote f\u00fcr Familienhotels","isPartOf":{"@id":"https:\/\/www.allinclusivehotels.it\/de#website"},"datePublished":"2023-05-19T10:18:55+00:00","dateModified":"2023-05-19T10:18:57+00:00","description":"Sie suchen nach All-Inclusive-Hotels in den Lidi Ferraresi? Mehr \u00fcber die gro\u00dfe Auswahl an All Inclusive Hotels in Italien. Zu den Angeboten!","breadcrumb":{"@id":"https:\/\/www.allinclusivehotels.it\/de\/urlaubsziele\/lidi-ferraresi#breadcrumb"},"inLanguage":"de","potentialAction":[{"@type":"ReadAction","target":["https:\/\/www.allinclusivehotels.it\/de\/urlaubsziele\/lidi-ferraresi"]}]},{"@type":"BreadcrumbList","@id":"https:\/\/www.allinclusivehotels.it\/de\/urlaubsziele\/lidi-ferraresi#breadcrumb","itemListElement":[{"@type":"ListItem","position":1,"name":"Home","item":"https:\/\/www.allinclusivehotels.it\/de"},{"@type":"ListItem","position":2,"name":"Urlaubsziele","item":"https:\/\/www.allinclusivehotels.it\/de\/urlaubsziele"},{"@type":"ListItem","position":3,"name":"Lidi Ferraresi"}]},{"@type":"WebSite","@id":"https:\/\/www.allinclusivehotels.it\/de#website","url":"https:\/\/www.allinclusivehotels.it\/de","name":"All Inclusive Hotels","description":"","publisher":{"@id":"https:\/\/www.allinclusivehotels.it\/de#organization"},"potentialAction":[{"@type":"SearchAction","target":{"@type":"EntryPoint","urlTemplate":"https:\/\/www.allinclusivehotels.it\/de?s={search_term_string}"},"query-input":{"@type":"PropertyValueSpecification","valueRequired":true,"valueName":"search_term_string"}}],"inLanguage":"de"},{"@type":"Organization","@id":"https:\/\/www.allinclusivehotels.it\/de#organization","name":"All Inclusive Hotels","url":"https:\/\/www.allinclusivehotels.it\/de","logo":{"@type":"ImageObject","inLanguage":"de","@id":"https:\/\/www.allinclusivehotels.it\/de#\/schema\/logo\/image\/","url":"","contentUrl":"","caption":"All Inclusive Hotels"},"image":{"@id":"https:\/\/www.allinclusivehotels.it\/de#\/schema\/logo\/image\/"}}]}},"_links":{"self":[{"href":"https:\/\/www.allinclusivehotels.it\/de\/wp-json\/wp\/v2\/pages\/30084","targetHints":{"allow":["GET"]}}],"collection":[{"href":"https:\/\/www.allinclusivehotels.it\/de\/wp-json\/wp\/v2\/pages"}],"about":[{"href":"https:\/\/www.allinclusivehotels.it\/de\/wp-json\/wp\/v2\/types\/page"}],"author":[{"embeddable":true,"href":"https:\/\/www.allinclusivehotels.it\/de\/wp-json\/wp\/v2\/users\/1"}],"replies":[{"embeddable":true,"href":"https:\/\/www.allinclusivehotels.it\/de\/wp-json\/wp\/v2\/comments?post=30084"}],"version-history":[{"count":1,"href":"https:\/\/www.allinclusivehotels.it\/de\/wp-json\/wp\/v2\/pages\/30084\/revisions"}],"predecessor-version":[{"id":30085,"href":"https:\/\/www.allinclusivehotels.it\/de\/wp-json\/wp\/v2\/pages\/30084\/revisions\/30085"}],"up":[{"embeddable":true,"href":"https:\/\/www.allinclusivehotels.it\/de\/wp-json\/wp\/v2\/pages\/16402"}],"wp:attachment":[{"href":"https:\/\/www.allinclusivehotels.it\/de\/wp-json\/wp\/v2\/media?parent=30084"}],"curies":[{"name":"wp","href":"https:\/\/api.w.org\/{rel}","templated":true}]}}