{"id":29675,"date":"2023-04-27T10:22:00","date_gmt":"2023-04-27T08:22:00","guid":{"rendered":"https:\/\/www.allinclusivehotels.it\/hotels\/hotel-belvedere"},"modified":"2023-05-22T09:55:07","modified_gmt":"2023-05-22T07:55:07","slug":"hotel-belvedere","status":"publish","type":"page","link":"https:\/\/www.allinclusivehotels.it\/de\/hotels\/hotel-belvedere","title":{"rendered":"Hotel Belvedere"},"content":{"rendered":"\n<p>Das <b>Hotel Belvedere<\/b> in <b>Villa Rosa di Martinsicuro<\/b> hat eine beneidenswerte Lage <b>in der ersten Reihe am Meer<\/b>. Am ausschlie\u00dflich f\u00fcr die Hotelg\u00e4ste reservierten <b>Privatstrand<\/b> direkt vor dem Hotel stehen Ihnen ein Sonnenschirm und zwei Liegest\u00fchle zur Verf\u00fcgung: Es erwarten Sie unbeschwerte, ruhige Tage mit Sonnenbaden, Schwimmen im Meer und langen Spazierg\u00e4ngen, w\u00e4hrend f\u00fcr die Kindern <b>Unterhaltung<\/b> geboten wird.<\/p>\n\n\n\n<!--more-->\n\n\n\n<p>Wenn Sie lieber ein erfrischendes Bad im <b>Pool<\/b> nehmen m\u00f6chten, ist dieser jederzeit zug\u00e4nglich, sonnig und von einer <b>gut ausgestatteten Sonnenterrasse<\/b> umgeben \u2013 der perfekte Ort f\u00fcr einen Aperitif bei Sonnenuntergang. Im <b>Flachwasserbereich<\/b> k\u00f6nnen kleine Kinder sicher schwimmen und spielen.<\/p>\n\n\n\n<p>Das Hotel bietet seinen G\u00e4sten einen bequemen <b>Privatparkplatz<\/b> in unmittelbarer N\u00e4he, auf dem Pl\u00e4tze vorbehaltlich der Kapazit\u00e4t zur Verf\u00fcgung stehen, sowie <b>kostenlose Fahrr\u00e4der <\/b>f\u00fcr den vor dem Hotel vorbeif\u00fchrenden Radweg, auf dem Sie in wenigen Minuten nach Alba Adriatica fahren k\u00f6nnen.<\/p>\n","protected":false},"excerpt":{"rendered":"<p>Das Hotel Belvedere in Villa Rosa di Martinsicuro hat eine beneidenswerte Lage in der ersten &hellip;<\/p>\n","protected":false},"author":1,"featured_media":0,"parent":16476,"menu_order":0,"comment_status":"closed","ping_status":"closed","template":"page-templates\/scheda_hotel.php","meta":{"_acf_changed":false,"footnotes":""},"class_list":["post-29675","page","type-page","status-publish","hentry"],"acf":[],"yoast_head":"<!-- This site is optimized with the Yoast SEO plugin v27.0 - https:\/\/yoast.com\/product\/yoast-seo-wordpress\/ -->\n<title>All-Inclusive-Angebote Hotel Belvedere in Villa Rosa di Martinsicuro<\/title>\n<meta name=\"description\" content=\"Lust auf Urlaub? Entdecken Sie die All-Inclusive-Angebote und -Pakete des Hotels Belvedere in Villa Rosa di Martinsicuro!\" \/>\n<meta name=\"robots\" content=\"index, follow, max-snippet:-1, max-image-preview:large, max-video-preview:-1\" \/>\n<link rel=\"canonical\" href=\"https:\/\/www.allinclusivehotels.it\/de\/hotels\/hotel-belvedere\" \/>\n<meta property=\"og:locale\" content=\"de_DE\" \/>\n<meta property=\"og:type\" content=\"article\" \/>\n<meta property=\"og:title\" content=\"All-Inclusive-Angebote Hotel Belvedere in Villa Rosa di Martinsicuro\" \/>\n<meta property=\"og:description\" content=\"Lust auf Urlaub? Entdecken Sie die All-Inclusive-Angebote und -Pakete des Hotels Belvedere in Villa Rosa di Martinsicuro!\" \/>\n<meta property=\"og:url\" content=\"https:\/\/www.allinclusivehotels.it\/de\/hotels\/hotel-belvedere\" \/>\n<meta property=\"og:site_name\" content=\"All Inclusive Hotels\" \/>\n<meta property=\"article:modified_time\" content=\"2023-05-22T07:55:07+00:00\" \/>\n<meta name=\"twitter:card\" content=\"summary_large_image\" \/>\n<meta name=\"twitter:label1\" content=\"Gesch\u00e4tzte Lesezeit\" \/>\n\t<meta name=\"twitter:data1\" content=\"1\u00a0Minute\" \/>\n<script type=\"application\/ld+json\" class=\"yoast-schema-graph\">{\"@context\":\"https:\/\/schema.org\",\"@graph\":[{\"@type\":\"WebPage\",\"@id\":\"https:\/\/www.allinclusivehotels.it\/de\/hotels\/hotel-belvedere\",\"url\":\"https:\/\/www.allinclusivehotels.it\/de\/hotels\/hotel-belvedere\",\"name\":\"All-Inclusive-Angebote Hotel Belvedere in Villa Rosa di Martinsicuro\",\"isPartOf\":{\"@id\":\"https:\/\/www.allinclusivehotels.it\/de#website\"},\"datePublished\":\"2023-04-27T08:22:00+00:00\",\"dateModified\":\"2023-05-22T07:55:07+00:00\",\"description\":\"Lust auf Urlaub? Entdecken Sie die All-Inclusive-Angebote und -Pakete des Hotels Belvedere in Villa Rosa di Martinsicuro!\",\"breadcrumb\":{\"@id\":\"https:\/\/www.allinclusivehotels.it\/de\/hotels\/hotel-belvedere#breadcrumb\"},\"inLanguage\":\"de\",\"potentialAction\":[{\"@type\":\"ReadAction\",\"target\":[\"https:\/\/www.allinclusivehotels.it\/de\/hotels\/hotel-belvedere\"]}]},{\"@type\":\"BreadcrumbList\",\"@id\":\"https:\/\/www.allinclusivehotels.it\/de\/hotels\/hotel-belvedere#breadcrumb\",\"itemListElement\":[{\"@type\":\"ListItem\",\"position\":1,\"name\":\"Home\",\"item\":\"https:\/\/www.allinclusivehotels.it\/de\"},{\"@type\":\"ListItem\",\"position\":2,\"name\":\"Hotels\",\"item\":\"https:\/\/www.allinclusivehotels.it\/de\/hotels\"},{\"@type\":\"ListItem\",\"position\":3,\"name\":\"Hotel Belvedere\"}]},{\"@type\":\"WebSite\",\"@id\":\"https:\/\/www.allinclusivehotels.it\/de#website\",\"url\":\"https:\/\/www.allinclusivehotels.it\/de\",\"name\":\"All Inclusive Hotels\",\"description\":\"\",\"publisher\":{\"@id\":\"https:\/\/www.allinclusivehotels.it\/de#organization\"},\"potentialAction\":[{\"@type\":\"SearchAction\",\"target\":{\"@type\":\"EntryPoint\",\"urlTemplate\":\"https:\/\/www.allinclusivehotels.it\/de?s={search_term_string}\"},\"query-input\":{\"@type\":\"PropertyValueSpecification\",\"valueRequired\":true,\"valueName\":\"search_term_string\"}}],\"inLanguage\":\"de\"},{\"@type\":\"Organization\",\"@id\":\"https:\/\/www.allinclusivehotels.it\/de#organization\",\"name\":\"All Inclusive Hotels\",\"url\":\"https:\/\/www.allinclusivehotels.it\/de\",\"logo\":{\"@type\":\"ImageObject\",\"inLanguage\":\"de\",\"@id\":\"https:\/\/www.allinclusivehotels.it\/de#\/schema\/logo\/image\/\",\"url\":\"\",\"contentUrl\":\"\",\"caption\":\"All Inclusive Hotels\"},\"image\":{\"@id\":\"https:\/\/www.allinclusivehotels.it\/de#\/schema\/logo\/image\/\"}}]}<\/script>\n<!-- \/ Yoast SEO plugin. -->","yoast_head_json":{"title":"All-Inclusive-Angebote Hotel Belvedere in Villa Rosa di Martinsicuro","description":"Lust auf Urlaub? Entdecken Sie die All-Inclusive-Angebote und -Pakete des Hotels Belvedere in Villa Rosa di Martinsicuro!","robots":{"index":"index","follow":"follow","max-snippet":"max-snippet:-1","max-image-preview":"max-image-preview:large","max-video-preview":"max-video-preview:-1"},"canonical":"https:\/\/www.allinclusivehotels.it\/de\/hotels\/hotel-belvedere","og_locale":"de_DE","og_type":"article","og_title":"All-Inclusive-Angebote Hotel Belvedere in Villa Rosa di Martinsicuro","og_description":"Lust auf Urlaub? Entdecken Sie die All-Inclusive-Angebote und -Pakete des Hotels Belvedere in Villa Rosa di Martinsicuro!","og_url":"https:\/\/www.allinclusivehotels.it\/de\/hotels\/hotel-belvedere","og_site_name":"All Inclusive Hotels","article_modified_time":"2023-05-22T07:55:07+00:00","twitter_card":"summary_large_image","twitter_misc":{"Gesch\u00e4tzte Lesezeit":"1\u00a0Minute"},"schema":{"@context":"https:\/\/schema.org","@graph":[{"@type":"WebPage","@id":"https:\/\/www.allinclusivehotels.it\/de\/hotels\/hotel-belvedere","url":"https:\/\/www.allinclusivehotels.it\/de\/hotels\/hotel-belvedere","name":"All-Inclusive-Angebote Hotel Belvedere in Villa Rosa di Martinsicuro","isPartOf":{"@id":"https:\/\/www.allinclusivehotels.it\/de#website"},"datePublished":"2023-04-27T08:22:00+00:00","dateModified":"2023-05-22T07:55:07+00:00","description":"Lust auf Urlaub? Entdecken Sie die All-Inclusive-Angebote und -Pakete des Hotels Belvedere in Villa Rosa di Martinsicuro!","breadcrumb":{"@id":"https:\/\/www.allinclusivehotels.it\/de\/hotels\/hotel-belvedere#breadcrumb"},"inLanguage":"de","potentialAction":[{"@type":"ReadAction","target":["https:\/\/www.allinclusivehotels.it\/de\/hotels\/hotel-belvedere"]}]},{"@type":"BreadcrumbList","@id":"https:\/\/www.allinclusivehotels.it\/de\/hotels\/hotel-belvedere#breadcrumb","itemListElement":[{"@type":"ListItem","position":1,"name":"Home","item":"https:\/\/www.allinclusivehotels.it\/de"},{"@type":"ListItem","position":2,"name":"Hotels","item":"https:\/\/www.allinclusivehotels.it\/de\/hotels"},{"@type":"ListItem","position":3,"name":"Hotel Belvedere"}]},{"@type":"WebSite","@id":"https:\/\/www.allinclusivehotels.it\/de#website","url":"https:\/\/www.allinclusivehotels.it\/de","name":"All Inclusive Hotels","description":"","publisher":{"@id":"https:\/\/www.allinclusivehotels.it\/de#organization"},"potentialAction":[{"@type":"SearchAction","target":{"@type":"EntryPoint","urlTemplate":"https:\/\/www.allinclusivehotels.it\/de?s={search_term_string}"},"query-input":{"@type":"PropertyValueSpecification","valueRequired":true,"valueName":"search_term_string"}}],"inLanguage":"de"},{"@type":"Organization","@id":"https:\/\/www.allinclusivehotels.it\/de#organization","name":"All Inclusive Hotels","url":"https:\/\/www.allinclusivehotels.it\/de","logo":{"@type":"ImageObject","inLanguage":"de","@id":"https:\/\/www.allinclusivehotels.it\/de#\/schema\/logo\/image\/","url":"","contentUrl":"","caption":"All Inclusive Hotels"},"image":{"@id":"https:\/\/www.allinclusivehotels.it\/de#\/schema\/logo\/image\/"}}]}},"_links":{"self":[{"href":"https:\/\/www.allinclusivehotels.it\/de\/wp-json\/wp\/v2\/pages\/29675","targetHints":{"allow":["GET"]}}],"collection":[{"href":"https:\/\/www.allinclusivehotels.it\/de\/wp-json\/wp\/v2\/pages"}],"about":[{"href":"https:\/\/www.allinclusivehotels.it\/de\/wp-json\/wp\/v2\/types\/page"}],"author":[{"embeddable":true,"href":"https:\/\/www.allinclusivehotels.it\/de\/wp-json\/wp\/v2\/users\/1"}],"replies":[{"embeddable":true,"href":"https:\/\/www.allinclusivehotels.it\/de\/wp-json\/wp\/v2\/comments?post=29675"}],"version-history":[{"count":2,"href":"https:\/\/www.allinclusivehotels.it\/de\/wp-json\/wp\/v2\/pages\/29675\/revisions"}],"predecessor-version":[{"id":30120,"href":"https:\/\/www.allinclusivehotels.it\/de\/wp-json\/wp\/v2\/pages\/29675\/revisions\/30120"}],"up":[{"embeddable":true,"href":"https:\/\/www.allinclusivehotels.it\/de\/wp-json\/wp\/v2\/pages\/16476"}],"wp:attachment":[{"href":"https:\/\/www.allinclusivehotels.it\/de\/wp-json\/wp\/v2\/media?parent=29675"}],"curies":[{"name":"wp","href":"https:\/\/api.w.org\/{rel}","templated":true}]}}