{"id":28847,"date":"2023-04-11T09:02:31","date_gmt":"2023-04-11T07:02:31","guid":{"rendered":"https:\/\/www.allinclusivehotels.it\/hotels\/hotel-villa-sorriso"},"modified":"2023-05-19T12:23:28","modified_gmt":"2023-05-19T10:23:28","slug":"hotel-villa-sorriso","status":"publish","type":"page","link":"https:\/\/www.allinclusivehotels.it\/de\/hotels\/hotel-villa-sorriso","title":{"rendered":"Hotel Villa Sorriso"},"content":{"rendered":"\n<p>Das <b>Hotel Villa Sorriso in Senigallia<\/b> liegt am ber\u00fchmten &quot;Velvet Beach&quot; und genie\u00dft eine herrliche <b>Lage direkt am Meer<\/b>. Die wichtigsten Sehensw\u00fcrdigkeiten der Stadt, wie die Rotonda a Mare und die Altstadt, sind ebenfalls leicht zu erreichen und k\u00f6nnen mit <b>kostenlosen Fahrr\u00e4dern<\/b> oder zu Fu\u00df erkundet werden. Zur Entspannung stehen ein <b>Sonnenschirm und zwei Liegest\u00fchle<\/b> im Strandbad mit Sondervereinbarung zur Verf\u00fcgung.<\/p>\n\n\n\n<!--more-->\n\n\n\n<p>Im Sommer <b>organisiert das Hotel Ausfl\u00fcge ins Hinterland und F\u00fchrungen durch Senigallia<\/b>. Au\u00dferdem gibt es immer kostenlose <b>Bus- und Shuttle-Tickets<\/b>.<\/p>\n\n\n\n<p>Das Hotel Villa Sorriso verf\u00fcgt \u00fcber eine <b>Bar<\/b>, an der man Cocktails und Aperitifs bestellen und in der modernen <b>Lobby mit TV-Lounge<\/b> oder im sch\u00f6nen <b>Dehor<\/b> genie\u00dfen kann. <b>Haustiere<\/b> sind im Hotel <b>willkommen<\/b>.<\/p>\n","protected":false},"excerpt":{"rendered":"<p>Das Hotel Villa Sorriso in Senigallia liegt am ber\u00fchmten &quot;Velvet Beach&quot; und genie\u00dft eine herrliche &hellip;<\/p>\n","protected":false},"author":1,"featured_media":0,"parent":16476,"menu_order":0,"comment_status":"closed","ping_status":"closed","template":"page-templates\/scheda_hotel.php","meta":{"_acf_changed":false,"footnotes":""},"class_list":["post-28847","page","type-page","status-publish","hentry"],"acf":[],"yoast_head":"<!-- This site is optimized with the Yoast SEO plugin v27.6 - https:\/\/yoast.com\/product\/yoast-seo-wordpress\/ -->\n<title>All-Inclusive-Angebote Hotel Villa Sorriso in Senigallia<\/title>\n<meta name=\"description\" content=\"Lust auf Urlaub? Entdecken Sie die All-Inklusive-Angebote und -Pakete des Hotels Villa Sorriso in Senigallia!\" \/>\n<meta name=\"robots\" content=\"index, follow, max-snippet:-1, max-image-preview:large, max-video-preview:-1\" \/>\n<link rel=\"canonical\" href=\"https:\/\/www.allinclusivehotels.it\/de\/hotels\/hotel-villa-sorriso\" \/>\n<meta property=\"og:locale\" content=\"de_DE\" \/>\n<meta property=\"og:type\" content=\"article\" \/>\n<meta property=\"og:title\" content=\"All-Inclusive-Angebote Hotel Villa Sorriso in Senigallia\" \/>\n<meta property=\"og:description\" content=\"Lust auf Urlaub? Entdecken Sie die All-Inklusive-Angebote und -Pakete des Hotels Villa Sorriso in Senigallia!\" \/>\n<meta property=\"og:url\" content=\"https:\/\/www.allinclusivehotels.it\/de\/hotels\/hotel-villa-sorriso\" \/>\n<meta property=\"og:site_name\" content=\"All Inclusive Hotels\" \/>\n<meta property=\"article:modified_time\" content=\"2023-05-19T10:23:28+00:00\" \/>\n<meta name=\"twitter:card\" content=\"summary_large_image\" \/>\n<meta name=\"twitter:label1\" content=\"Gesch\u00e4tzte Lesezeit\" \/>\n\t<meta name=\"twitter:data1\" content=\"1\u00a0Minute\" \/>\n<script type=\"application\/ld+json\" class=\"yoast-schema-graph\">{\"@context\":\"https:\\\/\\\/schema.org\",\"@graph\":[{\"@type\":\"WebPage\",\"@id\":\"https:\\\/\\\/www.allinclusivehotels.it\\\/de\\\/hotels\\\/hotel-villa-sorriso\",\"url\":\"https:\\\/\\\/www.allinclusivehotels.it\\\/de\\\/hotels\\\/hotel-villa-sorriso\",\"name\":\"All-Inclusive-Angebote Hotel Villa Sorriso in Senigallia\",\"isPartOf\":{\"@id\":\"https:\\\/\\\/www.allinclusivehotels.it\\\/de#website\"},\"datePublished\":\"2023-04-11T07:02:31+00:00\",\"dateModified\":\"2023-05-19T10:23:28+00:00\",\"description\":\"Lust auf Urlaub? Entdecken Sie die All-Inklusive-Angebote und -Pakete des Hotels Villa Sorriso in Senigallia!\",\"breadcrumb\":{\"@id\":\"https:\\\/\\\/www.allinclusivehotels.it\\\/de\\\/hotels\\\/hotel-villa-sorriso#breadcrumb\"},\"inLanguage\":\"de\",\"potentialAction\":[{\"@type\":\"ReadAction\",\"target\":[\"https:\\\/\\\/www.allinclusivehotels.it\\\/de\\\/hotels\\\/hotel-villa-sorriso\"]}]},{\"@type\":\"BreadcrumbList\",\"@id\":\"https:\\\/\\\/www.allinclusivehotels.it\\\/de\\\/hotels\\\/hotel-villa-sorriso#breadcrumb\",\"itemListElement\":[{\"@type\":\"ListItem\",\"position\":1,\"name\":\"Home\",\"item\":\"https:\\\/\\\/www.allinclusivehotels.it\\\/de\"},{\"@type\":\"ListItem\",\"position\":2,\"name\":\"Hotels\",\"item\":\"https:\\\/\\\/www.allinclusivehotels.it\\\/de\\\/hotels\"},{\"@type\":\"ListItem\",\"position\":3,\"name\":\"Hotel Villa Sorriso\"}]},{\"@type\":\"WebSite\",\"@id\":\"https:\\\/\\\/www.allinclusivehotels.it\\\/de#website\",\"url\":\"https:\\\/\\\/www.allinclusivehotels.it\\\/de\",\"name\":\"All Inclusive Hotels\",\"description\":\"\",\"publisher\":{\"@id\":\"https:\\\/\\\/www.allinclusivehotels.it\\\/de#organization\"},\"potentialAction\":[{\"@type\":\"SearchAction\",\"target\":{\"@type\":\"EntryPoint\",\"urlTemplate\":\"https:\\\/\\\/www.allinclusivehotels.it\\\/de?s={search_term_string}\"},\"query-input\":{\"@type\":\"PropertyValueSpecification\",\"valueRequired\":true,\"valueName\":\"search_term_string\"}}],\"inLanguage\":\"de\"},{\"@type\":\"Organization\",\"@id\":\"https:\\\/\\\/www.allinclusivehotels.it\\\/de#organization\",\"name\":\"All Inclusive Hotels\",\"url\":\"https:\\\/\\\/www.allinclusivehotels.it\\\/de\",\"logo\":{\"@type\":\"ImageObject\",\"inLanguage\":\"de\",\"@id\":\"https:\\\/\\\/www.allinclusivehotels.it\\\/de#\\\/schema\\\/logo\\\/image\\\/\",\"url\":\"\",\"contentUrl\":\"\",\"caption\":\"All Inclusive Hotels\"},\"image\":{\"@id\":\"https:\\\/\\\/www.allinclusivehotels.it\\\/de#\\\/schema\\\/logo\\\/image\\\/\"}}]}<\/script>\n<!-- \/ Yoast SEO plugin. -->","yoast_head_json":{"title":"All-Inclusive-Angebote Hotel Villa Sorriso in Senigallia","description":"Lust auf Urlaub? Entdecken Sie die All-Inklusive-Angebote und -Pakete des Hotels Villa Sorriso in Senigallia!","robots":{"index":"index","follow":"follow","max-snippet":"max-snippet:-1","max-image-preview":"max-image-preview:large","max-video-preview":"max-video-preview:-1"},"canonical":"https:\/\/www.allinclusivehotels.it\/de\/hotels\/hotel-villa-sorriso","og_locale":"de_DE","og_type":"article","og_title":"All-Inclusive-Angebote Hotel Villa Sorriso in Senigallia","og_description":"Lust auf Urlaub? Entdecken Sie die All-Inklusive-Angebote und -Pakete des Hotels Villa Sorriso in Senigallia!","og_url":"https:\/\/www.allinclusivehotels.it\/de\/hotels\/hotel-villa-sorriso","og_site_name":"All Inclusive Hotels","article_modified_time":"2023-05-19T10:23:28+00:00","twitter_card":"summary_large_image","twitter_misc":{"Gesch\u00e4tzte Lesezeit":"1\u00a0Minute"},"schema":{"@context":"https:\/\/schema.org","@graph":[{"@type":"WebPage","@id":"https:\/\/www.allinclusivehotels.it\/de\/hotels\/hotel-villa-sorriso","url":"https:\/\/www.allinclusivehotels.it\/de\/hotels\/hotel-villa-sorriso","name":"All-Inclusive-Angebote Hotel Villa Sorriso in Senigallia","isPartOf":{"@id":"https:\/\/www.allinclusivehotels.it\/de#website"},"datePublished":"2023-04-11T07:02:31+00:00","dateModified":"2023-05-19T10:23:28+00:00","description":"Lust auf Urlaub? Entdecken Sie die All-Inklusive-Angebote und -Pakete des Hotels Villa Sorriso in Senigallia!","breadcrumb":{"@id":"https:\/\/www.allinclusivehotels.it\/de\/hotels\/hotel-villa-sorriso#breadcrumb"},"inLanguage":"de","potentialAction":[{"@type":"ReadAction","target":["https:\/\/www.allinclusivehotels.it\/de\/hotels\/hotel-villa-sorriso"]}]},{"@type":"BreadcrumbList","@id":"https:\/\/www.allinclusivehotels.it\/de\/hotels\/hotel-villa-sorriso#breadcrumb","itemListElement":[{"@type":"ListItem","position":1,"name":"Home","item":"https:\/\/www.allinclusivehotels.it\/de"},{"@type":"ListItem","position":2,"name":"Hotels","item":"https:\/\/www.allinclusivehotels.it\/de\/hotels"},{"@type":"ListItem","position":3,"name":"Hotel Villa Sorriso"}]},{"@type":"WebSite","@id":"https:\/\/www.allinclusivehotels.it\/de#website","url":"https:\/\/www.allinclusivehotels.it\/de","name":"All Inclusive Hotels","description":"","publisher":{"@id":"https:\/\/www.allinclusivehotels.it\/de#organization"},"potentialAction":[{"@type":"SearchAction","target":{"@type":"EntryPoint","urlTemplate":"https:\/\/www.allinclusivehotels.it\/de?s={search_term_string}"},"query-input":{"@type":"PropertyValueSpecification","valueRequired":true,"valueName":"search_term_string"}}],"inLanguage":"de"},{"@type":"Organization","@id":"https:\/\/www.allinclusivehotels.it\/de#organization","name":"All Inclusive Hotels","url":"https:\/\/www.allinclusivehotels.it\/de","logo":{"@type":"ImageObject","inLanguage":"de","@id":"https:\/\/www.allinclusivehotels.it\/de#\/schema\/logo\/image\/","url":"","contentUrl":"","caption":"All Inclusive Hotels"},"image":{"@id":"https:\/\/www.allinclusivehotels.it\/de#\/schema\/logo\/image\/"}}]}},"_links":{"self":[{"href":"https:\/\/www.allinclusivehotels.it\/de\/wp-json\/wp\/v2\/pages\/28847","targetHints":{"allow":["GET"]}}],"collection":[{"href":"https:\/\/www.allinclusivehotels.it\/de\/wp-json\/wp\/v2\/pages"}],"about":[{"href":"https:\/\/www.allinclusivehotels.it\/de\/wp-json\/wp\/v2\/types\/page"}],"author":[{"embeddable":true,"href":"https:\/\/www.allinclusivehotels.it\/de\/wp-json\/wp\/v2\/users\/1"}],"replies":[{"embeddable":true,"href":"https:\/\/www.allinclusivehotels.it\/de\/wp-json\/wp\/v2\/comments?post=28847"}],"version-history":[{"count":2,"href":"https:\/\/www.allinclusivehotels.it\/de\/wp-json\/wp\/v2\/pages\/28847\/revisions"}],"predecessor-version":[{"id":30091,"href":"https:\/\/www.allinclusivehotels.it\/de\/wp-json\/wp\/v2\/pages\/28847\/revisions\/30091"}],"up":[{"embeddable":true,"href":"https:\/\/www.allinclusivehotels.it\/de\/wp-json\/wp\/v2\/pages\/16476"}],"wp:attachment":[{"href":"https:\/\/www.allinclusivehotels.it\/de\/wp-json\/wp\/v2\/media?parent=28847"}],"curies":[{"name":"wp","href":"https:\/\/api.w.org\/{rel}","templated":true}]}}