{"id":28461,"date":"2023-04-03T11:32:31","date_gmt":"2023-04-03T09:32:31","guid":{"rendered":"https:\/\/www.allinclusivehotels.it\/feriendoerfer\/airone-bianco-residence-village"},"modified":"2023-05-19T12:23:26","modified_gmt":"2023-05-19T10:23:26","slug":"airone-bianco-residence-village","status":"publish","type":"page","link":"https:\/\/www.allinclusivehotels.it\/de\/feriendoerfer\/airone-bianco-residence-village","title":{"rendered":"Airone Bianco Residence Village"},"content":{"rendered":"\n<p>Das <b>Airone Bianco Residence Village am Lido delle Nazioni<\/b> ist ein <b>All-Inclusive-Feriendorf an den Lidi Ferraresi<\/b>, in dem man zwischen komfortablen <b>Bungalows<\/b> und komplett ausgestatteten <b>Ferienwohnungen<\/b> w\u00e4hlen kann. Das Feriendorf verf\u00fcgt \u00fcber einen <b>Privatstrand<\/b>, der bequem mit dem <b>kostenlosen Pendelbus<\/b> zu erreichen ist. 1 Sonnenschirm und 1 Liegestuhl stehen zur Verf\u00fcgung, Animation, Spielplatz, Bar, Beachvolleyball- und Beachtennispl\u00e4tze.<\/p>\n\n\n\n<!--more-->\n\n\n\n<p>Das Airone Bianco Residence Village verf\u00fcgt \u00fcber ein sch\u00f6nes <b>Wellnessbad f\u00fcr Erwachsene<\/b> mit Hydromassage-Liegen und ein <b>Kinderbecken<\/b> von 30 bis 90 cm Tiefe mit Wasserspielen, Piratenschiff und Springbrunnen. Der Poolbereich ist von einer <b>Sonnenterrasse<\/b> mit Sonnenschirmen und Liegest\u00fchlen umgeben.<\/p>\n\n\n\n<p>T\u00e4gliche <b>Animation f\u00fcr Erwachsene und Kinder<\/b> am Strand, im Pool, im Hotel und im Theater. Im Feriendorf finden Sie alles, was Sie brauchen, um mit Ihren Kindern mit leichtem Gep\u00e4ck zu verreisen, vom Zimmerservice \u00fcber den Lounge-Service bis hin zu kinderfreundlichen Men\u00fcs.<\/p>\n\n\n\n<p>Das Hotel ist <b>haustierfreundlich<\/b>, d.h. in einigen Zimmern sind Haustiere willkommen. Wenn Sie einen erlebnisreichen Urlaub lieben, bietet der Po-Delta-Park im Dorf einen <b>Buchungsservice f\u00fcr Ausfl\u00fcge<\/b> an.<\/p>\n","protected":false},"excerpt":{"rendered":"<p>Das Airone Bianco Residence Village am Lido delle Nazioni ist ein All-Inclusive-Feriendorf an den Lidi &hellip;<\/p>\n","protected":false},"author":1,"featured_media":0,"parent":16464,"menu_order":0,"comment_status":"closed","ping_status":"closed","template":"page-templates\/scheda_hotel.php","meta":{"_acf_changed":false,"footnotes":""},"class_list":["post-28461","page","type-page","status-publish","hentry"],"acf":[],"yoast_head":"<!-- This site is optimized with the Yoast SEO plugin v27.0 - https:\/\/yoast.com\/product\/yoast-seo-wordpress\/ -->\n<title>All-Inclusive-Angebote von Airone Bianco Residence Village in Lido delle Nazioni<\/title>\n<meta name=\"description\" content=\"Lust auf Urlaub? Entdecken Sie die All-Inclusive-Angebote und All-Inclusive Pakete des Airone Bianco Residence Village in Lido delle Nazioni!\" \/>\n<meta name=\"robots\" content=\"index, follow, max-snippet:-1, max-image-preview:large, max-video-preview:-1\" \/>\n<link rel=\"canonical\" href=\"https:\/\/www.allinclusivehotels.it\/de\/feriendoerfer\/airone-bianco-residence-village\" \/>\n<meta property=\"og:locale\" content=\"de_DE\" \/>\n<meta property=\"og:type\" content=\"article\" \/>\n<meta property=\"og:title\" content=\"All-Inclusive-Angebote von Airone Bianco Residence Village in Lido delle Nazioni\" \/>\n<meta property=\"og:description\" content=\"Lust auf Urlaub? Entdecken Sie die All-Inclusive-Angebote und All-Inclusive Pakete des Airone Bianco Residence Village in Lido delle Nazioni!\" \/>\n<meta property=\"og:url\" content=\"https:\/\/www.allinclusivehotels.it\/de\/feriendoerfer\/airone-bianco-residence-village\" \/>\n<meta property=\"og:site_name\" content=\"All Inclusive Hotels\" \/>\n<meta property=\"article:modified_time\" content=\"2023-05-19T10:23:26+00:00\" \/>\n<meta name=\"twitter:card\" content=\"summary_large_image\" \/>\n<meta name=\"twitter:label1\" content=\"Gesch\u00e4tzte Lesezeit\" \/>\n\t<meta name=\"twitter:data1\" content=\"1\u00a0Minute\" \/>\n<script type=\"application\/ld+json\" class=\"yoast-schema-graph\">{\"@context\":\"https:\/\/schema.org\",\"@graph\":[{\"@type\":\"WebPage\",\"@id\":\"https:\/\/www.allinclusivehotels.it\/de\/feriendoerfer\/airone-bianco-residence-village\",\"url\":\"https:\/\/www.allinclusivehotels.it\/de\/feriendoerfer\/airone-bianco-residence-village\",\"name\":\"All-Inclusive-Angebote von Airone Bianco Residence Village in Lido delle Nazioni\",\"isPartOf\":{\"@id\":\"https:\/\/www.allinclusivehotels.it\/de#website\"},\"datePublished\":\"2023-04-03T09:32:31+00:00\",\"dateModified\":\"2023-05-19T10:23:26+00:00\",\"description\":\"Lust auf Urlaub? Entdecken Sie die All-Inclusive-Angebote und All-Inclusive Pakete des Airone Bianco Residence Village in Lido delle Nazioni!\",\"breadcrumb\":{\"@id\":\"https:\/\/www.allinclusivehotels.it\/de\/feriendoerfer\/airone-bianco-residence-village#breadcrumb\"},\"inLanguage\":\"de\",\"potentialAction\":[{\"@type\":\"ReadAction\",\"target\":[\"https:\/\/www.allinclusivehotels.it\/de\/feriendoerfer\/airone-bianco-residence-village\"]}]},{\"@type\":\"BreadcrumbList\",\"@id\":\"https:\/\/www.allinclusivehotels.it\/de\/feriendoerfer\/airone-bianco-residence-village#breadcrumb\",\"itemListElement\":[{\"@type\":\"ListItem\",\"position\":1,\"name\":\"Home\",\"item\":\"https:\/\/www.allinclusivehotels.it\/de\"},{\"@type\":\"ListItem\",\"position\":2,\"name\":\"Feriend\u00f6rfer\",\"item\":\"https:\/\/www.allinclusivehotels.it\/de\/feriendoerfer\"},{\"@type\":\"ListItem\",\"position\":3,\"name\":\"Airone Bianco Residence Village\"}]},{\"@type\":\"WebSite\",\"@id\":\"https:\/\/www.allinclusivehotels.it\/de#website\",\"url\":\"https:\/\/www.allinclusivehotels.it\/de\",\"name\":\"All Inclusive Hotels\",\"description\":\"\",\"publisher\":{\"@id\":\"https:\/\/www.allinclusivehotels.it\/de#organization\"},\"potentialAction\":[{\"@type\":\"SearchAction\",\"target\":{\"@type\":\"EntryPoint\",\"urlTemplate\":\"https:\/\/www.allinclusivehotels.it\/de?s={search_term_string}\"},\"query-input\":{\"@type\":\"PropertyValueSpecification\",\"valueRequired\":true,\"valueName\":\"search_term_string\"}}],\"inLanguage\":\"de\"},{\"@type\":\"Organization\",\"@id\":\"https:\/\/www.allinclusivehotels.it\/de#organization\",\"name\":\"All Inclusive Hotels\",\"url\":\"https:\/\/www.allinclusivehotels.it\/de\",\"logo\":{\"@type\":\"ImageObject\",\"inLanguage\":\"de\",\"@id\":\"https:\/\/www.allinclusivehotels.it\/de#\/schema\/logo\/image\/\",\"url\":\"\",\"contentUrl\":\"\",\"caption\":\"All Inclusive Hotels\"},\"image\":{\"@id\":\"https:\/\/www.allinclusivehotels.it\/de#\/schema\/logo\/image\/\"}}]}<\/script>\n<!-- \/ Yoast SEO plugin. -->","yoast_head_json":{"title":"All-Inclusive-Angebote von Airone Bianco Residence Village in Lido delle Nazioni","description":"Lust auf Urlaub? Entdecken Sie die All-Inclusive-Angebote und All-Inclusive Pakete des Airone Bianco Residence Village in Lido delle Nazioni!","robots":{"index":"index","follow":"follow","max-snippet":"max-snippet:-1","max-image-preview":"max-image-preview:large","max-video-preview":"max-video-preview:-1"},"canonical":"https:\/\/www.allinclusivehotels.it\/de\/feriendoerfer\/airone-bianco-residence-village","og_locale":"de_DE","og_type":"article","og_title":"All-Inclusive-Angebote von Airone Bianco Residence Village in Lido delle Nazioni","og_description":"Lust auf Urlaub? Entdecken Sie die All-Inclusive-Angebote und All-Inclusive Pakete des Airone Bianco Residence Village in Lido delle Nazioni!","og_url":"https:\/\/www.allinclusivehotels.it\/de\/feriendoerfer\/airone-bianco-residence-village","og_site_name":"All Inclusive Hotels","article_modified_time":"2023-05-19T10:23:26+00:00","twitter_card":"summary_large_image","twitter_misc":{"Gesch\u00e4tzte Lesezeit":"1\u00a0Minute"},"schema":{"@context":"https:\/\/schema.org","@graph":[{"@type":"WebPage","@id":"https:\/\/www.allinclusivehotels.it\/de\/feriendoerfer\/airone-bianco-residence-village","url":"https:\/\/www.allinclusivehotels.it\/de\/feriendoerfer\/airone-bianco-residence-village","name":"All-Inclusive-Angebote von Airone Bianco Residence Village in Lido delle Nazioni","isPartOf":{"@id":"https:\/\/www.allinclusivehotels.it\/de#website"},"datePublished":"2023-04-03T09:32:31+00:00","dateModified":"2023-05-19T10:23:26+00:00","description":"Lust auf Urlaub? Entdecken Sie die All-Inclusive-Angebote und All-Inclusive Pakete des Airone Bianco Residence Village in Lido delle Nazioni!","breadcrumb":{"@id":"https:\/\/www.allinclusivehotels.it\/de\/feriendoerfer\/airone-bianco-residence-village#breadcrumb"},"inLanguage":"de","potentialAction":[{"@type":"ReadAction","target":["https:\/\/www.allinclusivehotels.it\/de\/feriendoerfer\/airone-bianco-residence-village"]}]},{"@type":"BreadcrumbList","@id":"https:\/\/www.allinclusivehotels.it\/de\/feriendoerfer\/airone-bianco-residence-village#breadcrumb","itemListElement":[{"@type":"ListItem","position":1,"name":"Home","item":"https:\/\/www.allinclusivehotels.it\/de"},{"@type":"ListItem","position":2,"name":"Feriend\u00f6rfer","item":"https:\/\/www.allinclusivehotels.it\/de\/feriendoerfer"},{"@type":"ListItem","position":3,"name":"Airone Bianco Residence Village"}]},{"@type":"WebSite","@id":"https:\/\/www.allinclusivehotels.it\/de#website","url":"https:\/\/www.allinclusivehotels.it\/de","name":"All Inclusive Hotels","description":"","publisher":{"@id":"https:\/\/www.allinclusivehotels.it\/de#organization"},"potentialAction":[{"@type":"SearchAction","target":{"@type":"EntryPoint","urlTemplate":"https:\/\/www.allinclusivehotels.it\/de?s={search_term_string}"},"query-input":{"@type":"PropertyValueSpecification","valueRequired":true,"valueName":"search_term_string"}}],"inLanguage":"de"},{"@type":"Organization","@id":"https:\/\/www.allinclusivehotels.it\/de#organization","name":"All Inclusive Hotels","url":"https:\/\/www.allinclusivehotels.it\/de","logo":{"@type":"ImageObject","inLanguage":"de","@id":"https:\/\/www.allinclusivehotels.it\/de#\/schema\/logo\/image\/","url":"","contentUrl":"","caption":"All Inclusive Hotels"},"image":{"@id":"https:\/\/www.allinclusivehotels.it\/de#\/schema\/logo\/image\/"}}]}},"_links":{"self":[{"href":"https:\/\/www.allinclusivehotels.it\/de\/wp-json\/wp\/v2\/pages\/28461","targetHints":{"allow":["GET"]}}],"collection":[{"href":"https:\/\/www.allinclusivehotels.it\/de\/wp-json\/wp\/v2\/pages"}],"about":[{"href":"https:\/\/www.allinclusivehotels.it\/de\/wp-json\/wp\/v2\/types\/page"}],"author":[{"embeddable":true,"href":"https:\/\/www.allinclusivehotels.it\/de\/wp-json\/wp\/v2\/users\/1"}],"replies":[{"embeddable":true,"href":"https:\/\/www.allinclusivehotels.it\/de\/wp-json\/wp\/v2\/comments?post=28461"}],"version-history":[{"count":2,"href":"https:\/\/www.allinclusivehotels.it\/de\/wp-json\/wp\/v2\/pages\/28461\/revisions"}],"predecessor-version":[{"id":30090,"href":"https:\/\/www.allinclusivehotels.it\/de\/wp-json\/wp\/v2\/pages\/28461\/revisions\/30090"}],"up":[{"embeddable":true,"href":"https:\/\/www.allinclusivehotels.it\/de\/wp-json\/wp\/v2\/pages\/16464"}],"wp:attachment":[{"href":"https:\/\/www.allinclusivehotels.it\/de\/wp-json\/wp\/v2\/media?parent=28461"}],"curies":[{"name":"wp","href":"https:\/\/api.w.org\/{rel}","templated":true}]}}