{"id":28332,"date":"2023-03-30T09:51:03","date_gmt":"2023-03-30T07:51:03","guid":{"rendered":"https:\/\/www.allinclusivehotels.it\/urlaubsziele\/scalea"},"modified":"2023-03-30T09:51:04","modified_gmt":"2023-03-30T07:51:04","slug":"scalea","status":"publish","type":"page","link":"https:\/\/www.allinclusivehotels.it\/de\/urlaubsziele\/scalea","title":{"rendered":"Scalea"},"content":{"rendered":"\n<p><b>Scalea<\/b>, ein charakteristisches mittelalterliches Dorf mit Blick auf das Tyrrhenische Meer, ist ein Badeort an der Riviera dei Cedri, wo man einen Urlaub genie\u00dfen kann, der Meer und Berge, Geschichte und Natur vereint.<\/p>\n\n\n\n<p>Die<b> All-Inclusive-Hotels von Scalea <\/b>erwarten Sie zu einem entspannenden Aufenthalt an herrlichen Str\u00e4nden mit kristallklarem Wasser, einer ausgezeichneten K\u00fcche mit den typischen Aromen Kalabriens, Unterhaltung f\u00fcr Kinder und einem Service, der speziell auf Familien ausgerichtet ist.<\/p>\n\n\n\n<!--more-->\n\n\n\n<p>Scalea ist vor allem f\u00fcr seine <b>Str\u00e4nde<\/b> bekannt, die sich von der Steilk\u00fcste von Ainela bis zur M\u00fcndung des Flusses Lao erstrecken und mit <b>modernen Strandb\u00e4dern<\/b> ausgestattet sind. Der sch\u00f6ne Ferienort zeichnet sich aber auch durch die M\u00f6glichkeit aus, im nahe gelegenen <b>Nationalpark Pollino<\/b>, in den angrenzenden <b>Staatsreservaten<\/b> der Fl\u00fcsse Lao und Argentino oder auf den Gipfeln des Orsomarso <b>Naturabenteuer<\/b> zu erleben, die von Rafting \u00fcber Trekking bis hin zu Mountainbiking reichen. Die Pracht des Tyrrhenischen Meeres hingegen ist die perfekte Kulisse f\u00fcr <b>Bootsausfl\u00fcge<\/b>, um die legend\u00e4ren Grotten und Buchten zu bewundern, zu <b>schnorcheln<\/b> oder zu <b>tauchen<\/b>.<\/p>\n\n\n","protected":false},"excerpt":{"rendered":"<p>Scalea, ein charakteristisches mittelalterliches Dorf mit Blick auf das Tyrrhenische Meer, ist ein Badeort an &hellip;<\/p>\n","protected":false},"author":1,"featured_media":0,"parent":16402,"menu_order":0,"comment_status":"closed","ping_status":"closed","template":"page-templates\/destinazione.php","meta":{"_acf_changed":false,"footnotes":""},"class_list":["post-28332","page","type-page","status-publish","hentry"],"acf":[],"yoast_head":"<!-- This site is optimized with the Yoast SEO plugin v27.0 - https:\/\/yoast.com\/product\/yoast-seo-wordpress\/ -->\n<title>All-Inclusive-Hotel Scalea: Hotelangebote<\/title>\n<meta name=\"description\" content=\"Sie suchen ein All-Inclusive-Hotel in Scalea? Mehr \u00fcber die gro\u00dfe Auswahl an All Inclusive - Hotels in Italien. Zu den Angeboten!\" \/>\n<meta name=\"robots\" content=\"index, follow, max-snippet:-1, max-image-preview:large, max-video-preview:-1\" \/>\n<link rel=\"canonical\" href=\"https:\/\/www.allinclusivehotels.it\/de\/urlaubsziele\/scalea\" \/>\n<meta property=\"og:locale\" content=\"de_DE\" \/>\n<meta property=\"og:type\" content=\"article\" \/>\n<meta property=\"og:title\" content=\"All-Inclusive-Hotel Scalea: Hotelangebote\" \/>\n<meta property=\"og:description\" content=\"Sie suchen ein All-Inclusive-Hotel in Scalea? Mehr \u00fcber die gro\u00dfe Auswahl an All Inclusive - Hotels in Italien. Zu den Angeboten!\" \/>\n<meta property=\"og:url\" content=\"https:\/\/www.allinclusivehotels.it\/de\/urlaubsziele\/scalea\" \/>\n<meta property=\"og:site_name\" content=\"All Inclusive Hotels\" \/>\n<meta property=\"article:modified_time\" content=\"2023-03-30T07:51:04+00:00\" \/>\n<meta name=\"twitter:card\" content=\"summary_large_image\" \/>\n<meta name=\"twitter:label1\" content=\"Gesch\u00e4tzte Lesezeit\" \/>\n\t<meta name=\"twitter:data1\" content=\"1\u00a0Minute\" \/>\n<script type=\"application\/ld+json\" class=\"yoast-schema-graph\">{\"@context\":\"https:\/\/schema.org\",\"@graph\":[{\"@type\":\"WebPage\",\"@id\":\"https:\/\/www.allinclusivehotels.it\/de\/urlaubsziele\/scalea\",\"url\":\"https:\/\/www.allinclusivehotels.it\/de\/urlaubsziele\/scalea\",\"name\":\"All-Inclusive-Hotel Scalea: Hotelangebote\",\"isPartOf\":{\"@id\":\"https:\/\/www.allinclusivehotels.it\/de#website\"},\"datePublished\":\"2023-03-30T07:51:03+00:00\",\"dateModified\":\"2023-03-30T07:51:04+00:00\",\"description\":\"Sie suchen ein All-Inclusive-Hotel in Scalea? Mehr \u00fcber die gro\u00dfe Auswahl an All Inclusive - Hotels in Italien. Zu den Angeboten!\",\"breadcrumb\":{\"@id\":\"https:\/\/www.allinclusivehotels.it\/de\/urlaubsziele\/scalea#breadcrumb\"},\"inLanguage\":\"de\",\"potentialAction\":[{\"@type\":\"ReadAction\",\"target\":[\"https:\/\/www.allinclusivehotels.it\/de\/urlaubsziele\/scalea\"]}]},{\"@type\":\"BreadcrumbList\",\"@id\":\"https:\/\/www.allinclusivehotels.it\/de\/urlaubsziele\/scalea#breadcrumb\",\"itemListElement\":[{\"@type\":\"ListItem\",\"position\":1,\"name\":\"Home\",\"item\":\"https:\/\/www.allinclusivehotels.it\/de\"},{\"@type\":\"ListItem\",\"position\":2,\"name\":\"Urlaubsziele\",\"item\":\"https:\/\/www.allinclusivehotels.it\/de\/urlaubsziele\"},{\"@type\":\"ListItem\",\"position\":3,\"name\":\"Scalea\"}]},{\"@type\":\"WebSite\",\"@id\":\"https:\/\/www.allinclusivehotels.it\/de#website\",\"url\":\"https:\/\/www.allinclusivehotels.it\/de\",\"name\":\"All Inclusive Hotels\",\"description\":\"\",\"publisher\":{\"@id\":\"https:\/\/www.allinclusivehotels.it\/de#organization\"},\"potentialAction\":[{\"@type\":\"SearchAction\",\"target\":{\"@type\":\"EntryPoint\",\"urlTemplate\":\"https:\/\/www.allinclusivehotels.it\/de?s={search_term_string}\"},\"query-input\":{\"@type\":\"PropertyValueSpecification\",\"valueRequired\":true,\"valueName\":\"search_term_string\"}}],\"inLanguage\":\"de\"},{\"@type\":\"Organization\",\"@id\":\"https:\/\/www.allinclusivehotels.it\/de#organization\",\"name\":\"All Inclusive Hotels\",\"url\":\"https:\/\/www.allinclusivehotels.it\/de\",\"logo\":{\"@type\":\"ImageObject\",\"inLanguage\":\"de\",\"@id\":\"https:\/\/www.allinclusivehotels.it\/de#\/schema\/logo\/image\/\",\"url\":\"\",\"contentUrl\":\"\",\"caption\":\"All Inclusive Hotels\"},\"image\":{\"@id\":\"https:\/\/www.allinclusivehotels.it\/de#\/schema\/logo\/image\/\"}}]}<\/script>\n<!-- \/ Yoast SEO plugin. -->","yoast_head_json":{"title":"All-Inclusive-Hotel Scalea: Hotelangebote","description":"Sie suchen ein All-Inclusive-Hotel in Scalea? Mehr \u00fcber die gro\u00dfe Auswahl an All Inclusive - Hotels in Italien. Zu den Angeboten!","robots":{"index":"index","follow":"follow","max-snippet":"max-snippet:-1","max-image-preview":"max-image-preview:large","max-video-preview":"max-video-preview:-1"},"canonical":"https:\/\/www.allinclusivehotels.it\/de\/urlaubsziele\/scalea","og_locale":"de_DE","og_type":"article","og_title":"All-Inclusive-Hotel Scalea: Hotelangebote","og_description":"Sie suchen ein All-Inclusive-Hotel in Scalea? Mehr \u00fcber die gro\u00dfe Auswahl an All Inclusive - Hotels in Italien. Zu den Angeboten!","og_url":"https:\/\/www.allinclusivehotels.it\/de\/urlaubsziele\/scalea","og_site_name":"All Inclusive Hotels","article_modified_time":"2023-03-30T07:51:04+00:00","twitter_card":"summary_large_image","twitter_misc":{"Gesch\u00e4tzte Lesezeit":"1\u00a0Minute"},"schema":{"@context":"https:\/\/schema.org","@graph":[{"@type":"WebPage","@id":"https:\/\/www.allinclusivehotels.it\/de\/urlaubsziele\/scalea","url":"https:\/\/www.allinclusivehotels.it\/de\/urlaubsziele\/scalea","name":"All-Inclusive-Hotel Scalea: Hotelangebote","isPartOf":{"@id":"https:\/\/www.allinclusivehotels.it\/de#website"},"datePublished":"2023-03-30T07:51:03+00:00","dateModified":"2023-03-30T07:51:04+00:00","description":"Sie suchen ein All-Inclusive-Hotel in Scalea? Mehr \u00fcber die gro\u00dfe Auswahl an All Inclusive - Hotels in Italien. Zu den Angeboten!","breadcrumb":{"@id":"https:\/\/www.allinclusivehotels.it\/de\/urlaubsziele\/scalea#breadcrumb"},"inLanguage":"de","potentialAction":[{"@type":"ReadAction","target":["https:\/\/www.allinclusivehotels.it\/de\/urlaubsziele\/scalea"]}]},{"@type":"BreadcrumbList","@id":"https:\/\/www.allinclusivehotels.it\/de\/urlaubsziele\/scalea#breadcrumb","itemListElement":[{"@type":"ListItem","position":1,"name":"Home","item":"https:\/\/www.allinclusivehotels.it\/de"},{"@type":"ListItem","position":2,"name":"Urlaubsziele","item":"https:\/\/www.allinclusivehotels.it\/de\/urlaubsziele"},{"@type":"ListItem","position":3,"name":"Scalea"}]},{"@type":"WebSite","@id":"https:\/\/www.allinclusivehotels.it\/de#website","url":"https:\/\/www.allinclusivehotels.it\/de","name":"All Inclusive Hotels","description":"","publisher":{"@id":"https:\/\/www.allinclusivehotels.it\/de#organization"},"potentialAction":[{"@type":"SearchAction","target":{"@type":"EntryPoint","urlTemplate":"https:\/\/www.allinclusivehotels.it\/de?s={search_term_string}"},"query-input":{"@type":"PropertyValueSpecification","valueRequired":true,"valueName":"search_term_string"}}],"inLanguage":"de"},{"@type":"Organization","@id":"https:\/\/www.allinclusivehotels.it\/de#organization","name":"All Inclusive Hotels","url":"https:\/\/www.allinclusivehotels.it\/de","logo":{"@type":"ImageObject","inLanguage":"de","@id":"https:\/\/www.allinclusivehotels.it\/de#\/schema\/logo\/image\/","url":"","contentUrl":"","caption":"All Inclusive Hotels"},"image":{"@id":"https:\/\/www.allinclusivehotels.it\/de#\/schema\/logo\/image\/"}}]}},"_links":{"self":[{"href":"https:\/\/www.allinclusivehotels.it\/de\/wp-json\/wp\/v2\/pages\/28332","targetHints":{"allow":["GET"]}}],"collection":[{"href":"https:\/\/www.allinclusivehotels.it\/de\/wp-json\/wp\/v2\/pages"}],"about":[{"href":"https:\/\/www.allinclusivehotels.it\/de\/wp-json\/wp\/v2\/types\/page"}],"author":[{"embeddable":true,"href":"https:\/\/www.allinclusivehotels.it\/de\/wp-json\/wp\/v2\/users\/1"}],"replies":[{"embeddable":true,"href":"https:\/\/www.allinclusivehotels.it\/de\/wp-json\/wp\/v2\/comments?post=28332"}],"version-history":[{"count":1,"href":"https:\/\/www.allinclusivehotels.it\/de\/wp-json\/wp\/v2\/pages\/28332\/revisions"}],"predecessor-version":[{"id":28333,"href":"https:\/\/www.allinclusivehotels.it\/de\/wp-json\/wp\/v2\/pages\/28332\/revisions\/28333"}],"up":[{"embeddable":true,"href":"https:\/\/www.allinclusivehotels.it\/de\/wp-json\/wp\/v2\/pages\/16402"}],"wp:attachment":[{"href":"https:\/\/www.allinclusivehotels.it\/de\/wp-json\/wp\/v2\/media?parent=28332"}],"curies":[{"name":"wp","href":"https:\/\/api.w.org\/{rel}","templated":true}]}}