{"id":28328,"date":"2023-03-30T09:42:46","date_gmt":"2023-03-30T07:42:46","guid":{"rendered":"https:\/\/www.allinclusivehotels.it\/urlaubsziele\/rossano-calabro"},"modified":"2023-03-30T09:42:48","modified_gmt":"2023-03-30T07:42:48","slug":"rossano-calabro","status":"publish","type":"page","link":"https:\/\/www.allinclusivehotels.it\/de\/urlaubsziele\/rossano-calabro","title":{"rendered":"Rossano Calabro"},"content":{"rendered":"\n<p>Dank seiner wundersch\u00f6nen Lage in der Sibari-Ebene, zwischen Sila und dem kristallklaren Ionischen Meer, bietet Rossano Calabro einen ganz besonderen Blick auf die Region. Ein <b>All Inclusive &#8211; Urlaub<\/b> in den <b>Hotels von Rossano Calabro<\/b> ist ein unvergessliches Erlebnis, das das Beste der Region in sich vereint, wie einen aufmerksamen, ehrlichen Empfang, eine K\u00fcche, die die Essenz Kalabriens widerspiegelt, und alle, stets inbegriffene Serviceleistungen, um einen unbeschwerten Urlaub zu gew\u00e4hrleisten.<\/p>\n\n\n\n<!--more-->\n\n\n\n<p>Die <b>Strandpromenade von Schiavonea<\/b> ist ein unsch\u00e4tzbares Juwel, das durch sch\u00f6ne Str\u00e4nde und entsprechend ausgestattete Strandb\u00e4der besticht, in denen sich Touristen jeden Alters wohl f\u00fchlen. Nat\u00fcrlich fehlt es auch an Lokalen und Diskotheken nicht, um nette mond\u00e4ne Abende zu verbringen.<\/p>\n\n\n\n<p>Dieser Ort ist auch f\u00fcr all jene bestens geeignet, die sich neben der Entspannung am Strand und im Hotel ein paar Tage Zeit nehmen wollen, um Kultur und Natur zu erkunden. Das <b>Zentrum von Rossano Calabro<\/b> hat eine Vielzahl an historischen und sakralen Bauwerken von gro\u00dfem Interesse zu bieten, insbesondere das Museo Diocesano del Codex mit dem Codex Purpureus, der von der UNESCO in das Verzeichnis des \u201eWeltdokumentenerbes\u201c aufgenommen wurde.<\/p>\n\n\n\n<p>Ebenfalls im Gebiet von Corigliano-Rossano liegt auch die <b>Naturoase der Giganten von Cozzo del Pesco<\/b>, ein stimmungsvolles Naturschutzgebiet, in dem Wanderer auf verschiedenen, f\u00fcr jedes Niveau geeigneten Routen wandern und vor allem bis zum Monumentalwald vordringen k\u00f6nnen, um 12 uralte Kastanienb\u00e4ume zu besichtigen.<\/p>\n\n\n\n<p>Zu den kulinarischen Spezialit\u00e4ten, die man sich in Rossano Calabro nicht entgehen lassen sollte, z\u00e4hlen die ber\u00fchmte Lakritze und das native Oliven\u00f6l extra Bruzio DOP (mit gesch\u00fctzter Ursprungsbezeichnung).<\/p>\n","protected":false},"excerpt":{"rendered":"<p>Dank seiner wundersch\u00f6nen Lage in der Sibari-Ebene, zwischen Sila und dem kristallklaren Ionischen Meer, bietet &hellip;<\/p>\n","protected":false},"author":1,"featured_media":0,"parent":16402,"menu_order":0,"comment_status":"closed","ping_status":"closed","template":"page-templates\/destinazione.php","meta":{"_acf_changed":false,"footnotes":""},"class_list":["post-28328","page","type-page","status-publish","hentry"],"acf":[],"yoast_head":"<!-- This site is optimized with the Yoast SEO plugin v27.0 - https:\/\/yoast.com\/product\/yoast-seo-wordpress\/ -->\n<title>All-Inclusive-Hotels Rossano Calabro: Hotelangebote<\/title>\n<meta name=\"description\" content=\"Suchen Sie nach All-Inclusive-Hotels in Rossano Calabro? Mehr \u00fcber die Angebote der gr\u00f6\u00dften Auswahl an All-Inclusive-Hotels in Italien!\" \/>\n<meta name=\"robots\" content=\"index, follow, max-snippet:-1, max-image-preview:large, max-video-preview:-1\" \/>\n<link rel=\"canonical\" href=\"https:\/\/www.allinclusivehotels.it\/de\/urlaubsziele\/rossano-calabro\" \/>\n<meta property=\"og:locale\" content=\"de_DE\" \/>\n<meta property=\"og:type\" content=\"article\" \/>\n<meta property=\"og:title\" content=\"All-Inclusive-Hotels Rossano Calabro: Hotelangebote\" \/>\n<meta property=\"og:description\" content=\"Suchen Sie nach All-Inclusive-Hotels in Rossano Calabro? Mehr \u00fcber die Angebote der gr\u00f6\u00dften Auswahl an All-Inclusive-Hotels in Italien!\" \/>\n<meta property=\"og:url\" content=\"https:\/\/www.allinclusivehotels.it\/de\/urlaubsziele\/rossano-calabro\" \/>\n<meta property=\"og:site_name\" content=\"All Inclusive Hotels\" \/>\n<meta property=\"article:modified_time\" content=\"2023-03-30T07:42:48+00:00\" \/>\n<meta name=\"twitter:card\" content=\"summary_large_image\" \/>\n<meta name=\"twitter:label1\" content=\"Gesch\u00e4tzte Lesezeit\" \/>\n\t<meta name=\"twitter:data1\" content=\"1\u00a0Minute\" \/>\n<script type=\"application\/ld+json\" class=\"yoast-schema-graph\">{\"@context\":\"https:\/\/schema.org\",\"@graph\":[{\"@type\":\"WebPage\",\"@id\":\"https:\/\/www.allinclusivehotels.it\/de\/urlaubsziele\/rossano-calabro\",\"url\":\"https:\/\/www.allinclusivehotels.it\/de\/urlaubsziele\/rossano-calabro\",\"name\":\"All-Inclusive-Hotels Rossano Calabro: Hotelangebote\",\"isPartOf\":{\"@id\":\"https:\/\/www.allinclusivehotels.it\/de#website\"},\"datePublished\":\"2023-03-30T07:42:46+00:00\",\"dateModified\":\"2023-03-30T07:42:48+00:00\",\"description\":\"Suchen Sie nach All-Inclusive-Hotels in Rossano Calabro? Mehr \u00fcber die Angebote der gr\u00f6\u00dften Auswahl an All-Inclusive-Hotels in Italien!\",\"breadcrumb\":{\"@id\":\"https:\/\/www.allinclusivehotels.it\/de\/urlaubsziele\/rossano-calabro#breadcrumb\"},\"inLanguage\":\"de\",\"potentialAction\":[{\"@type\":\"ReadAction\",\"target\":[\"https:\/\/www.allinclusivehotels.it\/de\/urlaubsziele\/rossano-calabro\"]}]},{\"@type\":\"BreadcrumbList\",\"@id\":\"https:\/\/www.allinclusivehotels.it\/de\/urlaubsziele\/rossano-calabro#breadcrumb\",\"itemListElement\":[{\"@type\":\"ListItem\",\"position\":1,\"name\":\"Home\",\"item\":\"https:\/\/www.allinclusivehotels.it\/de\"},{\"@type\":\"ListItem\",\"position\":2,\"name\":\"Urlaubsziele\",\"item\":\"https:\/\/www.allinclusivehotels.it\/de\/urlaubsziele\"},{\"@type\":\"ListItem\",\"position\":3,\"name\":\"Rossano Calabro\"}]},{\"@type\":\"WebSite\",\"@id\":\"https:\/\/www.allinclusivehotels.it\/de#website\",\"url\":\"https:\/\/www.allinclusivehotels.it\/de\",\"name\":\"All Inclusive Hotels\",\"description\":\"\",\"publisher\":{\"@id\":\"https:\/\/www.allinclusivehotels.it\/de#organization\"},\"potentialAction\":[{\"@type\":\"SearchAction\",\"target\":{\"@type\":\"EntryPoint\",\"urlTemplate\":\"https:\/\/www.allinclusivehotels.it\/de?s={search_term_string}\"},\"query-input\":{\"@type\":\"PropertyValueSpecification\",\"valueRequired\":true,\"valueName\":\"search_term_string\"}}],\"inLanguage\":\"de\"},{\"@type\":\"Organization\",\"@id\":\"https:\/\/www.allinclusivehotels.it\/de#organization\",\"name\":\"All Inclusive Hotels\",\"url\":\"https:\/\/www.allinclusivehotels.it\/de\",\"logo\":{\"@type\":\"ImageObject\",\"inLanguage\":\"de\",\"@id\":\"https:\/\/www.allinclusivehotels.it\/de#\/schema\/logo\/image\/\",\"url\":\"\",\"contentUrl\":\"\",\"caption\":\"All Inclusive Hotels\"},\"image\":{\"@id\":\"https:\/\/www.allinclusivehotels.it\/de#\/schema\/logo\/image\/\"}}]}<\/script>\n<!-- \/ Yoast SEO plugin. -->","yoast_head_json":{"title":"All-Inclusive-Hotels Rossano Calabro: Hotelangebote","description":"Suchen Sie nach All-Inclusive-Hotels in Rossano Calabro? Mehr \u00fcber die Angebote der gr\u00f6\u00dften Auswahl an All-Inclusive-Hotels in Italien!","robots":{"index":"index","follow":"follow","max-snippet":"max-snippet:-1","max-image-preview":"max-image-preview:large","max-video-preview":"max-video-preview:-1"},"canonical":"https:\/\/www.allinclusivehotels.it\/de\/urlaubsziele\/rossano-calabro","og_locale":"de_DE","og_type":"article","og_title":"All-Inclusive-Hotels Rossano Calabro: Hotelangebote","og_description":"Suchen Sie nach All-Inclusive-Hotels in Rossano Calabro? Mehr \u00fcber die Angebote der gr\u00f6\u00dften Auswahl an All-Inclusive-Hotels in Italien!","og_url":"https:\/\/www.allinclusivehotels.it\/de\/urlaubsziele\/rossano-calabro","og_site_name":"All Inclusive Hotels","article_modified_time":"2023-03-30T07:42:48+00:00","twitter_card":"summary_large_image","twitter_misc":{"Gesch\u00e4tzte Lesezeit":"1\u00a0Minute"},"schema":{"@context":"https:\/\/schema.org","@graph":[{"@type":"WebPage","@id":"https:\/\/www.allinclusivehotels.it\/de\/urlaubsziele\/rossano-calabro","url":"https:\/\/www.allinclusivehotels.it\/de\/urlaubsziele\/rossano-calabro","name":"All-Inclusive-Hotels Rossano Calabro: Hotelangebote","isPartOf":{"@id":"https:\/\/www.allinclusivehotels.it\/de#website"},"datePublished":"2023-03-30T07:42:46+00:00","dateModified":"2023-03-30T07:42:48+00:00","description":"Suchen Sie nach All-Inclusive-Hotels in Rossano Calabro? Mehr \u00fcber die Angebote der gr\u00f6\u00dften Auswahl an All-Inclusive-Hotels in Italien!","breadcrumb":{"@id":"https:\/\/www.allinclusivehotels.it\/de\/urlaubsziele\/rossano-calabro#breadcrumb"},"inLanguage":"de","potentialAction":[{"@type":"ReadAction","target":["https:\/\/www.allinclusivehotels.it\/de\/urlaubsziele\/rossano-calabro"]}]},{"@type":"BreadcrumbList","@id":"https:\/\/www.allinclusivehotels.it\/de\/urlaubsziele\/rossano-calabro#breadcrumb","itemListElement":[{"@type":"ListItem","position":1,"name":"Home","item":"https:\/\/www.allinclusivehotels.it\/de"},{"@type":"ListItem","position":2,"name":"Urlaubsziele","item":"https:\/\/www.allinclusivehotels.it\/de\/urlaubsziele"},{"@type":"ListItem","position":3,"name":"Rossano Calabro"}]},{"@type":"WebSite","@id":"https:\/\/www.allinclusivehotels.it\/de#website","url":"https:\/\/www.allinclusivehotels.it\/de","name":"All Inclusive Hotels","description":"","publisher":{"@id":"https:\/\/www.allinclusivehotels.it\/de#organization"},"potentialAction":[{"@type":"SearchAction","target":{"@type":"EntryPoint","urlTemplate":"https:\/\/www.allinclusivehotels.it\/de?s={search_term_string}"},"query-input":{"@type":"PropertyValueSpecification","valueRequired":true,"valueName":"search_term_string"}}],"inLanguage":"de"},{"@type":"Organization","@id":"https:\/\/www.allinclusivehotels.it\/de#organization","name":"All Inclusive Hotels","url":"https:\/\/www.allinclusivehotels.it\/de","logo":{"@type":"ImageObject","inLanguage":"de","@id":"https:\/\/www.allinclusivehotels.it\/de#\/schema\/logo\/image\/","url":"","contentUrl":"","caption":"All Inclusive Hotels"},"image":{"@id":"https:\/\/www.allinclusivehotels.it\/de#\/schema\/logo\/image\/"}}]}},"_links":{"self":[{"href":"https:\/\/www.allinclusivehotels.it\/de\/wp-json\/wp\/v2\/pages\/28328","targetHints":{"allow":["GET"]}}],"collection":[{"href":"https:\/\/www.allinclusivehotels.it\/de\/wp-json\/wp\/v2\/pages"}],"about":[{"href":"https:\/\/www.allinclusivehotels.it\/de\/wp-json\/wp\/v2\/types\/page"}],"author":[{"embeddable":true,"href":"https:\/\/www.allinclusivehotels.it\/de\/wp-json\/wp\/v2\/users\/1"}],"replies":[{"embeddable":true,"href":"https:\/\/www.allinclusivehotels.it\/de\/wp-json\/wp\/v2\/comments?post=28328"}],"version-history":[{"count":1,"href":"https:\/\/www.allinclusivehotels.it\/de\/wp-json\/wp\/v2\/pages\/28328\/revisions"}],"predecessor-version":[{"id":28329,"href":"https:\/\/www.allinclusivehotels.it\/de\/wp-json\/wp\/v2\/pages\/28328\/revisions\/28329"}],"up":[{"embeddable":true,"href":"https:\/\/www.allinclusivehotels.it\/de\/wp-json\/wp\/v2\/pages\/16402"}],"wp:attachment":[{"href":"https:\/\/www.allinclusivehotels.it\/de\/wp-json\/wp\/v2\/media?parent=28328"}],"curies":[{"name":"wp","href":"https:\/\/api.w.org\/{rel}","templated":true}]}}