{"id":27959,"date":"2023-03-20T09:13:47","date_gmt":"2023-03-20T08:13:47","guid":{"rendered":"https:\/\/www.allinclusivehotels.it\/hotels\/hotel-trieste"},"modified":"2023-04-06T16:03:19","modified_gmt":"2023-04-06T14:03:19","slug":"hotel-trieste","status":"publish","type":"page","link":"https:\/\/www.allinclusivehotels.it\/de\/hotels\/hotel-trieste","title":{"rendered":"Hotel Trieste"},"content":{"rendered":"\n<p>Das <b>Hotel Trieste in Senigallia<\/b> <b>liegt ideal<\/b>, um den ber\u00fchmten Sandstrand und das Stadtzentrum zu Fu\u00df oder mit dem Fahrrad zu erreichen. Jeden Tag k\u00f6nnen Sie w\u00e4hlen, ob Sie sich in der angrenzenden Anlage mit <b>Sonnenschirm, 2 Liegest\u00fchlen<\/b> und Kinderspielplatz entspannen, sich am sch\u00f6nen <b>Pool<\/b> sonnen, auf der <b>Sonnenterrasse<\/b> ein Sonnenbad nehmen oder im gro\u00dfen <b>Garten<\/b> oder auf der sch\u00f6nen <b>\u00fcberdachten Terrasse<\/b> ein gutes Buch lesen m\u00f6chten.<\/p>\n\n\n\n<!--more-->\n\n\n\n<p>Wenn Sie mit Kindern im Urlaub sind, stehen Ihnen ein <b>Spielplatz,<\/b> Hochst\u00fchle und Babymen\u00fcs zur Verf\u00fcgung. Auf Anfrage k\u00f6nnen Sie auch ein <b>Kinderbett oder ein Zusatzbett<\/b> in Ihrem Zimmer aufstellen.<\/p>\n\n\n\n<p>Das Hotel verf\u00fcgt au\u00dferdem \u00fcber <b>zwei Bars<\/b>, eine davon am Pool, wo man Aperitifs und Cocktails genie\u00dfen kann, sowie \u00fcber <b>Fahrr\u00e4der<\/b>, mit denen man Senigallia und seine elegante Strandpromenade erkunden kann. Au\u00dferdem werden auf Anfrage in Zusammenarbeit mit dem Reiseb\u00fcro des Hauses <b>Ausfl\u00fcge in das Hinterland<\/b> der Region Marken organisiert.<\/p>\n\n\n\n<p>Besonderes Augenmerk wird auch auf die <b>Nachhaltigkeit<\/b> durch den Einsatz erneuerbarer Energien gelegt.<\/p>\n","protected":false},"excerpt":{"rendered":"<p>Das Hotel Trieste in Senigallia liegt ideal, um den ber\u00fchmten Sandstrand und das Stadtzentrum zu &hellip;<\/p>\n","protected":false},"author":1,"featured_media":0,"parent":16476,"menu_order":0,"comment_status":"closed","ping_status":"closed","template":"page-templates\/scheda_hotel.php","meta":{"_acf_changed":false,"footnotes":""},"class_list":["post-27959","page","type-page","status-publish","hentry"],"acf":[],"yoast_head":"<!-- This site is optimized with the Yoast SEO plugin v27.0 - https:\/\/yoast.com\/product\/yoast-seo-wordpress\/ -->\n<title>All-Inclusive-Angebote im Hotel Trieste in Senigallia<\/title>\n<meta name=\"description\" content=\"Lust auf Urlaub? Entdecken Sie die Pauschal-Angebote und Pauschal-Arrangements des Hotels Trieste in Senigallia!\" \/>\n<meta name=\"robots\" content=\"index, follow, max-snippet:-1, max-image-preview:large, max-video-preview:-1\" \/>\n<link rel=\"canonical\" href=\"https:\/\/www.allinclusivehotels.it\/de\/hotels\/hotel-trieste\" \/>\n<meta property=\"og:locale\" content=\"de_DE\" \/>\n<meta property=\"og:type\" content=\"article\" \/>\n<meta property=\"og:title\" content=\"All-Inclusive-Angebote im Hotel Trieste in Senigallia\" \/>\n<meta property=\"og:description\" content=\"Lust auf Urlaub? Entdecken Sie die Pauschal-Angebote und Pauschal-Arrangements des Hotels Trieste in Senigallia!\" \/>\n<meta property=\"og:url\" content=\"https:\/\/www.allinclusivehotels.it\/de\/hotels\/hotel-trieste\" \/>\n<meta property=\"og:site_name\" content=\"All Inclusive Hotels\" \/>\n<meta property=\"article:modified_time\" content=\"2023-04-06T14:03:19+00:00\" \/>\n<meta name=\"twitter:card\" content=\"summary_large_image\" \/>\n<meta name=\"twitter:label1\" content=\"Gesch\u00e4tzte Lesezeit\" \/>\n\t<meta name=\"twitter:data1\" content=\"1\u00a0Minute\" \/>\n<script type=\"application\/ld+json\" class=\"yoast-schema-graph\">{\"@context\":\"https:\/\/schema.org\",\"@graph\":[{\"@type\":\"WebPage\",\"@id\":\"https:\/\/www.allinclusivehotels.it\/de\/hotels\/hotel-trieste\",\"url\":\"https:\/\/www.allinclusivehotels.it\/de\/hotels\/hotel-trieste\",\"name\":\"All-Inclusive-Angebote im Hotel Trieste in Senigallia\",\"isPartOf\":{\"@id\":\"https:\/\/www.allinclusivehotels.it\/de#website\"},\"datePublished\":\"2023-03-20T08:13:47+00:00\",\"dateModified\":\"2023-04-06T14:03:19+00:00\",\"description\":\"Lust auf Urlaub? Entdecken Sie die Pauschal-Angebote und Pauschal-Arrangements des Hotels Trieste in Senigallia!\",\"breadcrumb\":{\"@id\":\"https:\/\/www.allinclusivehotels.it\/de\/hotels\/hotel-trieste#breadcrumb\"},\"inLanguage\":\"de\",\"potentialAction\":[{\"@type\":\"ReadAction\",\"target\":[\"https:\/\/www.allinclusivehotels.it\/de\/hotels\/hotel-trieste\"]}]},{\"@type\":\"BreadcrumbList\",\"@id\":\"https:\/\/www.allinclusivehotels.it\/de\/hotels\/hotel-trieste#breadcrumb\",\"itemListElement\":[{\"@type\":\"ListItem\",\"position\":1,\"name\":\"Home\",\"item\":\"https:\/\/www.allinclusivehotels.it\/de\"},{\"@type\":\"ListItem\",\"position\":2,\"name\":\"Hotels\",\"item\":\"https:\/\/www.allinclusivehotels.it\/de\/hotels\"},{\"@type\":\"ListItem\",\"position\":3,\"name\":\"Hotel Trieste\"}]},{\"@type\":\"WebSite\",\"@id\":\"https:\/\/www.allinclusivehotels.it\/de#website\",\"url\":\"https:\/\/www.allinclusivehotels.it\/de\",\"name\":\"All Inclusive Hotels\",\"description\":\"\",\"publisher\":{\"@id\":\"https:\/\/www.allinclusivehotels.it\/de#organization\"},\"potentialAction\":[{\"@type\":\"SearchAction\",\"target\":{\"@type\":\"EntryPoint\",\"urlTemplate\":\"https:\/\/www.allinclusivehotels.it\/de?s={search_term_string}\"},\"query-input\":{\"@type\":\"PropertyValueSpecification\",\"valueRequired\":true,\"valueName\":\"search_term_string\"}}],\"inLanguage\":\"de\"},{\"@type\":\"Organization\",\"@id\":\"https:\/\/www.allinclusivehotels.it\/de#organization\",\"name\":\"All Inclusive Hotels\",\"url\":\"https:\/\/www.allinclusivehotels.it\/de\",\"logo\":{\"@type\":\"ImageObject\",\"inLanguage\":\"de\",\"@id\":\"https:\/\/www.allinclusivehotels.it\/de#\/schema\/logo\/image\/\",\"url\":\"\",\"contentUrl\":\"\",\"caption\":\"All Inclusive Hotels\"},\"image\":{\"@id\":\"https:\/\/www.allinclusivehotels.it\/de#\/schema\/logo\/image\/\"}}]}<\/script>\n<!-- \/ Yoast SEO plugin. -->","yoast_head_json":{"title":"All-Inclusive-Angebote im Hotel Trieste in Senigallia","description":"Lust auf Urlaub? Entdecken Sie die Pauschal-Angebote und Pauschal-Arrangements des Hotels Trieste in Senigallia!","robots":{"index":"index","follow":"follow","max-snippet":"max-snippet:-1","max-image-preview":"max-image-preview:large","max-video-preview":"max-video-preview:-1"},"canonical":"https:\/\/www.allinclusivehotels.it\/de\/hotels\/hotel-trieste","og_locale":"de_DE","og_type":"article","og_title":"All-Inclusive-Angebote im Hotel Trieste in Senigallia","og_description":"Lust auf Urlaub? Entdecken Sie die Pauschal-Angebote und Pauschal-Arrangements des Hotels Trieste in Senigallia!","og_url":"https:\/\/www.allinclusivehotels.it\/de\/hotels\/hotel-trieste","og_site_name":"All Inclusive Hotels","article_modified_time":"2023-04-06T14:03:19+00:00","twitter_card":"summary_large_image","twitter_misc":{"Gesch\u00e4tzte Lesezeit":"1\u00a0Minute"},"schema":{"@context":"https:\/\/schema.org","@graph":[{"@type":"WebPage","@id":"https:\/\/www.allinclusivehotels.it\/de\/hotels\/hotel-trieste","url":"https:\/\/www.allinclusivehotels.it\/de\/hotels\/hotel-trieste","name":"All-Inclusive-Angebote im Hotel Trieste in Senigallia","isPartOf":{"@id":"https:\/\/www.allinclusivehotels.it\/de#website"},"datePublished":"2023-03-20T08:13:47+00:00","dateModified":"2023-04-06T14:03:19+00:00","description":"Lust auf Urlaub? Entdecken Sie die Pauschal-Angebote und Pauschal-Arrangements des Hotels Trieste in Senigallia!","breadcrumb":{"@id":"https:\/\/www.allinclusivehotels.it\/de\/hotels\/hotel-trieste#breadcrumb"},"inLanguage":"de","potentialAction":[{"@type":"ReadAction","target":["https:\/\/www.allinclusivehotels.it\/de\/hotels\/hotel-trieste"]}]},{"@type":"BreadcrumbList","@id":"https:\/\/www.allinclusivehotels.it\/de\/hotels\/hotel-trieste#breadcrumb","itemListElement":[{"@type":"ListItem","position":1,"name":"Home","item":"https:\/\/www.allinclusivehotels.it\/de"},{"@type":"ListItem","position":2,"name":"Hotels","item":"https:\/\/www.allinclusivehotels.it\/de\/hotels"},{"@type":"ListItem","position":3,"name":"Hotel Trieste"}]},{"@type":"WebSite","@id":"https:\/\/www.allinclusivehotels.it\/de#website","url":"https:\/\/www.allinclusivehotels.it\/de","name":"All Inclusive Hotels","description":"","publisher":{"@id":"https:\/\/www.allinclusivehotels.it\/de#organization"},"potentialAction":[{"@type":"SearchAction","target":{"@type":"EntryPoint","urlTemplate":"https:\/\/www.allinclusivehotels.it\/de?s={search_term_string}"},"query-input":{"@type":"PropertyValueSpecification","valueRequired":true,"valueName":"search_term_string"}}],"inLanguage":"de"},{"@type":"Organization","@id":"https:\/\/www.allinclusivehotels.it\/de#organization","name":"All Inclusive Hotels","url":"https:\/\/www.allinclusivehotels.it\/de","logo":{"@type":"ImageObject","inLanguage":"de","@id":"https:\/\/www.allinclusivehotels.it\/de#\/schema\/logo\/image\/","url":"","contentUrl":"","caption":"All Inclusive Hotels"},"image":{"@id":"https:\/\/www.allinclusivehotels.it\/de#\/schema\/logo\/image\/"}}]}},"_links":{"self":[{"href":"https:\/\/www.allinclusivehotels.it\/de\/wp-json\/wp\/v2\/pages\/27959","targetHints":{"allow":["GET"]}}],"collection":[{"href":"https:\/\/www.allinclusivehotels.it\/de\/wp-json\/wp\/v2\/pages"}],"about":[{"href":"https:\/\/www.allinclusivehotels.it\/de\/wp-json\/wp\/v2\/types\/page"}],"author":[{"embeddable":true,"href":"https:\/\/www.allinclusivehotels.it\/de\/wp-json\/wp\/v2\/users\/1"}],"replies":[{"embeddable":true,"href":"https:\/\/www.allinclusivehotels.it\/de\/wp-json\/wp\/v2\/comments?post=27959"}],"version-history":[{"count":2,"href":"https:\/\/www.allinclusivehotels.it\/de\/wp-json\/wp\/v2\/pages\/27959\/revisions"}],"predecessor-version":[{"id":28823,"href":"https:\/\/www.allinclusivehotels.it\/de\/wp-json\/wp\/v2\/pages\/27959\/revisions\/28823"}],"up":[{"embeddable":true,"href":"https:\/\/www.allinclusivehotels.it\/de\/wp-json\/wp\/v2\/pages\/16476"}],"wp:attachment":[{"href":"https:\/\/www.allinclusivehotels.it\/de\/wp-json\/wp\/v2\/media?parent=27959"}],"curies":[{"name":"wp","href":"https:\/\/api.w.org\/{rel}","templated":true}]}}